{"id":16897,"date":"2020-04-13T14:20:57","date_gmt":"2021-04-28T19:36:46","guid":{"rendered":"https:\/\/www.jh-itc.de\/shop\/sin categor\u00eda\/tablero-de-distribucion-de-21-mm-utilizado\/"},"modified":"2021-04-28T21:36:46","modified_gmt":"2021-04-28T19:36:46","slug":"centralita-21-mm-usada","status":"publish","type":"product","link":"https:\/\/stage.jh-itc.de\/es\/shop\/encofrado\/centralita-21-mm-usada\/","title":{"rendered":"Tablero de distribuci\u00f3n de 21 mm utilizado"},"content":{"rendered":"","protected":false},"excerpt":{"rendered":"<p>Ofrecemos paneles de encofrado usados en 21 mm .<\/p>\n<p>650 x cuadro de mando 2,50m x 0,50m<\/p>\n<p>5 x panel de encofrado 2,50m x 0,40m<\/p>\n<p>240 x panel de encofrado 2,00m x 0,50m<\/p>\n<p>Si est\u00e1 interesado, env\u00edenos su consulta.<\/p>\n<p>&nbsp;<\/p>\n","protected":false},"featured_media":0,"template":"","meta":[],"product_brand":[],"product_cat":[306],"product_tag":[],"class_list":{"0":"post-16897","1":"product","2":"type-product","3":"status-publish","5":"product_cat-encofrado","7":"first","8":"outofstock","9":"taxable","10":"shipping-taxable","11":"product-type-simple"},"yoast_head":"<!-- This site is optimized with the Yoast SEO plugin v26.5 - https:\/\/yoast.com\/wordpress\/plugins\/seo\/ -->\n<title>Tablero de distribuci\u00f3n de 21 mm utilizado - JH - ITC GmbH<\/title>\n<meta name=\"description\" content=\"Ofrecemos paneles de encofrado usados de 21 mm de grosor. Por favor, pregunte por la cantidad con inter\u00e9s\" \/>\n<meta name=\"robots\" content=\"noindex, follow, max-snippet:-1, max-image-preview:large, max-video-preview:-1\" \/>\n<meta property=\"og:locale\" content=\"es_ES\" \/>\n<meta property=\"og:type\" content=\"article\" \/>\n<meta property=\"og:title\" content=\"Tablero de distribuci\u00f3n de 21 mm utilizado - JH - ITC GmbH\" \/>\n<meta property=\"og:description\" content=\"Ofrecemos paneles de encofrado usados de 21 mm de grosor. Por favor, pregunte por la cantidad con inter\u00e9s\" \/>\n<meta property=\"og:url\" content=\"https:\/\/stage.jh-itc.de\/es\/shop\/encofrado\/centralita-21-mm-usada\/\" \/>\n<meta property=\"og:site_name\" content=\"JH - ITC GmbH\" \/>\n<meta property=\"article:publisher\" content=\"https:\/\/www.facebook.com\/schalungshandel\" \/>\n<meta property=\"og:image\" content=\"https:\/\/stage.jh-itc.de\/wp-content\/uploads\/2020\/04\/Schaltafeln-21mm-3-rotated.jpg\" \/>\n\t<meta property=\"og:image:width\" content=\"480\" \/>\n\t<meta property=\"og:image:height\" content=\"640\" \/>\n\t<meta property=\"og:image:type\" content=\"image\/jpeg\" \/>\n<meta name=\"twitter:card\" content=\"summary_large_image\" \/>\n<meta name=\"twitter:site\" content=\"@JH_ITC\" \/>\n<!-- \/ Yoast SEO plugin. -->","yoast_head_json":{"title":"Tablero de distribuci\u00f3n de 21 mm utilizado - JH - ITC GmbH","description":"Ofrecemos paneles de encofrado usados de 21 mm de grosor. Por favor, pregunte por la cantidad con inter\u00e9s","robots":{"index":"noindex","follow":"follow","max-snippet":"max-snippet:-1","max-image-preview":"max-image-preview:large","max-video-preview":"max-video-preview:-1"},"og_locale":"es_ES","og_type":"article","og_title":"Tablero de distribuci\u00f3n de 21 mm utilizado - JH - ITC GmbH","og_description":"Ofrecemos paneles de encofrado usados de 21 mm de grosor. Por favor, pregunte por la cantidad con inter\u00e9s","og_url":"https:\/\/stage.jh-itc.de\/es\/shop\/encofrado\/centralita-21-mm-usada\/","og_site_name":"JH - ITC GmbH","article_publisher":"https:\/\/www.facebook.com\/schalungshandel","og_image":[{"width":480,"height":640,"url":"https:\/\/stage.jh-itc.de\/wp-content\/uploads\/2020\/04\/Schaltafeln-21mm-3-rotated.jpg","type":"image\/jpeg"}],"twitter_card":"summary_large_image","twitter_site":"@JH_ITC","schema":{"@context":"https:\/\/schema.org","@graph":[{"@type":"WebPage","@id":"https:\/\/stage.jh-itc.de\/es\/shop\/encofrado\/centralita-21-mm-usada\/","url":"https:\/\/stage.jh-itc.de\/es\/shop\/encofrado\/centralita-21-mm-usada\/","name":"Tablero de distribuci\u00f3n de 21 mm utilizado - JH - ITC GmbH","isPartOf":{"@id":"https:\/\/stage.jh-itc.de\/es\/#website"},"datePublished":"2021-04-28T19:36:46+00:00","description":"Ofrecemos paneles de encofrado usados de 21 mm de grosor. Por favor, pregunte por la cantidad con inter\u00e9s","breadcrumb":{"@id":"https:\/\/stage.jh-itc.de\/es\/shop\/encofrado\/centralita-21-mm-usada\/#breadcrumb"},"inLanguage":"es","potentialAction":[{"@type":"ReadAction","target":["https:\/\/stage.jh-itc.de\/es\/shop\/encofrado\/centralita-21-mm-usada\/"]}]},{"@type":"BreadcrumbList","@id":"https:\/\/stage.jh-itc.de\/es\/shop\/encofrado\/centralita-21-mm-usada\/#breadcrumb","itemListElement":[{"@type":"ListItem","position":1,"name":"Home","item":"https:\/\/stage.jh-itc.de\/es\/encofrados-puntales-y-andamios-de-profesionales\/"},{"@type":"ListItem","position":2,"name":"Tienda","item":"https:\/\/stage.jh-itc.de\/es\/tienda\/"},{"@type":"ListItem","position":3,"name":"Tablero de distribuci\u00f3n de 21 mm utilizado"}]},{"@type":"WebSite","@id":"https:\/\/stage.jh-itc.de\/es\/#website","url":"https:\/\/stage.jh-itc.de\/es\/","name":"JH - ITC GmbH","description":"Ihr Experte f\u00fcr gebrauchte St\u00fctzen, Schalungen und Ger\u00fcste","publisher":{"@id":"https:\/\/stage.jh-itc.de\/es\/#organization"},"potentialAction":[{"@type":"SearchAction","target":{"@type":"EntryPoint","urlTemplate":"https:\/\/stage.jh-itc.de\/es\/?s={search_term_string}"},"query-input":{"@type":"PropertyValueSpecification","valueRequired":true,"valueName":"search_term_string"}}],"inLanguage":"es"},{"@type":"Organization","@id":"https:\/\/stage.jh-itc.de\/es\/#organization","name":"JH-ITC GmbH","url":"https:\/\/stage.jh-itc.de\/es\/","logo":{"@type":"ImageObject","inLanguage":"es","@id":"https:\/\/stage.jh-itc.de\/es\/#\/schema\/logo\/image\/","url":"https:\/\/stage.jh-itc.de\/wp-content\/uploads\/2016\/01\/JH-ITC2-1.png","contentUrl":"https:\/\/stage.jh-itc.de\/wp-content\/uploads\/2016\/01\/JH-ITC2-1.png","width":300,"height":102,"caption":"JH-ITC GmbH"},"image":{"@id":"https:\/\/stage.jh-itc.de\/es\/#\/schema\/logo\/image\/"},"sameAs":["https:\/\/www.facebook.com\/schalungshandel","https:\/\/x.com\/JH_ITC","https:\/\/www.linkedin.com\/in\/jhitc","https:\/\/youtu.be\/rMdZ-FLfI-Y"]}]}},"_links":{"self":[{"href":"https:\/\/stage.jh-itc.de\/es\/wp-json\/wp\/v2\/product\/16897","targetHints":{"allow":["GET"]}}],"collection":[{"href":"https:\/\/stage.jh-itc.de\/es\/wp-json\/wp\/v2\/product"}],"about":[{"href":"https:\/\/stage.jh-itc.de\/es\/wp-json\/wp\/v2\/types\/product"}],"wp:attachment":[{"href":"https:\/\/stage.jh-itc.de\/es\/wp-json\/wp\/v2\/media?parent=16897"}],"wp:term":[{"taxonomy":"product_brand","embeddable":true,"href":"https:\/\/stage.jh-itc.de\/es\/wp-json\/wp\/v2\/product_brand?post=16897"},{"taxonomy":"product_cat","embeddable":true,"href":"https:\/\/stage.jh-itc.de\/es\/wp-json\/wp\/v2\/product_cat?post=16897"},{"taxonomy":"product_tag","embeddable":true,"href":"https:\/\/stage.jh-itc.de\/es\/wp-json\/wp\/v2\/product_tag?post=16897"}],"curies":[{"name":"wp","href":"https:\/\/api.w.org\/{rel}","templated":true}]}}