{"id":15937,"date":"2018-06-11T14:04:33","date_gmt":"2021-04-28T19:29:43","guid":{"rendered":"https:\/\/www.jh-itc.de\/shop\/sin%20categor\u00eda\/encofrado-peri-trio-270m-658m%c2%b2\/"},"modified":"2021-04-28T21:29:58","modified_gmt":"2021-04-28T19:29:58","slug":"658-m%c2%b2-peri-trio-schalung-270m","status":"publish","type":"product","link":"https:\/\/stage.jh-itc.de\/es\/shop\/peri-es\/el-trio-peri\/658-m%c2%b2-peri-trio-schalung-270m\/","title":{"rendered":"Encofrado Peri Trio 2,70m &#8211; 658m\u00b2"},"content":{"rendered":"<table width=\"680\">\n<tbody>\n<tr>\n<td width=\"80\">N\u00ba de art.<\/td>\n<td width=\"272\">Descripci\u00f3n del art\u00edculo<\/td>\n<td width=\"267\">Descripci\u00f3n<\/td>\n<td width=\"61\">Cantidad<\/td>\n<\/tr>\n<tr>\n<td>023500<\/td>\n<td>Bloqueo de alineaci\u00f3n BFD, galvanizado<\/td>\n<td>Acoplador de alineaci\u00f3n BFD, galv.<\/td>\n<td>480<\/td>\n<\/tr>\n<tr>\n<td>023640<\/td>\n<td>Anclaje frontal TS, galvanizado<\/td>\n<td>Mamparo Tie TS, galv.<\/td>\n<td>70<\/td>\n<\/tr>\n<tr>\n<td>023660<\/td>\n<td>Cabezal de sujeci\u00f3n TRIO galvanizado<\/td>\n<td>Conector de abrazadera TRIO, galv.<\/td>\n<td>58<\/td>\n<\/tr>\n<tr>\n<td>115168<\/td>\n<td>Gancho de desplazamiento MAXIMO 1,5 t<\/td>\n<td>Gancho de elevaci\u00f3n MAXIMO 1,5 t<\/td>\n<td>10<\/td>\n<\/tr>\n<tr>\n<td>115058<\/td>\n<td>Poste apilable MAXIMO, galv.<\/td>\n<td>Dispositivo de apilamiento MAXIMO<\/td>\n<td>44<\/td>\n<\/tr>\n<tr>\n<td>022570<\/td>\n<td>Elemento TR 270 x 240<\/td>\n<td>Panel TR 270 x 240<\/td>\n<td>52<\/td>\n<\/tr>\n<tr>\n<td>022510<\/td>\n<td>Elemento TR 270 x 120<\/td>\n<td>Panel TR 270 x 120<\/td>\n<td>6<\/td>\n<\/tr>\n<tr>\n<td>022520<\/td>\n<td>Elemento TR 270 x 90<\/td>\n<td>Panel TR 270 x 90<\/td>\n<td>4<\/td>\n<\/tr>\n<tr>\n<td>022530<\/td>\n<td>Elemento TR 270 x 72<\/td>\n<td>Panel TR 270 x 72<\/td>\n<td>12<\/td>\n<\/tr>\n<tr>\n<td>022550<\/td>\n<td>Elemento TR 270 x 60<\/td>\n<td>Panel TR 270 x 60<\/td>\n<td>30<\/td>\n<\/tr>\n<tr>\n<td>022560<\/td>\n<td>Elemento TR 270 x 30<\/td>\n<td>Panel TR 270 x 30<\/td>\n<td>13<\/td>\n<\/tr>\n<tr>\n<td>022540<\/td>\n<td>Elementos polivalentes TRM 270 x 72<\/td>\n<td>Panel m\u00faltiple TRM 270 x 72<\/td>\n<td>4<\/td>\n<\/tr>\n<tr>\n<td>022580<\/td>\n<td>Esquina TE 270-2<\/td>\n<td>Esquina interior TE 270-2<\/td>\n<td>9<\/td>\n<\/tr>\n<tr>\n<td>023200<\/td>\n<td>Esquina de la bisagra TGE 270<\/td>\n<td>Esquina articulada TGE 270<\/td>\n<td>5<\/td>\n<\/tr>\n<tr>\n<td>023040<\/td>\n<td>Elemento de persiana TR 270 x 24<\/td>\n<td>Panel Stopend TR 270 x 24<\/td>\n<td>4<\/td>\n<\/tr>\n<tr>\n<td>105523<\/td>\n<td>Elemento de eje TSE 270<\/td>\n<td>Elemento de eje TSE 270<\/td>\n<td>4<\/td>\n<\/tr>\n<tr>\n<td>023170<\/td>\n<td>Compensaci\u00f3n de longitud LA 270 x 36<\/td>\n<td>Placa de relleno LA 270 x 36<\/td>\n<td>16<\/td>\n<\/tr>\n<tr>\n<td>022514<\/td>\n<td>Elemento TR 120 x 240<\/td>\n<td>Panel TR 120 x 240<\/td>\n<td>40<\/td>\n<\/tr>\n<tr>\n<td>022600<\/td>\n<td>Elemento TR 120 x 120<\/td>\n<td>Panel TR 120 x 120<\/td>\n<td>4<\/td>\n<\/tr>\n<tr>\n<td>022610<\/td>\n<td>Elemento TR 120 x 90<\/td>\n<td>Panel TR 120 x 90<\/td>\n<td>4<\/td>\n<\/tr>\n<tr>\n<td>022620<\/td>\n<td>Elemento TR 120 x 72<\/td>\n<td>Panel TR 120 x 72<\/td>\n<td>8<\/td>\n<\/tr>\n<tr>\n<td>022640<\/td>\n<td>Elemento TR 120 x 60<\/td>\n<td>Panel TR 120 x 60<\/td>\n<td>9<\/td>\n<\/tr>\n<tr>\n<td>022650<\/td>\n<td>Elemento TR 120 x 30<\/td>\n<td>Panel TR 120 x 30<\/td>\n<td>26<\/td>\n<\/tr>\n<tr>\n<td>022630<\/td>\n<td>Elementos polivalentes TRM 120 x 72<\/td>\n<td>Panel m\u00faltiple TRM 120 x 72<\/td>\n<td>4<\/td>\n<\/tr>\n<tr>\n<td>022660<\/td>\n<td>Esquina TE 120-2<\/td>\n<td>Esquina interior TE 120-2<\/td>\n<td>5<\/td>\n<\/tr>\n<tr>\n<td>023300<\/td>\n<td>Esquina abatible TGE 120<\/td>\n<td>Esquina articulada TGE 120<\/td>\n<td>2<\/td>\n<\/tr>\n<tr>\n<td>023270<\/td>\n<td>Compensaci\u00f3n de longitud LA 120 x 36<\/td>\n<td>Placa de relleno LA 120 x 36<\/td>\n<td>4<\/td>\n<\/tr>\n<tr>\n<td>105524<\/td>\n<td>Elemento de eje TSE 120<\/td>\n<td>Elemento de eje TSE 120<\/td>\n<td>4<\/td>\n<\/tr>\n<tr>\n<td>023030<\/td>\n<td>Elemento de encofrado TR 120 x 24<\/td>\n<td>Panel Stopend TR 120 x 24<\/td>\n<td>4<\/td>\n<\/tr>\n<tr>\n<td>023550<\/td>\n<td>Barra de compensaci\u00f3n TAR 85<\/td>\n<td>Compensaci\u00f3n Waler TAR 85<\/td>\n<td>81<\/td>\n<\/tr>\n<tr>\n<td>030480<\/td>\n<td width=\"272\">Acero pretensado DW 15 L = 1,00m<\/td>\n<td width=\"267\">Barra de acoplamiento DW 15 l = 1,00 m<\/td>\n<td>207<\/td>\n<\/tr>\n<tr>\n<td>028990<\/td>\n<td>Puntal RS 1000, galvanizado<\/td>\n<td>Puntal RS 1000, galv.<\/td>\n<td>3<\/td>\n<\/tr>\n<tr>\n<td>117343<\/td>\n<td>Placa de pie -2 RS, galv.<\/td>\n<td>Placa -2 RS, galv.<\/td>\n<td>5<\/td>\n<\/tr>\n<tr>\n<td>030480<\/td>\n<td width=\"272\">Acero pretensado DW 15 L = 1,00m<\/td>\n<td width=\"267\">Barra de acoplamiento DW 15 l = 1,00 m<\/td>\n<td>207<\/td>\n<\/tr>\n<tr>\n<td>030370<\/td>\n<td>Placa de uni\u00f3n de tuercas DW 15, galv.<\/td>\n<td>Placa de pivote de tuerca DW 15, galv.<\/td>\n<td>542<\/td>\n<\/tr>\n<tr>\n<td>028030<\/td>\n<td>H\u00e9lice de empuje RSS III (4,60 &#8211; 6,00m)<\/td>\n<td>Puntal Push-Pull RSS III (4,60 &#8211; 6,00m)<\/td>\n<td>2<\/td>\n<\/tr>\n<tr>\n<td>028100<\/td>\n<td>Placa de pie para RS<\/td>\n<td>Base del puntal para RS<\/td>\n<td><\/td>\n<\/tr>\n<tr>\n<td>065016<\/td>\n<td>Caja de malla met\u00e1lica 80 x 120-K, lacada<\/td>\n<td>Pal\u00e9 de cajas 80 x 120, pintado<\/td>\n<td>6<\/td>\n<\/tr>\n<tr>\n<td>025670<\/td>\n<td>Caja de piezas peque\u00f1as 80 x 120, lacada<\/td>\n<td>Caja de herrajes 80 x 120, pintada<\/td>\n<td>2<\/td>\n<\/tr>\n<tr>\n<td>2827012<\/td>\n<td>AV 190 en voladizo<\/td>\n<td>Kicker AV 90<\/td>\n<td>33<\/td>\n<\/tr>\n<tr>\n<td>298310<\/td>\n<td>Soporte de andamio TRG 80<\/td>\n<td>soporte de andamio<\/td>\n<td>42<\/td>\n<\/tr>\n<\/tbody>\n<\/table>\n","protected":false},"excerpt":{"rendered":"<p>Ofrecemos un lote de encofrados usados Peri Trio incl. Accesorios en.<\/p>\n<p>Est\u00e1 en buen estado y disponible en stock.<\/p>\n<p>Si est\u00e1 interesado, env\u00edenos su consulta.<\/p>\n<p>&nbsp;<\/p>\n","protected":false},"featured_media":15980,"template":"","meta":[],"product_brand":[],"product_cat":[312,304,306],"product_tag":[],"class_list":{"0":"post-15937","1":"product","2":"type-product","3":"status-publish","4":"has-post-thumbnail","6":"product_cat-el-trio-peri","7":"product_cat-peri-es","8":"product_cat-encofrado","10":"first","11":"instock","12":"taxable","13":"shipping-taxable","14":"product-type-simple"},"yoast_head":"<!-- This site is optimized with the Yoast SEO plugin v26.5 - https:\/\/yoast.com\/wordpress\/plugins\/seo\/ -->\n<title>Encofrado Peri Trio 2,70m - 658m\u00b2 - JH - ITC GmbH<\/title>\n<meta name=\"description\" content=\"Encofrado Peri Trio usado y barato pinche aqu\u00ed para comprar\" \/>\n<meta name=\"robots\" content=\"noindex, follow, max-snippet:-1, max-image-preview:large, max-video-preview:-1\" \/>\n<meta property=\"og:locale\" content=\"es_ES\" \/>\n<meta property=\"og:type\" content=\"article\" \/>\n<meta property=\"og:title\" content=\"Encofrado Peri Trio 2,70m - 658m\u00b2 - JH - ITC GmbH\" \/>\n<meta property=\"og:description\" content=\"Encofrado Peri Trio usado y barato pinche aqu\u00ed para comprar\" \/>\n<meta property=\"og:url\" content=\"https:\/\/stage.jh-itc.de\/es\/shop\/peri-es\/el-trio-peri\/658-m%c2%b2-peri-trio-schalung-270m\/\" \/>\n<meta property=\"og:site_name\" content=\"JH - ITC GmbH\" \/>\n<meta property=\"article:publisher\" content=\"https:\/\/www.facebook.com\/schalungshandel\" \/>\n<meta property=\"article:modified_time\" content=\"2021-04-28T19:29:58+00:00\" \/>\n<meta property=\"og:image\" content=\"https:\/\/stage.jh-itc.de\/wp-content\/uploads\/2018\/06\/Peri-Trio-Schalung-3.jpg\" \/>\n\t<meta property=\"og:image:width\" content=\"640\" \/>\n\t<meta property=\"og:image:height\" content=\"480\" \/>\n\t<meta property=\"og:image:type\" content=\"image\/jpeg\" \/>\n<meta name=\"twitter:card\" content=\"summary_large_image\" \/>\n<meta name=\"twitter:site\" content=\"@JH_ITC\" \/>\n<meta name=\"twitter:label1\" content=\"Tiempo de lectura\" \/>\n\t<meta name=\"twitter:data1\" content=\"2 minutos\" \/>\n<!-- \/ Yoast SEO plugin. -->","yoast_head_json":{"title":"Encofrado Peri Trio 2,70m - 658m\u00b2 - JH - ITC GmbH","description":"Encofrado Peri Trio usado y barato pinche aqu\u00ed para comprar","robots":{"index":"noindex","follow":"follow","max-snippet":"max-snippet:-1","max-image-preview":"max-image-preview:large","max-video-preview":"max-video-preview:-1"},"og_locale":"es_ES","og_type":"article","og_title":"Encofrado Peri Trio 2,70m - 658m\u00b2 - JH - ITC GmbH","og_description":"Encofrado Peri Trio usado y barato pinche aqu\u00ed para comprar","og_url":"https:\/\/stage.jh-itc.de\/es\/shop\/peri-es\/el-trio-peri\/658-m%c2%b2-peri-trio-schalung-270m\/","og_site_name":"JH - ITC GmbH","article_publisher":"https:\/\/www.facebook.com\/schalungshandel","article_modified_time":"2021-04-28T19:29:58+00:00","og_image":[{"width":640,"height":480,"url":"https:\/\/stage.jh-itc.de\/wp-content\/uploads\/2018\/06\/Peri-Trio-Schalung-3.jpg","type":"image\/jpeg"}],"twitter_card":"summary_large_image","twitter_site":"@JH_ITC","twitter_misc":{"Tiempo de lectura":"2 minutos"},"schema":{"@context":"https:\/\/schema.org","@graph":[{"@type":"WebPage","@id":"https:\/\/stage.jh-itc.de\/es\/shop\/peri-es\/el-trio-peri\/658-m%c2%b2-peri-trio-schalung-270m\/","url":"https:\/\/stage.jh-itc.de\/es\/shop\/peri-es\/el-trio-peri\/658-m%c2%b2-peri-trio-schalung-270m\/","name":"Encofrado Peri Trio 2,70m - 658m\u00b2 - JH - ITC GmbH","isPartOf":{"@id":"https:\/\/stage.jh-itc.de\/es\/#website"},"primaryImageOfPage":{"@id":"https:\/\/stage.jh-itc.de\/es\/shop\/peri-es\/el-trio-peri\/658-m%c2%b2-peri-trio-schalung-270m\/#primaryimage"},"image":{"@id":"https:\/\/stage.jh-itc.de\/es\/shop\/peri-es\/el-trio-peri\/658-m%c2%b2-peri-trio-schalung-270m\/#primaryimage"},"thumbnailUrl":"https:\/\/stage.jh-itc.de\/wp-content\/uploads\/2018\/06\/Peri-Trio-Schalung-3.jpg","datePublished":"2021-04-28T19:29:43+00:00","dateModified":"2021-04-28T19:29:58+00:00","description":"Encofrado Peri Trio usado y barato pinche aqu\u00ed para comprar","breadcrumb":{"@id":"https:\/\/stage.jh-itc.de\/es\/shop\/peri-es\/el-trio-peri\/658-m%c2%b2-peri-trio-schalung-270m\/#breadcrumb"},"inLanguage":"es","potentialAction":[{"@type":"ReadAction","target":["https:\/\/stage.jh-itc.de\/es\/shop\/peri-es\/el-trio-peri\/658-m%c2%b2-peri-trio-schalung-270m\/"]}]},{"@type":"ImageObject","inLanguage":"es","@id":"https:\/\/stage.jh-itc.de\/es\/shop\/peri-es\/el-trio-peri\/658-m%c2%b2-peri-trio-schalung-270m\/#primaryimage","url":"https:\/\/stage.jh-itc.de\/wp-content\/uploads\/2018\/06\/Peri-Trio-Schalung-3.jpg","contentUrl":"https:\/\/stage.jh-itc.de\/wp-content\/uploads\/2018\/06\/Peri-Trio-Schalung-3.jpg","width":640,"height":480},{"@type":"BreadcrumbList","@id":"https:\/\/stage.jh-itc.de\/es\/shop\/peri-es\/el-trio-peri\/658-m%c2%b2-peri-trio-schalung-270m\/#breadcrumb","itemListElement":[{"@type":"ListItem","position":1,"name":"Home","item":"https:\/\/stage.jh-itc.de\/es\/encofrados-puntales-y-andamios-de-profesionales\/"},{"@type":"ListItem","position":2,"name":"Tienda","item":"https:\/\/stage.jh-itc.de\/es\/tienda\/"},{"@type":"ListItem","position":3,"name":"Encofrado Peri Trio 2,70m &#8211; 658m\u00b2"}]},{"@type":"WebSite","@id":"https:\/\/stage.jh-itc.de\/es\/#website","url":"https:\/\/stage.jh-itc.de\/es\/","name":"JH - ITC GmbH","description":"Ihr Experte f\u00fcr gebrauchte St\u00fctzen, Schalungen und Ger\u00fcste","publisher":{"@id":"https:\/\/stage.jh-itc.de\/es\/#organization"},"potentialAction":[{"@type":"SearchAction","target":{"@type":"EntryPoint","urlTemplate":"https:\/\/stage.jh-itc.de\/es\/?s={search_term_string}"},"query-input":{"@type":"PropertyValueSpecification","valueRequired":true,"valueName":"search_term_string"}}],"inLanguage":"es"},{"@type":"Organization","@id":"https:\/\/stage.jh-itc.de\/es\/#organization","name":"JH-ITC GmbH","url":"https:\/\/stage.jh-itc.de\/es\/","logo":{"@type":"ImageObject","inLanguage":"es","@id":"https:\/\/stage.jh-itc.de\/es\/#\/schema\/logo\/image\/","url":"https:\/\/stage.jh-itc.de\/wp-content\/uploads\/2016\/01\/JH-ITC2-1.png","contentUrl":"https:\/\/stage.jh-itc.de\/wp-content\/uploads\/2016\/01\/JH-ITC2-1.png","width":300,"height":102,"caption":"JH-ITC GmbH"},"image":{"@id":"https:\/\/stage.jh-itc.de\/es\/#\/schema\/logo\/image\/"},"sameAs":["https:\/\/www.facebook.com\/schalungshandel","https:\/\/x.com\/JH_ITC","https:\/\/www.linkedin.com\/in\/jhitc","https:\/\/youtu.be\/rMdZ-FLfI-Y"]}]}},"_links":{"self":[{"href":"https:\/\/stage.jh-itc.de\/es\/wp-json\/wp\/v2\/product\/15937","targetHints":{"allow":["GET"]}}],"collection":[{"href":"https:\/\/stage.jh-itc.de\/es\/wp-json\/wp\/v2\/product"}],"about":[{"href":"https:\/\/stage.jh-itc.de\/es\/wp-json\/wp\/v2\/types\/product"}],"wp:featuredmedia":[{"embeddable":true,"href":"https:\/\/stage.jh-itc.de\/es\/wp-json\/wp\/v2\/media\/15980"}],"wp:attachment":[{"href":"https:\/\/stage.jh-itc.de\/es\/wp-json\/wp\/v2\/media?parent=15937"}],"wp:term":[{"taxonomy":"product_brand","embeddable":true,"href":"https:\/\/stage.jh-itc.de\/es\/wp-json\/wp\/v2\/product_brand?post=15937"},{"taxonomy":"product_cat","embeddable":true,"href":"https:\/\/stage.jh-itc.de\/es\/wp-json\/wp\/v2\/product_cat?post=15937"},{"taxonomy":"product_tag","embeddable":true,"href":"https:\/\/stage.jh-itc.de\/es\/wp-json\/wp\/v2\/product_tag?post=15937"}],"curies":[{"name":"wp","href":"https:\/\/api.w.org\/{rel}","templated":true}]}}