{"id":15812,"date":"2018-11-15T01:06:16","date_gmt":"2021-04-28T19:29:39","guid":{"rendered":"https:\/\/www.jh-itc.de\/shop\/sin%20categor\u00eda\/bomba-de-hormigon-putzmeister-bsa-1409-d\/"},"modified":"2021-04-28T21:29:57","modified_gmt":"2021-04-28T19:29:57","slug":"bomba-de-hormigon-putzmeister-bsa-1409-d","status":"publish","type":"product","link":"https:\/\/stage.jh-itc.de\/es\/shop\/maquinaria-de-construccion\/bomba-de-hormigon-putzmeister-bsa-1409-d\/","title":{"rendered":"Bomba de hormig\u00f3n Putzmeister BSA 1409 D"},"content":{"rendered":"","protected":false},"excerpt":{"rendered":"<p>Ofrecemos una <strong>bomba de hormig\u00f3n Putzmeister BSA 1409 D<\/strong>.<\/p>\n<hr>\n<p>A\u00f1o de fabricaci\u00f3n \/ A\u00f1o = 2014<\/p>\n<p>Horas de funcionamiento \/ Hrs = 657 hrs<\/p>\n<p>Max. Caudal = 94\/63 m\u00b3\/h<\/p>\n<p>Potencia del motor = 140 kw<\/p>\n<hr>\n<p>Si est\u00e1 interesado, env\u00edenos su solicitud<\/p>\n<p>&nbsp;<\/p>\n","protected":false},"featured_media":15924,"template":"","meta":[],"product_brand":[],"product_cat":[268],"product_tag":[],"class_list":{"0":"post-15812","1":"product","2":"type-product","3":"status-publish","4":"has-post-thumbnail","6":"product_cat-maquinaria-de-construccion","8":"first","9":"outofstock","10":"taxable","11":"shipping-taxable","12":"product-type-simple"},"yoast_head":"<!-- This site is optimized with the Yoast SEO plugin v26.5 - https:\/\/yoast.com\/wordpress\/plugins\/seo\/ -->\n<title>Bomba de hormig\u00f3n Putzmeister BSA 1409 D - JH - ITC GmbH<\/title>\n<meta name=\"description\" content=\"Se vende bomba de hormig\u00f3n + tubos y distribuidor en muy buen estado\" \/>\n<meta name=\"robots\" content=\"noindex, follow, max-snippet:-1, max-image-preview:large, max-video-preview:-1\" \/>\n<meta property=\"og:locale\" content=\"es_ES\" \/>\n<meta property=\"og:type\" content=\"article\" \/>\n<meta property=\"og:title\" content=\"Bomba de hormig\u00f3n Putzmeister BSA 1409 D - JH - ITC GmbH\" \/>\n<meta property=\"og:description\" content=\"Se vende bomba de hormig\u00f3n + tubos y distribuidor en muy buen estado\" \/>\n<meta property=\"og:url\" content=\"https:\/\/stage.jh-itc.de\/es\/shop\/maquinaria-de-construccion\/bomba-de-hormigon-putzmeister-bsa-1409-d\/\" \/>\n<meta property=\"og:site_name\" content=\"JH - ITC GmbH\" \/>\n<meta property=\"article:publisher\" content=\"https:\/\/www.facebook.com\/schalungshandel\" \/>\n<meta property=\"article:modified_time\" content=\"2021-04-28T19:29:57+00:00\" \/>\n<meta property=\"og:image\" content=\"https:\/\/stage.jh-itc.de\/wp-content\/uploads\/2018\/11\/Putzmeister-BSA-1409-3-Klein.jpeg\" \/>\n\t<meta property=\"og:image:width\" content=\"800\" \/>\n\t<meta property=\"og:image:height\" content=\"480\" \/>\n\t<meta property=\"og:image:type\" content=\"image\/jpeg\" \/>\n<meta name=\"twitter:card\" content=\"summary_large_image\" \/>\n<meta name=\"twitter:site\" content=\"@JH_ITC\" \/>\n<!-- \/ Yoast SEO plugin. -->","yoast_head_json":{"title":"Bomba de hormig\u00f3n Putzmeister BSA 1409 D - JH - ITC GmbH","description":"Se vende bomba de hormig\u00f3n + tubos y distribuidor en muy buen estado","robots":{"index":"noindex","follow":"follow","max-snippet":"max-snippet:-1","max-image-preview":"max-image-preview:large","max-video-preview":"max-video-preview:-1"},"og_locale":"es_ES","og_type":"article","og_title":"Bomba de hormig\u00f3n Putzmeister BSA 1409 D - JH - ITC GmbH","og_description":"Se vende bomba de hormig\u00f3n + tubos y distribuidor en muy buen estado","og_url":"https:\/\/stage.jh-itc.de\/es\/shop\/maquinaria-de-construccion\/bomba-de-hormigon-putzmeister-bsa-1409-d\/","og_site_name":"JH - ITC GmbH","article_publisher":"https:\/\/www.facebook.com\/schalungshandel","article_modified_time":"2021-04-28T19:29:57+00:00","og_image":[{"width":800,"height":480,"url":"https:\/\/stage.jh-itc.de\/wp-content\/uploads\/2018\/11\/Putzmeister-BSA-1409-3-Klein.jpeg","type":"image\/jpeg"}],"twitter_card":"summary_large_image","twitter_site":"@JH_ITC","schema":{"@context":"https:\/\/schema.org","@graph":[{"@type":"WebPage","@id":"https:\/\/stage.jh-itc.de\/es\/shop\/maquinaria-de-construccion\/bomba-de-hormigon-putzmeister-bsa-1409-d\/","url":"https:\/\/stage.jh-itc.de\/es\/shop\/maquinaria-de-construccion\/bomba-de-hormigon-putzmeister-bsa-1409-d\/","name":"Bomba de hormig\u00f3n Putzmeister BSA 1409 D - JH - ITC GmbH","isPartOf":{"@id":"https:\/\/stage.jh-itc.de\/es\/#website"},"primaryImageOfPage":{"@id":"https:\/\/stage.jh-itc.de\/es\/shop\/maquinaria-de-construccion\/bomba-de-hormigon-putzmeister-bsa-1409-d\/#primaryimage"},"image":{"@id":"https:\/\/stage.jh-itc.de\/es\/shop\/maquinaria-de-construccion\/bomba-de-hormigon-putzmeister-bsa-1409-d\/#primaryimage"},"thumbnailUrl":"https:\/\/stage.jh-itc.de\/wp-content\/uploads\/2018\/11\/Putzmeister-BSA-1409-3-Klein.jpeg","datePublished":"2021-04-28T19:29:39+00:00","dateModified":"2021-04-28T19:29:57+00:00","description":"Se vende bomba de hormig\u00f3n + tubos y distribuidor en muy buen estado","breadcrumb":{"@id":"https:\/\/stage.jh-itc.de\/es\/shop\/maquinaria-de-construccion\/bomba-de-hormigon-putzmeister-bsa-1409-d\/#breadcrumb"},"inLanguage":"es","potentialAction":[{"@type":"ReadAction","target":["https:\/\/stage.jh-itc.de\/es\/shop\/maquinaria-de-construccion\/bomba-de-hormigon-putzmeister-bsa-1409-d\/"]}]},{"@type":"ImageObject","inLanguage":"es","@id":"https:\/\/stage.jh-itc.de\/es\/shop\/maquinaria-de-construccion\/bomba-de-hormigon-putzmeister-bsa-1409-d\/#primaryimage","url":"https:\/\/stage.jh-itc.de\/wp-content\/uploads\/2018\/11\/Putzmeister-BSA-1409-3-Klein.jpeg","contentUrl":"https:\/\/stage.jh-itc.de\/wp-content\/uploads\/2018\/11\/Putzmeister-BSA-1409-3-Klein.jpeg","width":800,"height":480},{"@type":"BreadcrumbList","@id":"https:\/\/stage.jh-itc.de\/es\/shop\/maquinaria-de-construccion\/bomba-de-hormigon-putzmeister-bsa-1409-d\/#breadcrumb","itemListElement":[{"@type":"ListItem","position":1,"name":"Home","item":"https:\/\/stage.jh-itc.de\/es\/encofrados-puntales-y-andamios-de-profesionales\/"},{"@type":"ListItem","position":2,"name":"Tienda","item":"https:\/\/stage.jh-itc.de\/es\/tienda\/"},{"@type":"ListItem","position":3,"name":"Bomba de hormig\u00f3n Putzmeister BSA 1409 D"}]},{"@type":"WebSite","@id":"https:\/\/stage.jh-itc.de\/es\/#website","url":"https:\/\/stage.jh-itc.de\/es\/","name":"JH - ITC GmbH","description":"Ihr Experte f\u00fcr gebrauchte St\u00fctzen, Schalungen und Ger\u00fcste","publisher":{"@id":"https:\/\/stage.jh-itc.de\/es\/#organization"},"potentialAction":[{"@type":"SearchAction","target":{"@type":"EntryPoint","urlTemplate":"https:\/\/stage.jh-itc.de\/es\/?s={search_term_string}"},"query-input":{"@type":"PropertyValueSpecification","valueRequired":true,"valueName":"search_term_string"}}],"inLanguage":"es"},{"@type":"Organization","@id":"https:\/\/stage.jh-itc.de\/es\/#organization","name":"JH-ITC GmbH","url":"https:\/\/stage.jh-itc.de\/es\/","logo":{"@type":"ImageObject","inLanguage":"es","@id":"https:\/\/stage.jh-itc.de\/es\/#\/schema\/logo\/image\/","url":"https:\/\/stage.jh-itc.de\/wp-content\/uploads\/2016\/01\/JH-ITC2-1.png","contentUrl":"https:\/\/stage.jh-itc.de\/wp-content\/uploads\/2016\/01\/JH-ITC2-1.png","width":300,"height":102,"caption":"JH-ITC GmbH"},"image":{"@id":"https:\/\/stage.jh-itc.de\/es\/#\/schema\/logo\/image\/"},"sameAs":["https:\/\/www.facebook.com\/schalungshandel","https:\/\/x.com\/JH_ITC","https:\/\/www.linkedin.com\/in\/jhitc","https:\/\/youtu.be\/rMdZ-FLfI-Y"]}]}},"_links":{"self":[{"href":"https:\/\/stage.jh-itc.de\/es\/wp-json\/wp\/v2\/product\/15812","targetHints":{"allow":["GET"]}}],"collection":[{"href":"https:\/\/stage.jh-itc.de\/es\/wp-json\/wp\/v2\/product"}],"about":[{"href":"https:\/\/stage.jh-itc.de\/es\/wp-json\/wp\/v2\/types\/product"}],"wp:featuredmedia":[{"embeddable":true,"href":"https:\/\/stage.jh-itc.de\/es\/wp-json\/wp\/v2\/media\/15924"}],"wp:attachment":[{"href":"https:\/\/stage.jh-itc.de\/es\/wp-json\/wp\/v2\/media?parent=15812"}],"wp:term":[{"taxonomy":"product_brand","embeddable":true,"href":"https:\/\/stage.jh-itc.de\/es\/wp-json\/wp\/v2\/product_brand?post=15812"},{"taxonomy":"product_cat","embeddable":true,"href":"https:\/\/stage.jh-itc.de\/es\/wp-json\/wp\/v2\/product_cat?post=15812"},{"taxonomy":"product_tag","embeddable":true,"href":"https:\/\/stage.jh-itc.de\/es\/wp-json\/wp\/v2\/product_tag?post=15812"}],"curies":[{"name":"wp","href":"https:\/\/api.w.org\/{rel}","templated":true}]}}