{"id":15663,"date":"2018-08-20T22:37:08","date_gmt":"2021-04-28T19:29:24","guid":{"rendered":"https:\/\/www.jh-itc.de\/shop\/sin%20categor\u00eda\/doka-alu-framax\/"},"modified":"2021-04-28T21:29:42","modified_gmt":"2021-04-28T19:29:42","slug":"doka-alu-framax","status":"publish","type":"product","link":"https:\/\/stage.jh-itc.de\/es\/shop\/doka-es\/doka-alu-framax-es\/doka-alu-framax\/","title":{"rendered":"Doka Alu Framax"},"content":{"rendered":"","protected":false},"excerpt":{"rendered":"<p>Ofrecemos un peque\u00f1o lote de <strong>Doka Alu Framax<\/strong>.<\/p>\n<table style=\"height: 298px;\" width=\"518\">\n<tbody>\n<tr>\n<td style=\"width: 136px;\">N\u00famero de pieza<\/td>\n<td style=\"width: 266px;\">Descripci\u00f3n del art\u00edculo<\/td>\n<td style=\"width: 63px;\">Cantidad<\/td>\n<\/tr>\n<tr>\n<td style=\"width: 136px;\">588301500<\/td>\n<td style=\"width: 266px;\">Elemento Alu-Framax 0,90&#215;2,70m<\/td>\n<td style=\"width: 63px;\">36<\/td>\n<\/tr>\n<tr>\n<td style=\"width: 136px;\">588302500<\/td>\n<td style=\"width: 266px;\">Elemento Alu-Framax 0,75&#215;2,70m<\/td>\n<td style=\"width: 63px;\">32<\/td>\n<\/tr>\n<tr>\n<td style=\"width: 136px;\">588304500<\/td>\n<td style=\"width: 266px;\">Elemento Alu-Framax 0,60&#215;2,70m<\/td>\n<td style=\"width: 63px;\">18<\/td>\n<\/tr>\n<tr>\n<td style=\"width: 136px;\">588306500<\/td>\n<td style=\"width: 266px;\">Elemento Alu-Framax 0,45&#215;2,70m<\/td>\n<td style=\"width: 63px;\">3<\/td>\n<\/tr>\n<tr>\n<td style=\"width: 136px;\">588330500<\/td>\n<td style=\"width: 266px;\">Esquina interior Alu-Framax 2,70m<\/td>\n<td style=\"width: 63px;\">5<\/td>\n<\/tr>\n<\/tbody>\n<\/table>\n<p>Si est\u00e1 interesado, env\u00edenos su consulta.<\/p>\n","protected":false},"featured_media":15694,"template":"","meta":[],"product_brand":[],"product_cat":[269,270,306],"product_tag":[313],"class_list":{"0":"post-15663","1":"product","2":"type-product","3":"status-publish","4":"has-post-thumbnail","6":"product_cat-doka-es","7":"product_cat-doka-alu-framax-es","8":"product_cat-encofrado","9":"product_tag-alu-framax-es","11":"first","12":"instock","13":"taxable","14":"shipping-taxable","15":"product-type-simple"},"yoast_head":"<!-- This site is optimized with the Yoast SEO plugin v26.5 - https:\/\/yoast.com\/wordpress\/plugins\/seo\/ -->\n<title>Doka Alu Framax - JH - ITC GmbH<\/title>\n<meta name=\"description\" content=\"Doka Alu Framax. Fabricantes de renombre \u2714 Encofrados, puntales, andamios y maquinaria de construcci\u00f3n nuevos y usados \u2714 \u00a1Solicite un presupuesto ahora!\" \/>\n<meta name=\"robots\" content=\"noindex, follow, max-snippet:-1, max-image-preview:large, max-video-preview:-1\" \/>\n<meta property=\"og:locale\" content=\"es_ES\" \/>\n<meta property=\"og:type\" content=\"article\" \/>\n<meta property=\"og:title\" content=\"Doka Alu Framax - JH - ITC GmbH\" \/>\n<meta property=\"og:description\" content=\"Doka Alu Framax. Fabricantes de renombre \u2714 Encofrados, puntales, andamios y maquinaria de construcci\u00f3n nuevos y usados \u2714 \u00a1Solicite un presupuesto ahora!\" \/>\n<meta property=\"og:url\" content=\"https:\/\/stage.jh-itc.de\/es\/shop\/doka-es\/doka-alu-framax-es\/doka-alu-framax\/\" \/>\n<meta property=\"og:site_name\" content=\"JH - ITC GmbH\" \/>\n<meta property=\"article:publisher\" content=\"https:\/\/www.facebook.com\/schalungshandel\" \/>\n<meta property=\"article:modified_time\" content=\"2021-04-28T19:29:42+00:00\" \/>\n<meta property=\"og:image\" content=\"https:\/\/stage.jh-itc.de\/wp-content\/uploads\/2018\/08\/Doka-Alu-Framax-3-e1534797261177.jpg\" \/>\n\t<meta property=\"og:image:width\" content=\"480\" \/>\n\t<meta property=\"og:image:height\" content=\"640\" \/>\n\t<meta property=\"og:image:type\" content=\"image\/jpeg\" \/>\n<meta name=\"twitter:card\" content=\"summary_large_image\" \/>\n<meta name=\"twitter:site\" content=\"@JH_ITC\" \/>\n<!-- \/ Yoast SEO plugin. -->","yoast_head_json":{"title":"Doka Alu Framax - JH - ITC GmbH","description":"Doka Alu Framax. Fabricantes de renombre \u2714 Encofrados, puntales, andamios y maquinaria de construcci\u00f3n nuevos y usados \u2714 \u00a1Solicite un presupuesto ahora!","robots":{"index":"noindex","follow":"follow","max-snippet":"max-snippet:-1","max-image-preview":"max-image-preview:large","max-video-preview":"max-video-preview:-1"},"og_locale":"es_ES","og_type":"article","og_title":"Doka Alu Framax - JH - ITC GmbH","og_description":"Doka Alu Framax. Fabricantes de renombre \u2714 Encofrados, puntales, andamios y maquinaria de construcci\u00f3n nuevos y usados \u2714 \u00a1Solicite un presupuesto ahora!","og_url":"https:\/\/stage.jh-itc.de\/es\/shop\/doka-es\/doka-alu-framax-es\/doka-alu-framax\/","og_site_name":"JH - ITC GmbH","article_publisher":"https:\/\/www.facebook.com\/schalungshandel","article_modified_time":"2021-04-28T19:29:42+00:00","og_image":[{"width":480,"height":640,"url":"https:\/\/stage.jh-itc.de\/wp-content\/uploads\/2018\/08\/Doka-Alu-Framax-3-e1534797261177.jpg","type":"image\/jpeg"}],"twitter_card":"summary_large_image","twitter_site":"@JH_ITC","schema":{"@context":"https:\/\/schema.org","@graph":[{"@type":"WebPage","@id":"https:\/\/stage.jh-itc.de\/es\/shop\/doka-es\/doka-alu-framax-es\/doka-alu-framax\/","url":"https:\/\/stage.jh-itc.de\/es\/shop\/doka-es\/doka-alu-framax-es\/doka-alu-framax\/","name":"Doka Alu Framax - JH - ITC GmbH","isPartOf":{"@id":"https:\/\/stage.jh-itc.de\/es\/#website"},"primaryImageOfPage":{"@id":"https:\/\/stage.jh-itc.de\/es\/shop\/doka-es\/doka-alu-framax-es\/doka-alu-framax\/#primaryimage"},"image":{"@id":"https:\/\/stage.jh-itc.de\/es\/shop\/doka-es\/doka-alu-framax-es\/doka-alu-framax\/#primaryimage"},"thumbnailUrl":"https:\/\/stage.jh-itc.de\/wp-content\/uploads\/2018\/08\/Doka-Alu-Framax-3-e1534797261177.jpg","datePublished":"2021-04-28T19:29:24+00:00","dateModified":"2021-04-28T19:29:42+00:00","description":"Doka Alu Framax. Fabricantes de renombre \u2714 Encofrados, puntales, andamios y maquinaria de construcci\u00f3n nuevos y usados \u2714 \u00a1Solicite un presupuesto ahora!","breadcrumb":{"@id":"https:\/\/stage.jh-itc.de\/es\/shop\/doka-es\/doka-alu-framax-es\/doka-alu-framax\/#breadcrumb"},"inLanguage":"es","potentialAction":[{"@type":"ReadAction","target":["https:\/\/stage.jh-itc.de\/es\/shop\/doka-es\/doka-alu-framax-es\/doka-alu-framax\/"]}]},{"@type":"ImageObject","inLanguage":"es","@id":"https:\/\/stage.jh-itc.de\/es\/shop\/doka-es\/doka-alu-framax-es\/doka-alu-framax\/#primaryimage","url":"https:\/\/stage.jh-itc.de\/wp-content\/uploads\/2018\/08\/Doka-Alu-Framax-3-e1534797261177.jpg","contentUrl":"https:\/\/stage.jh-itc.de\/wp-content\/uploads\/2018\/08\/Doka-Alu-Framax-3-e1534797261177.jpg","width":480,"height":640},{"@type":"BreadcrumbList","@id":"https:\/\/stage.jh-itc.de\/es\/shop\/doka-es\/doka-alu-framax-es\/doka-alu-framax\/#breadcrumb","itemListElement":[{"@type":"ListItem","position":1,"name":"Home","item":"https:\/\/stage.jh-itc.de\/es\/encofrados-puntales-y-andamios-de-profesionales\/"},{"@type":"ListItem","position":2,"name":"Tienda","item":"https:\/\/stage.jh-itc.de\/es\/tienda\/"},{"@type":"ListItem","position":3,"name":"Doka Alu Framax"}]},{"@type":"WebSite","@id":"https:\/\/stage.jh-itc.de\/es\/#website","url":"https:\/\/stage.jh-itc.de\/es\/","name":"JH - ITC GmbH","description":"Ihr Experte f\u00fcr gebrauchte St\u00fctzen, Schalungen und Ger\u00fcste","publisher":{"@id":"https:\/\/stage.jh-itc.de\/es\/#organization"},"potentialAction":[{"@type":"SearchAction","target":{"@type":"EntryPoint","urlTemplate":"https:\/\/stage.jh-itc.de\/es\/?s={search_term_string}"},"query-input":{"@type":"PropertyValueSpecification","valueRequired":true,"valueName":"search_term_string"}}],"inLanguage":"es"},{"@type":"Organization","@id":"https:\/\/stage.jh-itc.de\/es\/#organization","name":"JH-ITC GmbH","url":"https:\/\/stage.jh-itc.de\/es\/","logo":{"@type":"ImageObject","inLanguage":"es","@id":"https:\/\/stage.jh-itc.de\/es\/#\/schema\/logo\/image\/","url":"https:\/\/stage.jh-itc.de\/wp-content\/uploads\/2016\/01\/JH-ITC2-1.png","contentUrl":"https:\/\/stage.jh-itc.de\/wp-content\/uploads\/2016\/01\/JH-ITC2-1.png","width":300,"height":102,"caption":"JH-ITC GmbH"},"image":{"@id":"https:\/\/stage.jh-itc.de\/es\/#\/schema\/logo\/image\/"},"sameAs":["https:\/\/www.facebook.com\/schalungshandel","https:\/\/x.com\/JH_ITC","https:\/\/www.linkedin.com\/in\/jhitc","https:\/\/youtu.be\/rMdZ-FLfI-Y"]}]}},"_links":{"self":[{"href":"https:\/\/stage.jh-itc.de\/es\/wp-json\/wp\/v2\/product\/15663","targetHints":{"allow":["GET"]}}],"collection":[{"href":"https:\/\/stage.jh-itc.de\/es\/wp-json\/wp\/v2\/product"}],"about":[{"href":"https:\/\/stage.jh-itc.de\/es\/wp-json\/wp\/v2\/types\/product"}],"wp:featuredmedia":[{"embeddable":true,"href":"https:\/\/stage.jh-itc.de\/es\/wp-json\/wp\/v2\/media\/15694"}],"wp:attachment":[{"href":"https:\/\/stage.jh-itc.de\/es\/wp-json\/wp\/v2\/media?parent=15663"}],"wp:term":[{"taxonomy":"product_brand","embeddable":true,"href":"https:\/\/stage.jh-itc.de\/es\/wp-json\/wp\/v2\/product_brand?post=15663"},{"taxonomy":"product_cat","embeddable":true,"href":"https:\/\/stage.jh-itc.de\/es\/wp-json\/wp\/v2\/product_cat?post=15663"},{"taxonomy":"product_tag","embeddable":true,"href":"https:\/\/stage.jh-itc.de\/es\/wp-json\/wp\/v2\/product_tag?post=15663"}],"curies":[{"name":"wp","href":"https:\/\/api.w.org\/{rel}","templated":true}]}}