{"id":15405,"date":"2018-04-12T14:11:06","date_gmt":"2021-04-28T19:28:05","guid":{"rendered":"https:\/\/www.jh-itc.de\/shop\/sin%20categor\u00eda\/cimbra-layher\/"},"modified":"2021-04-28T21:28:21","modified_gmt":"2021-04-28T19:28:21","slug":"andamiaje-didactico-laico","status":"publish","type":"product","link":"https:\/\/stage.jh-itc.de\/es\/shop\/andamio\/layher-es\/andamiaje-didactico-laico\/","title":{"rendered":"Cimbra Layher"},"content":{"rendered":"","protected":false},"excerpt":{"rendered":"<p>Ofrecemos una gran cantidad de material de cimbra<strong> Layher<\/strong> de segunda mano.<\/p>\n<p>Este lote est\u00e1 en buen estado y disponible desde el extranjero.<\/p>\n<table width=\"272\">\n<tbody>\n<tr>\n<td width=\"80\">Cantidad<\/td>\n<td width=\"192\">Descripci\u00f3n del art\u00edculo<\/td>\n<\/tr>\n<tr>\n<td>833<\/td>\n<td>Marco de 1,50 m sin cremallera<\/td>\n<\/tr>\n<tr>\n<td>192<\/td>\n<td>Marco de 1,36 m sin cremallera<\/td>\n<\/tr>\n<tr>\n<td>1965<\/td>\n<td>Marco de 0,75 m sin RV<\/td>\n<\/tr>\n<tr>\n<td>2977<\/td>\n<td>Diagonal corta\/roja<\/td>\n<\/tr>\n<tr>\n<td>545<\/td>\n<td>Diagonal larga\/azul<\/td>\n<\/tr>\n<tr>\n<td>520<\/td>\n<td>Diagonal de la habitaci\u00f3n 1,54m<\/td>\n<\/tr>\n<tr>\n<td>3<\/td>\n<td>Refuerzo 1,09m\/negro<\/td>\n<\/tr>\n<tr>\n<td>3194<\/td>\n<td>Husillo de pie 0,60m reforzado<\/td>\n<\/tr>\n<tr>\n<td>2664<\/td>\n<td>Husillo de la cabeza 160 reforzado<\/td>\n<\/tr>\n<tr>\n<td>2683<\/td>\n<td>Enchufe de ca\u00edda<\/td>\n<\/tr>\n<tr>\n<td>15371<\/td>\n<td>conector de tuber\u00eda de cimbra<\/td>\n<\/tr>\n<\/tbody>\n<\/table>\n<p>&nbsp;<\/p>\n","protected":false},"featured_media":15420,"template":"","meta":[],"product_brand":[],"product_cat":[276,277],"product_tag":[],"class_list":{"0":"post-15405","1":"product","2":"type-product","3":"status-publish","4":"has-post-thumbnail","6":"product_cat-andamio","7":"product_cat-layher-es","9":"first","10":"instock","11":"taxable","12":"shipping-taxable","13":"product-type-simple"},"yoast_head":"<!-- This site is optimized with the Yoast SEO plugin v26.5 - https:\/\/yoast.com\/wordpress\/plugins\/seo\/ -->\n<title>Cimbra Layher - JH - ITC GmbH<\/title>\n<meta name=\"description\" content=\"Cimbra Layher. Fabricantes de renombre \u2714 Encofrados, puntales, andamios y maquinaria de construcci\u00f3n nuevos y usados \u2714 \u00a1Solicite un presupuesto ahora!\" \/>\n<meta name=\"robots\" content=\"noindex, follow, max-snippet:-1, max-image-preview:large, max-video-preview:-1\" \/>\n<meta property=\"og:locale\" content=\"es_ES\" \/>\n<meta property=\"og:type\" content=\"article\" \/>\n<meta property=\"og:title\" content=\"Cimbra Layher - JH - ITC GmbH\" \/>\n<meta property=\"og:description\" content=\"Cimbra Layher. Fabricantes de renombre \u2714 Encofrados, puntales, andamios y maquinaria de construcci\u00f3n nuevos y usados \u2714 \u00a1Solicite un presupuesto ahora!\" \/>\n<meta property=\"og:url\" content=\"https:\/\/stage.jh-itc.de\/es\/shop\/andamio\/layher-es\/andamiaje-didactico-laico\/\" \/>\n<meta property=\"og:site_name\" content=\"JH - ITC GmbH\" \/>\n<meta property=\"article:publisher\" content=\"https:\/\/www.facebook.com\/schalungshandel\" \/>\n<meta property=\"article:modified_time\" content=\"2021-04-28T19:28:21+00:00\" \/>\n<meta property=\"og:image\" content=\"https:\/\/stage.jh-itc.de\/wp-content\/uploads\/2018\/04\/e911f487ee49a1684fe544c100e53947.jpg\" \/>\n\t<meta property=\"og:image:width\" content=\"640\" \/>\n\t<meta property=\"og:image:height\" content=\"480\" \/>\n\t<meta property=\"og:image:type\" content=\"image\/jpeg\" \/>\n<meta name=\"twitter:card\" content=\"summary_large_image\" \/>\n<meta name=\"twitter:site\" content=\"@JH_ITC\" \/>\n<!-- \/ Yoast SEO plugin. -->","yoast_head_json":{"title":"Cimbra Layher - JH - ITC GmbH","description":"Cimbra Layher. Fabricantes de renombre \u2714 Encofrados, puntales, andamios y maquinaria de construcci\u00f3n nuevos y usados \u2714 \u00a1Solicite un presupuesto ahora!","robots":{"index":"noindex","follow":"follow","max-snippet":"max-snippet:-1","max-image-preview":"max-image-preview:large","max-video-preview":"max-video-preview:-1"},"og_locale":"es_ES","og_type":"article","og_title":"Cimbra Layher - JH - ITC GmbH","og_description":"Cimbra Layher. Fabricantes de renombre \u2714 Encofrados, puntales, andamios y maquinaria de construcci\u00f3n nuevos y usados \u2714 \u00a1Solicite un presupuesto ahora!","og_url":"https:\/\/stage.jh-itc.de\/es\/shop\/andamio\/layher-es\/andamiaje-didactico-laico\/","og_site_name":"JH - ITC GmbH","article_publisher":"https:\/\/www.facebook.com\/schalungshandel","article_modified_time":"2021-04-28T19:28:21+00:00","og_image":[{"width":640,"height":480,"url":"https:\/\/stage.jh-itc.de\/wp-content\/uploads\/2018\/04\/e911f487ee49a1684fe544c100e53947.jpg","type":"image\/jpeg"}],"twitter_card":"summary_large_image","twitter_site":"@JH_ITC","schema":{"@context":"https:\/\/schema.org","@graph":[{"@type":"WebPage","@id":"https:\/\/stage.jh-itc.de\/es\/shop\/andamio\/layher-es\/andamiaje-didactico-laico\/","url":"https:\/\/stage.jh-itc.de\/es\/shop\/andamio\/layher-es\/andamiaje-didactico-laico\/","name":"Cimbra Layher - JH - ITC GmbH","isPartOf":{"@id":"https:\/\/stage.jh-itc.de\/es\/#website"},"primaryImageOfPage":{"@id":"https:\/\/stage.jh-itc.de\/es\/shop\/andamio\/layher-es\/andamiaje-didactico-laico\/#primaryimage"},"image":{"@id":"https:\/\/stage.jh-itc.de\/es\/shop\/andamio\/layher-es\/andamiaje-didactico-laico\/#primaryimage"},"thumbnailUrl":"https:\/\/stage.jh-itc.de\/wp-content\/uploads\/2018\/04\/e911f487ee49a1684fe544c100e53947.jpg","datePublished":"2021-04-28T19:28:05+00:00","dateModified":"2021-04-28T19:28:21+00:00","description":"Cimbra Layher. Fabricantes de renombre \u2714 Encofrados, puntales, andamios y maquinaria de construcci\u00f3n nuevos y usados \u2714 \u00a1Solicite un presupuesto ahora!","breadcrumb":{"@id":"https:\/\/stage.jh-itc.de\/es\/shop\/andamio\/layher-es\/andamiaje-didactico-laico\/#breadcrumb"},"inLanguage":"es","potentialAction":[{"@type":"ReadAction","target":["https:\/\/stage.jh-itc.de\/es\/shop\/andamio\/layher-es\/andamiaje-didactico-laico\/"]}]},{"@type":"ImageObject","inLanguage":"es","@id":"https:\/\/stage.jh-itc.de\/es\/shop\/andamio\/layher-es\/andamiaje-didactico-laico\/#primaryimage","url":"https:\/\/stage.jh-itc.de\/wp-content\/uploads\/2018\/04\/e911f487ee49a1684fe544c100e53947.jpg","contentUrl":"https:\/\/stage.jh-itc.de\/wp-content\/uploads\/2018\/04\/e911f487ee49a1684fe544c100e53947.jpg","width":640,"height":480},{"@type":"BreadcrumbList","@id":"https:\/\/stage.jh-itc.de\/es\/shop\/andamio\/layher-es\/andamiaje-didactico-laico\/#breadcrumb","itemListElement":[{"@type":"ListItem","position":1,"name":"Home","item":"https:\/\/stage.jh-itc.de\/es\/encofrados-puntales-y-andamios-de-profesionales\/"},{"@type":"ListItem","position":2,"name":"Tienda","item":"https:\/\/stage.jh-itc.de\/es\/tienda\/"},{"@type":"ListItem","position":3,"name":"Cimbra Layher"}]},{"@type":"WebSite","@id":"https:\/\/stage.jh-itc.de\/es\/#website","url":"https:\/\/stage.jh-itc.de\/es\/","name":"JH - ITC GmbH","description":"Ihr Experte f\u00fcr gebrauchte St\u00fctzen, Schalungen und Ger\u00fcste","publisher":{"@id":"https:\/\/stage.jh-itc.de\/es\/#organization"},"potentialAction":[{"@type":"SearchAction","target":{"@type":"EntryPoint","urlTemplate":"https:\/\/stage.jh-itc.de\/es\/?s={search_term_string}"},"query-input":{"@type":"PropertyValueSpecification","valueRequired":true,"valueName":"search_term_string"}}],"inLanguage":"es"},{"@type":"Organization","@id":"https:\/\/stage.jh-itc.de\/es\/#organization","name":"JH-ITC GmbH","url":"https:\/\/stage.jh-itc.de\/es\/","logo":{"@type":"ImageObject","inLanguage":"es","@id":"https:\/\/stage.jh-itc.de\/es\/#\/schema\/logo\/image\/","url":"https:\/\/stage.jh-itc.de\/wp-content\/uploads\/2016\/01\/JH-ITC2-1.png","contentUrl":"https:\/\/stage.jh-itc.de\/wp-content\/uploads\/2016\/01\/JH-ITC2-1.png","width":300,"height":102,"caption":"JH-ITC GmbH"},"image":{"@id":"https:\/\/stage.jh-itc.de\/es\/#\/schema\/logo\/image\/"},"sameAs":["https:\/\/www.facebook.com\/schalungshandel","https:\/\/x.com\/JH_ITC","https:\/\/www.linkedin.com\/in\/jhitc","https:\/\/youtu.be\/rMdZ-FLfI-Y"]}]}},"_links":{"self":[{"href":"https:\/\/stage.jh-itc.de\/es\/wp-json\/wp\/v2\/product\/15405","targetHints":{"allow":["GET"]}}],"collection":[{"href":"https:\/\/stage.jh-itc.de\/es\/wp-json\/wp\/v2\/product"}],"about":[{"href":"https:\/\/stage.jh-itc.de\/es\/wp-json\/wp\/v2\/types\/product"}],"wp:featuredmedia":[{"embeddable":true,"href":"https:\/\/stage.jh-itc.de\/es\/wp-json\/wp\/v2\/media\/15420"}],"wp:attachment":[{"href":"https:\/\/stage.jh-itc.de\/es\/wp-json\/wp\/v2\/media?parent=15405"}],"wp:term":[{"taxonomy":"product_brand","embeddable":true,"href":"https:\/\/stage.jh-itc.de\/es\/wp-json\/wp\/v2\/product_brand?post=15405"},{"taxonomy":"product_cat","embeddable":true,"href":"https:\/\/stage.jh-itc.de\/es\/wp-json\/wp\/v2\/product_cat?post=15405"},{"taxonomy":"product_tag","embeddable":true,"href":"https:\/\/stage.jh-itc.de\/es\/wp-json\/wp\/v2\/product_tag?post=15405"}],"curies":[{"name":"wp","href":"https:\/\/api.w.org\/{rel}","templated":true}]}}