{"id":15388,"date":"2018-06-12T17:17:26","date_gmt":"2021-04-28T19:28:00","guid":{"rendered":"https:\/\/www.jh-itc.de\/shop\/sin%20categor\u00eda\/huennebeck-manto-estribo-90-tk-postes-de-barandilla\/"},"modified":"2021-04-28T21:28:21","modified_gmt":"2021-04-28T19:28:21","slug":"huennebeck-manto-railing-console-90-tk-railing-posts","status":"publish","type":"product","link":"https:\/\/stage.jh-itc.de\/es\/shop\/huennebeck-es\/huennebeck-manto-es\/huennebeck-manto-railing-console-90-tk-railing-posts\/","title":{"rendered":"H\u00fcnnebeck Manto estribo 90 + TK &#8211; postes de barandilla"},"content":{"rendered":"<div id=\"pl-4147\" class=\"panel-layout\">\n<div id=\"pg-4147-0\" class=\"panel-grid panel-no-style\">\n<div id=\"pgc-4147-0-0\" class=\"panel-grid-cell panel-grid-cell-empty\" data-weight=\"1\">Para crear una plataforma de hormigonado de 90 cm de ancho. El soporte de rodadura MANTO se cuelga simplemente a la altura deseada con sus clavijas en un perfil transversal del panel MANTO y se asegura con la chaveta de resorte. Se puede fijar tanto en el encofrado vertical como en el horizontal (con pernos de correa D 20). El revestimiento in situ debe asegurarse contra el levantamiento mediante el list\u00f3n de madera instalado. El poste de barandilla TK para la protecci\u00f3n lateral se inserta en el soporte de marcha MANTO.<\/div>\n<\/div>\n<\/div>\n","protected":false},"excerpt":{"rendered":"<p>Ofrecemos la nueva consola H\u00fcnnebeck Manto 90 + postes de barandilla TK.<\/p>\n<p>Si est\u00e1 interesado, env\u00edenos su consulta.<\/p>\n<p>&nbsp;<\/p>\n","protected":false},"featured_media":15394,"template":"","meta":[],"product_brand":[],"product_cat":[279,287,306],"product_tag":[],"class_list":{"0":"post-15388","1":"product","2":"type-product","3":"status-publish","4":"has-post-thumbnail","6":"product_cat-huennebeck-es","7":"product_cat-huennebeck-manto-es","8":"product_cat-encofrado","10":"first","11":"instock","12":"taxable","13":"shipping-taxable","14":"product-type-simple"},"yoast_head":"<!-- This site is optimized with the Yoast SEO plugin v26.5 - https:\/\/yoast.com\/wordpress\/plugins\/seo\/ -->\n<title>H\u00fcnnebeck Manto estribo 90 + TK - postes de barandilla - JH - ITC GmbH<\/title>\n<meta name=\"description\" content=\"H\u00fcnnebeck Manto estribo 90 + TK - postes de barandilla. Fabricantes de renombre \u2714 Encofrados, puntales, andamios y maquinaria de construcci\u00f3n nuevos y usados \u2714 \u00a1Solicite un presupuesto ahora!\" \/>\n<meta name=\"robots\" content=\"noindex, follow, max-snippet:-1, max-image-preview:large, max-video-preview:-1\" \/>\n<meta property=\"og:locale\" content=\"es_ES\" \/>\n<meta property=\"og:type\" content=\"article\" \/>\n<meta property=\"og:title\" content=\"H\u00fcnnebeck Manto estribo 90 + TK - postes de barandilla - JH - ITC GmbH\" \/>\n<meta property=\"og:description\" content=\"H\u00fcnnebeck Manto estribo 90 + TK - postes de barandilla. Fabricantes de renombre \u2714 Encofrados, puntales, andamios y maquinaria de construcci\u00f3n nuevos y usados \u2714 \u00a1Solicite un presupuesto ahora!\" \/>\n<meta property=\"og:url\" content=\"https:\/\/stage.jh-itc.de\/es\/shop\/huennebeck-es\/huennebeck-manto-es\/huennebeck-manto-railing-console-90-tk-railing-posts\/\" \/>\n<meta property=\"og:site_name\" content=\"JH - ITC GmbH\" \/>\n<meta property=\"article:publisher\" content=\"https:\/\/www.facebook.com\/schalungshandel\" \/>\n<meta property=\"article:modified_time\" content=\"2021-04-28T19:28:21+00:00\" \/>\n<meta property=\"og:image\" content=\"https:\/\/stage.jh-itc.de\/wp-content\/uploads\/2018\/06\/71c99ddb523e41251d80450f4bf94029.jpeg\" \/>\n\t<meta property=\"og:image:width\" content=\"640\" \/>\n\t<meta property=\"og:image:height\" content=\"480\" \/>\n\t<meta property=\"og:image:type\" content=\"image\/jpeg\" \/>\n<meta name=\"twitter:card\" content=\"summary_large_image\" \/>\n<meta name=\"twitter:site\" content=\"@JH_ITC\" \/>\n<!-- \/ Yoast SEO plugin. -->","yoast_head_json":{"title":"H\u00fcnnebeck Manto estribo 90 + TK - postes de barandilla - JH - ITC GmbH","description":"H\u00fcnnebeck Manto estribo 90 + TK - postes de barandilla. Fabricantes de renombre \u2714 Encofrados, puntales, andamios y maquinaria de construcci\u00f3n nuevos y usados \u2714 \u00a1Solicite un presupuesto ahora!","robots":{"index":"noindex","follow":"follow","max-snippet":"max-snippet:-1","max-image-preview":"max-image-preview:large","max-video-preview":"max-video-preview:-1"},"og_locale":"es_ES","og_type":"article","og_title":"H\u00fcnnebeck Manto estribo 90 + TK - postes de barandilla - JH - ITC GmbH","og_description":"H\u00fcnnebeck Manto estribo 90 + TK - postes de barandilla. Fabricantes de renombre \u2714 Encofrados, puntales, andamios y maquinaria de construcci\u00f3n nuevos y usados \u2714 \u00a1Solicite un presupuesto ahora!","og_url":"https:\/\/stage.jh-itc.de\/es\/shop\/huennebeck-es\/huennebeck-manto-es\/huennebeck-manto-railing-console-90-tk-railing-posts\/","og_site_name":"JH - ITC GmbH","article_publisher":"https:\/\/www.facebook.com\/schalungshandel","article_modified_time":"2021-04-28T19:28:21+00:00","og_image":[{"width":640,"height":480,"url":"https:\/\/stage.jh-itc.de\/wp-content\/uploads\/2018\/06\/71c99ddb523e41251d80450f4bf94029.jpeg","type":"image\/jpeg"}],"twitter_card":"summary_large_image","twitter_site":"@JH_ITC","schema":{"@context":"https:\/\/schema.org","@graph":[{"@type":"WebPage","@id":"https:\/\/stage.jh-itc.de\/es\/shop\/huennebeck-es\/huennebeck-manto-es\/huennebeck-manto-railing-console-90-tk-railing-posts\/","url":"https:\/\/stage.jh-itc.de\/es\/shop\/huennebeck-es\/huennebeck-manto-es\/huennebeck-manto-railing-console-90-tk-railing-posts\/","name":"H\u00fcnnebeck Manto estribo 90 + TK - postes de barandilla - JH - ITC GmbH","isPartOf":{"@id":"https:\/\/stage.jh-itc.de\/es\/#website"},"primaryImageOfPage":{"@id":"https:\/\/stage.jh-itc.de\/es\/shop\/huennebeck-es\/huennebeck-manto-es\/huennebeck-manto-railing-console-90-tk-railing-posts\/#primaryimage"},"image":{"@id":"https:\/\/stage.jh-itc.de\/es\/shop\/huennebeck-es\/huennebeck-manto-es\/huennebeck-manto-railing-console-90-tk-railing-posts\/#primaryimage"},"thumbnailUrl":"https:\/\/stage.jh-itc.de\/wp-content\/uploads\/2018\/06\/71c99ddb523e41251d80450f4bf94029.jpeg","datePublished":"2021-04-28T19:28:00+00:00","dateModified":"2021-04-28T19:28:21+00:00","description":"H\u00fcnnebeck Manto estribo 90 + TK - postes de barandilla. Fabricantes de renombre \u2714 Encofrados, puntales, andamios y maquinaria de construcci\u00f3n nuevos y usados \u2714 \u00a1Solicite un presupuesto ahora!","breadcrumb":{"@id":"https:\/\/stage.jh-itc.de\/es\/shop\/huennebeck-es\/huennebeck-manto-es\/huennebeck-manto-railing-console-90-tk-railing-posts\/#breadcrumb"},"inLanguage":"es","potentialAction":[{"@type":"ReadAction","target":["https:\/\/stage.jh-itc.de\/es\/shop\/huennebeck-es\/huennebeck-manto-es\/huennebeck-manto-railing-console-90-tk-railing-posts\/"]}]},{"@type":"ImageObject","inLanguage":"es","@id":"https:\/\/stage.jh-itc.de\/es\/shop\/huennebeck-es\/huennebeck-manto-es\/huennebeck-manto-railing-console-90-tk-railing-posts\/#primaryimage","url":"https:\/\/stage.jh-itc.de\/wp-content\/uploads\/2018\/06\/71c99ddb523e41251d80450f4bf94029.jpeg","contentUrl":"https:\/\/stage.jh-itc.de\/wp-content\/uploads\/2018\/06\/71c99ddb523e41251d80450f4bf94029.jpeg","width":640,"height":480},{"@type":"BreadcrumbList","@id":"https:\/\/stage.jh-itc.de\/es\/shop\/huennebeck-es\/huennebeck-manto-es\/huennebeck-manto-railing-console-90-tk-railing-posts\/#breadcrumb","itemListElement":[{"@type":"ListItem","position":1,"name":"Home","item":"https:\/\/stage.jh-itc.de\/es\/encofrados-puntales-y-andamios-de-profesionales\/"},{"@type":"ListItem","position":2,"name":"Tienda","item":"https:\/\/stage.jh-itc.de\/es\/tienda\/"},{"@type":"ListItem","position":3,"name":"H\u00fcnnebeck Manto estribo 90 + TK &#8211; postes de barandilla"}]},{"@type":"WebSite","@id":"https:\/\/stage.jh-itc.de\/es\/#website","url":"https:\/\/stage.jh-itc.de\/es\/","name":"JH - ITC GmbH","description":"Ihr Experte f\u00fcr gebrauchte St\u00fctzen, Schalungen und Ger\u00fcste","publisher":{"@id":"https:\/\/stage.jh-itc.de\/es\/#organization"},"potentialAction":[{"@type":"SearchAction","target":{"@type":"EntryPoint","urlTemplate":"https:\/\/stage.jh-itc.de\/es\/?s={search_term_string}"},"query-input":{"@type":"PropertyValueSpecification","valueRequired":true,"valueName":"search_term_string"}}],"inLanguage":"es"},{"@type":"Organization","@id":"https:\/\/stage.jh-itc.de\/es\/#organization","name":"JH-ITC GmbH","url":"https:\/\/stage.jh-itc.de\/es\/","logo":{"@type":"ImageObject","inLanguage":"es","@id":"https:\/\/stage.jh-itc.de\/es\/#\/schema\/logo\/image\/","url":"https:\/\/stage.jh-itc.de\/wp-content\/uploads\/2016\/01\/JH-ITC2-1.png","contentUrl":"https:\/\/stage.jh-itc.de\/wp-content\/uploads\/2016\/01\/JH-ITC2-1.png","width":300,"height":102,"caption":"JH-ITC GmbH"},"image":{"@id":"https:\/\/stage.jh-itc.de\/es\/#\/schema\/logo\/image\/"},"sameAs":["https:\/\/www.facebook.com\/schalungshandel","https:\/\/x.com\/JH_ITC","https:\/\/www.linkedin.com\/in\/jhitc","https:\/\/youtu.be\/rMdZ-FLfI-Y"]}]}},"_links":{"self":[{"href":"https:\/\/stage.jh-itc.de\/es\/wp-json\/wp\/v2\/product\/15388","targetHints":{"allow":["GET"]}}],"collection":[{"href":"https:\/\/stage.jh-itc.de\/es\/wp-json\/wp\/v2\/product"}],"about":[{"href":"https:\/\/stage.jh-itc.de\/es\/wp-json\/wp\/v2\/types\/product"}],"wp:featuredmedia":[{"embeddable":true,"href":"https:\/\/stage.jh-itc.de\/es\/wp-json\/wp\/v2\/media\/15394"}],"wp:attachment":[{"href":"https:\/\/stage.jh-itc.de\/es\/wp-json\/wp\/v2\/media?parent=15388"}],"wp:term":[{"taxonomy":"product_brand","embeddable":true,"href":"https:\/\/stage.jh-itc.de\/es\/wp-json\/wp\/v2\/product_brand?post=15388"},{"taxonomy":"product_cat","embeddable":true,"href":"https:\/\/stage.jh-itc.de\/es\/wp-json\/wp\/v2\/product_cat?post=15388"},{"taxonomy":"product_tag","embeddable":true,"href":"https:\/\/stage.jh-itc.de\/es\/wp-json\/wp\/v2\/product_tag?post=15388"}],"curies":[{"name":"wp","href":"https:\/\/api.w.org\/{rel}","templated":true}]}}