{"id":15089,"date":"2018-02-07T21:50:54","date_gmt":"2021-04-28T19:26:33","guid":{"rendered":"https:\/\/www.jh-itc.de\/shop\/sin%20categor\u00eda\/peri-mp-480-nuevo\/"},"modified":"2021-04-28T21:27:04","modified_gmt":"2021-04-28T19:27:04","slug":"peri-mp-480-nuevo","status":"publish","type":"product","link":"https:\/\/stage.jh-itc.de\/es\/shop\/peri-es\/peri-mp-480-nuevo\/","title":{"rendered":"Peri MP 480 &#8211; Nuevo"},"content":{"rendered":"","protected":false},"excerpt":{"rendered":"<p>Ofrecemos <strong>775 x nuevo Peri Multiprop MP 480<\/strong>.<\/p>\n<p>Son nuevos, sin usar y disponibles en stock.<\/p>\n<p>&nbsp;<\/p>\n","protected":false},"featured_media":15125,"template":"","meta":[],"product_brand":[],"product_cat":[308,304,305],"product_tag":[],"class_list":{"0":"post-15089","1":"product","2":"type-product","3":"status-publish","4":"has-post-thumbnail","6":"product_cat-apuntalar","7":"product_cat-peri-es","8":"product_cat-peri-multiprops-es","10":"first","11":"outofstock","12":"taxable","13":"shipping-taxable","14":"product-type-simple"},"yoast_head":"<!-- This site is optimized with the Yoast SEO plugin v26.5 - https:\/\/yoast.com\/wordpress\/plugins\/seo\/ -->\n<title>Peri MP 480 - Nuevo - JH - ITC GmbH<\/title>\n<meta name=\"description\" content=\"Peri Multiprop MP 480 nuevo, barato para la venta\" \/>\n<meta name=\"robots\" content=\"noindex, follow, max-snippet:-1, max-image-preview:large, max-video-preview:-1\" \/>\n<meta property=\"og:locale\" content=\"es_ES\" \/>\n<meta property=\"og:type\" content=\"article\" \/>\n<meta property=\"og:title\" content=\"Peri MP 480 - Nuevo - JH - ITC GmbH\" \/>\n<meta property=\"og:description\" content=\"Peri Multiprop MP 480 nuevo, barato para la venta\" \/>\n<meta property=\"og:url\" content=\"https:\/\/stage.jh-itc.de\/es\/shop\/peri-es\/peri-mp-480-nuevo\/\" \/>\n<meta property=\"og:site_name\" content=\"JH - ITC GmbH\" \/>\n<meta property=\"article:publisher\" content=\"https:\/\/www.facebook.com\/schalungshandel\" \/>\n<meta property=\"article:modified_time\" content=\"2021-04-28T19:27:04+00:00\" \/>\n<meta property=\"og:image\" content=\"https:\/\/stage.jh-itc.de\/wp-content\/uploads\/2018\/02\/Peri-MP-480__New-3.jpg\" \/>\n\t<meta property=\"og:image:width\" content=\"640\" \/>\n\t<meta property=\"og:image:height\" content=\"480\" \/>\n\t<meta property=\"og:image:type\" content=\"image\/jpeg\" \/>\n<meta name=\"twitter:card\" content=\"summary_large_image\" \/>\n<meta name=\"twitter:site\" content=\"@JH_ITC\" \/>\n<!-- \/ Yoast SEO plugin. -->","yoast_head_json":{"title":"Peri MP 480 - Nuevo - JH - ITC GmbH","description":"Peri Multiprop MP 480 nuevo, barato para la venta","robots":{"index":"noindex","follow":"follow","max-snippet":"max-snippet:-1","max-image-preview":"max-image-preview:large","max-video-preview":"max-video-preview:-1"},"og_locale":"es_ES","og_type":"article","og_title":"Peri MP 480 - Nuevo - JH - ITC GmbH","og_description":"Peri Multiprop MP 480 nuevo, barato para la venta","og_url":"https:\/\/stage.jh-itc.de\/es\/shop\/peri-es\/peri-mp-480-nuevo\/","og_site_name":"JH - ITC GmbH","article_publisher":"https:\/\/www.facebook.com\/schalungshandel","article_modified_time":"2021-04-28T19:27:04+00:00","og_image":[{"width":640,"height":480,"url":"https:\/\/stage.jh-itc.de\/wp-content\/uploads\/2018\/02\/Peri-MP-480__New-3.jpg","type":"image\/jpeg"}],"twitter_card":"summary_large_image","twitter_site":"@JH_ITC","schema":{"@context":"https:\/\/schema.org","@graph":[{"@type":"WebPage","@id":"https:\/\/stage.jh-itc.de\/es\/shop\/peri-es\/peri-mp-480-nuevo\/","url":"https:\/\/stage.jh-itc.de\/es\/shop\/peri-es\/peri-mp-480-nuevo\/","name":"Peri MP 480 - Nuevo - JH - ITC GmbH","isPartOf":{"@id":"https:\/\/stage.jh-itc.de\/es\/#website"},"primaryImageOfPage":{"@id":"https:\/\/stage.jh-itc.de\/es\/shop\/peri-es\/peri-mp-480-nuevo\/#primaryimage"},"image":{"@id":"https:\/\/stage.jh-itc.de\/es\/shop\/peri-es\/peri-mp-480-nuevo\/#primaryimage"},"thumbnailUrl":"https:\/\/stage.jh-itc.de\/wp-content\/uploads\/2018\/02\/Peri-MP-480__New-3.jpg","datePublished":"2021-04-28T19:26:33+00:00","dateModified":"2021-04-28T19:27:04+00:00","description":"Peri Multiprop MP 480 nuevo, barato para la venta","breadcrumb":{"@id":"https:\/\/stage.jh-itc.de\/es\/shop\/peri-es\/peri-mp-480-nuevo\/#breadcrumb"},"inLanguage":"es","potentialAction":[{"@type":"ReadAction","target":["https:\/\/stage.jh-itc.de\/es\/shop\/peri-es\/peri-mp-480-nuevo\/"]}]},{"@type":"ImageObject","inLanguage":"es","@id":"https:\/\/stage.jh-itc.de\/es\/shop\/peri-es\/peri-mp-480-nuevo\/#primaryimage","url":"https:\/\/stage.jh-itc.de\/wp-content\/uploads\/2018\/02\/Peri-MP-480__New-3.jpg","contentUrl":"https:\/\/stage.jh-itc.de\/wp-content\/uploads\/2018\/02\/Peri-MP-480__New-3.jpg","width":640,"height":480},{"@type":"BreadcrumbList","@id":"https:\/\/stage.jh-itc.de\/es\/shop\/peri-es\/peri-mp-480-nuevo\/#breadcrumb","itemListElement":[{"@type":"ListItem","position":1,"name":"Home","item":"https:\/\/stage.jh-itc.de\/es\/encofrados-puntales-y-andamios-de-profesionales\/"},{"@type":"ListItem","position":2,"name":"Tienda","item":"https:\/\/stage.jh-itc.de\/es\/tienda\/"},{"@type":"ListItem","position":3,"name":"Peri MP 480 &#8211; Nuevo"}]},{"@type":"WebSite","@id":"https:\/\/stage.jh-itc.de\/es\/#website","url":"https:\/\/stage.jh-itc.de\/es\/","name":"JH - ITC GmbH","description":"Ihr Experte f\u00fcr gebrauchte St\u00fctzen, Schalungen und Ger\u00fcste","publisher":{"@id":"https:\/\/stage.jh-itc.de\/es\/#organization"},"potentialAction":[{"@type":"SearchAction","target":{"@type":"EntryPoint","urlTemplate":"https:\/\/stage.jh-itc.de\/es\/?s={search_term_string}"},"query-input":{"@type":"PropertyValueSpecification","valueRequired":true,"valueName":"search_term_string"}}],"inLanguage":"es"},{"@type":"Organization","@id":"https:\/\/stage.jh-itc.de\/es\/#organization","name":"JH-ITC GmbH","url":"https:\/\/stage.jh-itc.de\/es\/","logo":{"@type":"ImageObject","inLanguage":"es","@id":"https:\/\/stage.jh-itc.de\/es\/#\/schema\/logo\/image\/","url":"https:\/\/stage.jh-itc.de\/wp-content\/uploads\/2016\/01\/JH-ITC2-1.png","contentUrl":"https:\/\/stage.jh-itc.de\/wp-content\/uploads\/2016\/01\/JH-ITC2-1.png","width":300,"height":102,"caption":"JH-ITC GmbH"},"image":{"@id":"https:\/\/stage.jh-itc.de\/es\/#\/schema\/logo\/image\/"},"sameAs":["https:\/\/www.facebook.com\/schalungshandel","https:\/\/x.com\/JH_ITC","https:\/\/www.linkedin.com\/in\/jhitc","https:\/\/youtu.be\/rMdZ-FLfI-Y"]}]}},"_links":{"self":[{"href":"https:\/\/stage.jh-itc.de\/es\/wp-json\/wp\/v2\/product\/15089","targetHints":{"allow":["GET"]}}],"collection":[{"href":"https:\/\/stage.jh-itc.de\/es\/wp-json\/wp\/v2\/product"}],"about":[{"href":"https:\/\/stage.jh-itc.de\/es\/wp-json\/wp\/v2\/types\/product"}],"wp:featuredmedia":[{"embeddable":true,"href":"https:\/\/stage.jh-itc.de\/es\/wp-json\/wp\/v2\/media\/15125"}],"wp:attachment":[{"href":"https:\/\/stage.jh-itc.de\/es\/wp-json\/wp\/v2\/media?parent=15089"}],"wp:term":[{"taxonomy":"product_brand","embeddable":true,"href":"https:\/\/stage.jh-itc.de\/es\/wp-json\/wp\/v2\/product_brand?post=15089"},{"taxonomy":"product_cat","embeddable":true,"href":"https:\/\/stage.jh-itc.de\/es\/wp-json\/wp\/v2\/product_cat?post=15089"},{"taxonomy":"product_tag","embeddable":true,"href":"https:\/\/stage.jh-itc.de\/es\/wp-json\/wp\/v2\/product_tag?post=15089"}],"curies":[{"name":"wp","href":"https:\/\/api.w.org\/{rel}","templated":true}]}}