{"id":15020,"date":"2017-07-19T23:00:32","date_gmt":"2021-04-28T19:26:16","guid":{"rendered":"https:\/\/www.jh-itc.de\/shop\/sin%20categor\u00eda\/entibacion-ligera-ischebeck-alu\/"},"modified":"2021-04-28T21:27:05","modified_gmt":"2021-04-28T19:27:05","slug":"ischebeck-alu-light-trench-shoring","status":"publish","type":"product","link":"https:\/\/stage.jh-itc.de\/es\/shop\/maquinaria-de-construccion\/ischebeck-alu-light-trench-shoring\/","title":{"rendered":"Entibaci\u00f3n ligera Ischebeck Alu"},"content":{"rendered":"","protected":false},"excerpt":{"rendered":"<p>Ofrecemos una completa <strong>entibaci\u00f3n ligera de aluminio Ischebeck<\/strong> para zanjas de hasta 3 m de profundidad.<\/p>\n<table width=\"0\">\n<tbody>\n<tr>\n<td width=\"138\"><strong>art\u00edculo n\u00ba.<\/strong><\/td>\n<td width=\"607\"><strong>Designaci\u00f3n<\/strong><\/td>\n<td width=\"156\"><strong>Cantidad<\/strong><\/td>\n<\/tr>\n<tr>\n<td width=\"138\">0130500012<\/td>\n<td width=\"607\">Tabla de aluminio 3,00 x 0,50<\/td>\n<td width=\"156\">121<\/td>\n<\/tr>\n<tr>\n<td width=\"138\">0130500011<\/td>\n<td width=\"607\">Tabla de aluminio 2,00 x 0,50<\/td>\n<td width=\"156\">28<\/td>\n<\/tr>\n<tr>\n<td width=\"138\">0130500010<\/td>\n<td width=\"607\">Tabla de aluminio 1,55 x 0,50<\/td>\n<td width=\"156\">18<\/td>\n<\/tr>\n<tr>\n<td width=\"138\">0130504587<\/td>\n<td width=\"607\">Acoplamiento de aluminio 0,28m<\/td>\n<td width=\"156\">138<\/td>\n<\/tr>\n<tr>\n<td width=\"138\">0130504590<\/td>\n<td width=\"607\">Acoplamiento de aluminio 1,35m<\/td>\n<td width=\"156\">54<\/td>\n<\/tr>\n<tr>\n<td width=\"138\">0130504524<\/td>\n<td width=\"607\">Puntal de conducto Gi-A\/ 60-81<\/td>\n<td width=\"156\">174<\/td>\n<\/tr>\n<tr>\n<td width=\"138\">0130504525<\/td>\n<td width=\"607\">Puntal de conducto Gi-A\/ 81-121<\/td>\n<td width=\"156\">6<\/td>\n<\/tr>\n<tr>\n<td width=\"138\">0130504526<\/td>\n<td width=\"607\">Puntal de conducto Gi-A\/ 129-218<\/td>\n<td width=\"156\">6<\/td>\n<\/tr>\n<tr>\n<td width=\"138\">0130500088<\/td>\n<td width=\"607\">Perno est\u00e1ndar de inserci\u00f3n \u00d813mm<\/td>\n<td width=\"156\">700<\/td>\n<\/tr>\n<tr>\n<td width=\"138\"><\/td>\n<td width=\"607\">Caja palet<\/td>\n<td width=\"156\">6<\/td>\n<\/tr>\n<\/tbody>\n<\/table>\n<p>Si est\u00e1 interesado, env\u00edenos su consulta.<\/p>\n","protected":false},"featured_media":15027,"template":"","meta":[],"product_brand":[],"product_cat":[291,268,306],"product_tag":[],"class_list":{"0":"post-15020","1":"product","2":"type-product","3":"status-publish","4":"has-post-thumbnail","6":"product_cat-ischebeck-es","7":"product_cat-maquinaria-de-construccion","8":"product_cat-encofrado","10":"first","11":"outofstock","12":"taxable","13":"shipping-taxable","14":"product-type-simple"},"yoast_head":"<!-- This site is optimized with the Yoast SEO plugin v26.5 - https:\/\/yoast.com\/wordpress\/plugins\/seo\/ -->\n<title>Entibaci\u00f3n ligera Ischebeck Alu - JH - ITC GmbH<\/title>\n<meta name=\"description\" content=\"Sistema de entibaci\u00f3n ligera de aluminio Ischebeck\" \/>\n<meta name=\"robots\" content=\"noindex, follow, max-snippet:-1, max-image-preview:large, max-video-preview:-1\" \/>\n<meta property=\"og:locale\" content=\"es_ES\" \/>\n<meta property=\"og:type\" content=\"article\" \/>\n<meta property=\"og:title\" content=\"Entibaci\u00f3n ligera Ischebeck Alu - JH - ITC GmbH\" \/>\n<meta property=\"og:description\" content=\"Sistema de entibaci\u00f3n ligera de aluminio Ischebeck\" \/>\n<meta property=\"og:url\" content=\"https:\/\/stage.jh-itc.de\/es\/shop\/maquinaria-de-construccion\/ischebeck-alu-light-trench-shoring\/\" \/>\n<meta property=\"og:site_name\" content=\"JH - ITC GmbH\" \/>\n<meta property=\"article:publisher\" content=\"https:\/\/www.facebook.com\/schalungshandel\" \/>\n<meta property=\"article:modified_time\" content=\"2021-04-28T19:27:05+00:00\" \/>\n<meta property=\"og:image\" content=\"https:\/\/stage.jh-itc.de\/wp-content\/uploads\/2017\/07\/alu_leichtverbau.jpg\" \/>\n\t<meta property=\"og:image:width\" content=\"180\" \/>\n\t<meta property=\"og:image:height\" content=\"240\" \/>\n\t<meta property=\"og:image:type\" content=\"image\/jpeg\" \/>\n<meta name=\"twitter:card\" content=\"summary_large_image\" \/>\n<meta name=\"twitter:site\" content=\"@JH_ITC\" \/>\n<!-- \/ Yoast SEO plugin. -->","yoast_head_json":{"title":"Entibaci\u00f3n ligera Ischebeck Alu - JH - ITC GmbH","description":"Sistema de entibaci\u00f3n ligera de aluminio Ischebeck","robots":{"index":"noindex","follow":"follow","max-snippet":"max-snippet:-1","max-image-preview":"max-image-preview:large","max-video-preview":"max-video-preview:-1"},"og_locale":"es_ES","og_type":"article","og_title":"Entibaci\u00f3n ligera Ischebeck Alu - JH - ITC GmbH","og_description":"Sistema de entibaci\u00f3n ligera de aluminio Ischebeck","og_url":"https:\/\/stage.jh-itc.de\/es\/shop\/maquinaria-de-construccion\/ischebeck-alu-light-trench-shoring\/","og_site_name":"JH - ITC GmbH","article_publisher":"https:\/\/www.facebook.com\/schalungshandel","article_modified_time":"2021-04-28T19:27:05+00:00","og_image":[{"width":180,"height":240,"url":"https:\/\/stage.jh-itc.de\/wp-content\/uploads\/2017\/07\/alu_leichtverbau.jpg","type":"image\/jpeg"}],"twitter_card":"summary_large_image","twitter_site":"@JH_ITC","schema":{"@context":"https:\/\/schema.org","@graph":[{"@type":"WebPage","@id":"https:\/\/stage.jh-itc.de\/es\/shop\/maquinaria-de-construccion\/ischebeck-alu-light-trench-shoring\/","url":"https:\/\/stage.jh-itc.de\/es\/shop\/maquinaria-de-construccion\/ischebeck-alu-light-trench-shoring\/","name":"Entibaci\u00f3n ligera Ischebeck Alu - JH - ITC GmbH","isPartOf":{"@id":"https:\/\/stage.jh-itc.de\/es\/#website"},"primaryImageOfPage":{"@id":"https:\/\/stage.jh-itc.de\/es\/shop\/maquinaria-de-construccion\/ischebeck-alu-light-trench-shoring\/#primaryimage"},"image":{"@id":"https:\/\/stage.jh-itc.de\/es\/shop\/maquinaria-de-construccion\/ischebeck-alu-light-trench-shoring\/#primaryimage"},"thumbnailUrl":"https:\/\/stage.jh-itc.de\/wp-content\/uploads\/2017\/07\/alu_leichtverbau.jpg","datePublished":"2021-04-28T19:26:16+00:00","dateModified":"2021-04-28T19:27:05+00:00","description":"Sistema de entibaci\u00f3n ligera de aluminio Ischebeck","breadcrumb":{"@id":"https:\/\/stage.jh-itc.de\/es\/shop\/maquinaria-de-construccion\/ischebeck-alu-light-trench-shoring\/#breadcrumb"},"inLanguage":"es","potentialAction":[{"@type":"ReadAction","target":["https:\/\/stage.jh-itc.de\/es\/shop\/maquinaria-de-construccion\/ischebeck-alu-light-trench-shoring\/"]}]},{"@type":"ImageObject","inLanguage":"es","@id":"https:\/\/stage.jh-itc.de\/es\/shop\/maquinaria-de-construccion\/ischebeck-alu-light-trench-shoring\/#primaryimage","url":"https:\/\/stage.jh-itc.de\/wp-content\/uploads\/2017\/07\/alu_leichtverbau.jpg","contentUrl":"https:\/\/stage.jh-itc.de\/wp-content\/uploads\/2017\/07\/alu_leichtverbau.jpg","width":180,"height":240},{"@type":"BreadcrumbList","@id":"https:\/\/stage.jh-itc.de\/es\/shop\/maquinaria-de-construccion\/ischebeck-alu-light-trench-shoring\/#breadcrumb","itemListElement":[{"@type":"ListItem","position":1,"name":"Home","item":"https:\/\/stage.jh-itc.de\/es\/encofrados-puntales-y-andamios-de-profesionales\/"},{"@type":"ListItem","position":2,"name":"Tienda","item":"https:\/\/stage.jh-itc.de\/es\/tienda\/"},{"@type":"ListItem","position":3,"name":"Entibaci\u00f3n ligera Ischebeck Alu"}]},{"@type":"WebSite","@id":"https:\/\/stage.jh-itc.de\/es\/#website","url":"https:\/\/stage.jh-itc.de\/es\/","name":"JH - ITC GmbH","description":"Ihr Experte f\u00fcr gebrauchte St\u00fctzen, Schalungen und Ger\u00fcste","publisher":{"@id":"https:\/\/stage.jh-itc.de\/es\/#organization"},"potentialAction":[{"@type":"SearchAction","target":{"@type":"EntryPoint","urlTemplate":"https:\/\/stage.jh-itc.de\/es\/?s={search_term_string}"},"query-input":{"@type":"PropertyValueSpecification","valueRequired":true,"valueName":"search_term_string"}}],"inLanguage":"es"},{"@type":"Organization","@id":"https:\/\/stage.jh-itc.de\/es\/#organization","name":"JH-ITC GmbH","url":"https:\/\/stage.jh-itc.de\/es\/","logo":{"@type":"ImageObject","inLanguage":"es","@id":"https:\/\/stage.jh-itc.de\/es\/#\/schema\/logo\/image\/","url":"https:\/\/stage.jh-itc.de\/wp-content\/uploads\/2016\/01\/JH-ITC2-1.png","contentUrl":"https:\/\/stage.jh-itc.de\/wp-content\/uploads\/2016\/01\/JH-ITC2-1.png","width":300,"height":102,"caption":"JH-ITC GmbH"},"image":{"@id":"https:\/\/stage.jh-itc.de\/es\/#\/schema\/logo\/image\/"},"sameAs":["https:\/\/www.facebook.com\/schalungshandel","https:\/\/x.com\/JH_ITC","https:\/\/www.linkedin.com\/in\/jhitc","https:\/\/youtu.be\/rMdZ-FLfI-Y"]}]}},"_links":{"self":[{"href":"https:\/\/stage.jh-itc.de\/es\/wp-json\/wp\/v2\/product\/15020","targetHints":{"allow":["GET"]}}],"collection":[{"href":"https:\/\/stage.jh-itc.de\/es\/wp-json\/wp\/v2\/product"}],"about":[{"href":"https:\/\/stage.jh-itc.de\/es\/wp-json\/wp\/v2\/types\/product"}],"wp:featuredmedia":[{"embeddable":true,"href":"https:\/\/stage.jh-itc.de\/es\/wp-json\/wp\/v2\/media\/15027"}],"wp:attachment":[{"href":"https:\/\/stage.jh-itc.de\/es\/wp-json\/wp\/v2\/media?parent=15020"}],"wp:term":[{"taxonomy":"product_brand","embeddable":true,"href":"https:\/\/stage.jh-itc.de\/es\/wp-json\/wp\/v2\/product_brand?post=15020"},{"taxonomy":"product_cat","embeddable":true,"href":"https:\/\/stage.jh-itc.de\/es\/wp-json\/wp\/v2\/product_cat?post=15020"},{"taxonomy":"product_tag","embeddable":true,"href":"https:\/\/stage.jh-itc.de\/es\/wp-json\/wp\/v2\/product_tag?post=15020"}],"curies":[{"name":"wp","href":"https:\/\/api.w.org\/{rel}","templated":true}]}}