{"id":14542,"date":"2017-03-15T23:11:39","date_gmt":"2021-04-28T19:24:13","guid":{"rendered":"https:\/\/www.jh-itc.de\/shop\/sin%20categor\u00eda\/grua-liebherr-25k-28k\/"},"modified":"2021-04-28T21:24:27","modified_gmt":"2021-04-28T19:24:27","slug":"liebherr-kran-25k-28k","status":"publish","type":"product","link":"https:\/\/stage.jh-itc.de\/es\/shop\/maquinaria-de-construccion\/liebherr-kran-25k-28k\/","title":{"rendered":"Gr\u00faa Liebherr 25k + 28K"},"content":{"rendered":"","protected":false},"excerpt":{"rendered":"<p>Ofrecemos las siguientes gr\u00faas Liebherr<\/p>\n<p><strong>1 gr\u00faa automontable Liebherr 25K<\/strong><\/p>\n<p><strong>A\u00f1o de fabricaci\u00f3n 1985<\/strong><\/p>\n<p><strong>  con radio y totalmente funcional<\/strong><\/p>\n<hr>\n<p><strong>1 gr\u00faa automontable Liebherr 28K<\/strong><\/p>\n<p><strong>A\u00f1o de fabricaci\u00f3n 1989<\/strong><\/p>\n<p><strong>con radio y totalmente funcional<\/strong><\/p>\n<p><strong>1 x horquilla de gr\u00faa + 2 x cubo de hormig\u00f3n  <\/strong><\/p>\n<p>Si est\u00e1 interesado, env\u00edenos su solicitud<\/p>\n<p>&nbsp;<\/p>\n","protected":false},"featured_media":14549,"template":"","meta":[],"product_brand":[],"product_cat":[268],"product_tag":[],"class_list":{"0":"post-14542","1":"product","2":"type-product","3":"status-publish","4":"has-post-thumbnail","6":"product_cat-maquinaria-de-construccion","8":"first","9":"onbackorder","10":"taxable","11":"shipping-taxable","12":"product-type-simple"},"yoast_head":"<!-- This site is optimized with the Yoast SEO plugin v26.5 - https:\/\/yoast.com\/wordpress\/plugins\/seo\/ -->\n<title>Gr\u00faa Liebherr 25k + 28K - JH - ITC GmbH<\/title>\n<meta name=\"description\" content=\"Gr\u00faa Liebherr 25K, gr\u00faa Liebherr 28K, gr\u00faa automontable\" \/>\n<meta name=\"robots\" content=\"noindex, follow, max-snippet:-1, max-image-preview:large, max-video-preview:-1\" \/>\n<meta property=\"og:locale\" content=\"es_ES\" \/>\n<meta property=\"og:type\" content=\"article\" \/>\n<meta property=\"og:title\" content=\"Gr\u00faa Liebherr 25k + 28K - JH - ITC GmbH\" \/>\n<meta property=\"og:description\" content=\"Gr\u00faa Liebherr 25K, gr\u00faa Liebherr 28K, gr\u00faa automontable\" \/>\n<meta property=\"og:url\" content=\"https:\/\/stage.jh-itc.de\/es\/shop\/maquinaria-de-construccion\/liebherr-kran-25k-28k\/\" \/>\n<meta property=\"og:site_name\" content=\"JH - ITC GmbH\" \/>\n<meta property=\"article:publisher\" content=\"https:\/\/www.facebook.com\/schalungshandel\" \/>\n<meta property=\"article:modified_time\" content=\"2021-04-28T19:24:27+00:00\" \/>\n<meta property=\"og:image\" content=\"https:\/\/stage.jh-itc.de\/wp-content\/uploads\/2017\/03\/25K.jpg\" \/>\n\t<meta property=\"og:image:width\" content=\"1024\" \/>\n\t<meta property=\"og:image:height\" content=\"768\" \/>\n\t<meta property=\"og:image:type\" content=\"image\/jpeg\" \/>\n<meta name=\"twitter:card\" content=\"summary_large_image\" \/>\n<meta name=\"twitter:site\" content=\"@JH_ITC\" \/>\n<!-- \/ Yoast SEO plugin. -->","yoast_head_json":{"title":"Gr\u00faa Liebherr 25k + 28K - JH - ITC GmbH","description":"Gr\u00faa Liebherr 25K, gr\u00faa Liebherr 28K, gr\u00faa automontable","robots":{"index":"noindex","follow":"follow","max-snippet":"max-snippet:-1","max-image-preview":"max-image-preview:large","max-video-preview":"max-video-preview:-1"},"og_locale":"es_ES","og_type":"article","og_title":"Gr\u00faa Liebherr 25k + 28K - JH - ITC GmbH","og_description":"Gr\u00faa Liebherr 25K, gr\u00faa Liebherr 28K, gr\u00faa automontable","og_url":"https:\/\/stage.jh-itc.de\/es\/shop\/maquinaria-de-construccion\/liebherr-kran-25k-28k\/","og_site_name":"JH - ITC GmbH","article_publisher":"https:\/\/www.facebook.com\/schalungshandel","article_modified_time":"2021-04-28T19:24:27+00:00","og_image":[{"width":1024,"height":768,"url":"https:\/\/stage.jh-itc.de\/wp-content\/uploads\/2017\/03\/25K.jpg","type":"image\/jpeg"}],"twitter_card":"summary_large_image","twitter_site":"@JH_ITC","schema":{"@context":"https:\/\/schema.org","@graph":[{"@type":"WebPage","@id":"https:\/\/stage.jh-itc.de\/es\/shop\/maquinaria-de-construccion\/liebherr-kran-25k-28k\/","url":"https:\/\/stage.jh-itc.de\/es\/shop\/maquinaria-de-construccion\/liebherr-kran-25k-28k\/","name":"Gr\u00faa Liebherr 25k + 28K - JH - ITC GmbH","isPartOf":{"@id":"https:\/\/stage.jh-itc.de\/es\/#website"},"primaryImageOfPage":{"@id":"https:\/\/stage.jh-itc.de\/es\/shop\/maquinaria-de-construccion\/liebherr-kran-25k-28k\/#primaryimage"},"image":{"@id":"https:\/\/stage.jh-itc.de\/es\/shop\/maquinaria-de-construccion\/liebherr-kran-25k-28k\/#primaryimage"},"thumbnailUrl":"https:\/\/stage.jh-itc.de\/wp-content\/uploads\/2017\/03\/25K.jpg","datePublished":"2021-04-28T19:24:13+00:00","dateModified":"2021-04-28T19:24:27+00:00","description":"Gr\u00faa Liebherr 25K, gr\u00faa Liebherr 28K, gr\u00faa automontable","breadcrumb":{"@id":"https:\/\/stage.jh-itc.de\/es\/shop\/maquinaria-de-construccion\/liebherr-kran-25k-28k\/#breadcrumb"},"inLanguage":"es","potentialAction":[{"@type":"ReadAction","target":["https:\/\/stage.jh-itc.de\/es\/shop\/maquinaria-de-construccion\/liebherr-kran-25k-28k\/"]}]},{"@type":"ImageObject","inLanguage":"es","@id":"https:\/\/stage.jh-itc.de\/es\/shop\/maquinaria-de-construccion\/liebherr-kran-25k-28k\/#primaryimage","url":"https:\/\/stage.jh-itc.de\/wp-content\/uploads\/2017\/03\/25K.jpg","contentUrl":"https:\/\/stage.jh-itc.de\/wp-content\/uploads\/2017\/03\/25K.jpg","width":1024,"height":768},{"@type":"BreadcrumbList","@id":"https:\/\/stage.jh-itc.de\/es\/shop\/maquinaria-de-construccion\/liebherr-kran-25k-28k\/#breadcrumb","itemListElement":[{"@type":"ListItem","position":1,"name":"Home","item":"https:\/\/stage.jh-itc.de\/es\/encofrados-puntales-y-andamios-de-profesionales\/"},{"@type":"ListItem","position":2,"name":"Tienda","item":"https:\/\/stage.jh-itc.de\/es\/tienda\/"},{"@type":"ListItem","position":3,"name":"Gr\u00faa Liebherr 25k + 28K"}]},{"@type":"WebSite","@id":"https:\/\/stage.jh-itc.de\/es\/#website","url":"https:\/\/stage.jh-itc.de\/es\/","name":"JH - ITC GmbH","description":"Ihr Experte f\u00fcr gebrauchte St\u00fctzen, Schalungen und Ger\u00fcste","publisher":{"@id":"https:\/\/stage.jh-itc.de\/es\/#organization"},"potentialAction":[{"@type":"SearchAction","target":{"@type":"EntryPoint","urlTemplate":"https:\/\/stage.jh-itc.de\/es\/?s={search_term_string}"},"query-input":{"@type":"PropertyValueSpecification","valueRequired":true,"valueName":"search_term_string"}}],"inLanguage":"es"},{"@type":"Organization","@id":"https:\/\/stage.jh-itc.de\/es\/#organization","name":"JH-ITC GmbH","url":"https:\/\/stage.jh-itc.de\/es\/","logo":{"@type":"ImageObject","inLanguage":"es","@id":"https:\/\/stage.jh-itc.de\/es\/#\/schema\/logo\/image\/","url":"https:\/\/stage.jh-itc.de\/wp-content\/uploads\/2016\/01\/JH-ITC2-1.png","contentUrl":"https:\/\/stage.jh-itc.de\/wp-content\/uploads\/2016\/01\/JH-ITC2-1.png","width":300,"height":102,"caption":"JH-ITC GmbH"},"image":{"@id":"https:\/\/stage.jh-itc.de\/es\/#\/schema\/logo\/image\/"},"sameAs":["https:\/\/www.facebook.com\/schalungshandel","https:\/\/x.com\/JH_ITC","https:\/\/www.linkedin.com\/in\/jhitc","https:\/\/youtu.be\/rMdZ-FLfI-Y"]}]}},"_links":{"self":[{"href":"https:\/\/stage.jh-itc.de\/es\/wp-json\/wp\/v2\/product\/14542","targetHints":{"allow":["GET"]}}],"collection":[{"href":"https:\/\/stage.jh-itc.de\/es\/wp-json\/wp\/v2\/product"}],"about":[{"href":"https:\/\/stage.jh-itc.de\/es\/wp-json\/wp\/v2\/types\/product"}],"wp:featuredmedia":[{"embeddable":true,"href":"https:\/\/stage.jh-itc.de\/es\/wp-json\/wp\/v2\/media\/14549"}],"wp:attachment":[{"href":"https:\/\/stage.jh-itc.de\/es\/wp-json\/wp\/v2\/media?parent=14542"}],"wp:term":[{"taxonomy":"product_brand","embeddable":true,"href":"https:\/\/stage.jh-itc.de\/es\/wp-json\/wp\/v2\/product_brand?post=14542"},{"taxonomy":"product_cat","embeddable":true,"href":"https:\/\/stage.jh-itc.de\/es\/wp-json\/wp\/v2\/product_cat?post=14542"},{"taxonomy":"product_tag","embeddable":true,"href":"https:\/\/stage.jh-itc.de\/es\/wp-json\/wp\/v2\/product_tag?post=14542"}],"curies":[{"name":"wp","href":"https:\/\/api.w.org\/{rel}","templated":true}]}}