{"id":43705,"date":"2023-04-26T10:12:52","date_gmt":"2023-04-26T08:12:52","guid":{"rendered":"https:\/\/www.jh-itc.de\/pie-de-imprenta\/"},"modified":"2023-04-26T10:12:52","modified_gmt":"2023-04-26T08:12:52","slug":"pie-de-imprenta","status":"publish","type":"page","link":"https:\/\/stage.jh-itc.de\/es\/pie-de-imprenta\/","title":{"rendered":"Pie de imprenta"},"content":{"rendered":"<h2><strong>Pie de imprenta:<\/strong><\/h2>\n<hr>\n<p><strong>JH &#8211; ITC GmbH<br \/>\n<\/strong><em>Director General: Jochen Hein<\/em><br \/>\nCalle Market 15<br \/>\n89362 Offingen\/ Baviera<\/p>\n<p>Tel. +49 (0) 731 801 59590<br \/>\nFax. +49 (0) 8224 &#8211; 80 45 763<br \/>\ncorreo electr\u00f3nico: <a href=\"mailto:info@jh-itc.de\" target=\"_blank\" rel=\"noopener\">info@jh-itc.de<\/a><\/p>\n<p>CIF. N\u00ba DE 271 430 794<br \/>\nJuzgado de Primera Instancia de Memmingen<br \/>\nHRB: 14149<\/p>\n<p>La agencia de servicios integrales de Internet <a title=\"OMSAG\" href=\"http:\/\/www.omsag.de\/\" target=\"_blank\" rel=\"noopener\">OMSAG<\/a> ofrece toda la gama de servicios de servicios integrales de marketing web<\/p>\n<p>Publicidad en buscadores con Google Ads en <a href=\"https:\/\/www.martingonev.de\/\">https:\/\/www.martingonev.de\/<\/a><\/p>\n<hr>\n<p><strong>Copyright y cl\u00e1usula de exenci\u00f3n de responsabilidad<\/strong><\/p>\n<p>Todos los contenidos est\u00e1n protegidos por derechos de autor. S\u00f3lo podr\u00e1n utilizarse, incluso con fines comerciales, si se nombra la fuente bajo el contenido extra\u00eddo y se establece un enlace a la URL www.jh-itc.de.<\/p>\n<h4><strong>Referencias y enlaces<\/strong><\/h4>\n<p>En el caso de referencias directas o indirectas a sitios web externos (\u00abhiperv\u00ednculos\u00bb) que se encuentren fuera del \u00e1mbito de responsabilidad del autor, s\u00f3lo entrar\u00eda en vigor una obligaci\u00f3n de responsabilidad si el autor tuviera conocimiento del contenido y le fuera t\u00e9cnicamente posible y razonable impedir el uso en caso de contenido ilegal.<\/p>\n<p>Por la presente, el autor declara expresamente que en el momento de crear los enlaces no se apreciaban contenidos ilegales en las p\u00e1ginas enlazadas. El autor no tiene ninguna influencia sobre el dise\u00f1o actual y futuro, el contenido o la autor\u00eda de las p\u00e1ginas enlazadas. Por este motivo, el autor se distancia expresamente de todos los contenidos de todas las p\u00e1ginas enlazadas que hayan sido modificadas despu\u00e9s de la creaci\u00f3n del enlace. Esta declaraci\u00f3n se aplica a todos los enlaces y referencias establecidos dentro del propio sitio web del autor, as\u00ed como a las entradas de terceros en libros de visitas, foros de discusi\u00f3n, directorios de enlaces, listas de correo y todas las dem\u00e1s formas de bases de datos creadas por el autor a las que sea posible acceder mediante escritura externa. De los contenidos ilegales, incorrectos o incompletos y, en particular, de los da\u00f1os derivados de la utilizaci\u00f3n o no utilizaci\u00f3n de dicha informaci\u00f3n, ser\u00e1 responsable \u00fanicamente el proveedor de la p\u00e1gina a la que se haga referencia, y no la parte que se limite a remitir a la publicaci\u00f3n respectiva a trav\u00e9s de enlaces.<\/p>\n<h4><\/h4>\n<h4><strong>Derechos de autor y marcas registradas<\/strong><\/h4>\n<p>El autor se esfuerza por respetar los derechos de autor de los gr\u00e1ficos, documentos sonoros, secuencias de v\u00eddeo y textos utilizados en todas las publicaciones, por utilizar gr\u00e1ficos, documentos sonoros, secuencias de v\u00eddeo y textos creados por \u00e9l mismo o por utilizar gr\u00e1ficos, documentos sonoros, secuencias de v\u00eddeo y textos libres de licencia. Todas las marcas y nombres comerciales mencionados en el sitio web y posiblemente protegidos por terceros est\u00e1n sujetos sin restricciones a las disposiciones de la legislaci\u00f3n aplicable en materia de marcas y a los derechos de propiedad de los respectivos propietarios registrados. La mera menci\u00f3n de una marca no significa que no est\u00e9 protegida por derechos de terceros. Los derechos de autor de los objetos publicados y creados por el propio autor pertenecen exclusivamente al autor de las p\u00e1ginas. Queda prohibida la reproducci\u00f3n o utilizaci\u00f3n de objetos como diagramas, sonidos o textos en otras publicaciones electr\u00f3nicas o impresas sin el consentimiento del autor.<\/p>\n<p>Fuente: <i><br \/>\n  <a href=\"https:\/\/www.e-recht24.de\/impressum-generator.html\" rel=\"nofollow\">https:\/\/www.e-recht24.de<\/a><br \/>\n<\/i><\/p>\n<p><strong>Resoluci\u00f3n de litigios en l\u00ednea<\/strong><\/p>\n<p>La Comisi\u00f3n Europea ofrece una plataforma de resoluci\u00f3n de litigios en l\u00ednea en https:\/\/ec.europa.eu\/consumers\/odr\/ que los consumidores pueden utilizar para resolver un litigio y donde pueden encontrar m\u00e1s informaci\u00f3n sobre la resoluci\u00f3n de litigios.<\/p>\n<p><strong>Resoluci\u00f3n extrajudicial de litigios<\/strong><\/p>\n<p>En caso de litigio con un consumidor, no estamos obligados ni dispuestos a participar en un procedimiento de resoluci\u00f3n de litigios ante una junta de arbitraje de consumo.<\/p>\n","protected":false},"excerpt":{"rendered":"<p>Pie de imprenta: JH &#8211; ITC GmbH Director General: Jochen Hein Calle Market 15 89362 Offingen\/ Baviera Tel. +49 (0) 731 801 59590 Fax. +49 (0) 8224 &#8211; 80 45 763 correo electr\u00f3nico: info@jh-itc.de CIF. N\u00ba DE 271 430 794 Juzgado de Primera Instancia de Memmingen HRB: 14149 La agencia de servicios integrales de Internet [&hellip;]<\/p>\n","protected":false},"author":7,"featured_media":0,"parent":0,"menu_order":0,"comment_status":"closed","ping_status":"closed","template":"","meta":{"footnotes":""},"class_list":["post-43705","page","type-page","status-publish"],"yoast_head":"<!-- This site is optimized with the Yoast SEO plugin v26.5 - https:\/\/yoast.com\/wordpress\/plugins\/seo\/ -->\n<title>Pie de imprenta - JH - ITC GmbH<\/title>\n<meta name=\"description\" content=\"Pie de imprenta\" \/>\n<meta name=\"robots\" content=\"noindex, follow, max-snippet:-1, max-image-preview:large, max-video-preview:-1\" \/>\n<meta property=\"og:locale\" content=\"es_ES\" \/>\n<meta property=\"og:type\" content=\"article\" \/>\n<meta property=\"og:title\" content=\"Pie de imprenta - JH - ITC GmbH\" \/>\n<meta property=\"og:description\" content=\"Pie de imprenta\" \/>\n<meta property=\"og:url\" content=\"https:\/\/stage.jh-itc.de\/es\/pie-de-imprenta\/\" \/>\n<meta property=\"og:site_name\" content=\"JH - ITC GmbH\" \/>\n<meta property=\"article:publisher\" content=\"https:\/\/www.facebook.com\/schalungshandel\" \/>\n<meta name=\"twitter:card\" content=\"summary_large_image\" \/>\n<meta name=\"twitter:site\" content=\"@JH_ITC\" \/>\n<meta name=\"twitter:label1\" content=\"Tiempo de lectura\" \/>\n\t<meta name=\"twitter:data1\" content=\"3 minutos\" \/>\n<!-- \/ Yoast SEO plugin. -->","yoast_head_json":{"title":"Pie de imprenta - JH - ITC GmbH","description":"Pie de imprenta","robots":{"index":"noindex","follow":"follow","max-snippet":"max-snippet:-1","max-image-preview":"max-image-preview:large","max-video-preview":"max-video-preview:-1"},"og_locale":"es_ES","og_type":"article","og_title":"Pie de imprenta - JH - ITC GmbH","og_description":"Pie de imprenta","og_url":"https:\/\/stage.jh-itc.de\/es\/pie-de-imprenta\/","og_site_name":"JH - ITC GmbH","article_publisher":"https:\/\/www.facebook.com\/schalungshandel","twitter_card":"summary_large_image","twitter_site":"@JH_ITC","twitter_misc":{"Tiempo de lectura":"3 minutos"},"schema":{"@context":"https:\/\/schema.org","@graph":[{"@type":"WebPage","@id":"https:\/\/stage.jh-itc.de\/es\/pie-de-imprenta\/","url":"https:\/\/stage.jh-itc.de\/es\/pie-de-imprenta\/","name":"Pie de imprenta - JH - ITC GmbH","isPartOf":{"@id":"https:\/\/stage.jh-itc.de\/es\/#website"},"datePublished":"2023-04-26T08:12:52+00:00","description":"Pie de imprenta","breadcrumb":{"@id":"https:\/\/stage.jh-itc.de\/es\/pie-de-imprenta\/#breadcrumb"},"inLanguage":"es","potentialAction":[{"@type":"ReadAction","target":["https:\/\/stage.jh-itc.de\/es\/pie-de-imprenta\/"]}]},{"@type":"BreadcrumbList","@id":"https:\/\/stage.jh-itc.de\/es\/pie-de-imprenta\/#breadcrumb","itemListElement":[{"@type":"ListItem","position":1,"name":"Home","item":"https:\/\/stage.jh-itc.de\/es\/encofrados-puntales-y-andamios-de-profesionales\/"},{"@type":"ListItem","position":2,"name":"Pie de imprenta"}]},{"@type":"WebSite","@id":"https:\/\/stage.jh-itc.de\/es\/#website","url":"https:\/\/stage.jh-itc.de\/es\/","name":"JH - ITC GmbH","description":"Ihr Experte f\u00fcr gebrauchte St\u00fctzen, Schalungen und Ger\u00fcste","publisher":{"@id":"https:\/\/stage.jh-itc.de\/es\/#organization"},"potentialAction":[{"@type":"SearchAction","target":{"@type":"EntryPoint","urlTemplate":"https:\/\/stage.jh-itc.de\/es\/?s={search_term_string}"},"query-input":{"@type":"PropertyValueSpecification","valueRequired":true,"valueName":"search_term_string"}}],"inLanguage":"es"},{"@type":"Organization","@id":"https:\/\/stage.jh-itc.de\/es\/#organization","name":"JH-ITC GmbH","url":"https:\/\/stage.jh-itc.de\/es\/","logo":{"@type":"ImageObject","inLanguage":"es","@id":"https:\/\/stage.jh-itc.de\/es\/#\/schema\/logo\/image\/","url":"https:\/\/stage.jh-itc.de\/wp-content\/uploads\/2016\/01\/JH-ITC2-1.png","contentUrl":"https:\/\/stage.jh-itc.de\/wp-content\/uploads\/2016\/01\/JH-ITC2-1.png","width":300,"height":102,"caption":"JH-ITC GmbH"},"image":{"@id":"https:\/\/stage.jh-itc.de\/es\/#\/schema\/logo\/image\/"},"sameAs":["https:\/\/www.facebook.com\/schalungshandel","https:\/\/x.com\/JH_ITC","https:\/\/www.linkedin.com\/in\/jhitc","https:\/\/youtu.be\/rMdZ-FLfI-Y"]}]}},"_links":{"self":[{"href":"https:\/\/stage.jh-itc.de\/es\/wp-json\/wp\/v2\/pages\/43705","targetHints":{"allow":["GET"]}}],"collection":[{"href":"https:\/\/stage.jh-itc.de\/es\/wp-json\/wp\/v2\/pages"}],"about":[{"href":"https:\/\/stage.jh-itc.de\/es\/wp-json\/wp\/v2\/types\/page"}],"author":[{"embeddable":true,"href":"https:\/\/stage.jh-itc.de\/es\/wp-json\/wp\/v2\/users\/7"}],"replies":[{"embeddable":true,"href":"https:\/\/stage.jh-itc.de\/es\/wp-json\/wp\/v2\/comments?post=43705"}],"version-history":[{"count":0,"href":"https:\/\/stage.jh-itc.de\/es\/wp-json\/wp\/v2\/pages\/43705\/revisions"}],"wp:attachment":[{"href":"https:\/\/stage.jh-itc.de\/es\/wp-json\/wp\/v2\/media?parent=43705"}],"curies":[{"name":"wp","href":"https:\/\/api.w.org\/{rel}","templated":true}]}}