{"id":14284,"date":"2021-04-21T20:13:28","date_gmt":"2021-04-21T18:13:28","guid":{"rendered":"https:\/\/www.jh-itc.de\/lo-que-hay-que-saber\/"},"modified":"2021-07-16T18:06:39","modified_gmt":"2021-07-16T16:06:39","slug":"lo-que-hay-que-saber","status":"publish","type":"page","link":"https:\/\/stage.jh-itc.de\/es\/lo-que-hay-que-saber\/","title":{"rendered":"Lo que hay que saber"},"content":{"rendered":"\n<ul>\n<li><a href=\"https:\/\/stage.jh-itc.de\/es\/lo-que-hay-que-saber\/sistema-de-paneles-alkus-la-solucion-economica-de-paneles-de-encofrado\/\">Sistema de paneles alkus<\/a><\/li>\n<li><a href=\"https:\/\/stage.jh-itc.de\/es\/lo-que-hay-que-saber\/informacion-de-alkus\/\">alkus<\/a><\/li>\n<li><a href=\"https:\/\/stage.jh-itc.de\/es\/lo-que-hay-que-saber\/materiales-de-construccion-usados\/\">Materiales de construcci\u00f3n usados<\/a><\/li>\n<li><a href=\"https:\/\/stage.jh-itc.de\/es\/lo-que-hay-que-saber\/persianas\/\">Persianas<\/a><\/li>\n<\/ul>\n","protected":false},"excerpt":{"rendered":"","protected":false},"author":4,"featured_media":13974,"parent":0,"menu_order":0,"comment_status":"closed","ping_status":"closed","template":"","meta":{"footnotes":""},"class_list":["post-14284","page","type-page","status-publish","has-post-thumbnail"],"yoast_head":"<!-- This site is optimized with the Yoast SEO plugin v26.5 - https:\/\/yoast.com\/wordpress\/plugins\/seo\/ -->\n<title>Lo que hay que saber - JH - ITC GmbH<\/title>\n<meta name=\"robots\" content=\"noindex, follow, max-snippet:-1, max-image-preview:large, max-video-preview:-1\" \/>\n<meta property=\"og:locale\" content=\"es_ES\" \/>\n<meta property=\"og:type\" content=\"article\" \/>\n<meta property=\"og:title\" content=\"Lo que hay que saber - JH - ITC GmbH\" \/>\n<meta property=\"og:url\" content=\"https:\/\/stage.jh-itc.de\/es\/lo-que-hay-que-saber\/\" \/>\n<meta property=\"og:site_name\" content=\"JH - ITC GmbH\" \/>\n<meta property=\"article:publisher\" content=\"https:\/\/www.facebook.com\/schalungshandel\" \/>\n<meta property=\"article:modified_time\" content=\"2021-07-16T16:06:39+00:00\" \/>\n<meta name=\"twitter:card\" content=\"summary_large_image\" \/>\n<meta name=\"twitter:site\" content=\"@JH_ITC\" \/>\n<!-- \/ Yoast SEO plugin. -->","yoast_head_json":{"title":"Lo que hay que saber - JH - ITC GmbH","robots":{"index":"noindex","follow":"follow","max-snippet":"max-snippet:-1","max-image-preview":"max-image-preview:large","max-video-preview":"max-video-preview:-1"},"og_locale":"es_ES","og_type":"article","og_title":"Lo que hay que saber - JH - ITC GmbH","og_url":"https:\/\/stage.jh-itc.de\/es\/lo-que-hay-que-saber\/","og_site_name":"JH - ITC GmbH","article_publisher":"https:\/\/www.facebook.com\/schalungshandel","article_modified_time":"2021-07-16T16:06:39+00:00","twitter_card":"summary_large_image","twitter_site":"@JH_ITC","schema":{"@context":"https:\/\/schema.org","@graph":[{"@type":"WebPage","@id":"https:\/\/stage.jh-itc.de\/es\/lo-que-hay-que-saber\/","url":"https:\/\/stage.jh-itc.de\/es\/lo-que-hay-que-saber\/","name":"Lo que hay que saber - JH - ITC GmbH","isPartOf":{"@id":"https:\/\/stage.jh-itc.de\/es\/#website"},"primaryImageOfPage":{"@id":"https:\/\/stage.jh-itc.de\/es\/lo-que-hay-que-saber\/#primaryimage"},"image":{"@id":"https:\/\/stage.jh-itc.de\/es\/lo-que-hay-que-saber\/#primaryimage"},"thumbnailUrl":"https:\/\/stage.jh-itc.de\/wp-content\/uploads\/2020\/05\/Sanierung.jpg","datePublished":"2021-04-21T18:13:28+00:00","dateModified":"2021-07-16T16:06:39+00:00","breadcrumb":{"@id":"https:\/\/stage.jh-itc.de\/es\/lo-que-hay-que-saber\/#breadcrumb"},"inLanguage":"es","potentialAction":[{"@type":"ReadAction","target":["https:\/\/stage.jh-itc.de\/es\/lo-que-hay-que-saber\/"]}]},{"@type":"ImageObject","inLanguage":"es","@id":"https:\/\/stage.jh-itc.de\/es\/lo-que-hay-que-saber\/#primaryimage","url":"https:\/\/stage.jh-itc.de\/wp-content\/uploads\/2020\/05\/Sanierung.jpg","contentUrl":"https:\/\/stage.jh-itc.de\/wp-content\/uploads\/2020\/05\/Sanierung.jpg","width":1148,"height":578},{"@type":"BreadcrumbList","@id":"https:\/\/stage.jh-itc.de\/es\/lo-que-hay-que-saber\/#breadcrumb","itemListElement":[{"@type":"ListItem","position":1,"name":"Home","item":"https:\/\/stage.jh-itc.de\/es\/encofrados-puntales-y-andamios-de-profesionales\/"},{"@type":"ListItem","position":2,"name":"Lo que hay que saber"}]},{"@type":"WebSite","@id":"https:\/\/stage.jh-itc.de\/es\/#website","url":"https:\/\/stage.jh-itc.de\/es\/","name":"JH - ITC GmbH","description":"Ihr Experte f\u00fcr gebrauchte St\u00fctzen, Schalungen und Ger\u00fcste","publisher":{"@id":"https:\/\/stage.jh-itc.de\/es\/#organization"},"potentialAction":[{"@type":"SearchAction","target":{"@type":"EntryPoint","urlTemplate":"https:\/\/stage.jh-itc.de\/es\/?s={search_term_string}"},"query-input":{"@type":"PropertyValueSpecification","valueRequired":true,"valueName":"search_term_string"}}],"inLanguage":"es"},{"@type":"Organization","@id":"https:\/\/stage.jh-itc.de\/es\/#organization","name":"JH-ITC GmbH","url":"https:\/\/stage.jh-itc.de\/es\/","logo":{"@type":"ImageObject","inLanguage":"es","@id":"https:\/\/stage.jh-itc.de\/es\/#\/schema\/logo\/image\/","url":"https:\/\/stage.jh-itc.de\/wp-content\/uploads\/2016\/01\/JH-ITC2-1.png","contentUrl":"https:\/\/stage.jh-itc.de\/wp-content\/uploads\/2016\/01\/JH-ITC2-1.png","width":300,"height":102,"caption":"JH-ITC GmbH"},"image":{"@id":"https:\/\/stage.jh-itc.de\/es\/#\/schema\/logo\/image\/"},"sameAs":["https:\/\/www.facebook.com\/schalungshandel","https:\/\/x.com\/JH_ITC","https:\/\/www.linkedin.com\/in\/jhitc","https:\/\/youtu.be\/rMdZ-FLfI-Y"]}]}},"_links":{"self":[{"href":"https:\/\/stage.jh-itc.de\/es\/wp-json\/wp\/v2\/pages\/14284","targetHints":{"allow":["GET"]}}],"collection":[{"href":"https:\/\/stage.jh-itc.de\/es\/wp-json\/wp\/v2\/pages"}],"about":[{"href":"https:\/\/stage.jh-itc.de\/es\/wp-json\/wp\/v2\/types\/page"}],"author":[{"embeddable":true,"href":"https:\/\/stage.jh-itc.de\/es\/wp-json\/wp\/v2\/users\/4"}],"replies":[{"embeddable":true,"href":"https:\/\/stage.jh-itc.de\/es\/wp-json\/wp\/v2\/comments?post=14284"}],"version-history":[{"count":5,"href":"https:\/\/stage.jh-itc.de\/es\/wp-json\/wp\/v2\/pages\/14284\/revisions"}],"predecessor-version":[{"id":19593,"href":"https:\/\/stage.jh-itc.de\/es\/wp-json\/wp\/v2\/pages\/14284\/revisions\/19593"}],"wp:featuredmedia":[{"embeddable":true,"href":"https:\/\/stage.jh-itc.de\/es\/wp-json\/wp\/v2\/media\/13974"}],"wp:attachment":[{"href":"https:\/\/stage.jh-itc.de\/es\/wp-json\/wp\/v2\/media?parent=14284"}],"curies":[{"name":"wp","href":"https:\/\/api.w.org\/{rel}","templated":true}]}}