{"id":14228,"date":"2021-04-21T20:13:22","date_gmt":"2021-04-21T18:13:22","guid":{"rendered":"https:\/\/www.jh-itc.de\/renovacion-del-encofrado\/"},"modified":"2023-02-15T15:39:11","modified_gmt":"2023-02-15T14:39:11","slug":"renovacion-del-encofrado","status":"publish","type":"page","link":"https:\/\/stage.jh-itc.de\/es\/renovacion-del-encofrado\/","title":{"rendered":"Renovaci\u00f3n del encofrado"},"content":{"rendered":"\n<p>\u00bfSu encofrado necesita una reparaci\u00f3n o un nuevo encofrado?<\/p>\n\n<p>Estaremos encantados de revestir su encofrado seg\u00fan sus deseos y necesidades, ya sea con un nuevo revestimiento de encofrado de madera o, mejor a\u00fan, con un nuevo revestimiento de encofrado totalmente de pl\u00e1stico alkus.<\/p>\n\n<h2 class=\"wp-block-heading\" id=\"neuer-holz-schalhaut-oder-alkus-vollkunststoff-schalhaut\">Nueva piel de encofrado de madera o piel de encofrado de pl\u00e1stico s\u00f3lido alkus<\/h2>\n\n<figure class=\"wp-block-image size-full\"><img fetchpriority=\"high\" decoding=\"async\" width=\"600\" height=\"600\" src=\"https:\/\/stage.jh-itc.de\/wp-content\/uploads\/2015\/06\/Peri-Trio-saniert.jpg\" alt=\"\" class=\"wp-image-6381\" srcset=\"https:\/\/stage.jh-itc.de\/wp-content\/uploads\/2015\/06\/Peri-Trio-saniert.jpg 600w, https:\/\/stage.jh-itc.de\/wp-content\/uploads\/2015\/06\/Peri-Trio-saniert-500x500.jpg 500w, https:\/\/stage.jh-itc.de\/wp-content\/uploads\/2015\/06\/Peri-Trio-saniert-100x100.jpg 100w, https:\/\/stage.jh-itc.de\/wp-content\/uploads\/2015\/06\/Peri-Trio-saniert-150x150.jpg 150w, https:\/\/stage.jh-itc.de\/wp-content\/uploads\/2015\/06\/Peri-Trio-saniert-300x300.jpg 300w, https:\/\/stage.jh-itc.de\/wp-content\/uploads\/2015\/06\/Peri-Trio-saniert-66x66.jpg 66w, https:\/\/stage.jh-itc.de\/wp-content\/uploads\/2015\/06\/Peri-Trio-saniert-200x200.jpg 200w, https:\/\/stage.jh-itc.de\/wp-content\/uploads\/2015\/06\/Peri-Trio-saniert-400x400.jpg 400w\" sizes=\"(max-width: 600px) 100vw, 600px\" \/><\/figure>\n<h4 class=\"wp-block-heading\" id=\"gerne-sanieren-wir-auch-ihre-wand-oder-decken-schalungsystem\">Tambi\u00e9n estamos encantados de renovar su pared o techo &#8211; sistema de encofrado.<\/h4>\n\n<h3 class=\"wp-block-heading\"><\/h3>\n\n<figure class=\"wp-block-gallery has-nested-images columns-default is-cropped wp-block-gallery-2 is-layout-flex wp-block-gallery-is-layout-flex\">\n<figure class=\"wp-block-image size-large\"><a href=\"https:\/\/stage.jh-itc.de\/wp-content\/uploads\/2022\/02\/Schalung-mit-Holz-und-alkusplatte.jpeg\"><img decoding=\"async\" width=\"1200\" height=\"891\" data-id=\"38051\" src=\"https:\/\/stage.jh-itc.de\/wp-content\/uploads\/2022\/02\/Schalung-mit-Holz-und-alkusplatte.jpeg\" alt=\"\" class=\"wp-image-38051\" srcset=\"https:\/\/stage.jh-itc.de\/wp-content\/uploads\/2022\/02\/Schalung-mit-Holz-und-alkusplatte.jpeg 1200w, https:\/\/stage.jh-itc.de\/wp-content\/uploads\/2022\/02\/Schalung-mit-Holz-und-alkusplatte-300x223.jpeg 300w, https:\/\/stage.jh-itc.de\/wp-content\/uploads\/2022\/02\/Schalung-mit-Holz-und-alkusplatte-1024x760.jpeg 1024w, https:\/\/stage.jh-itc.de\/wp-content\/uploads\/2022\/02\/Schalung-mit-Holz-und-alkusplatte-768x570.jpeg 768w, https:\/\/stage.jh-itc.de\/wp-content\/uploads\/2022\/02\/Schalung-mit-Holz-und-alkusplatte-500x371.jpeg 500w, https:\/\/stage.jh-itc.de\/wp-content\/uploads\/2022\/02\/Schalung-mit-Holz-und-alkusplatte-700x520.jpeg 700w\" sizes=\"(max-width: 1200px) 100vw, 1200px\" \/><\/a><\/figure><\/figure>\n\n<h3 class=\"wp-block-heading\"><\/h3>\n\n<figure class=\"wp-block-gallery has-nested-images columns-default is-cropped wp-block-gallery-3 is-layout-flex wp-block-gallery-is-layout-flex\"><\/figure>\n<h3 class=\"wp-block-heading\"><\/h3>\n\n<figure class=\"wp-block-gallery has-nested-images columns-default is-cropped wp-block-gallery-4 is-layout-flex wp-block-gallery-is-layout-flex\"><\/figure>\n<h3 class=\"wp-block-heading\"><\/h3>\n\n<figure class=\"wp-block-gallery has-nested-images columns-default is-cropped wp-block-gallery-5 is-layout-flex wp-block-gallery-is-layout-flex\"><\/figure>\n<h3 class=\"wp-block-heading\"><\/h3>\n\n<figure class=\"wp-block-gallery has-nested-images columns-default is-cropped wp-block-gallery-6 is-layout-flex wp-block-gallery-is-layout-flex\"><\/figure>\n<hr class=\"wp-block-separator\"\/>\n\n<h2 class=\"wp-block-heading\" id=\"schalungssanierung\"><strong>Renovaci\u00f3n de encofrados<\/strong><\/h2>\n\n<h3 class=\"wp-block-heading\" id=\"schalung-sanieren-bietet-bessere-betonier-ergebnisse\">La renovaci\u00f3n del encofrado ofrece mejores resultados de hormigonado<\/h3>\n\n<p>Si est\u00e1 construyendo una casa y necesita hormig\u00f3n l\u00edquido para ello, tambi\u00e9n utilizar\u00e1 el encofrado para las paredes y los techos de la casa.<br\/>Dado que los componentes necesarios, tarde o temprano, presentan da\u00f1os y deformaciones, deben ser rehabilitados. Sin embargo, a veces basta con cambiar la piel de una bufanda.<br\/>Tambi\u00e9n es necesario que el encofrado se limpie de vez en cuando.<\/p>\n\n<h3 class=\"wp-block-heading\" id=\"was-sind-schalungen-und-wozu-benotigt-man-sie\">\u00bfQu\u00e9 son los encofrados y por qu\u00e9 los necesita?<\/h3>\n\n<p>Los encofrados son formas huecas utilizadas en la construcci\u00f3n. Se necesitan en la construcci\u00f3n de hormig\u00f3n armado para el levantamiento de paredes y techos.<br\/>Los moldes de construcci\u00f3n se rellenan con hormig\u00f3n l\u00edquido, al que dan su forma final y la estructura de la superficie. Una vez que el material de construcci\u00f3n se ha endurecido, se suele retirar el encofrado.<\/p>\n\n<p>El encofrado es un sistema formado por varias piezas interconectadas. La capa exterior se denomina piel de encofrado o panel de encofrado.<br\/>Se fija en el marco.<\/p>\n\n<p>El tipo y la funci\u00f3n del edificio que se va a construir determinan la elecci\u00f3n del encofrado finalmente utilizado. Dependiendo del aspecto que deba tener posteriormente la superficie de hormig\u00f3n, el constructor puede elegir entre diferentes pieles de encofrado:<\/p>\n\n<p>Si el muro de hormig\u00f3n debe tener una estructura de madera de aspecto natural, utiliza encofrados de madera o sistemas con paneles de encofrado de madera insertados durante la construcci\u00f3n. Las tablas de encofrado sin terminar dan al muro de hormig\u00f3n un aspecto r\u00fastico y una superficie rugosa.<br\/>Las pieles de bufanda de pl\u00e1stico proporcionan paredes lisas y un aspecto moderno.<\/p>\n\n<p><strong>Los sistemas de encofrado se componen de<\/strong><br\/>&#8211; casco de encofrado<br\/>&#8211; construcci\u00f3n de arriostramientos<br\/>&#8211; construcci\u00f3n de apoyo<br\/>&#8211; accesorios como puntales, separadores, etc. y &#8211; piezas de conexi\u00f3n (tornillos, clavos, cadenas de tensi\u00f3n, etc.)<\/p>\n\n<p>Al comprar moldes de hormig\u00f3n, el constructor puede elegir entre sistemas de acero, pl\u00e1stico, madera y aluminio. Dependiendo de lo que se vaya a encofrar, los huecos de construcci\u00f3n tienen diferentes dimensiones.<\/p>\n\n<p>Por regla general, el encofrado pesado se transporta a la obra con una gr\u00faa de carga y, posteriormente, se desmonta y se transporta una vez endurecido el hormig\u00f3n vertido, a no ser que se trate de un \u00abencofrado perdido\u00bb.<\/p>\n\n<p>Simplemente permanecen unidos a la estructura de hormig\u00f3n. La raz\u00f3n: son para formar muros de contenci\u00f3n, por ejemplo. Los constructores que no quieran (o no necesiten) hacer sus sistemas de encofrado a medida pueden alquilarlos a proveedores especiales.<\/p>\n\n<h3 class=\"wp-block-heading\" id=\"warum-ist-eine-wand-und-deckenschalungssanierung-erforderlich\">\u00bfPor qu\u00e9 es necesaria la renovaci\u00f3n del encofrado de muros y losas?<\/h3>\n\n<p>Dado que los moldes de fundici\u00f3n de hormig\u00f3n tienen que soportar una gran presi\u00f3n cuando se vierte el hormig\u00f3n, puede ocurrir que despu\u00e9s de varios usos dejen de cumplir los requisitos estructurales. En ese caso, dejan de ser herm\u00e9ticos, dimensionalmente precisos o suficientemente seguros.<\/p>\n\n<p>Los sistemas de encofrado tambi\u00e9n deben limpiarse de vez en cuando, ya que la suciedad y los residuos de hormig\u00f3n se acumulan en su superficie y en los agujeros necesarios para determinadas piezas. Los encofrados huecos de pl\u00e1stico, poli\u00e9ster reforzado con fibra de vidrio y acero suelen ser m\u00e1s duraderos que los de madera, por lo que pueden utilizarse varias veces antes de tener que renovar el encofrado de muros y losas.<\/p>\n\n<p>Para evitar el desgaste prematuro de los sistemas de encofrado y conseguir unos resultados de hormigonado permanentemente buenos, es aconsejable que los moldes de hormigonado sean renovados y limpiados profesionalmente a tiempo.<\/p>\n\n<h3 class=\"wp-block-heading\" id=\"schalung-sanieren-lassen\">Hacer renovar el encofrado<\/h3>\n\n<p>Si desea reformar su encofrado, muchos proveedores le ofrecen la posibilidad de elegir entre una reforma integral o una menos integral del encofrado de paredes y techos. Por regla general, las empresas especializadas procesan todos los sistemas de encofrado habituales.<\/p>\n\n<p>El paquete de servicios que debe utilizarse depende del estado del sistema de encofrado.<br\/>Los bastidores deformados ya no son seguros para operar y deben ser enderezados.<br\/>Las piezas de encofrado sueltas se sueldan. Los agujeros funcionales obstruidos se limpian con una granalladora.<\/p>\n\n<p>Si el revestimiento del encofrado est\u00e1 tan da\u00f1ado que presenta un n\u00famero excesivo de zonas astilladas, agujeros y claros signos de abrasi\u00f3n, se suele llevar a cabo un cambio de revestimiento del encofrado.<\/p>\n\n<p>En el caso de una peque\u00f1a reforma del encofrado, primero se realiza una limpieza b\u00e1sica y se sustituye el antiguo panel de encofrado da\u00f1ado por uno nuevo.<br\/>Los puntos de anclaje reciben nuevas inserciones.<\/p>\n\n<p>Por \u00faltimo, el encofrado se sella. En el caso de desgaste severo y deformaciones importantes, la rehabilitaci\u00f3n del encofrado mayor es el m\u00e9todo de elecci\u00f3n. Incluso peque\u00f1os da\u00f1os en el marco y ligeras deformaciones ya perjudican la funcionalidad del sistema de encofrado:<br\/>Por ejemplo, entonces ya no se puede recargar de forma concluyente.<\/p>\n\n<p>Durante la importante renovaci\u00f3n de los encofrados de paredes y techos, se eliminan todas las zonas corro\u00eddas y los antiguos revestimientos mediante el m\u00e9todo de granallado.<\/p>\n\n<p>El enderezamiento del marco, as\u00ed como la fijaci\u00f3n y la soldadura del encofrado, tambi\u00e9n forman parte del paquete de servicios m\u00e1s completo. El trabajo reconecta las piezas sueltas al sistema de encofrado y garantiza que vuelva a ser funcional y seguro.<\/p>\n\n<p>Por supuesto, el marco de acero tambi\u00e9n se inspecciona, se limpia, se somete a un chorro de arena y se pinta o recibe un recubrimiento en polvo.<br\/>Posteriormente, se insertan nuevas pieles de bufanda.<\/p>\n\n<p>Los sistemas de aluminio o acero galvanizado no suelen tratarse con la unidad de granallado.<br\/>En el caso de los encofrados de paredes finas, el constructor debe prever un mayor esfuerzo de saneamiento.<\/p>\n\n<p>Los expertos en la materia pueden, por supuesto, realizar la soldadura del encofrado y otros trabajos relacionados con la reparaci\u00f3n del propio sistema:<br\/>Algunas empresas especializadas ya ofrecen paneles de repuesto listos y cortados con precisi\u00f3n para este fin.<\/p>\n\n<h3 class=\"wp-block-heading\" id=\"schalhaut-wechsel\">Cambio de piel de la bufanda<\/h3>\n\n<p>Si ya no es posible reparar la chapa de encofrado, por ejemplo insertando placas de reparaci\u00f3n de 40 o 60 mm, porque sus agujeros son demasiado grandes o hay demasiados, es necesario cambiar la chapa de encofrado.<\/p>\n\n<p>Como regla general, el panel debe ser sustituido siempre que tenga m\u00e1s de 8 agujeros por metro cuadrado de superficie.<\/p>\n\n<p>El intercambio incluye los siguientes pasos:<br\/>&#8211; Retirada de la placa da\u00f1ada<br\/>&#8211; Limpieza del marco en el soporte del encofrado<br\/>&#8211; Corte preciso a medida y sellado de los bordes del nuevo panel<br\/>&#8211; Fijaci\u00f3n del panel de encofrado con remaches o tornillos<br\/>&#8211; Rejuntado de los bordes con silicona transparente<\/p>\n\n<h3 class=\"wp-block-heading\" id=\"was-passiert-bei-einer-schalungsreinigung\">\u00bfQu\u00e9 ocurre durante la limpieza del encofrado?<\/h3>\n\n<p>La piel del encofrado se limpia con cepillos especiales y en un proceso de limpieza en seco. Luego, p\u00falelas. Para limpiar a fondo el marco y los travesa\u00f1os interiores, se utiliza un limpiador de alta presi\u00f3n (m\u00e9todo h\u00famedo). Funciona a presiones de entre 500 y 1.000 bares, dependiendo de la suciedad de las partes en contacto con el hormig\u00f3n. Los paneles de pl\u00e1stico macizo pueden renovarse completamente sin que se note en su superficie:<br\/>Los agujeros y grietas existentes se sueldan sencillamente con pl\u00e1stico licuado (PP) y luego se desprende toda la superficie.<\/p>\n\n<h3 class=\"wp-block-heading\" id=\"welche-vorteile-bietet-die-sanierung-des-schalungssystems\">\u00bfCu\u00e1les son las ventajas de renovar el sistema de encofrado?<\/h3>\n\n<p>&#8211; Consigues un mejor resultado de trabajo<br\/>&#8211; Se consigue un aspecto m\u00e1s uniforme del hormig\u00f3n<br\/>&#8211; S\u00f3lo hay que retocar un poco los muros de hormig\u00f3n<br\/>&#8211; Se ahorra un tiempo valioso al encofrar y golpear<br\/>&#8211; Necesita menos aceite de encofrado<br\/>&#8211; Tiene menos esfuerzo de limpieza<br\/>&#8211; Puede utilizar su encofrado durante m\u00e1s tiempo<br\/>&#8211; Usted protege su inversi\u00f3n<\/p>\n\n<figure class=\"wp-block-image size-large\"><img decoding=\"async\" width=\"1024\" height=\"483\" src=\"https:\/\/stage.jh-itc.de\/wp-content\/uploads\/2019\/10\/Staplerteam-1024x483.jpg\" alt=\"\" class=\"wp-image-7919\" srcset=\"https:\/\/stage.jh-itc.de\/wp-content\/uploads\/2019\/10\/Staplerteam-1024x483.jpg 1024w, https:\/\/stage.jh-itc.de\/wp-content\/uploads\/2019\/10\/Staplerteam-500x236.jpg 500w, https:\/\/stage.jh-itc.de\/wp-content\/uploads\/2019\/10\/Staplerteam-700x330.jpg 700w, https:\/\/stage.jh-itc.de\/wp-content\/uploads\/2019\/10\/Staplerteam-300x141.jpg 300w, https:\/\/stage.jh-itc.de\/wp-content\/uploads\/2019\/10\/Staplerteam-768x362.jpg 768w, https:\/\/stage.jh-itc.de\/wp-content\/uploads\/2019\/10\/Staplerteam-200x94.jpg 200w, https:\/\/stage.jh-itc.de\/wp-content\/uploads\/2019\/10\/Staplerteam-400x189.jpg 400w, https:\/\/stage.jh-itc.de\/wp-content\/uploads\/2019\/10\/Staplerteam-600x283.jpg 600w, https:\/\/stage.jh-itc.de\/wp-content\/uploads\/2019\/10\/Staplerteam-800x377.jpg 800w, https:\/\/stage.jh-itc.de\/wp-content\/uploads\/2019\/10\/Staplerteam-1200x566.jpg 1200w, https:\/\/stage.jh-itc.de\/wp-content\/uploads\/2019\/10\/Staplerteam.jpg 1288w\" sizes=\"(max-width: 1024px) 100vw, 1024px\" \/><\/figure>\n<h4 class=\"has-text-align-center wp-block-heading\" id=\"wir-freuen-uns-auf-sie-zu-begeistern\">Estamos deseando inspirarle.<\/h4>\n","protected":false},"excerpt":{"rendered":"<p>\u00bfSu encofrado necesita una reparaci\u00f3n o un nuevo encofrado? Estaremos encantados de revestir su encofrado seg\u00fan sus deseos y necesidades, ya sea con un nuevo revestimiento de encofrado de madera o, mejor a\u00fan, con un nuevo revestimiento de encofrado totalmente de pl\u00e1stico alkus. Nueva piel de encofrado de madera o piel de encofrado de pl\u00e1stico [&hellip;]<\/p>\n","protected":false},"author":4,"featured_media":13974,"parent":0,"menu_order":0,"comment_status":"closed","ping_status":"closed","template":"","meta":{"footnotes":""},"class_list":["post-14228","page","type-page","status-publish","has-post-thumbnail"],"yoast_head":"<!-- This site is optimized with the Yoast SEO plugin v26.5 - https:\/\/yoast.com\/wordpress\/plugins\/seo\/ -->\n<title>Renovaci\u00f3n del encofrado - JH - ITC GmbH<\/title>\n<meta name=\"robots\" content=\"noindex, follow, max-snippet:-1, max-image-preview:large, max-video-preview:-1\" \/>\n<meta property=\"og:locale\" content=\"es_ES\" \/>\n<meta property=\"og:type\" content=\"article\" \/>\n<meta property=\"og:title\" content=\"Renovaci\u00f3n del encofrado - JH - ITC GmbH\" \/>\n<meta property=\"og:description\" content=\"\u00bfSu encofrado necesita una reparaci\u00f3n o un nuevo encofrado? Estaremos encantados de revestir su encofrado seg\u00fan sus deseos y necesidades, ya sea con un nuevo revestimiento de encofrado de madera o, mejor a\u00fan, con un nuevo revestimiento de encofrado totalmente de pl\u00e1stico alkus. Nueva piel de encofrado de madera o piel de encofrado de pl\u00e1stico [&hellip;]\" \/>\n<meta property=\"og:url\" content=\"https:\/\/stage.jh-itc.de\/es\/renovacion-del-encofrado\/\" \/>\n<meta property=\"og:site_name\" content=\"JH - ITC GmbH\" \/>\n<meta property=\"article:publisher\" content=\"https:\/\/www.facebook.com\/schalungshandel\" \/>\n<meta property=\"article:modified_time\" content=\"2023-02-15T14:39:11+00:00\" \/>\n<meta property=\"og:image\" content=\"https:\/\/stage.jh-itc.de\/wp-content\/uploads\/2015\/06\/Peri-Trio-saniert.jpg\" \/>\n<meta name=\"twitter:card\" content=\"summary_large_image\" \/>\n<meta name=\"twitter:site\" content=\"@JH_ITC\" \/>\n<meta name=\"twitter:label1\" content=\"Tiempo de lectura\" \/>\n\t<meta name=\"twitter:data1\" content=\"7 minutos\" \/>\n<!-- \/ Yoast SEO plugin. -->","yoast_head_json":{"title":"Renovaci\u00f3n del encofrado - JH - ITC GmbH","robots":{"index":"noindex","follow":"follow","max-snippet":"max-snippet:-1","max-image-preview":"max-image-preview:large","max-video-preview":"max-video-preview:-1"},"og_locale":"es_ES","og_type":"article","og_title":"Renovaci\u00f3n del encofrado - JH - ITC GmbH","og_description":"\u00bfSu encofrado necesita una reparaci\u00f3n o un nuevo encofrado? Estaremos encantados de revestir su encofrado seg\u00fan sus deseos y necesidades, ya sea con un nuevo revestimiento de encofrado de madera o, mejor a\u00fan, con un nuevo revestimiento de encofrado totalmente de pl\u00e1stico alkus. Nueva piel de encofrado de madera o piel de encofrado de pl\u00e1stico [&hellip;]","og_url":"https:\/\/stage.jh-itc.de\/es\/renovacion-del-encofrado\/","og_site_name":"JH - ITC GmbH","article_publisher":"https:\/\/www.facebook.com\/schalungshandel","article_modified_time":"2023-02-15T14:39:11+00:00","og_image":[{"url":"https:\/\/stage.jh-itc.de\/wp-content\/uploads\/2015\/06\/Peri-Trio-saniert.jpg","type":"","width":"","height":""}],"twitter_card":"summary_large_image","twitter_site":"@JH_ITC","twitter_misc":{"Tiempo de lectura":"7 minutos"},"schema":{"@context":"https:\/\/schema.org","@graph":[{"@type":"WebPage","@id":"https:\/\/stage.jh-itc.de\/es\/renovacion-del-encofrado\/","url":"https:\/\/stage.jh-itc.de\/es\/renovacion-del-encofrado\/","name":"Renovaci\u00f3n del encofrado - JH - ITC GmbH","isPartOf":{"@id":"https:\/\/stage.jh-itc.de\/es\/#website"},"primaryImageOfPage":{"@id":"https:\/\/stage.jh-itc.de\/es\/renovacion-del-encofrado\/#primaryimage"},"image":{"@id":"https:\/\/stage.jh-itc.de\/es\/renovacion-del-encofrado\/#primaryimage"},"thumbnailUrl":"https:\/\/stage.jh-itc.de\/wp-content\/uploads\/2020\/05\/Sanierung.jpg","datePublished":"2021-04-21T18:13:22+00:00","dateModified":"2023-02-15T14:39:11+00:00","breadcrumb":{"@id":"https:\/\/stage.jh-itc.de\/es\/renovacion-del-encofrado\/#breadcrumb"},"inLanguage":"es","potentialAction":[{"@type":"ReadAction","target":["https:\/\/stage.jh-itc.de\/es\/renovacion-del-encofrado\/"]}]},{"@type":"ImageObject","inLanguage":"es","@id":"https:\/\/stage.jh-itc.de\/es\/renovacion-del-encofrado\/#primaryimage","url":"https:\/\/stage.jh-itc.de\/wp-content\/uploads\/2020\/05\/Sanierung.jpg","contentUrl":"https:\/\/stage.jh-itc.de\/wp-content\/uploads\/2020\/05\/Sanierung.jpg","width":1148,"height":578},{"@type":"BreadcrumbList","@id":"https:\/\/stage.jh-itc.de\/es\/renovacion-del-encofrado\/#breadcrumb","itemListElement":[{"@type":"ListItem","position":1,"name":"Home","item":"https:\/\/stage.jh-itc.de\/es\/encofrados-puntales-y-andamios-de-profesionales\/"},{"@type":"ListItem","position":2,"name":"Renovaci\u00f3n del encofrado"}]},{"@type":"WebSite","@id":"https:\/\/stage.jh-itc.de\/es\/#website","url":"https:\/\/stage.jh-itc.de\/es\/","name":"JH - ITC GmbH","description":"Ihr Experte f\u00fcr gebrauchte St\u00fctzen, Schalungen und Ger\u00fcste","publisher":{"@id":"https:\/\/stage.jh-itc.de\/es\/#organization"},"potentialAction":[{"@type":"SearchAction","target":{"@type":"EntryPoint","urlTemplate":"https:\/\/stage.jh-itc.de\/es\/?s={search_term_string}"},"query-input":{"@type":"PropertyValueSpecification","valueRequired":true,"valueName":"search_term_string"}}],"inLanguage":"es"},{"@type":"Organization","@id":"https:\/\/stage.jh-itc.de\/es\/#organization","name":"JH-ITC GmbH","url":"https:\/\/stage.jh-itc.de\/es\/","logo":{"@type":"ImageObject","inLanguage":"es","@id":"https:\/\/stage.jh-itc.de\/es\/#\/schema\/logo\/image\/","url":"https:\/\/stage.jh-itc.de\/wp-content\/uploads\/2016\/01\/JH-ITC2-1.png","contentUrl":"https:\/\/stage.jh-itc.de\/wp-content\/uploads\/2016\/01\/JH-ITC2-1.png","width":300,"height":102,"caption":"JH-ITC GmbH"},"image":{"@id":"https:\/\/stage.jh-itc.de\/es\/#\/schema\/logo\/image\/"},"sameAs":["https:\/\/www.facebook.com\/schalungshandel","https:\/\/x.com\/JH_ITC","https:\/\/www.linkedin.com\/in\/jhitc","https:\/\/youtu.be\/rMdZ-FLfI-Y"]}]}},"_links":{"self":[{"href":"https:\/\/stage.jh-itc.de\/es\/wp-json\/wp\/v2\/pages\/14228","targetHints":{"allow":["GET"]}}],"collection":[{"href":"https:\/\/stage.jh-itc.de\/es\/wp-json\/wp\/v2\/pages"}],"about":[{"href":"https:\/\/stage.jh-itc.de\/es\/wp-json\/wp\/v2\/types\/page"}],"author":[{"embeddable":true,"href":"https:\/\/stage.jh-itc.de\/es\/wp-json\/wp\/v2\/users\/4"}],"replies":[{"embeddable":true,"href":"https:\/\/stage.jh-itc.de\/es\/wp-json\/wp\/v2\/comments?post=14228"}],"version-history":[{"count":5,"href":"https:\/\/stage.jh-itc.de\/es\/wp-json\/wp\/v2\/pages\/14228\/revisions"}],"predecessor-version":[{"id":41147,"href":"https:\/\/stage.jh-itc.de\/es\/wp-json\/wp\/v2\/pages\/14228\/revisions\/41147"}],"wp:featuredmedia":[{"embeddable":true,"href":"https:\/\/stage.jh-itc.de\/es\/wp-json\/wp\/v2\/media\/13974"}],"wp:attachment":[{"href":"https:\/\/stage.jh-itc.de\/es\/wp-json\/wp\/v2\/media?parent=14228"}],"curies":[{"name":"wp","href":"https:\/\/api.w.org\/{rel}","templated":true}]}}