{"id":14209,"date":"2021-04-21T20:13:19","date_gmt":"2021-04-21T18:13:19","guid":{"rendered":"https:\/\/www.jh-itc.de\/informacion-de-alkus\/"},"modified":"2021-07-16T18:07:00","modified_gmt":"2021-07-16T16:07:00","slug":"informacion-de-alkus","status":"publish","type":"page","link":"https:\/\/stage.jh-itc.de\/es\/lo-que-hay-que-saber\/informacion-de-alkus\/","title":{"rendered":"informaci\u00f3n de alkus"},"content":{"rendered":"<h1 class=\"yt watch-title-container\"><\/h1>\n<p><a href=\"http:\/\/www.alkus.li\" target=\"_blank\" rel=\"noopener noreferrer\"><img decoding=\"async\" class=\"wp-image-1623 size-thumbnail\" src=\"http:\/\/www.jh-itc.de\/wp-content\/uploads\/2015\/10\/logo-alkus_01-150x91.png\" alt=\"www.alkus.li\" width=\"150\" height=\"91\"><\/a><\/p>\n<hr>\n<hr>\n<p><strong>sistema de paneles alkus &#8211; la soluci\u00f3n econ\u00f3mica de paneles de encofrado<\/strong><\/p>\n<p>Los paneles de pl\u00e1stico macizo alkus son la alternativa econ\u00f3mica a los paneles de encofrado de madera convencionales para la industria de la construcci\u00f3n. Los paneles pueden procesarse como la madera, pero son mucho m\u00e1s duraderos, ya que son resistentes a la humedad y a los rayos UV y pueden repararse de la misma manera que la tela. Vale la pena. Se han documentado m\u00e1s de <strong>1.000 aplicaciones<\/strong> con una sola l\u00e1mina de pl\u00e1stico s\u00f3lido alkus. Los paneles de pl\u00e1stico de alkus se adaptan a cualquier sistema de encofrado y a cualquier marco, independientemente de su tama\u00f1o y forma. Debido a la posibilidad de soldar sin juntas y a la extrema capacidad de flexi\u00f3n y conformaci\u00f3n, casi todos los proyectos de hormig\u00f3n pueden realizarse con el sistema de paneles alkus.<\/p>\n<p>el alkus vale la pena!<\/p>\n<hr>\n<p><a href=\"http:\/\/www.jh-itc.de\/wp-content\/uploads\/2015\/10\/2e5df05dbf.jpg\"><img decoding=\"async\" class=\"alignnone size-thumbnail wp-image-1613\" src=\"http:\/\/www.jh-itc.de\/wp-content\/uploads\/2015\/10\/2e5df05dbf-150x137.jpg\" alt=\"alkus_7years_es\" width=\"150\" height=\"137\"><\/a>          <a href=\"http:\/\/www.jh-itc.de\/wp-content\/uploads\/2015\/10\/3543ef144a.jpg\"><img decoding=\"async\" class=\"alignnone size-thumbnail wp-image-1617\" src=\"http:\/\/www.jh-itc.de\/wp-content\/uploads\/2015\/10\/3543ef144a-150x150.jpg\" alt=\"alkus AL 20\" width=\"150\" height=\"150\" srcset=\"https:\/\/stage.jh-itc.de\/wp-content\/uploads\/2015\/10\/3543ef144a-150x150.jpg 150w, https:\/\/stage.jh-itc.de\/wp-content\/uploads\/2015\/10\/3543ef144a-100x100.jpg 100w, https:\/\/stage.jh-itc.de\/wp-content\/uploads\/2015\/10\/3543ef144a-66x66.jpg 66w\" sizes=\"(max-width: 150px) 100vw, 150px\" \/><\/a>          <a href=\"http:\/\/www.jh-itc.de\/wp-content\/uploads\/2015\/10\/eebf99b613.jpg\"><img loading=\"lazy\" decoding=\"async\" class=\"alignnone size-thumbnail wp-image-1621\" src=\"http:\/\/www.jh-itc.de\/wp-content\/uploads\/2015\/10\/eebf99b613-150x150.jpg\" alt=\"alkus GM 10\" width=\"150\" height=\"150\" srcset=\"https:\/\/stage.jh-itc.de\/wp-content\/uploads\/2015\/10\/eebf99b613-150x150.jpg 150w, https:\/\/stage.jh-itc.de\/wp-content\/uploads\/2015\/10\/eebf99b613-100x100.jpg 100w, https:\/\/stage.jh-itc.de\/wp-content\/uploads\/2015\/10\/eebf99b613-66x66.jpg 66w\" sizes=\"(max-width: 150px) 100vw, 150px\" \/><\/a><\/p>\n<p><strong>Algunas ventajas del sistema de paneles alkus de un vistazo:<\/strong><\/p>\n<p>Muy duradero<\/p>\n<ul>\n<li>hasta 1.000 inserciones con una placa<\/li>\n<li>7 a\u00f1os de garant\u00eda a largo plazo<\/li>\n<li>resistente a la humedad, por lo que no se pudre, se hincha, se encoge, se decolora y no se forman ondulaciones<\/li>\n<li>alta resistencia a la abrasi\u00f3n y a los rayos UV<\/li>\n<li>Opci\u00f3n de reparaci\u00f3n sencilla y duradera, similar a la de los tejidos, sin p\u00e9rdida de calidad<\/li>\n<\/ul>\n<p>Muy pr\u00e1ctico<\/p>\n<ul>\n<li>Independiente del sistema: puede utilizarse en los sistemas de bastidores de todos los fabricantes<\/li>\n<li>Se puede realizar casi cualquier forma y tama\u00f1o de hormig\u00f3n &#8211; Se puede moldear y doblar como si fuera una chapa, soldando sin problemas<\/li>\n<li>clavar, atornillar y serrar como la madera<\/li>\n<li>Limpieza con limpiador de alta presi\u00f3n (hasta 1000 bar) o limpiador rotativo<\/li>\n<li>No se pierde la calidad durante el almacenamiento en el exterior<\/li>\n<li>Ciclo de reciclaje respetuoso con el medio ambiente: no hay costes adicionales por los residuos peligrosos<\/li>\n<\/ul>\n<p><a href=\"http:\/\/www.jh-itc.de\/wp-content\/uploads\/2015\/10\/76c9c2d233.jpg\"><img loading=\"lazy\" decoding=\"async\" class=\"alignnone size-thumbnail wp-image-1615\" src=\"http:\/\/www.jh-itc.de\/wp-content\/uploads\/2015\/10\/76c9c2d233-150x126.jpg\" alt=\"Madera\" width=\"150\" height=\"126\"><\/a>  <a href=\"http:\/\/www.jh-itc.de\/wp-content\/uploads\/2015\/10\/26fe05af90.png\"><img loading=\"lazy\" decoding=\"async\" class=\"alignnone wp-image-1614 size-thumbnail\" src=\"http:\/\/www.jh-itc.de\/wp-content\/uploads\/2015\/10\/26fe05af90-150x126.png\" alt=\"\" width=\"150\" height=\"126\"><\/a><\/p>\n<hr>\n<p>Solicite aqu\u00ed una oferta sin compromiso para la plancha de pl\u00e1stico macizo alkus.<\/p>\n<hr>\n<p><iframe src=\"\/\/www.youtube.com\/embed\/dihw-WDYIhU\" width=\"425\" height=\"350\" allowfullscreen=\"allowfullscreen\"><\/iframe><\/p>\n<hr>\n<hr>\n<p><iframe src=\"\/\/www.youtube.com\/embed\/M9IIhC-C3A0\" width=\"425\" height=\"350\" allowfullscreen=\"allowfullscreen\"><\/iframe><\/p>\n<hr>\n<h1 class=\"yt watch-title-container\"><span id=\"eow-title\" class=\"watch-title \" dir=\"ltr\" title=\"Instalaci\u00f3n de la l\u00e1mina de pl\u00e1stico s\u00f3lido alkus\">Instalaci\u00f3n de la l\u00e1mina de pl\u00e1stico s\u00f3lido alkus<\/span><\/h1>\n<hr>\n<p><iframe title=\"Einbau der alkus Vollkunststoffplatte\" width=\"800\" height=\"450\" src=\"https:\/\/www.youtube.com\/embed\/Zolb8hvh7pc?list=PLf5n8fgfdTQ8Shy1vqpyun-fCJwlo-FtY\" frameborder=\"0\" allow=\"accelerometer; autoplay; clipboard-write; encrypted-media; gyroscope; picture-in-picture\" allowfullscreen><\/iframe><\/p>\n<hr>\n<h1 class=\"yt watch-title-container\"><span id=\"eow-title\" class=\"watch-title \" dir=\"ltr\" title=\"Plattenreparatur - alkus Vollkunststoffplatte\">Reparaci\u00f3n de placas &#8211; alk<\/span><span id=\"eow-title\" class=\"watch-title \" dir=\"ltr\" title=\"Plattenreparatur - alkus Vollkunststoffplatte\">panel de pl\u00e1stico macizo de ee.uu.<\/span><\/h1>\n<hr>\n<p><iframe title=\"Plattenreparatur - alkus Vollkunststoffplatte\" width=\"800\" height=\"450\" src=\"https:\/\/www.youtube.com\/embed\/py7TeVc7fwU?list=PLf5n8fgfdTQ8Shy1vqpyun-fCJwlo-FtY\" frameborder=\"0\" allow=\"accelerometer; autoplay; clipboard-write; encrypted-media; gyroscope; picture-in-picture\" allowfullscreen><\/iframe><\/p>\n<hr>\n<p><iframe title=\"alkus Innovation Panel [English version]\" width=\"800\" height=\"450\" src=\"https:\/\/www.youtube.com\/embed\/O8GfrzwTnkY?list=PLf5n8fgfdTQ8Shy1vqpyun-fCJwlo-FtY\" frameborder=\"0\" allow=\"accelerometer; autoplay; clipboard-write; encrypted-media; gyroscope; picture-in-picture\" allowfullscreen><\/iframe><\/p>\n","protected":false},"excerpt":{"rendered":"<p>sistema de paneles alkus &#8211; la soluci\u00f3n econ\u00f3mica de paneles de encofrado Los paneles de pl\u00e1stico macizo alkus son la alternativa econ\u00f3mica a los paneles de encofrado de madera convencionales para la industria de la construcci\u00f3n. Los paneles pueden procesarse como la madera, pero son mucho m\u00e1s duraderos, ya que son resistentes a la humedad [&hellip;]<\/p>\n","protected":false},"author":7,"featured_media":14214,"parent":14284,"menu_order":0,"comment_status":"closed","ping_status":"closed","template":"","meta":{"footnotes":""},"class_list":["post-14209","page","type-page","status-publish","has-post-thumbnail"],"yoast_head":"<!-- This site is optimized with the Yoast SEO plugin v26.5 - https:\/\/yoast.com\/wordpress\/plugins\/seo\/ -->\n<title>informaci\u00f3n de alkus - JH - ITC GmbH<\/title>\n<meta name=\"robots\" content=\"noindex, follow, max-snippet:-1, max-image-preview:large, max-video-preview:-1\" \/>\n<meta property=\"og:locale\" content=\"es_ES\" \/>\n<meta property=\"og:type\" content=\"article\" \/>\n<meta property=\"og:title\" content=\"informaci\u00f3n de alkus - JH - ITC GmbH\" \/>\n<meta property=\"og:description\" content=\"sistema de paneles alkus &#8211; la soluci\u00f3n econ\u00f3mica de paneles de encofrado Los paneles de pl\u00e1stico macizo alkus son la alternativa econ\u00f3mica a los paneles de encofrado de madera convencionales para la industria de la construcci\u00f3n. Los paneles pueden procesarse como la madera, pero son mucho m\u00e1s duraderos, ya que son resistentes a la humedad [&hellip;]\" \/>\n<meta property=\"og:url\" content=\"https:\/\/stage.jh-itc.de\/es\/lo-que-hay-que-saber\/informacion-de-alkus\/\" \/>\n<meta property=\"og:site_name\" content=\"JH - ITC GmbH\" \/>\n<meta property=\"article:publisher\" content=\"https:\/\/www.facebook.com\/schalungshandel\" \/>\n<meta property=\"article:modified_time\" content=\"2021-07-16T16:07:00+00:00\" \/>\n<meta property=\"og:image\" content=\"http:\/\/www.jh-itc.de\/wp-content\/uploads\/2015\/10\/logo-alkus_01-150x91.png\" \/>\n<meta name=\"twitter:card\" content=\"summary_large_image\" \/>\n<meta name=\"twitter:site\" content=\"@JH_ITC\" \/>\n<meta name=\"twitter:label1\" content=\"Tiempo de lectura\" \/>\n\t<meta name=\"twitter:data1\" content=\"2 minutos\" \/>\n<!-- \/ Yoast SEO plugin. -->","yoast_head_json":{"title":"informaci\u00f3n de alkus - JH - ITC GmbH","robots":{"index":"noindex","follow":"follow","max-snippet":"max-snippet:-1","max-image-preview":"max-image-preview:large","max-video-preview":"max-video-preview:-1"},"og_locale":"es_ES","og_type":"article","og_title":"informaci\u00f3n de alkus - JH - ITC GmbH","og_description":"sistema de paneles alkus &#8211; la soluci\u00f3n econ\u00f3mica de paneles de encofrado Los paneles de pl\u00e1stico macizo alkus son la alternativa econ\u00f3mica a los paneles de encofrado de madera convencionales para la industria de la construcci\u00f3n. Los paneles pueden procesarse como la madera, pero son mucho m\u00e1s duraderos, ya que son resistentes a la humedad [&hellip;]","og_url":"https:\/\/stage.jh-itc.de\/es\/lo-que-hay-que-saber\/informacion-de-alkus\/","og_site_name":"JH - ITC GmbH","article_publisher":"https:\/\/www.facebook.com\/schalungshandel","article_modified_time":"2021-07-16T16:07:00+00:00","og_image":[{"url":"http:\/\/www.jh-itc.de\/wp-content\/uploads\/2015\/10\/logo-alkus_01-150x91.png","type":"","width":"","height":""}],"twitter_card":"summary_large_image","twitter_site":"@JH_ITC","twitter_misc":{"Tiempo de lectura":"2 minutos"},"schema":{"@context":"https:\/\/schema.org","@graph":[{"@type":"WebPage","@id":"https:\/\/stage.jh-itc.de\/es\/lo-que-hay-que-saber\/informacion-de-alkus\/","url":"https:\/\/stage.jh-itc.de\/es\/lo-que-hay-que-saber\/informacion-de-alkus\/","name":"informaci\u00f3n de alkus - JH - ITC GmbH","isPartOf":{"@id":"https:\/\/stage.jh-itc.de\/es\/#website"},"primaryImageOfPage":{"@id":"https:\/\/stage.jh-itc.de\/es\/lo-que-hay-que-saber\/informacion-de-alkus\/#primaryimage"},"image":{"@id":"https:\/\/stage.jh-itc.de\/es\/lo-que-hay-que-saber\/informacion-de-alkus\/#primaryimage"},"thumbnailUrl":"https:\/\/stage.jh-itc.de\/wp-content\/uploads\/2020\/12\/Alkus_Baustellenreportage2-1.jpg","datePublished":"2021-04-21T18:13:19+00:00","dateModified":"2021-07-16T16:07:00+00:00","breadcrumb":{"@id":"https:\/\/stage.jh-itc.de\/es\/lo-que-hay-que-saber\/informacion-de-alkus\/#breadcrumb"},"inLanguage":"es","potentialAction":[{"@type":"ReadAction","target":["https:\/\/stage.jh-itc.de\/es\/lo-que-hay-que-saber\/informacion-de-alkus\/"]}]},{"@type":"ImageObject","inLanguage":"es","@id":"https:\/\/stage.jh-itc.de\/es\/lo-que-hay-que-saber\/informacion-de-alkus\/#primaryimage","url":"https:\/\/stage.jh-itc.de\/wp-content\/uploads\/2020\/12\/Alkus_Baustellenreportage2-1.jpg","contentUrl":"https:\/\/stage.jh-itc.de\/wp-content\/uploads\/2020\/12\/Alkus_Baustellenreportage2-1.jpg","width":1620,"height":760},{"@type":"BreadcrumbList","@id":"https:\/\/stage.jh-itc.de\/es\/lo-que-hay-que-saber\/informacion-de-alkus\/#breadcrumb","itemListElement":[{"@type":"ListItem","position":1,"name":"Home","item":"https:\/\/stage.jh-itc.de\/es\/encofrados-puntales-y-andamios-de-profesionales\/"},{"@type":"ListItem","position":2,"name":"Lo que hay que saber","item":"https:\/\/stage.jh-itc.de\/es\/lo-que-hay-que-saber\/"},{"@type":"ListItem","position":3,"name":"informaci\u00f3n de alkus"}]},{"@type":"WebSite","@id":"https:\/\/stage.jh-itc.de\/es\/#website","url":"https:\/\/stage.jh-itc.de\/es\/","name":"JH - ITC GmbH","description":"Ihr Experte f\u00fcr gebrauchte St\u00fctzen, Schalungen und Ger\u00fcste","publisher":{"@id":"https:\/\/stage.jh-itc.de\/es\/#organization"},"potentialAction":[{"@type":"SearchAction","target":{"@type":"EntryPoint","urlTemplate":"https:\/\/stage.jh-itc.de\/es\/?s={search_term_string}"},"query-input":{"@type":"PropertyValueSpecification","valueRequired":true,"valueName":"search_term_string"}}],"inLanguage":"es"},{"@type":"Organization","@id":"https:\/\/stage.jh-itc.de\/es\/#organization","name":"JH-ITC GmbH","url":"https:\/\/stage.jh-itc.de\/es\/","logo":{"@type":"ImageObject","inLanguage":"es","@id":"https:\/\/stage.jh-itc.de\/es\/#\/schema\/logo\/image\/","url":"https:\/\/stage.jh-itc.de\/wp-content\/uploads\/2016\/01\/JH-ITC2-1.png","contentUrl":"https:\/\/stage.jh-itc.de\/wp-content\/uploads\/2016\/01\/JH-ITC2-1.png","width":300,"height":102,"caption":"JH-ITC GmbH"},"image":{"@id":"https:\/\/stage.jh-itc.de\/es\/#\/schema\/logo\/image\/"},"sameAs":["https:\/\/www.facebook.com\/schalungshandel","https:\/\/x.com\/JH_ITC","https:\/\/www.linkedin.com\/in\/jhitc","https:\/\/youtu.be\/rMdZ-FLfI-Y"]}]}},"_links":{"self":[{"href":"https:\/\/stage.jh-itc.de\/es\/wp-json\/wp\/v2\/pages\/14209","targetHints":{"allow":["GET"]}}],"collection":[{"href":"https:\/\/stage.jh-itc.de\/es\/wp-json\/wp\/v2\/pages"}],"about":[{"href":"https:\/\/stage.jh-itc.de\/es\/wp-json\/wp\/v2\/types\/page"}],"author":[{"embeddable":true,"href":"https:\/\/stage.jh-itc.de\/es\/wp-json\/wp\/v2\/users\/7"}],"replies":[{"embeddable":true,"href":"https:\/\/stage.jh-itc.de\/es\/wp-json\/wp\/v2\/comments?post=14209"}],"version-history":[{"count":2,"href":"https:\/\/stage.jh-itc.de\/es\/wp-json\/wp\/v2\/pages\/14209\/revisions"}],"predecessor-version":[{"id":19360,"href":"https:\/\/stage.jh-itc.de\/es\/wp-json\/wp\/v2\/pages\/14209\/revisions\/19360"}],"up":[{"embeddable":true,"href":"https:\/\/stage.jh-itc.de\/es\/wp-json\/wp\/v2\/pages\/14284"}],"wp:featuredmedia":[{"embeddable":true,"href":"https:\/\/stage.jh-itc.de\/es\/wp-json\/wp\/v2\/media\/14214"}],"wp:attachment":[{"href":"https:\/\/stage.jh-itc.de\/es\/wp-json\/wp\/v2\/media?parent=14209"}],"curies":[{"name":"wp","href":"https:\/\/api.w.org\/{rel}","templated":true}]}}