{"id":14208,"date":"2021-04-21T20:13:19","date_gmt":"2021-04-21T18:13:19","guid":{"rendered":"https:\/\/www.jh-itc.de\/sistema-de-paneles-alkus-la-solucion-economica-de-paneles-de-encofrado\/"},"modified":"2021-07-16T18:05:40","modified_gmt":"2021-07-16T16:05:40","slug":"sistema-de-paneles-alkus-la-solucion-economica-de-paneles-de-encofrado","status":"publish","type":"page","link":"https:\/\/stage.jh-itc.de\/es\/lo-que-hay-que-saber\/sistema-de-paneles-alkus-la-solucion-economica-de-paneles-de-encofrado\/","title":{"rendered":"sistema de paneles alkus &#8211; la soluci\u00f3n econ\u00f3mica de paneles de encofrado"},"content":{"rendered":"<p>Los paneles de pl\u00e1stico macizo alkus son la alternativa econ\u00f3mica a los paneles de encofrado de madera convencionales para la industria de la construcci\u00f3n. Los paneles pueden procesarse como la madera, pero son mucho m\u00e1s duraderos, ya que son resistentes a la humedad y a los rayos UV y pueden repararse de la misma manera que la tela. Vale la pena. Se han documentado m\u00e1s de 1.000 aplicaciones con una sola l\u00e1mina de pl\u00e1stico s\u00f3lido alkus. Los paneles de pl\u00e1stico de alkus se adaptan a cualquier sistema de encofrado y a cualquier marco, independientemente de su tama\u00f1o y forma. Debido a la posibilidad de soldar sin juntas y a la extrema capacidad de flexi\u00f3n y conformaci\u00f3n, casi todos los proyectos de hormig\u00f3n pueden realizarse con el sistema de paneles alkus.<\/p>\n<p>el alkus vale la pena!<\/p>\n<p><strong>Algunas ventajas del sistema de paneles alkus de un vistazo:<\/strong><\/p>\n<p>Muy duradero<\/p>\n<ul>\n<li>hasta 1.000 inserciones con una placa<\/li>\n<li>7 a\u00f1os de garant\u00eda a largo plazo<\/li>\n<li>resistente a la humedad, por lo que no se pudre, se hincha, se encoge, se decolora y no se forman ondulaciones<\/li>\n<li>alta resistencia a la abrasi\u00f3n y a los rayos UV<\/li>\n<li>Opci\u00f3n de reparaci\u00f3n sencilla y duradera, similar a la de los tejidos, sin p\u00e9rdida de calidad<\/li>\n<\/ul>\n<p>Muy pr\u00e1ctico<\/p>\n<ul>\n<li>Independiente del sistema: puede utilizarse en los sistemas de bastidores de todos los fabricantes<\/li>\n<li>Se puede realizar casi cualquier forma y tama\u00f1o de hormig\u00f3n &#8211; Se puede moldear y doblar como si fuera una chapa, soldando sin problemas<\/li>\n<li>clavar, atornillar y serrar como la madera<\/li>\n<li>Limpieza con limpiador de alta presi\u00f3n (hasta 1000 bar) o limpiador rotativo<\/li>\n<li>No se pierde la calidad durante el almacenamiento en el exterior<\/li>\n<li>Ciclo de reciclaje respetuoso con el medio ambiente: no hay costes adicionales por los residuos peligrosos<\/li>\n<\/ul>\n<hr>\n<p><iframe src=\"\/\/www.youtube.com\/embed\/dihw-WDYIhU\" width=\"425\" height=\"350\" allowfullscreen=\"allowfullscreen\"><\/iframe><\/p>\n<hr>\n<p><iframe src=\"\/\/www.youtube.com\/embed\/py7TeVc7fwU\" width=\"425\" height=\"350\" allowfullscreen=\"allowfullscreen\"><\/iframe><\/p>\n<hr>\n<p><iframe src=\"\/\/www.youtube.com\/embed\/M9IIhC-C3A0\" width=\"425\" height=\"350\" allowfullscreen=\"allowfullscreen\"><\/iframe><\/p>\n<hr>\n","protected":false},"excerpt":{"rendered":"<p>Los paneles de pl\u00e1stico macizo alkus son la alternativa econ\u00f3mica a los paneles de encofrado de madera convencionales para la industria de la construcci\u00f3n. Los paneles pueden procesarse como la madera, pero son mucho m\u00e1s duraderos, ya que son resistentes a la humedad y a los rayos UV y pueden repararse de la misma manera [&hellip;]<\/p>\n","protected":false},"author":7,"featured_media":14214,"parent":14284,"menu_order":0,"comment_status":"closed","ping_status":"closed","template":"","meta":{"footnotes":""},"class_list":["post-14208","page","type-page","status-publish","has-post-thumbnail"],"yoast_head":"<!-- This site is optimized with the Yoast SEO plugin v26.5 - https:\/\/yoast.com\/wordpress\/plugins\/seo\/ -->\n<title>sistema de paneles alkus - la soluci\u00f3n econ\u00f3mica de paneles de encofrado - JH - ITC GmbH<\/title>\n<meta name=\"robots\" content=\"noindex, follow, max-snippet:-1, max-image-preview:large, max-video-preview:-1\" \/>\n<meta property=\"og:locale\" content=\"es_ES\" \/>\n<meta property=\"og:type\" content=\"article\" \/>\n<meta property=\"og:title\" content=\"sistema de paneles alkus - la soluci\u00f3n econ\u00f3mica de paneles de encofrado - JH - ITC GmbH\" \/>\n<meta property=\"og:description\" content=\"Los paneles de pl\u00e1stico macizo alkus son la alternativa econ\u00f3mica a los paneles de encofrado de madera convencionales para la industria de la construcci\u00f3n. Los paneles pueden procesarse como la madera, pero son mucho m\u00e1s duraderos, ya que son resistentes a la humedad y a los rayos UV y pueden repararse de la misma manera [&hellip;]\" \/>\n<meta property=\"og:url\" content=\"https:\/\/stage.jh-itc.de\/es\/lo-que-hay-que-saber\/sistema-de-paneles-alkus-la-solucion-economica-de-paneles-de-encofrado\/\" \/>\n<meta property=\"og:site_name\" content=\"JH - ITC GmbH\" \/>\n<meta property=\"article:publisher\" content=\"https:\/\/www.facebook.com\/schalungshandel\" \/>\n<meta property=\"article:modified_time\" content=\"2021-07-16T16:05:40+00:00\" \/>\n<meta name=\"twitter:card\" content=\"summary_large_image\" \/>\n<meta name=\"twitter:site\" content=\"@JH_ITC\" \/>\n<meta name=\"twitter:label1\" content=\"Tiempo de lectura\" \/>\n\t<meta name=\"twitter:data1\" content=\"2 minutos\" \/>\n<!-- \/ Yoast SEO plugin. -->","yoast_head_json":{"title":"sistema de paneles alkus - la soluci\u00f3n econ\u00f3mica de paneles de encofrado - JH - ITC GmbH","robots":{"index":"noindex","follow":"follow","max-snippet":"max-snippet:-1","max-image-preview":"max-image-preview:large","max-video-preview":"max-video-preview:-1"},"og_locale":"es_ES","og_type":"article","og_title":"sistema de paneles alkus - la soluci\u00f3n econ\u00f3mica de paneles de encofrado - JH - ITC GmbH","og_description":"Los paneles de pl\u00e1stico macizo alkus son la alternativa econ\u00f3mica a los paneles de encofrado de madera convencionales para la industria de la construcci\u00f3n. Los paneles pueden procesarse como la madera, pero son mucho m\u00e1s duraderos, ya que son resistentes a la humedad y a los rayos UV y pueden repararse de la misma manera [&hellip;]","og_url":"https:\/\/stage.jh-itc.de\/es\/lo-que-hay-que-saber\/sistema-de-paneles-alkus-la-solucion-economica-de-paneles-de-encofrado\/","og_site_name":"JH - ITC GmbH","article_publisher":"https:\/\/www.facebook.com\/schalungshandel","article_modified_time":"2021-07-16T16:05:40+00:00","twitter_card":"summary_large_image","twitter_site":"@JH_ITC","twitter_misc":{"Tiempo de lectura":"2 minutos"},"schema":{"@context":"https:\/\/schema.org","@graph":[{"@type":"WebPage","@id":"https:\/\/stage.jh-itc.de\/es\/lo-que-hay-que-saber\/sistema-de-paneles-alkus-la-solucion-economica-de-paneles-de-encofrado\/","url":"https:\/\/stage.jh-itc.de\/es\/lo-que-hay-que-saber\/sistema-de-paneles-alkus-la-solucion-economica-de-paneles-de-encofrado\/","name":"sistema de paneles alkus - la soluci\u00f3n econ\u00f3mica de paneles de encofrado - JH - ITC GmbH","isPartOf":{"@id":"https:\/\/stage.jh-itc.de\/es\/#website"},"primaryImageOfPage":{"@id":"https:\/\/stage.jh-itc.de\/es\/lo-que-hay-que-saber\/sistema-de-paneles-alkus-la-solucion-economica-de-paneles-de-encofrado\/#primaryimage"},"image":{"@id":"https:\/\/stage.jh-itc.de\/es\/lo-que-hay-que-saber\/sistema-de-paneles-alkus-la-solucion-economica-de-paneles-de-encofrado\/#primaryimage"},"thumbnailUrl":"https:\/\/stage.jh-itc.de\/wp-content\/uploads\/2020\/12\/Alkus_Baustellenreportage2-1.jpg","datePublished":"2021-04-21T18:13:19+00:00","dateModified":"2021-07-16T16:05:40+00:00","breadcrumb":{"@id":"https:\/\/stage.jh-itc.de\/es\/lo-que-hay-que-saber\/sistema-de-paneles-alkus-la-solucion-economica-de-paneles-de-encofrado\/#breadcrumb"},"inLanguage":"es","potentialAction":[{"@type":"ReadAction","target":["https:\/\/stage.jh-itc.de\/es\/lo-que-hay-que-saber\/sistema-de-paneles-alkus-la-solucion-economica-de-paneles-de-encofrado\/"]}]},{"@type":"ImageObject","inLanguage":"es","@id":"https:\/\/stage.jh-itc.de\/es\/lo-que-hay-que-saber\/sistema-de-paneles-alkus-la-solucion-economica-de-paneles-de-encofrado\/#primaryimage","url":"https:\/\/stage.jh-itc.de\/wp-content\/uploads\/2020\/12\/Alkus_Baustellenreportage2-1.jpg","contentUrl":"https:\/\/stage.jh-itc.de\/wp-content\/uploads\/2020\/12\/Alkus_Baustellenreportage2-1.jpg","width":1620,"height":760},{"@type":"BreadcrumbList","@id":"https:\/\/stage.jh-itc.de\/es\/lo-que-hay-que-saber\/sistema-de-paneles-alkus-la-solucion-economica-de-paneles-de-encofrado\/#breadcrumb","itemListElement":[{"@type":"ListItem","position":1,"name":"Home","item":"https:\/\/stage.jh-itc.de\/es\/encofrados-puntales-y-andamios-de-profesionales\/"},{"@type":"ListItem","position":2,"name":"Lo que hay que saber","item":"https:\/\/stage.jh-itc.de\/es\/lo-que-hay-que-saber\/"},{"@type":"ListItem","position":3,"name":"sistema de paneles alkus &#8211; la soluci\u00f3n econ\u00f3mica de paneles de encofrado"}]},{"@type":"WebSite","@id":"https:\/\/stage.jh-itc.de\/es\/#website","url":"https:\/\/stage.jh-itc.de\/es\/","name":"JH - ITC GmbH","description":"Ihr Experte f\u00fcr gebrauchte St\u00fctzen, Schalungen und Ger\u00fcste","publisher":{"@id":"https:\/\/stage.jh-itc.de\/es\/#organization"},"potentialAction":[{"@type":"SearchAction","target":{"@type":"EntryPoint","urlTemplate":"https:\/\/stage.jh-itc.de\/es\/?s={search_term_string}"},"query-input":{"@type":"PropertyValueSpecification","valueRequired":true,"valueName":"search_term_string"}}],"inLanguage":"es"},{"@type":"Organization","@id":"https:\/\/stage.jh-itc.de\/es\/#organization","name":"JH-ITC GmbH","url":"https:\/\/stage.jh-itc.de\/es\/","logo":{"@type":"ImageObject","inLanguage":"es","@id":"https:\/\/stage.jh-itc.de\/es\/#\/schema\/logo\/image\/","url":"https:\/\/stage.jh-itc.de\/wp-content\/uploads\/2016\/01\/JH-ITC2-1.png","contentUrl":"https:\/\/stage.jh-itc.de\/wp-content\/uploads\/2016\/01\/JH-ITC2-1.png","width":300,"height":102,"caption":"JH-ITC GmbH"},"image":{"@id":"https:\/\/stage.jh-itc.de\/es\/#\/schema\/logo\/image\/"},"sameAs":["https:\/\/www.facebook.com\/schalungshandel","https:\/\/x.com\/JH_ITC","https:\/\/www.linkedin.com\/in\/jhitc","https:\/\/youtu.be\/rMdZ-FLfI-Y"]}]}},"_links":{"self":[{"href":"https:\/\/stage.jh-itc.de\/es\/wp-json\/wp\/v2\/pages\/14208","targetHints":{"allow":["GET"]}}],"collection":[{"href":"https:\/\/stage.jh-itc.de\/es\/wp-json\/wp\/v2\/pages"}],"about":[{"href":"https:\/\/stage.jh-itc.de\/es\/wp-json\/wp\/v2\/types\/page"}],"author":[{"embeddable":true,"href":"https:\/\/stage.jh-itc.de\/es\/wp-json\/wp\/v2\/users\/7"}],"replies":[{"embeddable":true,"href":"https:\/\/stage.jh-itc.de\/es\/wp-json\/wp\/v2\/comments?post=14208"}],"version-history":[{"count":2,"href":"https:\/\/stage.jh-itc.de\/es\/wp-json\/wp\/v2\/pages\/14208\/revisions"}],"predecessor-version":[{"id":19366,"href":"https:\/\/stage.jh-itc.de\/es\/wp-json\/wp\/v2\/pages\/14208\/revisions\/19366"}],"up":[{"embeddable":true,"href":"https:\/\/stage.jh-itc.de\/es\/wp-json\/wp\/v2\/pages\/14284"}],"wp:featuredmedia":[{"embeddable":true,"href":"https:\/\/stage.jh-itc.de\/es\/wp-json\/wp\/v2\/media\/14214"}],"wp:attachment":[{"href":"https:\/\/stage.jh-itc.de\/es\/wp-json\/wp\/v2\/media?parent=14208"}],"curies":[{"name":"wp","href":"https:\/\/api.w.org\/{rel}","templated":true}]}}