{"id":14200,"date":"2021-04-21T20:13:15","date_gmt":"2021-04-21T18:13:15","guid":{"rendered":"https:\/\/www.jh-itc.de\/persianas\/"},"modified":"2021-07-16T18:06:56","modified_gmt":"2021-07-16T16:06:56","slug":"persianas","status":"publish","type":"page","link":"https:\/\/stage.jh-itc.de\/es\/lo-que-hay-que-saber\/persianas\/","title":{"rendered":"Persianas"},"content":{"rendered":"<h2><strong>Persianas<\/strong><\/h2>\n<p>En la construcci\u00f3n, hay varios tipos de encofrado. Se trata, por un lado, del entablado de madera, que se utiliza, por ejemplo, para el revestimiento de las fachadas de los edificios, y, por otro, del entablado de la subestructura de los tejados de tejas.<\/p>\n<p>El tipo de encofrado m\u00e1s utilizado es el de la construcci\u00f3n de hormig\u00f3n. Se trata de un molde de fundici\u00f3n en el que se vierte hormig\u00f3n fresco l\u00edquido. Cuando se construye con hormig\u00f3n, este proceso es esencial. Una vez endurecido el hormig\u00f3n, se retira el molde de fundici\u00f3n. Si esto no es posible o no es necesario, se dice que el encofrado est\u00e1 perdido.<\/p>\n<p>En el pasado, los encofrados para la construcci\u00f3n de hormig\u00f3n se hac\u00edan individualmente. Hoy en d\u00eda se fabrican industrialmente y, por tanto, est\u00e1n disponibles r\u00e1pidamente en el dise\u00f1o deseado. Los elementos de c\u00e1scara producidos en serie son especialmente adecuados para los edificios residenciales y a\u00fan m\u00e1s para los edificios comerciales. Los pilares altos de hormig\u00f3n, como las pilas de los puentes, tambi\u00e9n se levantan con la ayuda de encofrados de hormig\u00f3n fabricados industrialmente. Incluso el encofrado perdido es ahora un producto est\u00e1ndar. Se utiliza principalmente como encofrado de borde de losa, encofrado de cimientos y encofrado de losa de edificios. Se utilizan diferentes tipos de encofrados para la construcci\u00f3n de hormig\u00f3n en funci\u00f3n del proyecto de construcci\u00f3n. Esto incluye el encofrado de paneles, el encofrado de columnas y el encofrado trepante.<\/p>\n<h3>Aplicaci\u00f3n del encofrado para la construcci\u00f3n de hormig\u00f3n<\/h3>\n<p>El hormig\u00f3n que se encuentra en una bomba de hormig\u00f3n, por ejemplo, es inicialmente una masa viscosa. El encofrado del hormig\u00f3n se utiliza para darle la forma que debe tener despu\u00e9s del curado. Se trata de moldes de fundici\u00f3n huecos en los que se vierte el hormig\u00f3n l\u00edquido.<\/p>\n<p>Una vez endurecido el hormig\u00f3n viscoso, se desencofra, siempre que no sea un encofrado perdido. El momento en que se puede realizar el desencofrado depende de la posici\u00f3n del sistema de encofrado, la temperatura, el tipo de carga y el tipo de hormig\u00f3n. La duraci\u00f3n del periodo de despojo puede ser muy diferente. Por ejemplo, despu\u00e9s de hormigonar una carretera, el encofrado lateral puede retirarse en pocos minutos. En cambio, el encofrado de soporte de un techo de hormig\u00f3n desencofrado debe permanecer en su lugar durante casi un mes entero.<\/p>\n<h3>Naturaleza de los sistemas de encofrado<\/h3>\n<p>Los componentes del encofrado para la construcci\u00f3n de hormig\u00f3n son el encofrado y el sistema de encofrado con la estructura de soporte. La piel del encofrado es la forma negativa del componente de hormig\u00f3n acabado. Los elementos individuales de la estructura de soporte est\u00e1n conectados entre s\u00ed mediante cerraduras y pernos. El tipo de encofrado elegido depende de las propiedades que debe tener la estructura resultante. La estabilidad del sistema de encofrado y la rigidez del encofrado de hormig\u00f3n son importantes. Estas propiedades garantizan que las cargas de hormig\u00f3n fresco puedan ser soportadas y que el componente de hormig\u00f3n pueda ser producido con precisi\u00f3n dimensional y sin deformaciones indeseables.<\/p>\n<p>El acabado de la superficie del componente de hormig\u00f3n viene determinado por la estructura del encofrado. Al elegir determinados sistemas de encofrado con una piel de acero espec\u00edfica, se pueden cumplir los requisitos de dise\u00f1o de la superficie visible.<\/p>\n<p>Los sistemas de encofrado se dividen en encofrados fijos y encofrados especiales m\u00f3viles. Los encofrados m\u00f3viles para la construcci\u00f3n de hormig\u00f3n incluyen los encofrados trepantes y los encofrados deslizantes. Seg\u00fan sus materiales, se distingue entre encofrado de madera, encofrado de pl\u00e1stico, encofrado de aluminio y encofrado de acero.<\/p>\n<h3>Elecci\u00f3n del encofrado de construcci\u00f3n de hormig\u00f3n adecuado<\/h3>\n<p>El encofrado de acero es ideal para la producci\u00f3n de superficies lisas. Son ligeramente m\u00e1s caros que los encofrados de madera y los de aluminio, pero pueden utilizarse varias veces, mientras que los de aluminio son ideales para un uso \u00fanico en la construcci\u00f3n de viviendas.<\/p>\n<p>Para poder adquirir encofrados de construcci\u00f3n de hormig\u00f3n de alta calidad a un precio razonable, es posible comprarlos de segunda mano. Los encofrados de construcci\u00f3n de hormig\u00f3n usados est\u00e1n disponibles en la mejor calidad. Concedemos grandes descuentos en todos los sistemas de encofrado usados. Ofrecemos elementos de encofrado de alta calidad para los tipos de encofrado m\u00e1s populares. Son estables, limpios, ajustados y con dimensiones precisas. Por lo tanto, soportan la alta presi\u00f3n cuando se coloca el hormig\u00f3n fresco.<\/p>\n<p>Nuestros <a href=\"http:\/\/www.jh-itc.de\/produkt-kategorie\/schalungen\/\" target=\"_blank\" rel=\"noopener noreferrer\">encofrados<\/a> usados <a href=\"http:\/\/www.jh-itc.de\/produkt-kategorie\/schalungen\/\" target=\"_blank\" rel=\"noopener noreferrer\">para la construcci\u00f3n de hormig\u00f3n<\/a> son econ\u00f3micos, robustos y duraderos.<\/p>\n","protected":false},"excerpt":{"rendered":"<p>Persianas En la construcci\u00f3n, hay varios tipos de encofrado. Se trata, por un lado, del entablado de madera, que se utiliza, por ejemplo, para el revestimiento de las fachadas de los edificios, y, por otro, del entablado de la subestructura de los tejados de tejas. El tipo de encofrado m\u00e1s utilizado es el de la [&hellip;]<\/p>\n","protected":false},"author":7,"featured_media":14205,"parent":14284,"menu_order":0,"comment_status":"closed","ping_status":"closed","template":"","meta":{"footnotes":""},"class_list":["post-14200","page","type-page","status-publish","has-post-thumbnail"],"yoast_head":"<!-- This site is optimized with the Yoast SEO plugin v26.5 - https:\/\/yoast.com\/wordpress\/plugins\/seo\/ -->\n<title>Persianas - JH - ITC GmbH<\/title>\n<meta name=\"description\" content=\"Encofrado, encofrado de hormig\u00f3n, encofrado de muros, encofrado de losas\" \/>\n<meta name=\"robots\" content=\"noindex, follow, max-snippet:-1, max-image-preview:large, max-video-preview:-1\" \/>\n<meta property=\"og:locale\" content=\"es_ES\" \/>\n<meta property=\"og:type\" content=\"article\" \/>\n<meta property=\"og:title\" content=\"Persianas - JH - ITC GmbH\" \/>\n<meta property=\"og:description\" content=\"Encofrado, encofrado de hormig\u00f3n, encofrado de muros, encofrado de losas\" \/>\n<meta property=\"og:url\" content=\"https:\/\/stage.jh-itc.de\/es\/lo-que-hay-que-saber\/persianas\/\" \/>\n<meta property=\"og:site_name\" content=\"JH - ITC GmbH\" \/>\n<meta property=\"article:publisher\" content=\"https:\/\/www.facebook.com\/schalungshandel\" \/>\n<meta property=\"article:modified_time\" content=\"2021-07-16T16:06:56+00:00\" \/>\n<meta name=\"twitter:card\" content=\"summary_large_image\" \/>\n<meta name=\"twitter:site\" content=\"@JH_ITC\" \/>\n<meta name=\"twitter:label1\" content=\"Tiempo de lectura\" \/>\n\t<meta name=\"twitter:data1\" content=\"4 minutos\" \/>\n<!-- \/ Yoast SEO plugin. -->","yoast_head_json":{"title":"Persianas - JH - ITC GmbH","description":"Encofrado, encofrado de hormig\u00f3n, encofrado de muros, encofrado de losas","robots":{"index":"noindex","follow":"follow","max-snippet":"max-snippet:-1","max-image-preview":"max-image-preview:large","max-video-preview":"max-video-preview:-1"},"og_locale":"es_ES","og_type":"article","og_title":"Persianas - JH - ITC GmbH","og_description":"Encofrado, encofrado de hormig\u00f3n, encofrado de muros, encofrado de losas","og_url":"https:\/\/stage.jh-itc.de\/es\/lo-que-hay-que-saber\/persianas\/","og_site_name":"JH - ITC GmbH","article_publisher":"https:\/\/www.facebook.com\/schalungshandel","article_modified_time":"2021-07-16T16:06:56+00:00","twitter_card":"summary_large_image","twitter_site":"@JH_ITC","twitter_misc":{"Tiempo de lectura":"4 minutos"},"schema":{"@context":"https:\/\/schema.org","@graph":[{"@type":"WebPage","@id":"https:\/\/stage.jh-itc.de\/es\/lo-que-hay-que-saber\/persianas\/","url":"https:\/\/stage.jh-itc.de\/es\/lo-que-hay-que-saber\/persianas\/","name":"Persianas - JH - ITC GmbH","isPartOf":{"@id":"https:\/\/stage.jh-itc.de\/es\/#website"},"primaryImageOfPage":{"@id":"https:\/\/stage.jh-itc.de\/es\/lo-que-hay-que-saber\/persianas\/#primaryimage"},"image":{"@id":"https:\/\/stage.jh-itc.de\/es\/lo-que-hay-que-saber\/persianas\/#primaryimage"},"thumbnailUrl":"https:\/\/stage.jh-itc.de\/wp-content\/uploads\/2020\/05\/Lager-2017-scaled.jpg","datePublished":"2021-04-21T18:13:15+00:00","dateModified":"2021-07-16T16:06:56+00:00","description":"Encofrado, encofrado de hormig\u00f3n, encofrado de muros, encofrado de losas","breadcrumb":{"@id":"https:\/\/stage.jh-itc.de\/es\/lo-que-hay-que-saber\/persianas\/#breadcrumb"},"inLanguage":"es","potentialAction":[{"@type":"ReadAction","target":["https:\/\/stage.jh-itc.de\/es\/lo-que-hay-que-saber\/persianas\/"]}]},{"@type":"ImageObject","inLanguage":"es","@id":"https:\/\/stage.jh-itc.de\/es\/lo-que-hay-que-saber\/persianas\/#primaryimage","url":"https:\/\/stage.jh-itc.de\/wp-content\/uploads\/2020\/05\/Lager-2017-scaled.jpg","contentUrl":"https:\/\/stage.jh-itc.de\/wp-content\/uploads\/2020\/05\/Lager-2017-scaled.jpg","width":2560,"height":1918},{"@type":"BreadcrumbList","@id":"https:\/\/stage.jh-itc.de\/es\/lo-que-hay-que-saber\/persianas\/#breadcrumb","itemListElement":[{"@type":"ListItem","position":1,"name":"Home","item":"https:\/\/stage.jh-itc.de\/es\/encofrados-puntales-y-andamios-de-profesionales\/"},{"@type":"ListItem","position":2,"name":"Lo que hay que saber","item":"https:\/\/stage.jh-itc.de\/es\/lo-que-hay-que-saber\/"},{"@type":"ListItem","position":3,"name":"Persianas"}]},{"@type":"WebSite","@id":"https:\/\/stage.jh-itc.de\/es\/#website","url":"https:\/\/stage.jh-itc.de\/es\/","name":"JH - ITC GmbH","description":"Ihr Experte f\u00fcr gebrauchte St\u00fctzen, Schalungen und Ger\u00fcste","publisher":{"@id":"https:\/\/stage.jh-itc.de\/es\/#organization"},"potentialAction":[{"@type":"SearchAction","target":{"@type":"EntryPoint","urlTemplate":"https:\/\/stage.jh-itc.de\/es\/?s={search_term_string}"},"query-input":{"@type":"PropertyValueSpecification","valueRequired":true,"valueName":"search_term_string"}}],"inLanguage":"es"},{"@type":"Organization","@id":"https:\/\/stage.jh-itc.de\/es\/#organization","name":"JH-ITC GmbH","url":"https:\/\/stage.jh-itc.de\/es\/","logo":{"@type":"ImageObject","inLanguage":"es","@id":"https:\/\/stage.jh-itc.de\/es\/#\/schema\/logo\/image\/","url":"https:\/\/stage.jh-itc.de\/wp-content\/uploads\/2016\/01\/JH-ITC2-1.png","contentUrl":"https:\/\/stage.jh-itc.de\/wp-content\/uploads\/2016\/01\/JH-ITC2-1.png","width":300,"height":102,"caption":"JH-ITC GmbH"},"image":{"@id":"https:\/\/stage.jh-itc.de\/es\/#\/schema\/logo\/image\/"},"sameAs":["https:\/\/www.facebook.com\/schalungshandel","https:\/\/x.com\/JH_ITC","https:\/\/www.linkedin.com\/in\/jhitc","https:\/\/youtu.be\/rMdZ-FLfI-Y"]}]}},"_links":{"self":[{"href":"https:\/\/stage.jh-itc.de\/es\/wp-json\/wp\/v2\/pages\/14200","targetHints":{"allow":["GET"]}}],"collection":[{"href":"https:\/\/stage.jh-itc.de\/es\/wp-json\/wp\/v2\/pages"}],"about":[{"href":"https:\/\/stage.jh-itc.de\/es\/wp-json\/wp\/v2\/types\/page"}],"author":[{"embeddable":true,"href":"https:\/\/stage.jh-itc.de\/es\/wp-json\/wp\/v2\/users\/7"}],"replies":[{"embeddable":true,"href":"https:\/\/stage.jh-itc.de\/es\/wp-json\/wp\/v2\/comments?post=14200"}],"version-history":[{"count":2,"href":"https:\/\/stage.jh-itc.de\/es\/wp-json\/wp\/v2\/pages\/14200\/revisions"}],"predecessor-version":[{"id":19579,"href":"https:\/\/stage.jh-itc.de\/es\/wp-json\/wp\/v2\/pages\/14200\/revisions\/19579"}],"up":[{"embeddable":true,"href":"https:\/\/stage.jh-itc.de\/es\/wp-json\/wp\/v2\/pages\/14284"}],"wp:featuredmedia":[{"embeddable":true,"href":"https:\/\/stage.jh-itc.de\/es\/wp-json\/wp\/v2\/media\/14205"}],"wp:attachment":[{"href":"https:\/\/stage.jh-itc.de\/es\/wp-json\/wp\/v2\/media?parent=14200"}],"curies":[{"name":"wp","href":"https:\/\/api.w.org\/{rel}","templated":true}]}}