{"id":14157,"date":"2021-04-21T20:13:11","date_gmt":"2021-04-21T18:13:11","guid":{"rendered":"https:\/\/www.jh-itc.de\/materiales-de-construccion-usados\/"},"modified":"2021-07-16T18:05:13","modified_gmt":"2021-07-16T16:05:13","slug":"materiales-de-construccion-usados","status":"publish","type":"page","link":"https:\/\/stage.jh-itc.de\/es\/lo-que-hay-que-saber\/materiales-de-construccion-usados\/","title":{"rendered":"Materiales de construcci\u00f3n usados"},"content":{"rendered":"<h2><span style=\"color: #ffffff;\">Encofrados, puntales y andamios usados de sus expertos<\/span><\/h2>\n<hr>\n<h3><span style=\"color: #948a80;\">&nbsp;<\/span><\/h3>\n<p><span style=\"color: #948a80;\">Todos los contratistas de obras saben el coste que suponen <span style=\"color: #ffffff;\">los encofrados, los andamios o los puntales para los forjados<\/span>, cuando a veces est\u00e1n inmovilizados en una obra durante semanas o meses.<\/span><\/p>\n<p><span style=\"color: #948a80;\">Lo mismo ocurre con la maquinaria de construcci\u00f3n y, en especial, con las gr\u00faas, que suelen tener largos tiempos de inactividad hasta que se termina el \u00faltimo trabajo en una obra.<\/span><\/p>\n<p><span style=\"color: #948a80;\">Por ello, tiene sentido considerar el uso de <span style=\"color: #ffffff;\">puntales, andamios o encofrados<\/span> de segunda mano a la hora de realizar una inversi\u00f3n.<\/span><\/p>\n<p><span style=\"color: #948a80;\">El gasto de capital es considerablemente menor en el caso de las piezas usadas. Sin embargo, como s\u00f3lo vendemos productos probados y totalmente funcionales en buen estado, el periodo de uso es apenas m\u00e1s limitado que el de los productos nuevos.<\/span><\/p>\n<p><span style=\"color: #948a80;\">Haga la prueba y consiga una oferta, por ejemplo, de puntales de techo usados y comp\u00e1rela con productos nuevos id\u00e9nticos. Ver\u00e1 que su ventaja de costes es inmensa, lo que le abre la posibilidad de dejar atr\u00e1s a uno u otro competidor en el caso de las ofertas, ya que puede calcular el periodo de uso de los soportes de techo de forma mucho m\u00e1s favorable que un proveedor que s\u00f3lo utiliza productos nuevos.<\/span><\/p>\n<p><span style=\"color: #948a80;\">Lo mismo ocurre, por supuesto, con la maquinaria de construcci\u00f3n o las gr\u00faas, donde siempre tenemos una ganga reservada para usted. Especialmente con las m\u00e1quinas nuevas, la p\u00e9rdida de valor en los primeros a\u00f1os es enorme. Esto s\u00f3lo vale la pena para las m\u00e1quinas que realmente est\u00e1n en uso continuo. Todas las m\u00e1quinas de construcci\u00f3n, que tienen tiempos de parada intermedios o soportes de construcci\u00f3n, que siempre est\u00e1n descansando en el almac\u00e9n durante mucho tiempo entre usos, es mejor comprarlas usadas, ya que el desgaste no es el problema, sino la alta necesidad de inversi\u00f3n en el momento de la compra y la r\u00e1pida p\u00e9rdida de valor en el balance.<\/span><\/p>\n<h3><span style=\"color: #ffffff;\">Disponemos de puntales, encofrados y andamios usados de todos los fabricantes conocidos, como  <\/span><\/h3>\n<h3><span style=\"color: #ffffff;\"><strong>Peri, Meva, Doka, H\u00fcnnebeck, Paschal, NOE, Ischebeck, Reber, H\u00e4gele o Wendler<\/strong>.<\/span><\/h3>\n<p><span style=\"color: #948a80;\">Esto significa que tambi\u00e9n podemos ayudarle si est\u00e1 buscando complementos para sus existencias y, por tanto, depende de una marca concreta.<\/span><\/p>\n<p><span style=\"color: #948a80;\">Por supuesto, tambi\u00e9n buscaremos por usted si no tenemos determinadas piezas en stock. No obstante, si lo desea, tambi\u00e9n podemos suministrarle piezas nuevas de las \u00e1reas de soportes de construcci\u00f3n o andamios a precios muy favorables.<\/span><\/p>\n<p><span style=\"color: #948a80;\">Adem\u00e1s de soportes usados y m\u00e1quinas de todo tipo para el equipamiento de obras, tambi\u00e9n tenemos siempre art\u00edculos especiales del \u00e1mbito de la construcci\u00f3n, materiales de construcci\u00f3n, materiales sanitarios o materiales de construcci\u00f3n.<\/span><\/p>\n<p><span style=\"color: #948a80;\">En este sentido, merece la pena que nos visite de vez en cuando, ya que si encuentra un art\u00edculo especial favorable que coincida con una de sus obras proyectadas, volver\u00e1 a tener una ventaja de precio considerable sobre la competencia, lo que maximiza su beneficio o le asegura el pedido, ya que puede ofrecer m\u00e1s favorablemente que sus competidores. Y si necesita ampliar sus existencias del material que nos ha encargado, porque ha comprado muy barato, tambi\u00e9n encontrar\u00e1 lo que busca con nosotros.<\/span><\/p>\n<p><span style=\"color: #948a80;\">Una y otra vez tenemos en oferta naves de acero usadas muy baratas, que puede montar r\u00e1pidamente y crear as\u00ed un espacio de almacenamiento a bajo coste.<\/span><\/p>\n<p><span style=\"color: #948a80;\">Realizamos env\u00edos a todo el mundo, eche un vistazo a nuestras ofertas y solicite un presupuesto sin compromiso.<\/span><\/p>\n<p style=\"text-align: center;\"><a href=\"http:\/\/info@jh-itc.de\">info@jh-itc.de<\/a><\/p>\n<p><img fetchpriority=\"high\" decoding=\"async\" class=\"size-400 wp-image-7917 aligncenter\" src=\"https:\/\/stage.jh-itc.de\/wp-content\/uploads\/2019\/10\/Schalungsteam-400x557.jpg\" alt=\"\" width=\"400\" height=\"557\" srcset=\"https:\/\/stage.jh-itc.de\/wp-content\/uploads\/2019\/10\/Schalungsteam-400x557.jpg 400w, https:\/\/stage.jh-itc.de\/wp-content\/uploads\/2019\/10\/Schalungsteam-500x696.jpg 500w, https:\/\/stage.jh-itc.de\/wp-content\/uploads\/2019\/10\/Schalungsteam-215x300.jpg 215w, https:\/\/stage.jh-itc.de\/wp-content\/uploads\/2019\/10\/Schalungsteam-200x279.jpg 200w, https:\/\/stage.jh-itc.de\/wp-content\/uploads\/2019\/10\/Schalungsteam.jpg 542w\" sizes=\"(max-width: 400px) 100vw, 400px\" \/><\/p>\n<hr>\n","protected":false},"excerpt":{"rendered":"<p>Encofrados, puntales y andamios usados de sus expertos &nbsp; Todos los contratistas de obras saben el coste que suponen los encofrados, los andamios o los puntales para los forjados, cuando a veces est\u00e1n inmovilizados en una obra durante semanas o meses. Lo mismo ocurre con la maquinaria de construcci\u00f3n y, en especial, con las gr\u00faas, [&hellip;]<\/p>\n","protected":false},"author":7,"featured_media":14196,"parent":14284,"menu_order":0,"comment_status":"closed","ping_status":"closed","template":"","meta":{"footnotes":""},"class_list":["post-14157","page","type-page","status-publish","has-post-thumbnail"],"yoast_head":"<!-- This site is optimized with the Yoast SEO plugin v26.5 - https:\/\/yoast.com\/wordpress\/plugins\/seo\/ -->\n<title>Materiales de construcci\u00f3n usados - JH - ITC GmbH<\/title>\n<meta name=\"description\" content=\"encofrados usados, puntales usados, puntales de construcci\u00f3n, puntales de suelo\" \/>\n<meta name=\"robots\" content=\"noindex, follow, max-snippet:-1, max-image-preview:large, max-video-preview:-1\" \/>\n<meta property=\"og:locale\" content=\"es_ES\" \/>\n<meta property=\"og:type\" content=\"article\" \/>\n<meta property=\"og:title\" content=\"Materiales de construcci\u00f3n usados - JH - ITC GmbH\" \/>\n<meta property=\"og:description\" content=\"encofrados usados, puntales usados, puntales de construcci\u00f3n, puntales de suelo\" \/>\n<meta property=\"og:url\" content=\"https:\/\/stage.jh-itc.de\/es\/lo-que-hay-que-saber\/materiales-de-construccion-usados\/\" \/>\n<meta property=\"og:site_name\" content=\"JH - ITC GmbH\" \/>\n<meta property=\"article:publisher\" content=\"https:\/\/www.facebook.com\/schalungshandel\" \/>\n<meta property=\"article:modified_time\" content=\"2021-07-16T16:05:13+00:00\" \/>\n<meta property=\"og:image\" content=\"https:\/\/stage.jh-itc.de\/wp-content\/uploads\/2019\/10\/Schalungsteam-400x557.jpg\" \/>\n<meta name=\"twitter:card\" content=\"summary_large_image\" \/>\n<meta name=\"twitter:site\" content=\"@JH_ITC\" \/>\n<meta name=\"twitter:label1\" content=\"Tiempo de lectura\" \/>\n\t<meta name=\"twitter:data1\" content=\"3 minutos\" \/>\n<!-- \/ Yoast SEO plugin. -->","yoast_head_json":{"title":"Materiales de construcci\u00f3n usados - JH - ITC GmbH","description":"encofrados usados, puntales usados, puntales de construcci\u00f3n, puntales de suelo","robots":{"index":"noindex","follow":"follow","max-snippet":"max-snippet:-1","max-image-preview":"max-image-preview:large","max-video-preview":"max-video-preview:-1"},"og_locale":"es_ES","og_type":"article","og_title":"Materiales de construcci\u00f3n usados - JH - ITC GmbH","og_description":"encofrados usados, puntales usados, puntales de construcci\u00f3n, puntales de suelo","og_url":"https:\/\/stage.jh-itc.de\/es\/lo-que-hay-que-saber\/materiales-de-construccion-usados\/","og_site_name":"JH - ITC GmbH","article_publisher":"https:\/\/www.facebook.com\/schalungshandel","article_modified_time":"2021-07-16T16:05:13+00:00","og_image":[{"url":"https:\/\/stage.jh-itc.de\/wp-content\/uploads\/2019\/10\/Schalungsteam-400x557.jpg","type":"","width":"","height":""}],"twitter_card":"summary_large_image","twitter_site":"@JH_ITC","twitter_misc":{"Tiempo de lectura":"3 minutos"},"schema":{"@context":"https:\/\/schema.org","@graph":[{"@type":"WebPage","@id":"https:\/\/stage.jh-itc.de\/es\/lo-que-hay-que-saber\/materiales-de-construccion-usados\/","url":"https:\/\/stage.jh-itc.de\/es\/lo-que-hay-que-saber\/materiales-de-construccion-usados\/","name":"Materiales de construcci\u00f3n usados - JH - ITC GmbH","isPartOf":{"@id":"https:\/\/stage.jh-itc.de\/es\/#website"},"primaryImageOfPage":{"@id":"https:\/\/stage.jh-itc.de\/es\/lo-que-hay-que-saber\/materiales-de-construccion-usados\/#primaryimage"},"image":{"@id":"https:\/\/stage.jh-itc.de\/es\/lo-que-hay-que-saber\/materiales-de-construccion-usados\/#primaryimage"},"thumbnailUrl":"https:\/\/stage.jh-itc.de\/wp-content\/uploads\/2020\/09\/Landkreisbuch-433-von-487-Mittel.jpg","datePublished":"2021-04-21T18:13:11+00:00","dateModified":"2021-07-16T16:05:13+00:00","description":"encofrados usados, puntales usados, puntales de construcci\u00f3n, puntales de suelo","breadcrumb":{"@id":"https:\/\/stage.jh-itc.de\/es\/lo-que-hay-que-saber\/materiales-de-construccion-usados\/#breadcrumb"},"inLanguage":"es","potentialAction":[{"@type":"ReadAction","target":["https:\/\/stage.jh-itc.de\/es\/lo-que-hay-que-saber\/materiales-de-construccion-usados\/"]}]},{"@type":"ImageObject","inLanguage":"es","@id":"https:\/\/stage.jh-itc.de\/es\/lo-que-hay-que-saber\/materiales-de-construccion-usados\/#primaryimage","url":"https:\/\/stage.jh-itc.de\/wp-content\/uploads\/2020\/09\/Landkreisbuch-433-von-487-Mittel.jpg","contentUrl":"https:\/\/stage.jh-itc.de\/wp-content\/uploads\/2020\/09\/Landkreisbuch-433-von-487-Mittel.jpg","width":1152,"height":768},{"@type":"BreadcrumbList","@id":"https:\/\/stage.jh-itc.de\/es\/lo-que-hay-que-saber\/materiales-de-construccion-usados\/#breadcrumb","itemListElement":[{"@type":"ListItem","position":1,"name":"Home","item":"https:\/\/stage.jh-itc.de\/es\/encofrados-puntales-y-andamios-de-profesionales\/"},{"@type":"ListItem","position":2,"name":"Lo que hay que saber","item":"https:\/\/stage.jh-itc.de\/es\/lo-que-hay-que-saber\/"},{"@type":"ListItem","position":3,"name":"Materiales de construcci\u00f3n usados"}]},{"@type":"WebSite","@id":"https:\/\/stage.jh-itc.de\/es\/#website","url":"https:\/\/stage.jh-itc.de\/es\/","name":"JH - ITC GmbH","description":"Ihr Experte f\u00fcr gebrauchte St\u00fctzen, Schalungen und Ger\u00fcste","publisher":{"@id":"https:\/\/stage.jh-itc.de\/es\/#organization"},"potentialAction":[{"@type":"SearchAction","target":{"@type":"EntryPoint","urlTemplate":"https:\/\/stage.jh-itc.de\/es\/?s={search_term_string}"},"query-input":{"@type":"PropertyValueSpecification","valueRequired":true,"valueName":"search_term_string"}}],"inLanguage":"es"},{"@type":"Organization","@id":"https:\/\/stage.jh-itc.de\/es\/#organization","name":"JH-ITC GmbH","url":"https:\/\/stage.jh-itc.de\/es\/","logo":{"@type":"ImageObject","inLanguage":"es","@id":"https:\/\/stage.jh-itc.de\/es\/#\/schema\/logo\/image\/","url":"https:\/\/stage.jh-itc.de\/wp-content\/uploads\/2016\/01\/JH-ITC2-1.png","contentUrl":"https:\/\/stage.jh-itc.de\/wp-content\/uploads\/2016\/01\/JH-ITC2-1.png","width":300,"height":102,"caption":"JH-ITC GmbH"},"image":{"@id":"https:\/\/stage.jh-itc.de\/es\/#\/schema\/logo\/image\/"},"sameAs":["https:\/\/www.facebook.com\/schalungshandel","https:\/\/x.com\/JH_ITC","https:\/\/www.linkedin.com\/in\/jhitc","https:\/\/youtu.be\/rMdZ-FLfI-Y"]}]}},"_links":{"self":[{"href":"https:\/\/stage.jh-itc.de\/es\/wp-json\/wp\/v2\/pages\/14157","targetHints":{"allow":["GET"]}}],"collection":[{"href":"https:\/\/stage.jh-itc.de\/es\/wp-json\/wp\/v2\/pages"}],"about":[{"href":"https:\/\/stage.jh-itc.de\/es\/wp-json\/wp\/v2\/types\/page"}],"author":[{"embeddable":true,"href":"https:\/\/stage.jh-itc.de\/es\/wp-json\/wp\/v2\/users\/7"}],"replies":[{"embeddable":true,"href":"https:\/\/stage.jh-itc.de\/es\/wp-json\/wp\/v2\/comments?post=14157"}],"version-history":[{"count":1,"href":"https:\/\/stage.jh-itc.de\/es\/wp-json\/wp\/v2\/pages\/14157\/revisions"}],"predecessor-version":[{"id":14345,"href":"https:\/\/stage.jh-itc.de\/es\/wp-json\/wp\/v2\/pages\/14157\/revisions\/14345"}],"up":[{"embeddable":true,"href":"https:\/\/stage.jh-itc.de\/es\/wp-json\/wp\/v2\/pages\/14284"}],"wp:featuredmedia":[{"embeddable":true,"href":"https:\/\/stage.jh-itc.de\/es\/wp-json\/wp\/v2\/media\/14196"}],"wp:attachment":[{"href":"https:\/\/stage.jh-itc.de\/es\/wp-json\/wp\/v2\/media?parent=14157"}],"curies":[{"name":"wp","href":"https:\/\/api.w.org\/{rel}","templated":true}]}}