{"id":92480,"date":"2024-10-29T10:35:26","date_gmt":"2024-10-29T09:35:37","guid":{"rendered":"https:\/\/www.jh-itc.de\/shop\/uncategorized\/lissmac-lmk-400-mini-crane\/"},"modified":"2024-10-29T10:46:35","modified_gmt":"2024-10-29T09:46:35","slug":"lissmac-lmk-400-mini-crane","status":"publish","type":"product","link":"https:\/\/stage.jh-itc.de\/en\/shop\/construction-machinery\/lissmac-lmk-400-mini-crane\/","title":{"rendered":"Lissmac LMK 400 mini crane"},"content":{"rendered":"<p>Base frame, tower and jib completely hot-dip galvanized<br \/>\n&#8211; No rust or paint damage<br \/>\n&#8211; Durable and robust for the toughest use<br \/>\n&#8211; Large-dimensioned ball bearing slewing ring, smooth rotation<br \/>\n&#8211; Simple assembly and disassembly with an electro-hydraulic pump &#8211; additional<br \/>\nSecured by a safety cylinder with locking pin<br \/>\n&#8211; LMK 400 TFE\/DK including HBC radio control as standard<br \/>\n&#8211; Radio control can be converted to EHS (chain hoist and trolley function)<br \/>\nusable)<br \/>\nTransportation<br \/>\n&#8211; By tilting the jib, two mini cranes can be set to 7<br \/>\nloading meters can be accommodated<br \/>\n&#8211; Can be moved horizontally by forklift and crane<br \/>\nThe chain hoist<br \/>\n&#8211; Power supply via a cable towing device integrated in the boom<br \/>\n&#8211; Quick disassembly of the chain hoist possible<\/p>\n","protected":false},"excerpt":{"rendered":"<p>We offer a used Lissmac LMK 400 mini crane.<\/p>\n<p>Year of construction: 2005<\/p>\n<p>Machine no. K01F 1066L<\/p>\n<p>Total weight: 1890 kg<\/p>\n<p>Projection: 5m<\/p>\n<p>Load capacity: 400\/500Kg<\/p>\n<p>&nbsp;<\/p>\n<p>If you are interested, please send us your inquiry.<\/p>\n<p>&nbsp;<\/p>\n<p>https:\/\/www.youtube.com\/watch?app=desktop&amp;v=g6O8vw2uHxI<\/p>\n<p>&nbsp;<\/p>\n<p>&nbsp;<\/p>\n","protected":false},"featured_media":92440,"template":"","meta":[],"product_brand":[],"product_cat":[219],"product_tag":[],"class_list":{"0":"post-92480","1":"product","2":"type-product","3":"status-publish","4":"has-post-thumbnail","6":"product_cat-construction-machinery","8":"first","9":"instock","10":"sale","11":"taxable","12":"shipping-taxable","13":"product-type-simple"},"yoast_head":"<!-- This site is optimized with the Yoast SEO plugin v26.5 - https:\/\/yoast.com\/wordpress\/plugins\/seo\/ -->\n<title>Lissmac LMK 400 mini crane - JH - ITC GmbH<\/title>\n<meta name=\"description\" content=\"Lissmac LMK 400 mini crane. Renowned manufacturers \u2714 New &amp; used formwork, props, scaffolding &amp; construction machinery \u2714 Request a quote now!\" \/>\n<meta name=\"robots\" content=\"noindex, follow, max-snippet:-1, max-image-preview:large, max-video-preview:-1\" \/>\n<meta property=\"og:locale\" content=\"en_US\" \/>\n<meta property=\"og:type\" content=\"article\" \/>\n<meta property=\"og:title\" content=\"Lissmac LMK 400 mini crane - JH - ITC GmbH\" \/>\n<meta property=\"og:description\" content=\"Lissmac LMK 400 mini crane. Renowned manufacturers \u2714 New &amp; used formwork, props, scaffolding &amp; construction machinery \u2714 Request a quote now!\" \/>\n<meta property=\"og:url\" content=\"https:\/\/stage.jh-itc.de\/en\/shop\/construction-machinery\/lissmac-lmk-400-mini-crane\/\" \/>\n<meta property=\"og:site_name\" content=\"JH - ITC GmbH\" \/>\n<meta property=\"article:publisher\" content=\"https:\/\/www.facebook.com\/schalungshandel\" \/>\n<meta property=\"article:modified_time\" content=\"2024-10-29T09:46:35+00:00\" \/>\n<meta property=\"og:image\" content=\"https:\/\/stage.jh-itc.de\/wp-content\/uploads\/2024\/10\/Lissmac-LMK-400-2.jpg\" \/>\n\t<meta property=\"og:image:width\" content=\"2048\" \/>\n\t<meta property=\"og:image:height\" content=\"1536\" \/>\n\t<meta property=\"og:image:type\" content=\"image\/jpeg\" \/>\n<meta name=\"twitter:card\" content=\"summary_large_image\" \/>\n<meta name=\"twitter:site\" content=\"@JH_ITC\" \/>\n<meta name=\"twitter:label1\" content=\"Est. reading time\" \/>\n\t<meta name=\"twitter:data1\" content=\"1 minute\" \/>\n<!-- \/ Yoast SEO plugin. -->","yoast_head_json":{"title":"Lissmac LMK 400 mini crane - JH - ITC GmbH","description":"Lissmac LMK 400 mini crane. Renowned manufacturers \u2714 New & used formwork, props, scaffolding & construction machinery \u2714 Request a quote now!","robots":{"index":"noindex","follow":"follow","max-snippet":"max-snippet:-1","max-image-preview":"max-image-preview:large","max-video-preview":"max-video-preview:-1"},"og_locale":"en_US","og_type":"article","og_title":"Lissmac LMK 400 mini crane - JH - ITC GmbH","og_description":"Lissmac LMK 400 mini crane. Renowned manufacturers \u2714 New & used formwork, props, scaffolding & construction machinery \u2714 Request a quote now!","og_url":"https:\/\/stage.jh-itc.de\/en\/shop\/construction-machinery\/lissmac-lmk-400-mini-crane\/","og_site_name":"JH - ITC GmbH","article_publisher":"https:\/\/www.facebook.com\/schalungshandel","article_modified_time":"2024-10-29T09:46:35+00:00","og_image":[{"width":2048,"height":1536,"url":"https:\/\/stage.jh-itc.de\/wp-content\/uploads\/2024\/10\/Lissmac-LMK-400-2.jpg","type":"image\/jpeg"}],"twitter_card":"summary_large_image","twitter_site":"@JH_ITC","twitter_misc":{"Est. reading time":"1 minute"},"schema":{"@context":"https:\/\/schema.org","@graph":[{"@type":"WebPage","@id":"https:\/\/stage.jh-itc.de\/en\/shop\/construction-machinery\/lissmac-lmk-400-mini-crane\/","url":"https:\/\/stage.jh-itc.de\/en\/shop\/construction-machinery\/lissmac-lmk-400-mini-crane\/","name":"Lissmac LMK 400 mini crane - JH - ITC GmbH","isPartOf":{"@id":"https:\/\/stage.jh-itc.de\/en\/#website"},"primaryImageOfPage":{"@id":"https:\/\/stage.jh-itc.de\/en\/shop\/construction-machinery\/lissmac-lmk-400-mini-crane\/#primaryimage"},"image":{"@id":"https:\/\/stage.jh-itc.de\/en\/shop\/construction-machinery\/lissmac-lmk-400-mini-crane\/#primaryimage"},"thumbnailUrl":"https:\/\/stage.jh-itc.de\/wp-content\/uploads\/2024\/10\/Lissmac-LMK-400-2.jpg","datePublished":"2024-10-29T09:35:37+00:00","dateModified":"2024-10-29T09:46:35+00:00","description":"Lissmac LMK 400 mini crane. Renowned manufacturers \u2714 New & used formwork, props, scaffolding & construction machinery \u2714 Request a quote now!","breadcrumb":{"@id":"https:\/\/stage.jh-itc.de\/en\/shop\/construction-machinery\/lissmac-lmk-400-mini-crane\/#breadcrumb"},"inLanguage":"en-US","potentialAction":[{"@type":"ReadAction","target":["https:\/\/stage.jh-itc.de\/en\/shop\/construction-machinery\/lissmac-lmk-400-mini-crane\/"]}]},{"@type":"ImageObject","inLanguage":"en-US","@id":"https:\/\/stage.jh-itc.de\/en\/shop\/construction-machinery\/lissmac-lmk-400-mini-crane\/#primaryimage","url":"https:\/\/stage.jh-itc.de\/wp-content\/uploads\/2024\/10\/Lissmac-LMK-400-2.jpg","contentUrl":"https:\/\/stage.jh-itc.de\/wp-content\/uploads\/2024\/10\/Lissmac-LMK-400-2.jpg","width":2048,"height":1536},{"@type":"BreadcrumbList","@id":"https:\/\/stage.jh-itc.de\/en\/shop\/construction-machinery\/lissmac-lmk-400-mini-crane\/#breadcrumb","itemListElement":[{"@type":"ListItem","position":1,"name":"Home","item":"https:\/\/stage.jh-itc.de\/en\/formwork-props-scaffolding-from-professionals\/"},{"@type":"ListItem","position":2,"name":"Store","item":"https:\/\/stage.jh-itc.de\/en\/?page_id=7087"},{"@type":"ListItem","position":3,"name":"Lissmac LMK 400 mini crane"}]},{"@type":"WebSite","@id":"https:\/\/stage.jh-itc.de\/en\/#website","url":"https:\/\/stage.jh-itc.de\/en\/","name":"JH - ITC GmbH","description":"Ihr Experte f\u00fcr gebrauchte St\u00fctzen, Schalungen und Ger\u00fcste","publisher":{"@id":"https:\/\/stage.jh-itc.de\/en\/#organization"},"potentialAction":[{"@type":"SearchAction","target":{"@type":"EntryPoint","urlTemplate":"https:\/\/stage.jh-itc.de\/en\/?s={search_term_string}"},"query-input":{"@type":"PropertyValueSpecification","valueRequired":true,"valueName":"search_term_string"}}],"inLanguage":"en-US"},{"@type":"Organization","@id":"https:\/\/stage.jh-itc.de\/en\/#organization","name":"JH-ITC GmbH","url":"https:\/\/stage.jh-itc.de\/en\/","logo":{"@type":"ImageObject","inLanguage":"en-US","@id":"https:\/\/stage.jh-itc.de\/en\/#\/schema\/logo\/image\/","url":"https:\/\/stage.jh-itc.de\/wp-content\/uploads\/2016\/01\/JH-ITC2-1.png","contentUrl":"https:\/\/stage.jh-itc.de\/wp-content\/uploads\/2016\/01\/JH-ITC2-1.png","width":300,"height":102,"caption":"JH-ITC GmbH"},"image":{"@id":"https:\/\/stage.jh-itc.de\/en\/#\/schema\/logo\/image\/"},"sameAs":["https:\/\/www.facebook.com\/schalungshandel","https:\/\/x.com\/JH_ITC","https:\/\/www.linkedin.com\/in\/jhitc","https:\/\/youtu.be\/rMdZ-FLfI-Y"]}]}},"_links":{"self":[{"href":"https:\/\/stage.jh-itc.de\/en\/wp-json\/wp\/v2\/product\/92480","targetHints":{"allow":["GET"]}}],"collection":[{"href":"https:\/\/stage.jh-itc.de\/en\/wp-json\/wp\/v2\/product"}],"about":[{"href":"https:\/\/stage.jh-itc.de\/en\/wp-json\/wp\/v2\/types\/product"}],"wp:featuredmedia":[{"embeddable":true,"href":"https:\/\/stage.jh-itc.de\/en\/wp-json\/wp\/v2\/media\/92440"}],"wp:attachment":[{"href":"https:\/\/stage.jh-itc.de\/en\/wp-json\/wp\/v2\/media?parent=92480"}],"wp:term":[{"taxonomy":"product_brand","embeddable":true,"href":"https:\/\/stage.jh-itc.de\/en\/wp-json\/wp\/v2\/product_brand?post=92480"},{"taxonomy":"product_cat","embeddable":true,"href":"https:\/\/stage.jh-itc.de\/en\/wp-json\/wp\/v2\/product_cat?post=92480"},{"taxonomy":"product_tag","embeddable":true,"href":"https:\/\/stage.jh-itc.de\/en\/wp-json\/wp\/v2\/product_tag?post=92480"}],"curies":[{"name":"wp","href":"https:\/\/api.w.org\/{rel}","templated":true}]}}