{"id":92196,"date":"2024-01-22T17:28:32","date_gmt":"2024-10-08T11:54:47","guid":{"rendered":"https:\/\/www.jh-itc.de\/shop\/uncategorized\/huennebeck-topec-with-ecoply-2\/"},"modified":"2024-10-08T13:54:47","modified_gmt":"2024-10-08T11:54:47","slug":"huennebeck-topec-with-ecoply-2","status":"publish","type":"product","link":"https:\/\/stage.jh-itc.de\/en\/shop\/huennebeck-en\/huennebeck-topec-en\/huennebeck-topec-with-ecoply-2\/","title":{"rendered":"H\u00fcnnebeck Topec with ecoply"},"content":{"rendered":"","protected":false},"excerpt":{"rendered":"<p>We offer a lot of 787 m\u00b2 &#8211; used H\u00fcnnebeck Topec slab formwork with ecoply formlining.<\/p>\n<table width=\"0\">\n<tbody>\n<tr>\n<td width=\"160\"><strong>Part number<\/strong><\/td>\n<td width=\"429\"><strong>Article description<\/strong><\/td>\n<td width=\"283\"><strong>Description<\/strong><\/td>\n<td width=\"135\"><strong>Quantity<\/strong><\/td>\n<\/tr>\n<tr>\n<td width=\"160\">602667<\/td>\n<td width=\"429\">TOPEC E large panel 180 x 180<\/td>\n<td width=\"283\">TOPEC Q panel 180 x 180<\/td>\n<td width=\"135\">178<\/td>\n<\/tr>\n<tr>\n<td width=\"160\">602668<\/td>\n<td width=\"429\">TOPEC E board 180 x 90<\/td>\n<td width=\"283\">TOPEC Q panel 180 x 90<\/td>\n<td width=\"135\">58<\/td>\n<\/tr>\n<tr>\n<td width=\"160\">602669<\/td>\n<td width=\"429\">TOPEC E board 180 x 75<\/td>\n<td width=\"283\">TOPEC Q panel 180 x 75<\/td>\n<td width=\"135\">12<\/td>\n<\/tr>\n<tr>\n<td width=\"160\">602670<\/td>\n<td width=\"429\">TOPEC E board 180 x 60<\/td>\n<td width=\"283\">TOPEC Q panel 180 x 60<\/td>\n<td width=\"135\">37<\/td>\n<\/tr>\n<tr>\n<td width=\"160\">602676<\/td>\n<td width=\"429\">TOPEC E compensation panel 90 x 180<\/td>\n<td width=\"283\">TOPEC Q adjust panel 90 x 180<\/td>\n<td width=\"135\">40<\/td>\n<\/tr>\n<tr>\n<td width=\"160\">602672<\/td>\n<td width=\"429\">TOPEC E board 90 x 90<\/td>\n<td width=\"283\">TOPEC Q panel 90 x 90<\/td>\n<td width=\"135\">1<\/td>\n<\/tr>\n<tr>\n<td width=\"160\">602671<\/td>\n<td width=\"429\">TOPEC E board 180 x 45<\/td>\n<td width=\"283\">TOPEC Q panel 180 x 45<\/td>\n<td width=\"135\">24<\/td>\n<\/tr>\n<tr>\n<td width=\"160\">602673<\/td>\n<td width=\"429\">TOPEC E board 90 x 75<\/td>\n<td width=\"283\">TOPEC Q panel 90 x 75<\/td>\n<td width=\"135\">1<\/td>\n<\/tr>\n<tr>\n<td width=\"160\">602674<\/td>\n<td width=\"429\">TOPEC E board 90 x 60<\/td>\n<td width=\"283\">TOPEC Q panel 90 x 60<\/td>\n<td width=\"135\">3<\/td>\n<\/tr>\n<tr>\n<td width=\"160\">602675<\/td>\n<td width=\"429\">TOPEC E board 90 x 45<\/td>\n<td width=\"283\">TOPEC Q panel 90 x 45<\/td>\n<td width=\"135\">5<\/td>\n<\/tr>\n<tr>\n<td width=\"160\">465410<\/td>\n<td width=\"429\">Topeclager<\/td>\n<td width=\"283\">TOPEC bearing<\/td>\n<td width=\"135\">500<\/td>\n<\/tr>\n<tr>\n<td width=\"160\">487673<\/td>\n<td width=\"429\">Edge bearing N<\/td>\n<td width=\"283\">Edge support N<\/td>\n<td width=\"135\">100<\/td>\n<\/tr>\n<tr>\n<td width=\"160\">548480<\/td>\n<td width=\"429\">Euro grid box<\/td>\n<td width=\"283\">Euro lattice box<\/td>\n<td width=\"135\">4<\/td>\n<\/tr>\n<tr>\n<td width=\"160\">487890<\/td>\n<td width=\"429\">Compensating beam 180<\/td>\n<td width=\"283\">TOPEC adjustment beam 180<\/td>\n<td width=\"135\">163<\/td>\n<\/tr>\n<\/tbody>\n<\/table>\n<p>If you are interested, please send us your inquiry.<\/p>\n","protected":false},"featured_media":45655,"template":"","meta":[],"product_brand":[],"product_cat":[220,231,224],"product_tag":[],"class_list":{"0":"post-92196","1":"product","2":"type-product","3":"status-publish","4":"has-post-thumbnail","6":"product_cat-huennebeck-en","7":"product_cat-huennebeck-topec-en","8":"product_cat-formwork","10":"first","11":"instock","12":"taxable","13":"shipping-taxable","14":"product-type-simple"},"yoast_head":"<!-- This site is optimized with the Yoast SEO plugin v26.5 - https:\/\/yoast.com\/wordpress\/plugins\/seo\/ -->\n<title>H\u00fcnnebeck Topec with ecoply - JH - ITC GmbH<\/title>\n<meta name=\"description\" content=\"H\u00fcnnebeck Topec with ecoply. Renowned manufacturers \u2714 New &amp; used formwork, props, scaffolding &amp; construction machinery \u2714 Request a quote now!\" \/>\n<meta name=\"robots\" content=\"noindex, follow, max-snippet:-1, max-image-preview:large, max-video-preview:-1\" \/>\n<meta property=\"og:locale\" content=\"en_US\" \/>\n<meta property=\"og:type\" content=\"article\" \/>\n<meta property=\"og:title\" content=\"H\u00fcnnebeck Topec with ecoply - JH - ITC GmbH\" \/>\n<meta property=\"og:description\" content=\"H\u00fcnnebeck Topec with ecoply. Renowned manufacturers \u2714 New &amp; used formwork, props, scaffolding &amp; construction machinery \u2714 Request a quote now!\" \/>\n<meta property=\"og:url\" content=\"https:\/\/stage.jh-itc.de\/en\/shop\/huennebeck-en\/huennebeck-topec-en\/huennebeck-topec-with-ecoply-2\/\" \/>\n<meta property=\"og:site_name\" content=\"JH - ITC GmbH\" \/>\n<meta property=\"article:publisher\" content=\"https:\/\/www.facebook.com\/schalungshandel\" \/>\n<meta property=\"og:image\" content=\"https:\/\/stage.jh-itc.de\/wp-content\/uploads\/2024\/01\/Huennebeck-Topec_www.jh-itc.de-2.jpg\" \/>\n\t<meta property=\"og:image:width\" content=\"1126\" \/>\n\t<meta property=\"og:image:height\" content=\"2000\" \/>\n\t<meta property=\"og:image:type\" content=\"image\/jpeg\" \/>\n<meta name=\"twitter:card\" content=\"summary_large_image\" \/>\n<meta name=\"twitter:site\" content=\"@JH_ITC\" \/>\n<!-- \/ Yoast SEO plugin. -->","yoast_head_json":{"title":"H\u00fcnnebeck Topec with ecoply - JH - ITC GmbH","description":"H\u00fcnnebeck Topec with ecoply. Renowned manufacturers \u2714 New & used formwork, props, scaffolding & construction machinery \u2714 Request a quote now!","robots":{"index":"noindex","follow":"follow","max-snippet":"max-snippet:-1","max-image-preview":"max-image-preview:large","max-video-preview":"max-video-preview:-1"},"og_locale":"en_US","og_type":"article","og_title":"H\u00fcnnebeck Topec with ecoply - JH - ITC GmbH","og_description":"H\u00fcnnebeck Topec with ecoply. Renowned manufacturers \u2714 New & used formwork, props, scaffolding & construction machinery \u2714 Request a quote now!","og_url":"https:\/\/stage.jh-itc.de\/en\/shop\/huennebeck-en\/huennebeck-topec-en\/huennebeck-topec-with-ecoply-2\/","og_site_name":"JH - ITC GmbH","article_publisher":"https:\/\/www.facebook.com\/schalungshandel","og_image":[{"width":1126,"height":2000,"url":"https:\/\/stage.jh-itc.de\/wp-content\/uploads\/2024\/01\/Huennebeck-Topec_www.jh-itc.de-2.jpg","type":"image\/jpeg"}],"twitter_card":"summary_large_image","twitter_site":"@JH_ITC","schema":{"@context":"https:\/\/schema.org","@graph":[{"@type":"WebPage","@id":"https:\/\/stage.jh-itc.de\/en\/shop\/huennebeck-en\/huennebeck-topec-en\/huennebeck-topec-with-ecoply-2\/","url":"https:\/\/stage.jh-itc.de\/en\/shop\/huennebeck-en\/huennebeck-topec-en\/huennebeck-topec-with-ecoply-2\/","name":"H\u00fcnnebeck Topec with ecoply - JH - ITC GmbH","isPartOf":{"@id":"https:\/\/stage.jh-itc.de\/en\/#website"},"primaryImageOfPage":{"@id":"https:\/\/stage.jh-itc.de\/en\/shop\/huennebeck-en\/huennebeck-topec-en\/huennebeck-topec-with-ecoply-2\/#primaryimage"},"image":{"@id":"https:\/\/stage.jh-itc.de\/en\/shop\/huennebeck-en\/huennebeck-topec-en\/huennebeck-topec-with-ecoply-2\/#primaryimage"},"thumbnailUrl":"https:\/\/stage.jh-itc.de\/wp-content\/uploads\/2024\/01\/Huennebeck-Topec_www.jh-itc.de-2.jpg","datePublished":"2024-10-08T11:54:47+00:00","description":"H\u00fcnnebeck Topec with ecoply. Renowned manufacturers \u2714 New & used formwork, props, scaffolding & construction machinery \u2714 Request a quote now!","breadcrumb":{"@id":"https:\/\/stage.jh-itc.de\/en\/shop\/huennebeck-en\/huennebeck-topec-en\/huennebeck-topec-with-ecoply-2\/#breadcrumb"},"inLanguage":"en-US","potentialAction":[{"@type":"ReadAction","target":["https:\/\/stage.jh-itc.de\/en\/shop\/huennebeck-en\/huennebeck-topec-en\/huennebeck-topec-with-ecoply-2\/"]}]},{"@type":"ImageObject","inLanguage":"en-US","@id":"https:\/\/stage.jh-itc.de\/en\/shop\/huennebeck-en\/huennebeck-topec-en\/huennebeck-topec-with-ecoply-2\/#primaryimage","url":"https:\/\/stage.jh-itc.de\/wp-content\/uploads\/2024\/01\/Huennebeck-Topec_www.jh-itc.de-2.jpg","contentUrl":"https:\/\/stage.jh-itc.de\/wp-content\/uploads\/2024\/01\/Huennebeck-Topec_www.jh-itc.de-2.jpg","width":1126,"height":2000},{"@type":"BreadcrumbList","@id":"https:\/\/stage.jh-itc.de\/en\/shop\/huennebeck-en\/huennebeck-topec-en\/huennebeck-topec-with-ecoply-2\/#breadcrumb","itemListElement":[{"@type":"ListItem","position":1,"name":"Home","item":"https:\/\/stage.jh-itc.de\/en\/formwork-props-scaffolding-from-professionals\/"},{"@type":"ListItem","position":2,"name":"Store","item":"https:\/\/stage.jh-itc.de\/en\/?page_id=7087"},{"@type":"ListItem","position":3,"name":"H\u00fcnnebeck Topec with ecoply"}]},{"@type":"WebSite","@id":"https:\/\/stage.jh-itc.de\/en\/#website","url":"https:\/\/stage.jh-itc.de\/en\/","name":"JH - ITC GmbH","description":"Ihr Experte f\u00fcr gebrauchte St\u00fctzen, Schalungen und Ger\u00fcste","publisher":{"@id":"https:\/\/stage.jh-itc.de\/en\/#organization"},"potentialAction":[{"@type":"SearchAction","target":{"@type":"EntryPoint","urlTemplate":"https:\/\/stage.jh-itc.de\/en\/?s={search_term_string}"},"query-input":{"@type":"PropertyValueSpecification","valueRequired":true,"valueName":"search_term_string"}}],"inLanguage":"en-US"},{"@type":"Organization","@id":"https:\/\/stage.jh-itc.de\/en\/#organization","name":"JH-ITC GmbH","url":"https:\/\/stage.jh-itc.de\/en\/","logo":{"@type":"ImageObject","inLanguage":"en-US","@id":"https:\/\/stage.jh-itc.de\/en\/#\/schema\/logo\/image\/","url":"https:\/\/stage.jh-itc.de\/wp-content\/uploads\/2016\/01\/JH-ITC2-1.png","contentUrl":"https:\/\/stage.jh-itc.de\/wp-content\/uploads\/2016\/01\/JH-ITC2-1.png","width":300,"height":102,"caption":"JH-ITC GmbH"},"image":{"@id":"https:\/\/stage.jh-itc.de\/en\/#\/schema\/logo\/image\/"},"sameAs":["https:\/\/www.facebook.com\/schalungshandel","https:\/\/x.com\/JH_ITC","https:\/\/www.linkedin.com\/in\/jhitc","https:\/\/youtu.be\/rMdZ-FLfI-Y"]}]}},"_links":{"self":[{"href":"https:\/\/stage.jh-itc.de\/en\/wp-json\/wp\/v2\/product\/92196","targetHints":{"allow":["GET"]}}],"collection":[{"href":"https:\/\/stage.jh-itc.de\/en\/wp-json\/wp\/v2\/product"}],"about":[{"href":"https:\/\/stage.jh-itc.de\/en\/wp-json\/wp\/v2\/types\/product"}],"wp:featuredmedia":[{"embeddable":true,"href":"https:\/\/stage.jh-itc.de\/en\/wp-json\/wp\/v2\/media\/45655"}],"wp:attachment":[{"href":"https:\/\/stage.jh-itc.de\/en\/wp-json\/wp\/v2\/media?parent=92196"}],"wp:term":[{"taxonomy":"product_brand","embeddable":true,"href":"https:\/\/stage.jh-itc.de\/en\/wp-json\/wp\/v2\/product_brand?post=92196"},{"taxonomy":"product_cat","embeddable":true,"href":"https:\/\/stage.jh-itc.de\/en\/wp-json\/wp\/v2\/product_cat?post=92196"},{"taxonomy":"product_tag","embeddable":true,"href":"https:\/\/stage.jh-itc.de\/en\/wp-json\/wp\/v2\/product_tag?post=92196"}],"curies":[{"name":"wp","href":"https:\/\/api.w.org\/{rel}","templated":true}]}}