{"id":92153,"date":"2023-06-13T10:28:55","date_gmt":"2024-10-08T11:53:45","guid":{"rendered":"https:\/\/www.jh-itc.de\/shop\/uncategorized\/mesh-box-pallet-1-30m-x-0-70m-x-0-50m\/"},"modified":"2024-10-08T13:53:45","modified_gmt":"2024-10-08T11:53:45","slug":"mesh-box-pallet-1-30m-x-0-70m-x-0-50m","status":"publish","type":"product","link":"https:\/\/stage.jh-itc.de\/en\/shop\/formwork\/mesh-box-pallet-1-30m-x-0-70m-x-0-50m\/","title":{"rendered":"Mesh box pallet 1.30m x 0.70m x 0.50m"},"content":{"rendered":"<p>For universal use in warehouse technology.<\/p>\n<p>-Filling dimensions: 1.30 m x 0.70 m x 0.50 m<br \/>\n-standpipes are made of \u00d8 57 mm round tube<br \/>\n-crossbars are made of \u00d8 48.3 mm round tube<br \/>\n-Load capacity: up to 1.5 t<br \/>\n-Suitable for forklift and pallet truck traffic as well as crane operation<br \/>\n-The contour of the tulip feet allows the lattice box pallets to be stacked stably<\/p>\n","protected":false},"excerpt":{"rendered":"<p>We offer 8 x used mesh box pallets 1.30m x 0.70m x 0.50m<\/p>\n<p>These are in good condition and available from stock.<\/p>\n<p>If you are interested please send us your request<\/p>\n","protected":false},"featured_media":43943,"template":"","meta":[],"product_brand":[],"product_cat":[224,229],"product_tag":[],"class_list":{"0":"post-92153","1":"product","2":"type-product","3":"status-publish","4":"has-post-thumbnail","6":"product_cat-formwork","7":"product_cat-special-items","9":"first","10":"instock","11":"taxable","12":"shipping-taxable","13":"product-type-simple"},"yoast_head":"<!-- This site is optimized with the Yoast SEO plugin v26.5 - https:\/\/yoast.com\/wordpress\/plugins\/seo\/ -->\n<title>Mesh box pallet 1.30m x 0.70m x 0.50m - JH - ITC GmbH<\/title>\n<meta name=\"description\" content=\"Mesh box pallet 1.30m x 0.70m x 0.50m. Renowned manufacturers \u2714 New &amp; used formwork, props, scaffolding &amp; construction machinery \u2714 Request a quote now!\" \/>\n<meta name=\"robots\" content=\"noindex, follow, max-snippet:-1, max-image-preview:large, max-video-preview:-1\" \/>\n<meta property=\"og:locale\" content=\"en_US\" \/>\n<meta property=\"og:type\" content=\"article\" \/>\n<meta property=\"og:title\" content=\"Mesh box pallet 1.30m x 0.70m x 0.50m - JH - ITC GmbH\" \/>\n<meta property=\"og:description\" content=\"Mesh box pallet 1.30m x 0.70m x 0.50m. Renowned manufacturers \u2714 New &amp; used formwork, props, scaffolding &amp; construction machinery \u2714 Request a quote now!\" \/>\n<meta property=\"og:url\" content=\"https:\/\/stage.jh-itc.de\/en\/shop\/formwork\/mesh-box-pallet-1-30m-x-0-70m-x-0-50m\/\" \/>\n<meta property=\"og:site_name\" content=\"JH - ITC GmbH\" \/>\n<meta property=\"article:publisher\" content=\"https:\/\/www.facebook.com\/schalungshandel\" \/>\n<meta property=\"og:image\" content=\"https:\/\/stage.jh-itc.de\/wp-content\/uploads\/2023\/06\/Gitterboxpaletten-130-x70x50cm4.jpg\" \/>\n\t<meta property=\"og:image:width\" content=\"1024\" \/>\n\t<meta property=\"og:image:height\" content=\"768\" \/>\n\t<meta property=\"og:image:type\" content=\"image\/jpeg\" \/>\n<meta name=\"twitter:card\" content=\"summary_large_image\" \/>\n<meta name=\"twitter:site\" content=\"@JH_ITC\" \/>\n<!-- \/ Yoast SEO plugin. -->","yoast_head_json":{"title":"Mesh box pallet 1.30m x 0.70m x 0.50m - JH - ITC GmbH","description":"Mesh box pallet 1.30m x 0.70m x 0.50m. Renowned manufacturers \u2714 New & used formwork, props, scaffolding & construction machinery \u2714 Request a quote now!","robots":{"index":"noindex","follow":"follow","max-snippet":"max-snippet:-1","max-image-preview":"max-image-preview:large","max-video-preview":"max-video-preview:-1"},"og_locale":"en_US","og_type":"article","og_title":"Mesh box pallet 1.30m x 0.70m x 0.50m - JH - ITC GmbH","og_description":"Mesh box pallet 1.30m x 0.70m x 0.50m. Renowned manufacturers \u2714 New & used formwork, props, scaffolding & construction machinery \u2714 Request a quote now!","og_url":"https:\/\/stage.jh-itc.de\/en\/shop\/formwork\/mesh-box-pallet-1-30m-x-0-70m-x-0-50m\/","og_site_name":"JH - ITC GmbH","article_publisher":"https:\/\/www.facebook.com\/schalungshandel","og_image":[{"width":1024,"height":768,"url":"https:\/\/stage.jh-itc.de\/wp-content\/uploads\/2023\/06\/Gitterboxpaletten-130-x70x50cm4.jpg","type":"image\/jpeg"}],"twitter_card":"summary_large_image","twitter_site":"@JH_ITC","schema":{"@context":"https:\/\/schema.org","@graph":[{"@type":"WebPage","@id":"https:\/\/stage.jh-itc.de\/en\/shop\/formwork\/mesh-box-pallet-1-30m-x-0-70m-x-0-50m\/","url":"https:\/\/stage.jh-itc.de\/en\/shop\/formwork\/mesh-box-pallet-1-30m-x-0-70m-x-0-50m\/","name":"Mesh box pallet 1.30m x 0.70m x 0.50m - JH - ITC GmbH","isPartOf":{"@id":"https:\/\/stage.jh-itc.de\/en\/#website"},"primaryImageOfPage":{"@id":"https:\/\/stage.jh-itc.de\/en\/shop\/formwork\/mesh-box-pallet-1-30m-x-0-70m-x-0-50m\/#primaryimage"},"image":{"@id":"https:\/\/stage.jh-itc.de\/en\/shop\/formwork\/mesh-box-pallet-1-30m-x-0-70m-x-0-50m\/#primaryimage"},"thumbnailUrl":"https:\/\/stage.jh-itc.de\/wp-content\/uploads\/2023\/06\/Gitterboxpaletten-130-x70x50cm4.jpg","datePublished":"2024-10-08T11:53:45+00:00","description":"Mesh box pallet 1.30m x 0.70m x 0.50m. Renowned manufacturers \u2714 New & used formwork, props, scaffolding & construction machinery \u2714 Request a quote now!","breadcrumb":{"@id":"https:\/\/stage.jh-itc.de\/en\/shop\/formwork\/mesh-box-pallet-1-30m-x-0-70m-x-0-50m\/#breadcrumb"},"inLanguage":"en-US","potentialAction":[{"@type":"ReadAction","target":["https:\/\/stage.jh-itc.de\/en\/shop\/formwork\/mesh-box-pallet-1-30m-x-0-70m-x-0-50m\/"]}]},{"@type":"ImageObject","inLanguage":"en-US","@id":"https:\/\/stage.jh-itc.de\/en\/shop\/formwork\/mesh-box-pallet-1-30m-x-0-70m-x-0-50m\/#primaryimage","url":"https:\/\/stage.jh-itc.de\/wp-content\/uploads\/2023\/06\/Gitterboxpaletten-130-x70x50cm4.jpg","contentUrl":"https:\/\/stage.jh-itc.de\/wp-content\/uploads\/2023\/06\/Gitterboxpaletten-130-x70x50cm4.jpg","width":1024,"height":768},{"@type":"BreadcrumbList","@id":"https:\/\/stage.jh-itc.de\/en\/shop\/formwork\/mesh-box-pallet-1-30m-x-0-70m-x-0-50m\/#breadcrumb","itemListElement":[{"@type":"ListItem","position":1,"name":"Home","item":"https:\/\/stage.jh-itc.de\/en\/formwork-props-scaffolding-from-professionals\/"},{"@type":"ListItem","position":2,"name":"Store","item":"https:\/\/stage.jh-itc.de\/en\/?page_id=7087"},{"@type":"ListItem","position":3,"name":"Mesh box pallet 1.30m x 0.70m x 0.50m"}]},{"@type":"WebSite","@id":"https:\/\/stage.jh-itc.de\/en\/#website","url":"https:\/\/stage.jh-itc.de\/en\/","name":"JH - ITC GmbH","description":"Ihr Experte f\u00fcr gebrauchte St\u00fctzen, Schalungen und Ger\u00fcste","publisher":{"@id":"https:\/\/stage.jh-itc.de\/en\/#organization"},"potentialAction":[{"@type":"SearchAction","target":{"@type":"EntryPoint","urlTemplate":"https:\/\/stage.jh-itc.de\/en\/?s={search_term_string}"},"query-input":{"@type":"PropertyValueSpecification","valueRequired":true,"valueName":"search_term_string"}}],"inLanguage":"en-US"},{"@type":"Organization","@id":"https:\/\/stage.jh-itc.de\/en\/#organization","name":"JH-ITC GmbH","url":"https:\/\/stage.jh-itc.de\/en\/","logo":{"@type":"ImageObject","inLanguage":"en-US","@id":"https:\/\/stage.jh-itc.de\/en\/#\/schema\/logo\/image\/","url":"https:\/\/stage.jh-itc.de\/wp-content\/uploads\/2016\/01\/JH-ITC2-1.png","contentUrl":"https:\/\/stage.jh-itc.de\/wp-content\/uploads\/2016\/01\/JH-ITC2-1.png","width":300,"height":102,"caption":"JH-ITC GmbH"},"image":{"@id":"https:\/\/stage.jh-itc.de\/en\/#\/schema\/logo\/image\/"},"sameAs":["https:\/\/www.facebook.com\/schalungshandel","https:\/\/x.com\/JH_ITC","https:\/\/www.linkedin.com\/in\/jhitc","https:\/\/youtu.be\/rMdZ-FLfI-Y"]}]}},"_links":{"self":[{"href":"https:\/\/stage.jh-itc.de\/en\/wp-json\/wp\/v2\/product\/92153","targetHints":{"allow":["GET"]}}],"collection":[{"href":"https:\/\/stage.jh-itc.de\/en\/wp-json\/wp\/v2\/product"}],"about":[{"href":"https:\/\/stage.jh-itc.de\/en\/wp-json\/wp\/v2\/types\/product"}],"wp:featuredmedia":[{"embeddable":true,"href":"https:\/\/stage.jh-itc.de\/en\/wp-json\/wp\/v2\/media\/43943"}],"wp:attachment":[{"href":"https:\/\/stage.jh-itc.de\/en\/wp-json\/wp\/v2\/media?parent=92153"}],"wp:term":[{"taxonomy":"product_brand","embeddable":true,"href":"https:\/\/stage.jh-itc.de\/en\/wp-json\/wp\/v2\/product_brand?post=92153"},{"taxonomy":"product_cat","embeddable":true,"href":"https:\/\/stage.jh-itc.de\/en\/wp-json\/wp\/v2\/product_cat?post=92153"},{"taxonomy":"product_tag","embeddable":true,"href":"https:\/\/stage.jh-itc.de\/en\/wp-json\/wp\/v2\/product_tag?post=92153"}],"curies":[{"name":"wp","href":"https:\/\/api.w.org\/{rel}","templated":true}]}}