{"id":92100,"date":"2023-08-01T16:36:05","date_gmt":"2024-10-08T11:52:25","guid":{"rendered":"https:\/\/www.jh-itc.de\/shop\/uncategorized\/441m%c2%b2-peri-trio-formwork-2-70m\/"},"modified":"2024-10-08T13:52:25","modified_gmt":"2024-10-08T11:52:25","slug":"441m%c2%b2-peri-trio-formwork-2-70m","status":"publish","type":"product","link":"https:\/\/stage.jh-itc.de\/en\/shop\/peri-en\/the-peri-trio\/441m%c2%b2-peri-trio-formwork-2-70m\/","title":{"rendered":"441m\u00b2 &#8211; Peri Trio formwork 2.70m"},"content":{"rendered":"","protected":false},"excerpt":{"rendered":"<p>We offer a package of 441 m\u00b2 &#8211; used Peri Trio formwork 2.70m.<\/p>\n<table width=\"676\">\n<tbody>\n<tr>\n<td width=\"80\"><span style=\"color: #ffffff;\">Art.no.<\/span><\/td>\n<td width=\"264\"><span style=\"color: #ffffff;\">Article description<\/span><\/td>\n<td width=\"257\"><span style=\"color: #ffffff;\">Description<\/span><\/td>\n<td width=\"75\"><span style=\"color: #ffffff;\">Quantity<\/span><\/td>\n<\/tr>\n<tr>\n<td><span style=\"color: #ffffff;\">023040<\/span><\/td>\n<td><span style=\"color: #ffffff;\">Shuttering element TR 270 x 24<\/span><\/td>\n<td><span style=\"color: #ffffff;\">Stopend Panel TR 270 x 24<\/span><\/td>\n<td><span style=\"color: #ffffff;\">6<\/span><\/td>\n<\/tr>\n<tr>\n<td><span style=\"color: #ffffff;\">023630<\/span><\/td>\n<td><span style=\"color: #ffffff;\">Anchor bracket-2 AH, galvanized<\/span><\/td>\n<td><span style=\"color: #ffffff;\">Top Tie Bracket-2 AH, galvanized<\/span><\/td>\n<td><span style=\"color: #ffffff;\">18<\/span><\/td>\n<\/tr>\n<tr>\n<td><span style=\"color: #ffffff;\">023550<\/span><\/td>\n<td><span style=\"color: #ffffff;\">Compensation bar TAR 85<\/span><\/td>\n<td><span style=\"color: #ffffff;\">Compensation Waler TAR 85<\/span><\/td>\n<td><span style=\"color: #ffffff;\">16<\/span><\/td>\n<\/tr>\n<tr>\n<td><span style=\"color: #ffffff;\">022580<\/span><\/td>\n<td><span style=\"color: #ffffff;\">Corner TE 270-2<\/span><\/td>\n<td><span style=\"color: #ffffff;\">Inside Corner TE 270-2<\/span><\/td>\n<td><span style=\"color: #ffffff;\">10<\/span><\/td>\n<\/tr>\n<tr>\n<td><span style=\"color: #ffffff;\">022510<\/span><\/td>\n<td><span style=\"color: #ffffff;\">Element TR 270 x 120<\/span><\/td>\n<td><span style=\"color: #ffffff;\">Panel TR 270 x 120<\/span><\/td>\n<td><span style=\"color: #ffffff;\">46<\/span><\/td>\n<\/tr>\n<tr>\n<td><span style=\"color: #ffffff;\">022570<\/span><\/td>\n<td><span style=\"color: #ffffff;\">Element TR 270 x 240<\/span><\/td>\n<td><span style=\"color: #ffffff;\">Panel TR 270 x 240<\/span><\/td>\n<td><span style=\"color: #ffffff;\">26<\/span><\/td>\n<\/tr>\n<tr>\n<td><span style=\"color: #ffffff;\">022560<\/span><\/td>\n<td><span style=\"color: #ffffff;\">Element TR 270 x 30<\/span><\/td>\n<td><span style=\"color: #ffffff;\">Panel TR 270 x 30<\/span><\/td>\n<td><span style=\"color: #ffffff;\">8<\/span><\/td>\n<\/tr>\n<tr>\n<td><span style=\"color: #ffffff;\">022550<\/span><\/td>\n<td><span style=\"color: #ffffff;\">Element TR 270 x 60<\/span><\/td>\n<td><span style=\"color: #ffffff;\">Panel TR 270 x 60<\/span><\/td>\n<td><span style=\"color: #ffffff;\">12<\/span><\/td>\n<\/tr>\n<tr>\n<td><span style=\"color: #ffffff;\">022530<\/span><\/td>\n<td><span style=\"color: #ffffff;\">Element TR 270 x 72<\/span><\/td>\n<td><span style=\"color: #ffffff;\">Panel TR 270 x 72<\/span><\/td>\n<td><span style=\"color: #ffffff;\">10<\/span><\/td>\n<\/tr>\n<tr>\n<td><span style=\"color: #ffffff;\">022520<\/span><\/td>\n<td><span style=\"color: #ffffff;\">Element TR 270 x 90<\/span><\/td>\n<td><span style=\"color: #ffffff;\">Panel TR 270 x 90<\/span><\/td>\n<td><span style=\"color: #ffffff;\">8<\/span><\/td>\n<\/tr>\n<tr>\n<td><span style=\"color: #ffffff;\">023200<\/span><\/td>\n<td><span style=\"color: #ffffff;\">Hinge corner TGE 270<\/span><\/td>\n<td><span style=\"color: #ffffff;\">Articulated corner TGE 270<\/span><\/td>\n<td><span style=\"color: #ffffff;\">8<\/span><\/td>\n<\/tr>\n<tr>\n<td><span style=\"color: #ffffff;\">023670<\/span><\/td>\n<td><span style=\"color: #ffffff;\">Scaffolding bracket TRG 80<\/span><\/td>\n<td><span style=\"color: #ffffff;\">Scaffold Bracket TRG 80<\/span><\/td>\n<td><span style=\"color: #ffffff;\">30<\/span><\/td>\n<\/tr>\n<tr>\n<td><span style=\"color: #ffffff;\">023170<\/span><\/td>\n<td><span style=\"color: #ffffff;\">Length compensation LA 270 x 36<\/span><\/td>\n<td><span style=\"color: #ffffff;\">Filler Plate LA 270 x 36<\/span><\/td>\n<td><span style=\"color: #ffffff;\">8<\/span><\/td>\n<\/tr>\n<tr>\n<td><span style=\"color: #ffffff;\">022540<\/span><\/td>\n<td><span style=\"color: #ffffff;\">Multi-purpose elements TRM 270 x 72<\/span><\/td>\n<td><span style=\"color: #ffffff;\">Multi panel TRM 270 x 72<\/span><\/td>\n<td><span style=\"color: #ffffff;\">8<\/span><\/td>\n<\/tr>\n<tr>\n<td><span style=\"color: #ffffff;\">030370<\/span><\/td>\n<td><span style=\"color: #ffffff;\">Nut joint plate DW 15, galv.<\/span><\/td>\n<td><span style=\"color: #ffffff;\">Wingnut Pivot Plate DW 15, galv.<\/span><\/td>\n<td><span style=\"color: #ffffff;\">250<\/span><\/td>\n<\/tr>\n<tr>\n<td><span style=\"color: #ffffff;\">023500<\/span><\/td>\n<td><span style=\"color: #ffffff;\">Alignment lock BFD, galvanized<\/span><\/td>\n<td><span style=\"color: #ffffff;\">Alignment Coupler BFD, galv.<\/span><\/td>\n<td><span style=\"color: #ffffff;\">280<\/span><\/td>\n<\/tr>\n<tr>\n<td><span style=\"color: #ffffff;\">023930<\/span><\/td>\n<td><span style=\"color: #ffffff;\">Bolt stop<\/span><\/td>\n<td><span style=\"color: #ffffff;\">Waler Stop<\/span><\/td>\n<td><span style=\"color: #ffffff;\">23<\/span><\/td>\n<\/tr>\n<tr>\n<td><span style=\"color: #ffffff;\">023820<\/span><\/td>\n<td><span style=\"color: #ffffff;\">Clamping hook head DW 15, galvanized<\/span><\/td>\n<td><span style=\"color: #ffffff;\">Hook Tie Head DW 15, galvanized<\/span><\/td>\n<td><span style=\"color: #ffffff;\">20<\/span><\/td>\n<\/tr>\n<tr>\n<td><span style=\"color: #ffffff;\">030030<\/span><\/td>\n<td width=\"264\"><span style=\"color: #ffffff;\">Prestressing steel DW 15 special length<\/span><\/td>\n<td width=\"257\"><span style=\"color: #ffffff;\">Tie Rod DW 15 Spec. Length<\/span><\/td>\n<td><span style=\"color: #ffffff;\">105<\/span><\/td>\n<\/tr>\n<tr>\n<td><span style=\"color: #ffffff;\">027510<\/span><\/td>\n<td><span style=\"color: #ffffff;\">Support stand SB-2<\/span><\/td>\n<td><span style=\"color: #ffffff;\">Brace Frame SB 2<\/span><\/td>\n<td><span style=\"color: #ffffff;\">11<\/span><\/td>\n<\/tr>\n<tr>\n<td><span style=\"color: #ffffff;\">117322<\/span><\/td>\n<td><span style=\"color: #ffffff;\">Transport hanger MX<\/span><\/td>\n<td><\/td>\n<td><span style=\"color: #ffffff;\">2<\/span><\/td>\n<\/tr>\n<tr>\n<td><span style=\"color: #ffffff;\">115168<\/span><\/td>\n<td><span style=\"color: #ffffff;\">Displacement hook MAXIMO 1,5 t<\/span><\/td>\n<td><span style=\"color: #ffffff;\">Lifting Hook MAXIMO 1.5 t<\/span><\/td>\n<td><span style=\"color: #ffffff;\">6<\/span><\/td>\n<\/tr>\n<tr>\n<td><span style=\"color: #ffffff;\">023181<\/span><\/td>\n<td><span style=\"color: #ffffff;\">Wall thickness compensation WDAS 270 x 5, aluminum<\/span><\/td>\n<td><span style=\"color: #ffffff;\">Wall thickness comp. WDAS\/4 270 x 5, aluminum<\/span><\/td>\n<td><span style=\"color: #ffffff;\">4<\/span><\/td>\n<\/tr>\n<tr>\n<td><span style=\"color: #ffffff;\">023191<\/span><\/td>\n<td><span style=\"color: #ffffff;\">Wall thickness compensation WDAS 270 x 6, aluminum<\/span><\/td>\n<td><span style=\"color: #ffffff;\">Wall thickness comp. WDAS\/4 270 x 6, aluminum<\/span><\/td>\n<td><span style=\"color: #ffffff;\">12<\/span><\/td>\n<\/tr>\n<\/tbody>\n<\/table>\n<p>This formwork is in good condition incl. Accessories available.<\/p>\n<p>If you are interested, please send us an inquiry.<\/p>\n<p>&nbsp;<\/p>\n","protected":false},"featured_media":44469,"template":"","meta":[],"product_brand":[],"product_cat":[227,224,228],"product_tag":[],"class_list":{"0":"post-92100","1":"product","2":"type-product","3":"status-publish","4":"has-post-thumbnail","6":"product_cat-peri-en","7":"product_cat-formwork","8":"product_cat-the-peri-trio","10":"first","11":"instock","12":"taxable","13":"shipping-taxable","14":"product-type-simple"},"yoast_head":"<!-- This site is optimized with the Yoast SEO plugin v26.5 - https:\/\/yoast.com\/wordpress\/plugins\/seo\/ -->\n<title>441m\u00b2 - Peri Trio formwork 2.70m - JH - ITC GmbH<\/title>\n<meta name=\"description\" content=\"441m\u00b2 - Peri Trio formwork 2.70m. Renowned manufacturers \u2714 New &amp; used formwork, props, scaffolding &amp; construction machinery \u2714 Request a quote now!\" \/>\n<meta name=\"robots\" content=\"noindex, follow, max-snippet:-1, max-image-preview:large, max-video-preview:-1\" \/>\n<meta property=\"og:locale\" content=\"en_US\" \/>\n<meta property=\"og:type\" content=\"article\" \/>\n<meta property=\"og:title\" content=\"441m\u00b2 - Peri Trio formwork 2.70m - JH - ITC GmbH\" \/>\n<meta property=\"og:description\" content=\"441m\u00b2 - Peri Trio formwork 2.70m. Renowned manufacturers \u2714 New &amp; used formwork, props, scaffolding &amp; construction machinery \u2714 Request a quote now!\" \/>\n<meta property=\"og:url\" content=\"https:\/\/stage.jh-itc.de\/en\/shop\/peri-en\/the-peri-trio\/441m%c2%b2-peri-trio-formwork-2-70m\/\" \/>\n<meta property=\"og:site_name\" content=\"JH - ITC GmbH\" \/>\n<meta property=\"article:publisher\" content=\"https:\/\/www.facebook.com\/schalungshandel\" \/>\n<meta property=\"og:image\" content=\"https:\/\/stage.jh-itc.de\/wp-content\/uploads\/2023\/08\/Peri-Trio-270m-_441m\u00b2-jpg-8.jpg\" \/>\n\t<meta property=\"og:image:width\" content=\"2048\" \/>\n\t<meta property=\"og:image:height\" content=\"1536\" \/>\n\t<meta property=\"og:image:type\" content=\"image\/jpeg\" \/>\n<meta name=\"twitter:card\" content=\"summary_large_image\" \/>\n<meta name=\"twitter:site\" content=\"@JH_ITC\" \/>\n<!-- \/ Yoast SEO plugin. -->","yoast_head_json":{"title":"441m\u00b2 - Peri Trio formwork 2.70m - JH - ITC GmbH","description":"441m\u00b2 - Peri Trio formwork 2.70m. Renowned manufacturers \u2714 New & used formwork, props, scaffolding & construction machinery \u2714 Request a quote now!","robots":{"index":"noindex","follow":"follow","max-snippet":"max-snippet:-1","max-image-preview":"max-image-preview:large","max-video-preview":"max-video-preview:-1"},"og_locale":"en_US","og_type":"article","og_title":"441m\u00b2 - Peri Trio formwork 2.70m - JH - ITC GmbH","og_description":"441m\u00b2 - Peri Trio formwork 2.70m. Renowned manufacturers \u2714 New & used formwork, props, scaffolding & construction machinery \u2714 Request a quote now!","og_url":"https:\/\/stage.jh-itc.de\/en\/shop\/peri-en\/the-peri-trio\/441m%c2%b2-peri-trio-formwork-2-70m\/","og_site_name":"JH - ITC GmbH","article_publisher":"https:\/\/www.facebook.com\/schalungshandel","og_image":[{"width":2048,"height":1536,"url":"https:\/\/stage.jh-itc.de\/wp-content\/uploads\/2023\/08\/Peri-Trio-270m-_441m\u00b2-jpg-8.jpg","type":"image\/jpeg"}],"twitter_card":"summary_large_image","twitter_site":"@JH_ITC","schema":{"@context":"https:\/\/schema.org","@graph":[{"@type":"WebPage","@id":"https:\/\/stage.jh-itc.de\/en\/shop\/peri-en\/the-peri-trio\/441m%c2%b2-peri-trio-formwork-2-70m\/","url":"https:\/\/stage.jh-itc.de\/en\/shop\/peri-en\/the-peri-trio\/441m%c2%b2-peri-trio-formwork-2-70m\/","name":"441m\u00b2 - Peri Trio formwork 2.70m - JH - ITC GmbH","isPartOf":{"@id":"https:\/\/stage.jh-itc.de\/en\/#website"},"primaryImageOfPage":{"@id":"https:\/\/stage.jh-itc.de\/en\/shop\/peri-en\/the-peri-trio\/441m%c2%b2-peri-trio-formwork-2-70m\/#primaryimage"},"image":{"@id":"https:\/\/stage.jh-itc.de\/en\/shop\/peri-en\/the-peri-trio\/441m%c2%b2-peri-trio-formwork-2-70m\/#primaryimage"},"thumbnailUrl":"https:\/\/stage.jh-itc.de\/wp-content\/uploads\/2023\/08\/Peri-Trio-270m-_441m\u00b2-jpg-8.jpg","datePublished":"2024-10-08T11:52:25+00:00","description":"441m\u00b2 - Peri Trio formwork 2.70m. Renowned manufacturers \u2714 New & used formwork, props, scaffolding & construction machinery \u2714 Request a quote now!","breadcrumb":{"@id":"https:\/\/stage.jh-itc.de\/en\/shop\/peri-en\/the-peri-trio\/441m%c2%b2-peri-trio-formwork-2-70m\/#breadcrumb"},"inLanguage":"en-US","potentialAction":[{"@type":"ReadAction","target":["https:\/\/stage.jh-itc.de\/en\/shop\/peri-en\/the-peri-trio\/441m%c2%b2-peri-trio-formwork-2-70m\/"]}]},{"@type":"ImageObject","inLanguage":"en-US","@id":"https:\/\/stage.jh-itc.de\/en\/shop\/peri-en\/the-peri-trio\/441m%c2%b2-peri-trio-formwork-2-70m\/#primaryimage","url":"https:\/\/stage.jh-itc.de\/wp-content\/uploads\/2023\/08\/Peri-Trio-270m-_441m\u00b2-jpg-8.jpg","contentUrl":"https:\/\/stage.jh-itc.de\/wp-content\/uploads\/2023\/08\/Peri-Trio-270m-_441m\u00b2-jpg-8.jpg","width":2048,"height":1536},{"@type":"BreadcrumbList","@id":"https:\/\/stage.jh-itc.de\/en\/shop\/peri-en\/the-peri-trio\/441m%c2%b2-peri-trio-formwork-2-70m\/#breadcrumb","itemListElement":[{"@type":"ListItem","position":1,"name":"Home","item":"https:\/\/stage.jh-itc.de\/en\/formwork-props-scaffolding-from-professionals\/"},{"@type":"ListItem","position":2,"name":"Store","item":"https:\/\/stage.jh-itc.de\/en\/?page_id=7087"},{"@type":"ListItem","position":3,"name":"441m\u00b2 &#8211; Peri Trio formwork 2.70m"}]},{"@type":"WebSite","@id":"https:\/\/stage.jh-itc.de\/en\/#website","url":"https:\/\/stage.jh-itc.de\/en\/","name":"JH - ITC GmbH","description":"Ihr Experte f\u00fcr gebrauchte St\u00fctzen, Schalungen und Ger\u00fcste","publisher":{"@id":"https:\/\/stage.jh-itc.de\/en\/#organization"},"potentialAction":[{"@type":"SearchAction","target":{"@type":"EntryPoint","urlTemplate":"https:\/\/stage.jh-itc.de\/en\/?s={search_term_string}"},"query-input":{"@type":"PropertyValueSpecification","valueRequired":true,"valueName":"search_term_string"}}],"inLanguage":"en-US"},{"@type":"Organization","@id":"https:\/\/stage.jh-itc.de\/en\/#organization","name":"JH-ITC GmbH","url":"https:\/\/stage.jh-itc.de\/en\/","logo":{"@type":"ImageObject","inLanguage":"en-US","@id":"https:\/\/stage.jh-itc.de\/en\/#\/schema\/logo\/image\/","url":"https:\/\/stage.jh-itc.de\/wp-content\/uploads\/2016\/01\/JH-ITC2-1.png","contentUrl":"https:\/\/stage.jh-itc.de\/wp-content\/uploads\/2016\/01\/JH-ITC2-1.png","width":300,"height":102,"caption":"JH-ITC GmbH"},"image":{"@id":"https:\/\/stage.jh-itc.de\/en\/#\/schema\/logo\/image\/"},"sameAs":["https:\/\/www.facebook.com\/schalungshandel","https:\/\/x.com\/JH_ITC","https:\/\/www.linkedin.com\/in\/jhitc","https:\/\/youtu.be\/rMdZ-FLfI-Y"]}]}},"_links":{"self":[{"href":"https:\/\/stage.jh-itc.de\/en\/wp-json\/wp\/v2\/product\/92100","targetHints":{"allow":["GET"]}}],"collection":[{"href":"https:\/\/stage.jh-itc.de\/en\/wp-json\/wp\/v2\/product"}],"about":[{"href":"https:\/\/stage.jh-itc.de\/en\/wp-json\/wp\/v2\/types\/product"}],"wp:featuredmedia":[{"embeddable":true,"href":"https:\/\/stage.jh-itc.de\/en\/wp-json\/wp\/v2\/media\/44469"}],"wp:attachment":[{"href":"https:\/\/stage.jh-itc.de\/en\/wp-json\/wp\/v2\/media?parent=92100"}],"wp:term":[{"taxonomy":"product_brand","embeddable":true,"href":"https:\/\/stage.jh-itc.de\/en\/wp-json\/wp\/v2\/product_brand?post=92100"},{"taxonomy":"product_cat","embeddable":true,"href":"https:\/\/stage.jh-itc.de\/en\/wp-json\/wp\/v2\/product_cat?post=92100"},{"taxonomy":"product_tag","embeddable":true,"href":"https:\/\/stage.jh-itc.de\/en\/wp-json\/wp\/v2\/product_tag?post=92100"}],"curies":[{"name":"wp","href":"https:\/\/api.w.org\/{rel}","templated":true}]}}