{"id":43009,"date":"2021-11-17T14:42:00","date_gmt":"2023-04-24T13:55:59","guid":{"rendered":"https:\/\/www.jh-itc.de\/shop\/uncategorized\/peri-trio-compatible-formwork-with-3m-height\/"},"modified":"2023-04-24T15:55:59","modified_gmt":"2023-04-24T13:55:59","slug":"peri-trio-compatible-shuttering-with-3m-height","status":"publish","type":"product","link":"https:\/\/stage.jh-itc.de\/en\/shop\/formwork\/peri-trio-compatible-shuttering-with-3m-height\/","title":{"rendered":"Peri Trio compatible formwork with 3m height"},"content":{"rendered":"","protected":false},"excerpt":{"rendered":"<p>We can offer you a Peri Trio compatible formwork in 3m height.<\/p>\n<p>Year of manufacture : 2021<\/p>\n<p>The formwork is 100% compatible with PERI formwork (all connection parts can be used with both systems without restriction, identical tie hole position etc.)<\/p>\n<p>The height of the formwork is 3.0m<\/p>\n<p>There are also stripping interior corners, which PERI does not have.<\/p>\n<p>The material list can be sent on request.<\/p>\n<p>If you are interested please send us your request<\/p>\n<p>&nbsp;<\/p>\n","protected":false},"featured_media":37046,"template":"","meta":[],"product_brand":[],"product_cat":[227,224],"product_tag":[],"class_list":{"0":"post-43009","1":"product","2":"type-product","3":"status-publish","4":"has-post-thumbnail","6":"product_cat-peri-en","7":"product_cat-formwork","9":"first","10":"instock","11":"taxable","12":"shipping-taxable","13":"product-type-simple"},"yoast_head":"<!-- This site is optimized with the Yoast SEO plugin v26.5 - https:\/\/yoast.com\/wordpress\/plugins\/seo\/ -->\n<title>Peri Trio compatible formwork with 3m height - JH - ITC GmbH<\/title>\n<meta name=\"description\" content=\"Peri Trio compatible formwork with 3m height. Renowned manufacturers \u2714 New &amp; used formwork, props, scaffolding &amp; construction machinery \u2714 Request a quote now!\" \/>\n<meta name=\"robots\" content=\"noindex, follow, max-snippet:-1, max-image-preview:large, max-video-preview:-1\" \/>\n<meta property=\"og:locale\" content=\"en_US\" \/>\n<meta property=\"og:type\" content=\"article\" \/>\n<meta property=\"og:title\" content=\"Peri Trio compatible formwork with 3m height - JH - ITC GmbH\" \/>\n<meta property=\"og:description\" content=\"Peri Trio compatible formwork with 3m height. Renowned manufacturers \u2714 New &amp; used formwork, props, scaffolding &amp; construction machinery \u2714 Request a quote now!\" \/>\n<meta property=\"og:url\" content=\"https:\/\/stage.jh-itc.de\/en\/shop\/formwork\/peri-trio-compatible-shuttering-with-3m-height\/\" \/>\n<meta property=\"og:site_name\" content=\"JH - ITC GmbH\" \/>\n<meta property=\"article:publisher\" content=\"https:\/\/www.facebook.com\/schalungshandel\" \/>\n<meta property=\"og:image\" content=\"https:\/\/stage.jh-itc.de\/wp-content\/uploads\/2021\/11\/Peri-Trio-Kompatibel-3m-Schalung-2.jpg\" \/>\n\t<meta property=\"og:image:width\" content=\"2048\" \/>\n\t<meta property=\"og:image:height\" content=\"1152\" \/>\n\t<meta property=\"og:image:type\" content=\"image\/jpeg\" \/>\n<meta name=\"twitter:card\" content=\"summary_large_image\" \/>\n<meta name=\"twitter:site\" content=\"@JH_ITC\" \/>\n<!-- \/ Yoast SEO plugin. -->","yoast_head_json":{"title":"Peri Trio compatible formwork with 3m height - JH - ITC GmbH","description":"Peri Trio compatible formwork with 3m height. Renowned manufacturers \u2714 New & used formwork, props, scaffolding & construction machinery \u2714 Request a quote now!","robots":{"index":"noindex","follow":"follow","max-snippet":"max-snippet:-1","max-image-preview":"max-image-preview:large","max-video-preview":"max-video-preview:-1"},"og_locale":"en_US","og_type":"article","og_title":"Peri Trio compatible formwork with 3m height - JH - ITC GmbH","og_description":"Peri Trio compatible formwork with 3m height. Renowned manufacturers \u2714 New & used formwork, props, scaffolding & construction machinery \u2714 Request a quote now!","og_url":"https:\/\/stage.jh-itc.de\/en\/shop\/formwork\/peri-trio-compatible-shuttering-with-3m-height\/","og_site_name":"JH - ITC GmbH","article_publisher":"https:\/\/www.facebook.com\/schalungshandel","og_image":[{"width":2048,"height":1152,"url":"https:\/\/stage.jh-itc.de\/wp-content\/uploads\/2021\/11\/Peri-Trio-Kompatibel-3m-Schalung-2.jpg","type":"image\/jpeg"}],"twitter_card":"summary_large_image","twitter_site":"@JH_ITC","schema":{"@context":"https:\/\/schema.org","@graph":[{"@type":"WebPage","@id":"https:\/\/stage.jh-itc.de\/en\/shop\/formwork\/peri-trio-compatible-shuttering-with-3m-height\/","url":"https:\/\/stage.jh-itc.de\/en\/shop\/formwork\/peri-trio-compatible-shuttering-with-3m-height\/","name":"Peri Trio compatible formwork with 3m height - JH - ITC GmbH","isPartOf":{"@id":"https:\/\/stage.jh-itc.de\/en\/#website"},"primaryImageOfPage":{"@id":"https:\/\/stage.jh-itc.de\/en\/shop\/formwork\/peri-trio-compatible-shuttering-with-3m-height\/#primaryimage"},"image":{"@id":"https:\/\/stage.jh-itc.de\/en\/shop\/formwork\/peri-trio-compatible-shuttering-with-3m-height\/#primaryimage"},"thumbnailUrl":"https:\/\/stage.jh-itc.de\/wp-content\/uploads\/2021\/11\/Peri-Trio-Kompatibel-3m-Schalung-2.jpg","datePublished":"2023-04-24T13:55:59+00:00","description":"Peri Trio compatible formwork with 3m height. Renowned manufacturers \u2714 New & used formwork, props, scaffolding & construction machinery \u2714 Request a quote now!","breadcrumb":{"@id":"https:\/\/stage.jh-itc.de\/en\/shop\/formwork\/peri-trio-compatible-shuttering-with-3m-height\/#breadcrumb"},"inLanguage":"en-US","potentialAction":[{"@type":"ReadAction","target":["https:\/\/stage.jh-itc.de\/en\/shop\/formwork\/peri-trio-compatible-shuttering-with-3m-height\/"]}]},{"@type":"ImageObject","inLanguage":"en-US","@id":"https:\/\/stage.jh-itc.de\/en\/shop\/formwork\/peri-trio-compatible-shuttering-with-3m-height\/#primaryimage","url":"https:\/\/stage.jh-itc.de\/wp-content\/uploads\/2021\/11\/Peri-Trio-Kompatibel-3m-Schalung-2.jpg","contentUrl":"https:\/\/stage.jh-itc.de\/wp-content\/uploads\/2021\/11\/Peri-Trio-Kompatibel-3m-Schalung-2.jpg","width":2048,"height":1152},{"@type":"BreadcrumbList","@id":"https:\/\/stage.jh-itc.de\/en\/shop\/formwork\/peri-trio-compatible-shuttering-with-3m-height\/#breadcrumb","itemListElement":[{"@type":"ListItem","position":1,"name":"Home","item":"https:\/\/stage.jh-itc.de\/en\/formwork-props-scaffolding-from-professionals\/"},{"@type":"ListItem","position":2,"name":"Store","item":"https:\/\/stage.jh-itc.de\/en\/?page_id=7087"},{"@type":"ListItem","position":3,"name":"Peri Trio compatible formwork with 3m height"}]},{"@type":"WebSite","@id":"https:\/\/stage.jh-itc.de\/en\/#website","url":"https:\/\/stage.jh-itc.de\/en\/","name":"JH - ITC GmbH","description":"Ihr Experte f\u00fcr gebrauchte St\u00fctzen, Schalungen und Ger\u00fcste","publisher":{"@id":"https:\/\/stage.jh-itc.de\/en\/#organization"},"potentialAction":[{"@type":"SearchAction","target":{"@type":"EntryPoint","urlTemplate":"https:\/\/stage.jh-itc.de\/en\/?s={search_term_string}"},"query-input":{"@type":"PropertyValueSpecification","valueRequired":true,"valueName":"search_term_string"}}],"inLanguage":"en-US"},{"@type":"Organization","@id":"https:\/\/stage.jh-itc.de\/en\/#organization","name":"JH-ITC GmbH","url":"https:\/\/stage.jh-itc.de\/en\/","logo":{"@type":"ImageObject","inLanguage":"en-US","@id":"https:\/\/stage.jh-itc.de\/en\/#\/schema\/logo\/image\/","url":"https:\/\/stage.jh-itc.de\/wp-content\/uploads\/2016\/01\/JH-ITC2-1.png","contentUrl":"https:\/\/stage.jh-itc.de\/wp-content\/uploads\/2016\/01\/JH-ITC2-1.png","width":300,"height":102,"caption":"JH-ITC GmbH"},"image":{"@id":"https:\/\/stage.jh-itc.de\/en\/#\/schema\/logo\/image\/"},"sameAs":["https:\/\/www.facebook.com\/schalungshandel","https:\/\/x.com\/JH_ITC","https:\/\/www.linkedin.com\/in\/jhitc","https:\/\/youtu.be\/rMdZ-FLfI-Y"]}]}},"_links":{"self":[{"href":"https:\/\/stage.jh-itc.de\/en\/wp-json\/wp\/v2\/product\/43009","targetHints":{"allow":["GET"]}}],"collection":[{"href":"https:\/\/stage.jh-itc.de\/en\/wp-json\/wp\/v2\/product"}],"about":[{"href":"https:\/\/stage.jh-itc.de\/en\/wp-json\/wp\/v2\/types\/product"}],"wp:featuredmedia":[{"embeddable":true,"href":"https:\/\/stage.jh-itc.de\/en\/wp-json\/wp\/v2\/media\/37046"}],"wp:attachment":[{"href":"https:\/\/stage.jh-itc.de\/en\/wp-json\/wp\/v2\/media?parent=43009"}],"wp:term":[{"taxonomy":"product_brand","embeddable":true,"href":"https:\/\/stage.jh-itc.de\/en\/wp-json\/wp\/v2\/product_brand?post=43009"},{"taxonomy":"product_cat","embeddable":true,"href":"https:\/\/stage.jh-itc.de\/en\/wp-json\/wp\/v2\/product_cat?post=43009"},{"taxonomy":"product_tag","embeddable":true,"href":"https:\/\/stage.jh-itc.de\/en\/wp-json\/wp\/v2\/product_tag?post=43009"}],"curies":[{"name":"wp","href":"https:\/\/api.w.org\/{rel}","templated":true}]}}