{"id":42949,"date":"2021-12-15T14:57:17","date_gmt":"2023-04-24T13:54:09","guid":{"rendered":"https:\/\/www.jh-itc.de\/shop\/uncategorized\/peri-vario-deck-material\/"},"modified":"2023-04-24T15:54:09","modified_gmt":"2023-04-24T13:54:09","slug":"peri-vario-deck-material","status":"publish","type":"product","link":"https:\/\/stage.jh-itc.de\/en\/shop\/formwork\/peri-vario-deck-material\/","title":{"rendered":"Peri Vario Deck Material"},"content":{"rendered":"<p>The VARIODECK slab table is ideal for projects where large slab areas have to be formed in a short time. The tables can be used for ceilings up to 50 cm.<\/p>\n<p>They always require only four floor props and can be moved in one crane lift. If necessary, stronger slabs with correspondingly more supports can be formed.<\/p>\n<h3>Advantages<\/h3>\n<ul>\n<li>The maximum formwork area of a table is 15.9 m\u00b2.<\/li>\n<li>When using the tables at the edge of the ceiling, a working platform is already integrated into the system and no additional fall protection is required.<\/li>\n<li>For fast and easy stripping or horizontal movement, a table lift or transfer carriage is used.<\/li>\n<li>Free choice of props and increase of prop loads possible by clamping the floor prop in the table swivel head.<\/li>\n<li>Fitting ranges up to a maximum of 50 cm can be realized without additional support.<\/li>\n<li>System-integrated connections are used to dissipate the horizontal forces.<\/li>\n<li>Due to the low overall height of only 36 cm, little transport and storage volume is required.<\/li>\n<\/ul>\n<p>&nbsp;<\/p>\n<hr>\n<p>&nbsp;<\/p>\n<p>Here you can find a link for downloading the brochure:<\/p>\n<p><a href=\"https:\/\/stage.jh-itc.de\/wp-content\/uploads\/2021\/12\/Peri_VARIODECK-DE.pdf\">Peri_VARIODECK-EN<\/a><\/p>\n<p><a href=\"https:\/\/stage.jh-itc.de\/wp-content\/uploads\/2021\/12\/Peri_VARIODECK_EN.pdf\">Peri_VARIODECK_EN<\/a><\/p>\n<p>&nbsp;<\/p>\n<p>&nbsp;<\/p>\n","protected":false},"excerpt":{"rendered":"<p>We offer the following used <strong>Peri Vario Deck<\/strong> material.<\/p>\n<table width=\"625\">\n<tbody>\n<tr>\n<td width=\"80\">Art.no.<\/td>\n<td width=\"264\">Article description<\/td>\n<td width=\"206\">Description<\/td>\n<td width=\"75\">Quantity<\/td>\n<\/tr>\n<tr>\n<td>100956<\/td>\n<td>Table swivel head, lower part<\/td>\n<td>Table Swivel Head, Lower Part<\/td>\n<td>1236<\/td>\n<\/tr>\n<tr>\n<td>117176<\/td>\n<td>Table head upper part VD<\/td>\n<td>Table Head Upper part VD<\/td>\n<td>1196<\/td>\n<\/tr>\n<tr>\n<td>117185<\/td>\n<td>Table head center part VD<\/td>\n<td>Table Head Middle Part VD<\/td>\n<td>1121<\/td>\n<\/tr>\n<tr>\n<td>103212<\/td>\n<td>Table shifting fork 1,75t \/ 8m<\/td>\n<td>Lifting Fork 1.75 t \/ 8.0 m<\/td>\n<td>4<\/td>\n<\/tr>\n<tr>\n<td>028710<\/td>\n<td>Table transfer trolley 2t L = 2.00m<\/td>\n<td>Table Trolley 2 t, l = 2.00 m<\/td>\n<td>10<\/td>\n<\/tr>\n<\/tbody>\n<\/table>\n<p>If you are interested, please send us your inquiry.<\/p>\n","protected":false},"featured_media":37552,"template":"","meta":[],"product_brand":[],"product_cat":[227,224],"product_tag":[],"class_list":{"0":"post-42949","1":"product","2":"type-product","3":"status-publish","4":"has-post-thumbnail","6":"product_cat-peri-en","7":"product_cat-formwork","9":"first","10":"instock","11":"taxable","12":"shipping-taxable","13":"product-type-simple"},"yoast_head":"<!-- This site is optimized with the Yoast SEO plugin v26.5 - https:\/\/yoast.com\/wordpress\/plugins\/seo\/ -->\n<title>Peri Vario Deck Material - JH - ITC GmbH<\/title>\n<meta name=\"description\" content=\"Peri Vario Deck Material. Renowned manufacturers \u2714 New &amp; used formwork, props, scaffolding &amp; construction machinery \u2714 Request a quote now!\" \/>\n<meta name=\"robots\" content=\"noindex, follow, max-snippet:-1, max-image-preview:large, max-video-preview:-1\" \/>\n<meta property=\"og:locale\" content=\"en_US\" \/>\n<meta property=\"og:type\" content=\"article\" \/>\n<meta property=\"og:title\" content=\"Peri Vario Deck Material - JH - ITC GmbH\" \/>\n<meta property=\"og:description\" content=\"Peri Vario Deck Material. Renowned manufacturers \u2714 New &amp; used formwork, props, scaffolding &amp; construction machinery \u2714 Request a quote now!\" \/>\n<meta property=\"og:url\" content=\"https:\/\/stage.jh-itc.de\/en\/shop\/formwork\/peri-vario-deck-material\/\" \/>\n<meta property=\"og:site_name\" content=\"JH - ITC GmbH\" \/>\n<meta property=\"article:publisher\" content=\"https:\/\/www.facebook.com\/schalungshandel\" \/>\n<meta property=\"og:image\" content=\"https:\/\/stage.jh-itc.de\/wp-content\/uploads\/2021\/12\/Peri-Vario-Deck.jpg\" \/>\n\t<meta property=\"og:image:width\" content=\"925\" \/>\n\t<meta property=\"og:image:height\" content=\"528\" \/>\n\t<meta property=\"og:image:type\" content=\"image\/jpeg\" \/>\n<meta name=\"twitter:card\" content=\"summary_large_image\" \/>\n<meta name=\"twitter:site\" content=\"@JH_ITC\" \/>\n<meta name=\"twitter:label1\" content=\"Est. reading time\" \/>\n\t<meta name=\"twitter:data1\" content=\"1 minute\" \/>\n<!-- \/ Yoast SEO plugin. -->","yoast_head_json":{"title":"Peri Vario Deck Material - JH - ITC GmbH","description":"Peri Vario Deck Material. Renowned manufacturers \u2714 New & used formwork, props, scaffolding & construction machinery \u2714 Request a quote now!","robots":{"index":"noindex","follow":"follow","max-snippet":"max-snippet:-1","max-image-preview":"max-image-preview:large","max-video-preview":"max-video-preview:-1"},"og_locale":"en_US","og_type":"article","og_title":"Peri Vario Deck Material - JH - ITC GmbH","og_description":"Peri Vario Deck Material. Renowned manufacturers \u2714 New & used formwork, props, scaffolding & construction machinery \u2714 Request a quote now!","og_url":"https:\/\/stage.jh-itc.de\/en\/shop\/formwork\/peri-vario-deck-material\/","og_site_name":"JH - ITC GmbH","article_publisher":"https:\/\/www.facebook.com\/schalungshandel","og_image":[{"width":925,"height":528,"url":"https:\/\/stage.jh-itc.de\/wp-content\/uploads\/2021\/12\/Peri-Vario-Deck.jpg","type":"image\/jpeg"}],"twitter_card":"summary_large_image","twitter_site":"@JH_ITC","twitter_misc":{"Est. reading time":"1 minute"},"schema":{"@context":"https:\/\/schema.org","@graph":[{"@type":"WebPage","@id":"https:\/\/stage.jh-itc.de\/en\/shop\/formwork\/peri-vario-deck-material\/","url":"https:\/\/stage.jh-itc.de\/en\/shop\/formwork\/peri-vario-deck-material\/","name":"Peri Vario Deck Material - JH - ITC GmbH","isPartOf":{"@id":"https:\/\/stage.jh-itc.de\/en\/#website"},"primaryImageOfPage":{"@id":"https:\/\/stage.jh-itc.de\/en\/shop\/formwork\/peri-vario-deck-material\/#primaryimage"},"image":{"@id":"https:\/\/stage.jh-itc.de\/en\/shop\/formwork\/peri-vario-deck-material\/#primaryimage"},"thumbnailUrl":"https:\/\/stage.jh-itc.de\/wp-content\/uploads\/2021\/12\/Peri-Vario-Deck.jpg","datePublished":"2023-04-24T13:54:09+00:00","description":"Peri Vario Deck Material. Renowned manufacturers \u2714 New & used formwork, props, scaffolding & construction machinery \u2714 Request a quote now!","breadcrumb":{"@id":"https:\/\/stage.jh-itc.de\/en\/shop\/formwork\/peri-vario-deck-material\/#breadcrumb"},"inLanguage":"en-US","potentialAction":[{"@type":"ReadAction","target":["https:\/\/stage.jh-itc.de\/en\/shop\/formwork\/peri-vario-deck-material\/"]}]},{"@type":"ImageObject","inLanguage":"en-US","@id":"https:\/\/stage.jh-itc.de\/en\/shop\/formwork\/peri-vario-deck-material\/#primaryimage","url":"https:\/\/stage.jh-itc.de\/wp-content\/uploads\/2021\/12\/Peri-Vario-Deck.jpg","contentUrl":"https:\/\/stage.jh-itc.de\/wp-content\/uploads\/2021\/12\/Peri-Vario-Deck.jpg","width":925,"height":528},{"@type":"BreadcrumbList","@id":"https:\/\/stage.jh-itc.de\/en\/shop\/formwork\/peri-vario-deck-material\/#breadcrumb","itemListElement":[{"@type":"ListItem","position":1,"name":"Home","item":"https:\/\/stage.jh-itc.de\/en\/formwork-props-scaffolding-from-professionals\/"},{"@type":"ListItem","position":2,"name":"Store","item":"https:\/\/stage.jh-itc.de\/en\/?page_id=7087"},{"@type":"ListItem","position":3,"name":"Peri Vario Deck Material"}]},{"@type":"WebSite","@id":"https:\/\/stage.jh-itc.de\/en\/#website","url":"https:\/\/stage.jh-itc.de\/en\/","name":"JH - ITC GmbH","description":"Ihr Experte f\u00fcr gebrauchte St\u00fctzen, Schalungen und Ger\u00fcste","publisher":{"@id":"https:\/\/stage.jh-itc.de\/en\/#organization"},"potentialAction":[{"@type":"SearchAction","target":{"@type":"EntryPoint","urlTemplate":"https:\/\/stage.jh-itc.de\/en\/?s={search_term_string}"},"query-input":{"@type":"PropertyValueSpecification","valueRequired":true,"valueName":"search_term_string"}}],"inLanguage":"en-US"},{"@type":"Organization","@id":"https:\/\/stage.jh-itc.de\/en\/#organization","name":"JH-ITC GmbH","url":"https:\/\/stage.jh-itc.de\/en\/","logo":{"@type":"ImageObject","inLanguage":"en-US","@id":"https:\/\/stage.jh-itc.de\/en\/#\/schema\/logo\/image\/","url":"https:\/\/stage.jh-itc.de\/wp-content\/uploads\/2016\/01\/JH-ITC2-1.png","contentUrl":"https:\/\/stage.jh-itc.de\/wp-content\/uploads\/2016\/01\/JH-ITC2-1.png","width":300,"height":102,"caption":"JH-ITC GmbH"},"image":{"@id":"https:\/\/stage.jh-itc.de\/en\/#\/schema\/logo\/image\/"},"sameAs":["https:\/\/www.facebook.com\/schalungshandel","https:\/\/x.com\/JH_ITC","https:\/\/www.linkedin.com\/in\/jhitc","https:\/\/youtu.be\/rMdZ-FLfI-Y"]}]}},"_links":{"self":[{"href":"https:\/\/stage.jh-itc.de\/en\/wp-json\/wp\/v2\/product\/42949","targetHints":{"allow":["GET"]}}],"collection":[{"href":"https:\/\/stage.jh-itc.de\/en\/wp-json\/wp\/v2\/product"}],"about":[{"href":"https:\/\/stage.jh-itc.de\/en\/wp-json\/wp\/v2\/types\/product"}],"wp:featuredmedia":[{"embeddable":true,"href":"https:\/\/stage.jh-itc.de\/en\/wp-json\/wp\/v2\/media\/37552"}],"wp:attachment":[{"href":"https:\/\/stage.jh-itc.de\/en\/wp-json\/wp\/v2\/media?parent=42949"}],"wp:term":[{"taxonomy":"product_brand","embeddable":true,"href":"https:\/\/stage.jh-itc.de\/en\/wp-json\/wp\/v2\/product_brand?post=42949"},{"taxonomy":"product_cat","embeddable":true,"href":"https:\/\/stage.jh-itc.de\/en\/wp-json\/wp\/v2\/product_cat?post=42949"},{"taxonomy":"product_tag","embeddable":true,"href":"https:\/\/stage.jh-itc.de\/en\/wp-json\/wp\/v2\/product_tag?post=42949"}],"curies":[{"name":"wp","href":"https:\/\/api.w.org\/{rel}","templated":true}]}}