{"id":42916,"date":"2022-01-12T18:27:38","date_gmt":"2023-04-24T13:54:01","guid":{"rendered":"https:\/\/www.jh-itc.de\/shop\/uncategorized\/doka-staxo-100-shoring\/"},"modified":"2023-04-24T15:54:01","modified_gmt":"2023-04-24T13:54:01","slug":"doka-staxo-100-traggeruest","status":"publish","type":"product","link":"https:\/\/stage.jh-itc.de\/en\/shop\/doka-en\/doka-staxo-en\/doka-staxo-100-traggeruest\/","title":{"rendered":"Doka Staxo 100 Shoring"},"content":{"rendered":"","protected":false},"excerpt":{"rendered":"<p>We offer a lot of used Doka Staxo 100 shoring.<\/p>\n<table width=\"677\">\n<tbody>\n<tr>\n<td width=\"81\">Part number<\/td>\n<td width=\"260\">Article description<\/td>\n<td width=\"279\">Description<\/td>\n<td width=\"57\">Quantity<\/td>\n<\/tr>\n<tr>\n<td>582300000<\/td>\n<td>Staxo 100 frame 1.80m<\/td>\n<td>Basic frame Staxo 1.80m<\/td>\n<td>1049<\/td>\n<\/tr>\n<tr>\n<td>582301000<\/td>\n<td>Staxo 100 frame 1.20m<\/td>\n<td>Basic frame Staxo 1.20m<\/td>\n<td>452<\/td>\n<\/tr>\n<tr>\n<td>582302000<\/td>\n<td>Staxo 100 frame 0.90m<\/td>\n<td>Basic frame Staxo 0.90m<\/td>\n<td>124<\/td>\n<\/tr>\n<tr>\n<td>582772000<\/td>\n<td>Diagonal cross 9,100<\/td>\n<td>Diagonal cross 9,100<\/td>\n<td>180<\/td>\n<\/tr>\n<tr>\n<td>582610000<\/td>\n<td>Diagonal cross 12,100<\/td>\n<td>Diagonal cross 12,100<\/td>\n<td>900<\/td>\n<\/tr>\n<tr>\n<td>582620000<\/td>\n<td>Diagonal cross 18,100<\/td>\n<td>Diagonal cross 18,100<\/td>\n<td>950<\/td>\n<\/tr>\n<tr>\n<td>582638000<\/td>\n<td>Four-way head spindle<\/td>\n<td>4-way screw-jack head<\/td>\n<td>585<\/td>\n<\/tr>\n<tr>\n<td>582637000<\/td>\n<td>Foot spindle<\/td>\n<td>Screw jack foot<\/td>\n<td>500<\/td>\n<\/tr>\n<tr>\n<td>582783000<\/td>\n<td>Doka load-bearing tower pallet<\/td>\n<td>Pallet for Staxo\/Aluxo<\/td>\n<td>15<\/td>\n<\/tr>\n<tr>\n<td>583011000<\/td>\n<td>Doka returnable container 1,20&#215;0,80m<\/td>\n<td>Doka multi-trip transport box 1,20&#215;0,80m<\/td>\n<td>35<\/td>\n<\/tr>\n<\/tbody>\n<\/table>\n<p>If you are interested, please send us your inquiry.<\/p>\n","protected":false},"featured_media":37778,"template":"","meta":[],"product_brand":[],"product_cat":[225,247,218],"product_tag":[],"class_list":{"0":"post-42916","1":"product","2":"type-product","3":"status-publish","4":"has-post-thumbnail","6":"product_cat-doka-en","7":"product_cat-doka-staxo-en","8":"product_cat-scaffolding","10":"first","11":"instock","12":"taxable","13":"shipping-taxable","14":"product-type-simple"},"yoast_head":"<!-- This site is optimized with the Yoast SEO plugin v26.5 - https:\/\/yoast.com\/wordpress\/plugins\/seo\/ -->\n<title>Doka Staxo 100 Shoring - JH - ITC GmbH<\/title>\n<meta name=\"description\" content=\"Doka Staxo 100 Shoring. Renowned manufacturers \u2714 New &amp; used formwork, props, scaffolding &amp; construction machinery \u2714 Request a quote now!\" \/>\n<meta name=\"robots\" content=\"noindex, follow, max-snippet:-1, max-image-preview:large, max-video-preview:-1\" \/>\n<meta property=\"og:locale\" content=\"en_US\" \/>\n<meta property=\"og:type\" content=\"article\" \/>\n<meta property=\"og:title\" content=\"Doka Staxo 100 Shoring - JH - ITC GmbH\" \/>\n<meta property=\"og:description\" content=\"Doka Staxo 100 Shoring. Renowned manufacturers \u2714 New &amp; used formwork, props, scaffolding &amp; construction machinery \u2714 Request a quote now!\" \/>\n<meta property=\"og:url\" content=\"https:\/\/stage.jh-itc.de\/en\/shop\/doka-en\/doka-staxo-en\/doka-staxo-100-traggeruest\/\" \/>\n<meta property=\"og:site_name\" content=\"JH - ITC GmbH\" \/>\n<meta property=\"article:publisher\" content=\"https:\/\/www.facebook.com\/schalungshandel\" \/>\n<meta property=\"og:image\" content=\"https:\/\/stage.jh-itc.de\/wp-content\/uploads\/2022\/01\/Doka-Staxo-100-7.jpg\" \/>\n\t<meta property=\"og:image:width\" content=\"1024\" \/>\n\t<meta property=\"og:image:height\" content=\"768\" \/>\n\t<meta property=\"og:image:type\" content=\"image\/jpeg\" \/>\n<meta name=\"twitter:card\" content=\"summary_large_image\" \/>\n<meta name=\"twitter:site\" content=\"@JH_ITC\" \/>\n<!-- \/ Yoast SEO plugin. -->","yoast_head_json":{"title":"Doka Staxo 100 Shoring - JH - ITC GmbH","description":"Doka Staxo 100 Shoring. Renowned manufacturers \u2714 New & used formwork, props, scaffolding & construction machinery \u2714 Request a quote now!","robots":{"index":"noindex","follow":"follow","max-snippet":"max-snippet:-1","max-image-preview":"max-image-preview:large","max-video-preview":"max-video-preview:-1"},"og_locale":"en_US","og_type":"article","og_title":"Doka Staxo 100 Shoring - JH - ITC GmbH","og_description":"Doka Staxo 100 Shoring. Renowned manufacturers \u2714 New & used formwork, props, scaffolding & construction machinery \u2714 Request a quote now!","og_url":"https:\/\/stage.jh-itc.de\/en\/shop\/doka-en\/doka-staxo-en\/doka-staxo-100-traggeruest\/","og_site_name":"JH - ITC GmbH","article_publisher":"https:\/\/www.facebook.com\/schalungshandel","og_image":[{"width":1024,"height":768,"url":"https:\/\/stage.jh-itc.de\/wp-content\/uploads\/2022\/01\/Doka-Staxo-100-7.jpg","type":"image\/jpeg"}],"twitter_card":"summary_large_image","twitter_site":"@JH_ITC","schema":{"@context":"https:\/\/schema.org","@graph":[{"@type":"WebPage","@id":"https:\/\/stage.jh-itc.de\/en\/shop\/doka-en\/doka-staxo-en\/doka-staxo-100-traggeruest\/","url":"https:\/\/stage.jh-itc.de\/en\/shop\/doka-en\/doka-staxo-en\/doka-staxo-100-traggeruest\/","name":"Doka Staxo 100 Shoring - JH - ITC GmbH","isPartOf":{"@id":"https:\/\/stage.jh-itc.de\/en\/#website"},"primaryImageOfPage":{"@id":"https:\/\/stage.jh-itc.de\/en\/shop\/doka-en\/doka-staxo-en\/doka-staxo-100-traggeruest\/#primaryimage"},"image":{"@id":"https:\/\/stage.jh-itc.de\/en\/shop\/doka-en\/doka-staxo-en\/doka-staxo-100-traggeruest\/#primaryimage"},"thumbnailUrl":"https:\/\/stage.jh-itc.de\/wp-content\/uploads\/2022\/01\/Doka-Staxo-100-7.jpg","datePublished":"2023-04-24T13:54:01+00:00","description":"Doka Staxo 100 Shoring. Renowned manufacturers \u2714 New & used formwork, props, scaffolding & construction machinery \u2714 Request a quote now!","breadcrumb":{"@id":"https:\/\/stage.jh-itc.de\/en\/shop\/doka-en\/doka-staxo-en\/doka-staxo-100-traggeruest\/#breadcrumb"},"inLanguage":"en-US","potentialAction":[{"@type":"ReadAction","target":["https:\/\/stage.jh-itc.de\/en\/shop\/doka-en\/doka-staxo-en\/doka-staxo-100-traggeruest\/"]}]},{"@type":"ImageObject","inLanguage":"en-US","@id":"https:\/\/stage.jh-itc.de\/en\/shop\/doka-en\/doka-staxo-en\/doka-staxo-100-traggeruest\/#primaryimage","url":"https:\/\/stage.jh-itc.de\/wp-content\/uploads\/2022\/01\/Doka-Staxo-100-7.jpg","contentUrl":"https:\/\/stage.jh-itc.de\/wp-content\/uploads\/2022\/01\/Doka-Staxo-100-7.jpg","width":1024,"height":768},{"@type":"BreadcrumbList","@id":"https:\/\/stage.jh-itc.de\/en\/shop\/doka-en\/doka-staxo-en\/doka-staxo-100-traggeruest\/#breadcrumb","itemListElement":[{"@type":"ListItem","position":1,"name":"Home","item":"https:\/\/stage.jh-itc.de\/en\/formwork-props-scaffolding-from-professionals\/"},{"@type":"ListItem","position":2,"name":"Store","item":"https:\/\/stage.jh-itc.de\/en\/?page_id=7087"},{"@type":"ListItem","position":3,"name":"Doka Staxo 100 Shoring"}]},{"@type":"WebSite","@id":"https:\/\/stage.jh-itc.de\/en\/#website","url":"https:\/\/stage.jh-itc.de\/en\/","name":"JH - ITC GmbH","description":"Ihr Experte f\u00fcr gebrauchte St\u00fctzen, Schalungen und Ger\u00fcste","publisher":{"@id":"https:\/\/stage.jh-itc.de\/en\/#organization"},"potentialAction":[{"@type":"SearchAction","target":{"@type":"EntryPoint","urlTemplate":"https:\/\/stage.jh-itc.de\/en\/?s={search_term_string}"},"query-input":{"@type":"PropertyValueSpecification","valueRequired":true,"valueName":"search_term_string"}}],"inLanguage":"en-US"},{"@type":"Organization","@id":"https:\/\/stage.jh-itc.de\/en\/#organization","name":"JH-ITC GmbH","url":"https:\/\/stage.jh-itc.de\/en\/","logo":{"@type":"ImageObject","inLanguage":"en-US","@id":"https:\/\/stage.jh-itc.de\/en\/#\/schema\/logo\/image\/","url":"https:\/\/stage.jh-itc.de\/wp-content\/uploads\/2016\/01\/JH-ITC2-1.png","contentUrl":"https:\/\/stage.jh-itc.de\/wp-content\/uploads\/2016\/01\/JH-ITC2-1.png","width":300,"height":102,"caption":"JH-ITC GmbH"},"image":{"@id":"https:\/\/stage.jh-itc.de\/en\/#\/schema\/logo\/image\/"},"sameAs":["https:\/\/www.facebook.com\/schalungshandel","https:\/\/x.com\/JH_ITC","https:\/\/www.linkedin.com\/in\/jhitc","https:\/\/youtu.be\/rMdZ-FLfI-Y"]}]}},"_links":{"self":[{"href":"https:\/\/stage.jh-itc.de\/en\/wp-json\/wp\/v2\/product\/42916","targetHints":{"allow":["GET"]}}],"collection":[{"href":"https:\/\/stage.jh-itc.de\/en\/wp-json\/wp\/v2\/product"}],"about":[{"href":"https:\/\/stage.jh-itc.de\/en\/wp-json\/wp\/v2\/types\/product"}],"wp:featuredmedia":[{"embeddable":true,"href":"https:\/\/stage.jh-itc.de\/en\/wp-json\/wp\/v2\/media\/37778"}],"wp:attachment":[{"href":"https:\/\/stage.jh-itc.de\/en\/wp-json\/wp\/v2\/media?parent=42916"}],"wp:term":[{"taxonomy":"product_brand","embeddable":true,"href":"https:\/\/stage.jh-itc.de\/en\/wp-json\/wp\/v2\/product_brand?post=42916"},{"taxonomy":"product_cat","embeddable":true,"href":"https:\/\/stage.jh-itc.de\/en\/wp-json\/wp\/v2\/product_cat?post=42916"},{"taxonomy":"product_tag","embeddable":true,"href":"https:\/\/stage.jh-itc.de\/en\/wp-json\/wp\/v2\/product_tag?post=42916"}],"curies":[{"name":"wp","href":"https:\/\/api.w.org\/{rel}","templated":true}]}}