{"id":42846,"date":"2022-07-13T20:02:12","date_gmt":"2023-04-24T13:53:40","guid":{"rendered":"https:\/\/www.jh-itc.de\/shop\/uncategorized\/peri-trio-scaffolding-bracket-trg-80-galvanized\/"},"modified":"2023-04-24T15:53:40","modified_gmt":"2023-04-24T13:53:40","slug":"peri-trio-scaffolding-console-trg-80-galvanized","status":"publish","type":"product","link":"https:\/\/stage.jh-itc.de\/en\/shop\/peri-en\/the-peri-trio\/peri-trio-scaffolding-console-trg-80-galvanized\/","title":{"rendered":"Peri Trio scaffolding bracket TRG 80, galvanized"},"content":{"rendered":"<p>The scaffolding bracket is used for mounting a working and concreting scaffold with Peri Maximo and Trio formwork on horizontal and vertical struts.<\/p>\n","protected":false},"excerpt":{"rendered":"<p>We offer new Peri Trio scaffolding bracket TRG 80, galvanized.<\/p>\n<p>If you are interested, please send us your inquiry.<\/p>\n","protected":false},"featured_media":39219,"template":"","meta":[],"product_brand":[],"product_cat":[227,224,228],"product_tag":[],"class_list":{"0":"post-42846","1":"product","2":"type-product","3":"status-publish","4":"has-post-thumbnail","6":"product_cat-peri-en","7":"product_cat-formwork","8":"product_cat-the-peri-trio","10":"first","11":"instock","12":"taxable","13":"shipping-taxable","14":"product-type-simple"},"yoast_head":"<!-- This site is optimized with the Yoast SEO plugin v26.5 - https:\/\/yoast.com\/wordpress\/plugins\/seo\/ -->\n<title>Peri Trio scaffolding bracket TRG 80, galvanized - JH - ITC GmbH<\/title>\n<meta name=\"description\" content=\"Peri Trio scaffolding bracket TRG 80, galvanized. Renowned manufacturers \u2714 New &amp; used formwork, props, scaffolding &amp; construction machinery \u2714 Request a quote now!\" \/>\n<meta name=\"robots\" content=\"noindex, follow, max-snippet:-1, max-image-preview:large, max-video-preview:-1\" \/>\n<meta property=\"og:locale\" content=\"en_US\" \/>\n<meta property=\"og:type\" content=\"article\" \/>\n<meta property=\"og:title\" content=\"Peri Trio scaffolding bracket TRG 80, galvanized - JH - ITC GmbH\" \/>\n<meta property=\"og:description\" content=\"Peri Trio scaffolding bracket TRG 80, galvanized. Renowned manufacturers \u2714 New &amp; used formwork, props, scaffolding &amp; construction machinery \u2714 Request a quote now!\" \/>\n<meta property=\"og:url\" content=\"https:\/\/stage.jh-itc.de\/en\/shop\/peri-en\/the-peri-trio\/peri-trio-scaffolding-console-trg-80-galvanized\/\" \/>\n<meta property=\"og:site_name\" content=\"JH - ITC GmbH\" \/>\n<meta property=\"article:publisher\" content=\"https:\/\/www.facebook.com\/schalungshandel\" \/>\n<meta property=\"og:image\" content=\"https:\/\/stage.jh-itc.de\/wp-content\/uploads\/2022\/07\/TRG80.jpg\" \/>\n\t<meta property=\"og:image:width\" content=\"987\" \/>\n\t<meta property=\"og:image:height\" content=\"353\" \/>\n\t<meta property=\"og:image:type\" content=\"image\/jpeg\" \/>\n<meta name=\"twitter:card\" content=\"summary_large_image\" \/>\n<meta name=\"twitter:site\" content=\"@JH_ITC\" \/>\n<!-- \/ Yoast SEO plugin. -->","yoast_head_json":{"title":"Peri Trio scaffolding bracket TRG 80, galvanized - JH - ITC GmbH","description":"Peri Trio scaffolding bracket TRG 80, galvanized. Renowned manufacturers \u2714 New & used formwork, props, scaffolding & construction machinery \u2714 Request a quote now!","robots":{"index":"noindex","follow":"follow","max-snippet":"max-snippet:-1","max-image-preview":"max-image-preview:large","max-video-preview":"max-video-preview:-1"},"og_locale":"en_US","og_type":"article","og_title":"Peri Trio scaffolding bracket TRG 80, galvanized - JH - ITC GmbH","og_description":"Peri Trio scaffolding bracket TRG 80, galvanized. Renowned manufacturers \u2714 New & used formwork, props, scaffolding & construction machinery \u2714 Request a quote now!","og_url":"https:\/\/stage.jh-itc.de\/en\/shop\/peri-en\/the-peri-trio\/peri-trio-scaffolding-console-trg-80-galvanized\/","og_site_name":"JH - ITC GmbH","article_publisher":"https:\/\/www.facebook.com\/schalungshandel","og_image":[{"width":987,"height":353,"url":"https:\/\/stage.jh-itc.de\/wp-content\/uploads\/2022\/07\/TRG80.jpg","type":"image\/jpeg"}],"twitter_card":"summary_large_image","twitter_site":"@JH_ITC","schema":{"@context":"https:\/\/schema.org","@graph":[{"@type":"WebPage","@id":"https:\/\/stage.jh-itc.de\/en\/shop\/peri-en\/the-peri-trio\/peri-trio-scaffolding-console-trg-80-galvanized\/","url":"https:\/\/stage.jh-itc.de\/en\/shop\/peri-en\/the-peri-trio\/peri-trio-scaffolding-console-trg-80-galvanized\/","name":"Peri Trio scaffolding bracket TRG 80, galvanized - JH - ITC GmbH","isPartOf":{"@id":"https:\/\/stage.jh-itc.de\/en\/#website"},"primaryImageOfPage":{"@id":"https:\/\/stage.jh-itc.de\/en\/shop\/peri-en\/the-peri-trio\/peri-trio-scaffolding-console-trg-80-galvanized\/#primaryimage"},"image":{"@id":"https:\/\/stage.jh-itc.de\/en\/shop\/peri-en\/the-peri-trio\/peri-trio-scaffolding-console-trg-80-galvanized\/#primaryimage"},"thumbnailUrl":"https:\/\/stage.jh-itc.de\/wp-content\/uploads\/2022\/07\/TRG80.jpg","datePublished":"2023-04-24T13:53:40+00:00","description":"Peri Trio scaffolding bracket TRG 80, galvanized. Renowned manufacturers \u2714 New & used formwork, props, scaffolding & construction machinery \u2714 Request a quote now!","breadcrumb":{"@id":"https:\/\/stage.jh-itc.de\/en\/shop\/peri-en\/the-peri-trio\/peri-trio-scaffolding-console-trg-80-galvanized\/#breadcrumb"},"inLanguage":"en-US","potentialAction":[{"@type":"ReadAction","target":["https:\/\/stage.jh-itc.de\/en\/shop\/peri-en\/the-peri-trio\/peri-trio-scaffolding-console-trg-80-galvanized\/"]}]},{"@type":"ImageObject","inLanguage":"en-US","@id":"https:\/\/stage.jh-itc.de\/en\/shop\/peri-en\/the-peri-trio\/peri-trio-scaffolding-console-trg-80-galvanized\/#primaryimage","url":"https:\/\/stage.jh-itc.de\/wp-content\/uploads\/2022\/07\/TRG80.jpg","contentUrl":"https:\/\/stage.jh-itc.de\/wp-content\/uploads\/2022\/07\/TRG80.jpg","width":987,"height":353},{"@type":"BreadcrumbList","@id":"https:\/\/stage.jh-itc.de\/en\/shop\/peri-en\/the-peri-trio\/peri-trio-scaffolding-console-trg-80-galvanized\/#breadcrumb","itemListElement":[{"@type":"ListItem","position":1,"name":"Home","item":"https:\/\/stage.jh-itc.de\/en\/formwork-props-scaffolding-from-professionals\/"},{"@type":"ListItem","position":2,"name":"Store","item":"https:\/\/stage.jh-itc.de\/en\/?page_id=7087"},{"@type":"ListItem","position":3,"name":"Peri Trio scaffolding bracket TRG 80, galvanized"}]},{"@type":"WebSite","@id":"https:\/\/stage.jh-itc.de\/en\/#website","url":"https:\/\/stage.jh-itc.de\/en\/","name":"JH - ITC GmbH","description":"Ihr Experte f\u00fcr gebrauchte St\u00fctzen, Schalungen und Ger\u00fcste","publisher":{"@id":"https:\/\/stage.jh-itc.de\/en\/#organization"},"potentialAction":[{"@type":"SearchAction","target":{"@type":"EntryPoint","urlTemplate":"https:\/\/stage.jh-itc.de\/en\/?s={search_term_string}"},"query-input":{"@type":"PropertyValueSpecification","valueRequired":true,"valueName":"search_term_string"}}],"inLanguage":"en-US"},{"@type":"Organization","@id":"https:\/\/stage.jh-itc.de\/en\/#organization","name":"JH-ITC GmbH","url":"https:\/\/stage.jh-itc.de\/en\/","logo":{"@type":"ImageObject","inLanguage":"en-US","@id":"https:\/\/stage.jh-itc.de\/en\/#\/schema\/logo\/image\/","url":"https:\/\/stage.jh-itc.de\/wp-content\/uploads\/2016\/01\/JH-ITC2-1.png","contentUrl":"https:\/\/stage.jh-itc.de\/wp-content\/uploads\/2016\/01\/JH-ITC2-1.png","width":300,"height":102,"caption":"JH-ITC GmbH"},"image":{"@id":"https:\/\/stage.jh-itc.de\/en\/#\/schema\/logo\/image\/"},"sameAs":["https:\/\/www.facebook.com\/schalungshandel","https:\/\/x.com\/JH_ITC","https:\/\/www.linkedin.com\/in\/jhitc","https:\/\/youtu.be\/rMdZ-FLfI-Y"]}]}},"_links":{"self":[{"href":"https:\/\/stage.jh-itc.de\/en\/wp-json\/wp\/v2\/product\/42846","targetHints":{"allow":["GET"]}}],"collection":[{"href":"https:\/\/stage.jh-itc.de\/en\/wp-json\/wp\/v2\/product"}],"about":[{"href":"https:\/\/stage.jh-itc.de\/en\/wp-json\/wp\/v2\/types\/product"}],"wp:featuredmedia":[{"embeddable":true,"href":"https:\/\/stage.jh-itc.de\/en\/wp-json\/wp\/v2\/media\/39219"}],"wp:attachment":[{"href":"https:\/\/stage.jh-itc.de\/en\/wp-json\/wp\/v2\/media?parent=42846"}],"wp:term":[{"taxonomy":"product_brand","embeddable":true,"href":"https:\/\/stage.jh-itc.de\/en\/wp-json\/wp\/v2\/product_brand?post=42846"},{"taxonomy":"product_cat","embeddable":true,"href":"https:\/\/stage.jh-itc.de\/en\/wp-json\/wp\/v2\/product_cat?post=42846"},{"taxonomy":"product_tag","embeddable":true,"href":"https:\/\/stage.jh-itc.de\/en\/wp-json\/wp\/v2\/product_tag?post=42846"}],"curies":[{"name":"wp","href":"https:\/\/api.w.org\/{rel}","templated":true}]}}