{"id":42795,"date":"2022-11-18T14:44:30","date_gmt":"2023-04-24T13:52:55","guid":{"rendered":"https:\/\/www.jh-itc.de\/shop\/uncategorized\/wendler-formwork-270m\/"},"modified":"2023-04-24T15:52:55","modified_gmt":"2023-04-24T13:52:55","slug":"wendler-formwork-270m","status":"publish","type":"product","link":"https:\/\/stage.jh-itc.de\/en\/shop\/formwork\/wendler-formwork-270m\/","title":{"rendered":"Wendler formwork 2,70m"},"content":{"rendered":"","protected":false},"excerpt":{"rendered":"<p>We offer a used Wendler SL formwork with 2.70m and 1.35m.<\/p>\n<table width=\"343\">\n<tbody>\n<tr>\n<td width=\"80\">Quantity<\/td>\n<td width=\"103\">Dimensions<\/td>\n<td width=\"80\">m\u00b2 \/piece<\/td>\n<td width=\"80\">m\u00b2 total<\/td>\n<\/tr>\n<tr>\n<td>47<\/td>\n<td>0,90&#215;2,70<\/td>\n<td>2,43<\/td>\n<td>114,21<\/td>\n<\/tr>\n<tr>\n<td>1<\/td>\n<td>0,70&#215;2,70<\/td>\n<td>1,89<\/td>\n<td>1,89<\/td>\n<\/tr>\n<tr>\n<td>14<\/td>\n<td>0,56&#215;2,70<\/td>\n<td>1,51<\/td>\n<td>21,14<\/td>\n<\/tr>\n<tr>\n<td>8<\/td>\n<td>0,50&#215;2,70<\/td>\n<td>1,35<\/td>\n<td>10,80<\/td>\n<\/tr>\n<tr>\n<td>6<\/td>\n<td>0,44&#215;2,70<\/td>\n<td>1,19<\/td>\n<td>7,14<\/td>\n<\/tr>\n<tr>\n<td>8<\/td>\n<td>0,30&#215;2,70<\/td>\n<td>0,81<\/td>\n<td>6,48<\/td>\n<\/tr>\n<tr>\n<td>15<\/td>\n<td>0,24&#215;2,70<\/td>\n<td>0,65<\/td>\n<td>9,75<\/td>\n<\/tr>\n<tr>\n<td>4<\/td>\n<td>0,20&#215;2,70<\/td>\n<td>0,54<\/td>\n<td>2,16<\/td>\n<\/tr>\n<tr>\n<td>28<\/td>\n<td>0,90&#215;1,35<\/td>\n<td>1,22<\/td>\n<td>34,16<\/td>\n<\/tr>\n<tr>\n<td>6<\/td>\n<td>0,70&#215;1,35<\/td>\n<td>0,95<\/td>\n<td>5,70<\/td>\n<\/tr>\n<tr>\n<td>6<\/td>\n<td>0,56&#215;1,35<\/td>\n<td>0,76<\/td>\n<td>4,56<\/td>\n<\/tr>\n<tr>\n<td>9<\/td>\n<td>0,50&#215;1,35<\/td>\n<td>0,68<\/td>\n<td>6,08<\/td>\n<\/tr>\n<tr>\n<td>8<\/td>\n<td>0,44&#215;1,35<\/td>\n<td>0,59<\/td>\n<td>4,72<\/td>\n<\/tr>\n<tr>\n<td>5<\/td>\n<td>0,40&#215;1,35<\/td>\n<td>0,54<\/td>\n<td>2,70<\/td>\n<\/tr>\n<tr>\n<td>9<\/td>\n<td>0,30&#215;1,35<\/td>\n<td>0,40<\/td>\n<td>3,60<\/td>\n<\/tr>\n<tr>\n<td>10<\/td>\n<td>0,24&#215;1,35<\/td>\n<td>0,32<\/td>\n<td>3,20<\/td>\n<\/tr>\n<tr>\n<td>6<\/td>\n<td>0,20&#215;1,35<\/td>\n<td>0,27<\/td>\n<td>1,62<\/td>\n<\/tr>\n<tr>\n<td>3<\/td>\n<td>AE 270<\/td>\n<td><\/td>\n<td><\/td>\n<\/tr>\n<tr>\n<td>20<\/td>\n<td>IE 135<\/td>\n<td><\/td>\n<td><\/td>\n<\/tr>\n<tr>\n<td>20<\/td>\n<td>AE 135<\/td>\n<td><\/td>\n<td><\/td>\n<\/tr>\n<tr>\n<td>4<\/td>\n<td>GE inside 135<\/td>\n<td><\/td>\n<td><\/td>\n<\/tr>\n<tr>\n<td>4<\/td>\n<td>GE outside 135<\/td>\n<td><\/td>\n<td><\/td>\n<\/tr>\n<tr>\n<td>10<\/td>\n<td>Running console<\/td>\n<td><\/td>\n<td><\/td>\n<\/tr>\n<tr>\n<td><\/td>\n<td>Various accessories<\/td>\n<td><\/td>\n<td>239,91<\/td>\n<\/tr>\n<\/tbody>\n<\/table>\n<p>If you are interested, please send us your inquiry.<\/p>\n","protected":false},"featured_media":0,"template":"","meta":[],"product_brand":[],"product_cat":[224,255],"product_tag":[],"class_list":{"0":"post-42795","1":"product","2":"type-product","3":"status-publish","5":"product_cat-formwork","6":"product_cat-wendler-en","8":"first","9":"instock","10":"taxable","11":"shipping-taxable","12":"product-type-simple"},"yoast_head":"<!-- This site is optimized with the Yoast SEO plugin v26.5 - https:\/\/yoast.com\/wordpress\/plugins\/seo\/ -->\n<title>Wendler formwork 2,70m - JH - ITC GmbH<\/title>\n<meta name=\"description\" content=\"Wendler formwork 2,70m. Renowned manufacturers \u2714 New &amp; used formwork, props, scaffolding &amp; construction machinery \u2714 Request a quote now!\" \/>\n<meta name=\"robots\" content=\"noindex, follow, max-snippet:-1, max-image-preview:large, max-video-preview:-1\" \/>\n<meta property=\"og:locale\" content=\"en_US\" \/>\n<meta property=\"og:type\" content=\"article\" \/>\n<meta property=\"og:title\" content=\"Wendler formwork 2,70m - JH - ITC GmbH\" \/>\n<meta property=\"og:description\" content=\"Wendler formwork 2,70m. Renowned manufacturers \u2714 New &amp; used formwork, props, scaffolding &amp; construction machinery \u2714 Request a quote now!\" \/>\n<meta property=\"og:url\" content=\"https:\/\/stage.jh-itc.de\/en\/shop\/formwork\/wendler-formwork-270m\/\" \/>\n<meta property=\"og:site_name\" content=\"JH - ITC GmbH\" \/>\n<meta property=\"article:publisher\" content=\"https:\/\/www.facebook.com\/schalungshandel\" \/>\n<meta property=\"og:image\" content=\"https:\/\/stage.jh-itc.de\/wp-content\/uploads\/2022\/11\/Wendler-SL-Schalung-3.jpg\" \/>\n\t<meta property=\"og:image:width\" content=\"2048\" \/>\n\t<meta property=\"og:image:height\" content=\"1536\" \/>\n\t<meta property=\"og:image:type\" content=\"image\/jpeg\" \/>\n<meta name=\"twitter:card\" content=\"summary_large_image\" \/>\n<meta name=\"twitter:site\" content=\"@JH_ITC\" \/>\n<!-- \/ Yoast SEO plugin. -->","yoast_head_json":{"title":"Wendler formwork 2,70m - JH - ITC GmbH","description":"Wendler formwork 2,70m. Renowned manufacturers \u2714 New & used formwork, props, scaffolding & construction machinery \u2714 Request a quote now!","robots":{"index":"noindex","follow":"follow","max-snippet":"max-snippet:-1","max-image-preview":"max-image-preview:large","max-video-preview":"max-video-preview:-1"},"og_locale":"en_US","og_type":"article","og_title":"Wendler formwork 2,70m - JH - ITC GmbH","og_description":"Wendler formwork 2,70m. Renowned manufacturers \u2714 New & used formwork, props, scaffolding & construction machinery \u2714 Request a quote now!","og_url":"https:\/\/stage.jh-itc.de\/en\/shop\/formwork\/wendler-formwork-270m\/","og_site_name":"JH - ITC GmbH","article_publisher":"https:\/\/www.facebook.com\/schalungshandel","og_image":[{"width":2048,"height":1536,"url":"https:\/\/stage.jh-itc.de\/wp-content\/uploads\/2022\/11\/Wendler-SL-Schalung-3.jpg","type":"image\/jpeg"}],"twitter_card":"summary_large_image","twitter_site":"@JH_ITC","schema":{"@context":"https:\/\/schema.org","@graph":[{"@type":"WebPage","@id":"https:\/\/stage.jh-itc.de\/en\/shop\/formwork\/wendler-formwork-270m\/","url":"https:\/\/stage.jh-itc.de\/en\/shop\/formwork\/wendler-formwork-270m\/","name":"Wendler formwork 2,70m - JH - ITC GmbH","isPartOf":{"@id":"https:\/\/stage.jh-itc.de\/en\/#website"},"datePublished":"2023-04-24T13:52:55+00:00","description":"Wendler formwork 2,70m. Renowned manufacturers \u2714 New & used formwork, props, scaffolding & construction machinery \u2714 Request a quote now!","breadcrumb":{"@id":"https:\/\/stage.jh-itc.de\/en\/shop\/formwork\/wendler-formwork-270m\/#breadcrumb"},"inLanguage":"en-US","potentialAction":[{"@type":"ReadAction","target":["https:\/\/stage.jh-itc.de\/en\/shop\/formwork\/wendler-formwork-270m\/"]}]},{"@type":"BreadcrumbList","@id":"https:\/\/stage.jh-itc.de\/en\/shop\/formwork\/wendler-formwork-270m\/#breadcrumb","itemListElement":[{"@type":"ListItem","position":1,"name":"Home","item":"https:\/\/stage.jh-itc.de\/en\/formwork-props-scaffolding-from-professionals\/"},{"@type":"ListItem","position":2,"name":"Store","item":"https:\/\/stage.jh-itc.de\/en\/?page_id=7087"},{"@type":"ListItem","position":3,"name":"Wendler formwork 2,70m"}]},{"@type":"WebSite","@id":"https:\/\/stage.jh-itc.de\/en\/#website","url":"https:\/\/stage.jh-itc.de\/en\/","name":"JH - ITC GmbH","description":"Ihr Experte f\u00fcr gebrauchte St\u00fctzen, Schalungen und Ger\u00fcste","publisher":{"@id":"https:\/\/stage.jh-itc.de\/en\/#organization"},"potentialAction":[{"@type":"SearchAction","target":{"@type":"EntryPoint","urlTemplate":"https:\/\/stage.jh-itc.de\/en\/?s={search_term_string}"},"query-input":{"@type":"PropertyValueSpecification","valueRequired":true,"valueName":"search_term_string"}}],"inLanguage":"en-US"},{"@type":"Organization","@id":"https:\/\/stage.jh-itc.de\/en\/#organization","name":"JH-ITC GmbH","url":"https:\/\/stage.jh-itc.de\/en\/","logo":{"@type":"ImageObject","inLanguage":"en-US","@id":"https:\/\/stage.jh-itc.de\/en\/#\/schema\/logo\/image\/","url":"https:\/\/stage.jh-itc.de\/wp-content\/uploads\/2016\/01\/JH-ITC2-1.png","contentUrl":"https:\/\/stage.jh-itc.de\/wp-content\/uploads\/2016\/01\/JH-ITC2-1.png","width":300,"height":102,"caption":"JH-ITC GmbH"},"image":{"@id":"https:\/\/stage.jh-itc.de\/en\/#\/schema\/logo\/image\/"},"sameAs":["https:\/\/www.facebook.com\/schalungshandel","https:\/\/x.com\/JH_ITC","https:\/\/www.linkedin.com\/in\/jhitc","https:\/\/youtu.be\/rMdZ-FLfI-Y"]}]}},"_links":{"self":[{"href":"https:\/\/stage.jh-itc.de\/en\/wp-json\/wp\/v2\/product\/42795","targetHints":{"allow":["GET"]}}],"collection":[{"href":"https:\/\/stage.jh-itc.de\/en\/wp-json\/wp\/v2\/product"}],"about":[{"href":"https:\/\/stage.jh-itc.de\/en\/wp-json\/wp\/v2\/types\/product"}],"wp:attachment":[{"href":"https:\/\/stage.jh-itc.de\/en\/wp-json\/wp\/v2\/media?parent=42795"}],"wp:term":[{"taxonomy":"product_brand","embeddable":true,"href":"https:\/\/stage.jh-itc.de\/en\/wp-json\/wp\/v2\/product_brand?post=42795"},{"taxonomy":"product_cat","embeddable":true,"href":"https:\/\/stage.jh-itc.de\/en\/wp-json\/wp\/v2\/product_cat?post=42795"},{"taxonomy":"product_tag","embeddable":true,"href":"https:\/\/stage.jh-itc.de\/en\/wp-json\/wp\/v2\/product_tag?post=42795"}],"curies":[{"name":"wp","href":"https:\/\/api.w.org\/{rel}","templated":true}]}}