{"id":13332,"date":"2020-12-03T12:52:26","date_gmt":"2021-03-01T19:06:18","guid":{"rendered":"https:\/\/www.jh-itc.de\/shop\/uncategorized\/meva-alu-star-meva-star-tec\/"},"modified":"2021-04-28T21:50:33","modified_gmt":"2021-04-28T19:50:33","slug":"meva-alu-star-meva-star-tec","status":"publish","type":"product","link":"https:\/\/stage.jh-itc.de\/en\/shop\/meva-en\/meva-alu-star-en\/meva-alu-star-meva-star-tec\/","title":{"rendered":"Meva Alu Star + Meva Star Tec"},"content":{"rendered":"<table width=\"0\">\n<tbody>\n<tr>\n<td width=\"169\"><strong>Part number<\/strong><\/td>\n<td width=\"651\"><strong>Article description<\/strong><\/td>\n<td width=\"135\"><strong>Quantity<\/strong><\/td>\n<\/tr>\n<tr>\n<td width=\"169\">2920173<\/td>\n<td width=\"651\">AS alignment rail 50, galvanized<\/td>\n<td width=\"135\">108<\/td>\n<\/tr>\n<tr>\n<td width=\"169\">2910545<\/td>\n<td width=\"651\">Shuttering bracket 23 x 40<\/td>\n<td width=\"135\">8<\/td>\n<\/tr>\n<tr>\n<td width=\"169\">2920175<\/td>\n<td width=\"651\">AS alignment rail 125, galvanized<\/td>\n<td width=\"135\">39<\/td>\n<\/tr>\n<tr>\n<td width=\"169\">2208301<\/td>\n<td width=\"651\">AS element AL 17 270 x 90<\/td>\n<td width=\"135\">96<\/td>\n<\/tr>\n<tr>\n<td width=\"169\">2208401<\/td>\n<td width=\"651\">AS element AL 17 270 x 75<\/td>\n<td width=\"135\">89<\/td>\n<\/tr>\n<tr>\n<td width=\"169\">2208421<\/td>\n<td width=\"651\">AS element AL 17 270 x 60<\/td>\n<td width=\"135\">68<\/td>\n<\/tr>\n<tr>\n<td width=\"169\">2208431<\/td>\n<td width=\"651\">AS element AL 17 270 x 55<\/td>\n<td width=\"135\">55<\/td>\n<\/tr>\n<tr>\n<td width=\"169\">2208434<\/td>\n<td width=\"651\">AS element AL 17 270 x 50<\/td>\n<td width=\"135\">39<\/td>\n<\/tr>\n<tr>\n<td width=\"169\">2208446<\/td>\n<td width=\"651\">AS element AL 17 270 x 45<\/td>\n<td width=\"135\">38<\/td>\n<\/tr>\n<tr>\n<td width=\"169\">2208456<\/td>\n<td width=\"651\">AS element AL 17 270 x 40<\/td>\n<td width=\"135\">39<\/td>\n<\/tr>\n<tr>\n<td width=\"169\">2208471<\/td>\n<td width=\"651\">AS element AL 17 270 x 30<\/td>\n<td width=\"135\">40<\/td>\n<\/tr>\n<tr>\n<td width=\"169\">2208501<\/td>\n<td width=\"651\">AS element AL 17 135 x 90<\/td>\n<td width=\"135\">89<\/td>\n<\/tr>\n<tr>\n<td width=\"169\">2208621<\/td>\n<td width=\"651\">AS element AL 17 135 x 60<\/td>\n<td width=\"135\">26<\/td>\n<\/tr>\n<tr>\n<td width=\"169\">2208631<\/td>\n<td width=\"651\">AS element AL 17 135 x 55<\/td>\n<td width=\"135\">25<\/td>\n<\/tr>\n<tr>\n<td width=\"169\">2208634<\/td>\n<td width=\"651\">AS element AL 17 135 x 50<\/td>\n<td width=\"135\">26<\/td>\n<\/tr>\n<tr>\n<td width=\"169\">2208646<\/td>\n<td width=\"651\">AS element AL 17 135 x 45<\/td>\n<td width=\"135\">30<\/td>\n<\/tr>\n<tr>\n<td width=\"169\">2208656<\/td>\n<td width=\"651\">AS element AL 17 135 x 40<\/td>\n<td width=\"135\">26<\/td>\n<\/tr>\n<tr>\n<td width=\"169\">2208671<\/td>\n<td width=\"651\">AS element AL 17 135 x 30<\/td>\n<td width=\"135\">36<\/td>\n<\/tr>\n<tr>\n<td width=\"169\">2208676<\/td>\n<td width=\"651\">AS element AL 17 135 x 25<\/td>\n<td width=\"135\">2<\/td>\n<\/tr>\n<tr>\n<td width=\"169\">2121226<\/td>\n<td width=\"651\">ST multi-purpose element AL 17, 270 x 75<\/td>\n<td width=\"135\">20<\/td>\n<\/tr>\n<tr>\n<td width=\"169\">2208701<\/td>\n<td width=\"651\">AS element 90 x 90<\/td>\n<td width=\"135\">40<\/td>\n<\/tr>\n<tr>\n<td width=\"169\">2208726<\/td>\n<td width=\"651\">AS element 90 x 75<\/td>\n<td width=\"135\">36<\/td>\n<\/tr>\n<tr>\n<td width=\"169\">2208741<\/td>\n<td width=\"651\">AS element 90 x 60<\/td>\n<td width=\"135\">25<\/td>\n<\/tr>\n<tr>\n<td width=\"169\">2208746<\/td>\n<td width=\"651\">AS element 90 x 55<\/td>\n<td width=\"135\">26<\/td>\n<\/tr>\n<tr>\n<td width=\"169\">2208751<\/td>\n<td width=\"651\">AS element 90 x 50<\/td>\n<td width=\"135\">26<\/td>\n<\/tr>\n<tr>\n<td width=\"169\">2208756<\/td>\n<td width=\"651\">AS element 90 x 45<\/td>\n<td width=\"135\">25<\/td>\n<\/tr>\n<tr>\n<td width=\"169\">2208761<\/td>\n<td width=\"651\">AS element 90 x 40<\/td>\n<td width=\"135\">16<\/td>\n<\/tr>\n<tr>\n<td width=\"169\">2208771<\/td>\n<td width=\"651\">AS element 90 x 30<\/td>\n<td width=\"135\">30<\/td>\n<\/tr>\n<tr>\n<td width=\"169\">2215044<\/td>\n<td width=\"651\">AS inner corner 90\/25 AL<\/td>\n<td width=\"135\">11<\/td>\n<\/tr>\n<tr>\n<td width=\"169\">2215034<\/td>\n<td width=\"651\">AS inner corner 135 x 25 AL<\/td>\n<td width=\"135\">39<\/td>\n<\/tr>\n<tr>\n<td width=\"169\">2214030<\/td>\n<td width=\"651\">AS\/ST outside corner 135<\/td>\n<td width=\"135\">25<\/td>\n<\/tr>\n<tr>\n<td width=\"169\">2214035<\/td>\n<td width=\"651\">Outside corner 135 x 5 Alu<\/td>\n<td width=\"135\">20<\/td>\n<\/tr>\n<tr>\n<td width=\"169\">2127010<\/td>\n<td width=\"651\">AS articulated corner inside 135 x 30<\/td>\n<td width=\"135\">7<\/td>\n<\/tr>\n<tr>\n<td width=\"169\">2128010<\/td>\n<td width=\"651\">AS hinged corner outside 135 x 7.5<\/td>\n<td width=\"135\">5<\/td>\n<\/tr>\n<tr>\n<td width=\"169\">2920500<\/td>\n<td width=\"651\">AS assembly lock<\/td>\n<td width=\"135\">3070<\/td>\n<\/tr>\n<tr>\n<td width=\"169\">2940285<\/td>\n<td width=\"651\">Face anchor 23 x 40 yellow<\/td>\n<td width=\"135\">30<\/td>\n<\/tr>\n<tr>\n<td width=\"169\">2920389<\/td>\n<td width=\"651\">AS Crane Hook<\/td>\n<td width=\"135\">24<\/td>\n<\/tr>\n<tr>\n<td width=\"169\">2120003<\/td>\n<td width=\"651\">ST element AL 20 270 x 240<\/td>\n<td width=\"135\">42<\/td>\n<\/tr>\n<tr>\n<td width=\"169\">2120006<\/td>\n<td width=\"651\">ST element AL 20 270 x 135<\/td>\n<td width=\"135\">44<\/td>\n<\/tr>\n<tr>\n<td width=\"169\">2125105<\/td>\n<td width=\"651\">ST inner corner 270 x 25 AL<\/td>\n<td width=\"135\">30<\/td>\n<\/tr>\n<tr>\n<td width=\"169\">2214020<\/td>\n<td width=\"651\">AS\/ST Outside corner 270<\/td>\n<td width=\"135\">31<\/td>\n<\/tr>\n<tr>\n<td width=\"169\">2940085<\/td>\n<td width=\"651\">Uni assembly lock 22<\/td>\n<td width=\"135\">470<\/td>\n<\/tr>\n<tr>\n<td width=\"169\">2940110<\/td>\n<td width=\"651\">Flange screw 18<\/td>\n<td width=\"135\">986<\/td>\n<\/tr>\n<tr>\n<td width=\"169\">2940250<\/td>\n<td width=\"651\">M alignment rail 250, galv.<\/td>\n<td width=\"135\">47<\/td>\n<\/tr>\n<tr>\n<td width=\"169\">2990010<\/td>\n<td width=\"651\">Articulated flange nut 15 x 120 (SW 27)<\/td>\n<td width=\"135\">1824<\/td>\n<\/tr>\n<tr>\n<td width=\"169\">2990141<\/td>\n<td width=\"651\">Uni-Claw<\/td>\n<td width=\"135\">303<\/td>\n<\/tr>\n<tr>\n<td width=\"169\">2910600<\/td>\n<td width=\"651\">Running bracket 90 (yellow), galv.<\/td>\n<td width=\"135\">137<\/td>\n<\/tr>\n<tr>\n<td width=\"169\">2910550<\/td>\n<td width=\"651\">Shuttering bracket 40 x 60<\/td>\n<td width=\"135\">44<\/td>\n<\/tr>\n<tr>\n<td width=\"169\">2910600<\/td>\n<td width=\"651\">Running bracket 90 (yellow), galv.<\/td>\n<td width=\"135\">147<\/td>\n<\/tr>\n<tr>\n<td width=\"169\">2910880<\/td>\n<td width=\"651\">Brace SRL 120 (90-150)<\/td>\n<td width=\"135\">100<\/td>\n<\/tr>\n<tr>\n<td width=\"169\">2910960<\/td>\n<td width=\"651\">Push-pull prop R 250 (190-320)<\/td>\n<td width=\"135\">100<\/td>\n<\/tr>\n<tr>\n<td width=\"169\">2940232<\/td>\n<td width=\"651\">Double-jointed foot plate (RS \u00d8 up to 57mm)<\/td>\n<td width=\"135\">102<\/td>\n<\/tr>\n<tr>\n<td width=\"169\">4241350<\/td>\n<td width=\"651\">Head bolt 16 x 90 galv.<\/td>\n<td width=\"135\">545<\/td>\n<\/tr>\n<tr>\n<td width=\"169\">2980485<\/td>\n<td width=\"651\">Connection joint<\/td>\n<td width=\"135\">193<\/td>\n<\/tr>\n<tr>\n<td width=\"169\">2700020<\/td>\n<td width=\"651\">Stacking frame (Barelle)<\/td>\n<td width=\"135\">14<\/td>\n<\/tr>\n<tr>\n<td width=\"169\">2940142<\/td>\n<td width=\"651\">Transport plug 40<\/td>\n<td width=\"135\">28<\/td>\n<\/tr>\n<tr>\n<td width=\"169\">2700010<\/td>\n<td width=\"651\">Small parts box 120\/100<\/td>\n<td width=\"135\">11<\/td>\n<\/tr>\n<\/tbody>\n<\/table>\n","protected":false},"excerpt":{"rendered":"<p>We can offer you the following <strong>Meva Alu Star + Meva Star Tec<\/strong> formwork without obligation.<\/p>\n<p>The formwork is in a very good condition.<\/p>\n<p>If you are interested, we will be happy to send you your inquiry.<\/p>\n<p>&nbsp;<\/p>\n","protected":false},"featured_media":13333,"template":"","meta":[],"product_brand":[],"product_cat":[239,258,259,224],"product_tag":[],"class_list":{"0":"post-13332","1":"product","2":"type-product","3":"status-publish","4":"has-post-thumbnail","6":"product_cat-meva-en","7":"product_cat-meva-alu-star-en","8":"product_cat-meva-star-tec-en","9":"product_cat-formwork","11":"first","12":"instock","13":"taxable","14":"shipping-taxable","15":"product-type-simple"},"yoast_head":"<!-- This site is optimized with the Yoast SEO plugin v26.5 - https:\/\/yoast.com\/wordpress\/plugins\/seo\/ -->\n<title>Meva Alu Star + Meva Star Tec - JH - ITC GmbH<\/title>\n<meta name=\"description\" content=\"Meva Alu Star + Meva Star Tec. Renowned manufacturers \u2714 New &amp; used formwork, props, scaffolding &amp; construction machinery \u2714 Request a quote now!\" \/>\n<meta name=\"robots\" content=\"noindex, follow, max-snippet:-1, max-image-preview:large, max-video-preview:-1\" \/>\n<meta property=\"og:locale\" content=\"en_US\" \/>\n<meta property=\"og:type\" content=\"article\" \/>\n<meta property=\"og:title\" content=\"Meva Alu Star + Meva Star Tec - JH - ITC GmbH\" \/>\n<meta property=\"og:description\" content=\"Meva Alu Star + Meva Star Tec. Renowned manufacturers \u2714 New &amp; used formwork, props, scaffolding &amp; construction machinery \u2714 Request a quote now!\" \/>\n<meta property=\"og:url\" content=\"https:\/\/stage.jh-itc.de\/en\/shop\/meva-en\/meva-alu-star-en\/meva-alu-star-meva-star-tec\/\" \/>\n<meta property=\"og:site_name\" content=\"JH - ITC GmbH\" \/>\n<meta property=\"article:publisher\" content=\"https:\/\/www.facebook.com\/schalungshandel\" \/>\n<meta property=\"article:modified_time\" content=\"2021-04-28T19:50:33+00:00\" \/>\n<meta property=\"og:image\" content=\"https:\/\/stage.jh-itc.de\/wp-content\/uploads\/2020\/12\/Meva-Alu-Star-7.jpg\" \/>\n\t<meta property=\"og:image:width\" content=\"983\" \/>\n\t<meta property=\"og:image:height\" content=\"437\" \/>\n\t<meta property=\"og:image:type\" content=\"image\/jpeg\" \/>\n<meta name=\"twitter:card\" content=\"summary_large_image\" \/>\n<meta name=\"twitter:site\" content=\"@JH_ITC\" \/>\n<meta name=\"twitter:label1\" content=\"Est. reading time\" \/>\n\t<meta name=\"twitter:data1\" content=\"1 minute\" \/>\n<!-- \/ Yoast SEO plugin. -->","yoast_head_json":{"title":"Meva Alu Star + Meva Star Tec - JH - ITC GmbH","description":"Meva Alu Star + Meva Star Tec. Renowned manufacturers \u2714 New & used formwork, props, scaffolding & construction machinery \u2714 Request a quote now!","robots":{"index":"noindex","follow":"follow","max-snippet":"max-snippet:-1","max-image-preview":"max-image-preview:large","max-video-preview":"max-video-preview:-1"},"og_locale":"en_US","og_type":"article","og_title":"Meva Alu Star + Meva Star Tec - JH - ITC GmbH","og_description":"Meva Alu Star + Meva Star Tec. Renowned manufacturers \u2714 New & used formwork, props, scaffolding & construction machinery \u2714 Request a quote now!","og_url":"https:\/\/stage.jh-itc.de\/en\/shop\/meva-en\/meva-alu-star-en\/meva-alu-star-meva-star-tec\/","og_site_name":"JH - ITC GmbH","article_publisher":"https:\/\/www.facebook.com\/schalungshandel","article_modified_time":"2021-04-28T19:50:33+00:00","og_image":[{"width":983,"height":437,"url":"https:\/\/stage.jh-itc.de\/wp-content\/uploads\/2020\/12\/Meva-Alu-Star-7.jpg","type":"image\/jpeg"}],"twitter_card":"summary_large_image","twitter_site":"@JH_ITC","twitter_misc":{"Est. reading time":"1 minute"},"schema":{"@context":"https:\/\/schema.org","@graph":[{"@type":"WebPage","@id":"https:\/\/stage.jh-itc.de\/en\/shop\/meva-en\/meva-alu-star-en\/meva-alu-star-meva-star-tec\/","url":"https:\/\/stage.jh-itc.de\/en\/shop\/meva-en\/meva-alu-star-en\/meva-alu-star-meva-star-tec\/","name":"Meva Alu Star + Meva Star Tec - JH - ITC GmbH","isPartOf":{"@id":"https:\/\/stage.jh-itc.de\/en\/#website"},"primaryImageOfPage":{"@id":"https:\/\/stage.jh-itc.de\/en\/shop\/meva-en\/meva-alu-star-en\/meva-alu-star-meva-star-tec\/#primaryimage"},"image":{"@id":"https:\/\/stage.jh-itc.de\/en\/shop\/meva-en\/meva-alu-star-en\/meva-alu-star-meva-star-tec\/#primaryimage"},"thumbnailUrl":"https:\/\/stage.jh-itc.de\/wp-content\/uploads\/2020\/12\/Meva-Alu-Star-7.jpg","datePublished":"2021-03-01T19:06:18+00:00","dateModified":"2021-04-28T19:50:33+00:00","description":"Meva Alu Star + Meva Star Tec. Renowned manufacturers \u2714 New & used formwork, props, scaffolding & construction machinery \u2714 Request a quote now!","breadcrumb":{"@id":"https:\/\/stage.jh-itc.de\/en\/shop\/meva-en\/meva-alu-star-en\/meva-alu-star-meva-star-tec\/#breadcrumb"},"inLanguage":"en-US","potentialAction":[{"@type":"ReadAction","target":["https:\/\/stage.jh-itc.de\/en\/shop\/meva-en\/meva-alu-star-en\/meva-alu-star-meva-star-tec\/"]}]},{"@type":"ImageObject","inLanguage":"en-US","@id":"https:\/\/stage.jh-itc.de\/en\/shop\/meva-en\/meva-alu-star-en\/meva-alu-star-meva-star-tec\/#primaryimage","url":"https:\/\/stage.jh-itc.de\/wp-content\/uploads\/2020\/12\/Meva-Alu-Star-7.jpg","contentUrl":"https:\/\/stage.jh-itc.de\/wp-content\/uploads\/2020\/12\/Meva-Alu-Star-7.jpg","width":983,"height":437},{"@type":"BreadcrumbList","@id":"https:\/\/stage.jh-itc.de\/en\/shop\/meva-en\/meva-alu-star-en\/meva-alu-star-meva-star-tec\/#breadcrumb","itemListElement":[{"@type":"ListItem","position":1,"name":"Home","item":"https:\/\/stage.jh-itc.de\/en\/formwork-props-scaffolding-from-professionals\/"},{"@type":"ListItem","position":2,"name":"Store","item":"https:\/\/stage.jh-itc.de\/en\/?page_id=7087"},{"@type":"ListItem","position":3,"name":"Meva Alu Star + Meva Star Tec"}]},{"@type":"WebSite","@id":"https:\/\/stage.jh-itc.de\/en\/#website","url":"https:\/\/stage.jh-itc.de\/en\/","name":"JH - ITC GmbH","description":"Ihr Experte f\u00fcr gebrauchte St\u00fctzen, Schalungen und Ger\u00fcste","publisher":{"@id":"https:\/\/stage.jh-itc.de\/en\/#organization"},"potentialAction":[{"@type":"SearchAction","target":{"@type":"EntryPoint","urlTemplate":"https:\/\/stage.jh-itc.de\/en\/?s={search_term_string}"},"query-input":{"@type":"PropertyValueSpecification","valueRequired":true,"valueName":"search_term_string"}}],"inLanguage":"en-US"},{"@type":"Organization","@id":"https:\/\/stage.jh-itc.de\/en\/#organization","name":"JH-ITC GmbH","url":"https:\/\/stage.jh-itc.de\/en\/","logo":{"@type":"ImageObject","inLanguage":"en-US","@id":"https:\/\/stage.jh-itc.de\/en\/#\/schema\/logo\/image\/","url":"https:\/\/stage.jh-itc.de\/wp-content\/uploads\/2016\/01\/JH-ITC2-1.png","contentUrl":"https:\/\/stage.jh-itc.de\/wp-content\/uploads\/2016\/01\/JH-ITC2-1.png","width":300,"height":102,"caption":"JH-ITC GmbH"},"image":{"@id":"https:\/\/stage.jh-itc.de\/en\/#\/schema\/logo\/image\/"},"sameAs":["https:\/\/www.facebook.com\/schalungshandel","https:\/\/x.com\/JH_ITC","https:\/\/www.linkedin.com\/in\/jhitc","https:\/\/youtu.be\/rMdZ-FLfI-Y"]}]}},"_links":{"self":[{"href":"https:\/\/stage.jh-itc.de\/en\/wp-json\/wp\/v2\/product\/13332","targetHints":{"allow":["GET"]}}],"collection":[{"href":"https:\/\/stage.jh-itc.de\/en\/wp-json\/wp\/v2\/product"}],"about":[{"href":"https:\/\/stage.jh-itc.de\/en\/wp-json\/wp\/v2\/types\/product"}],"wp:featuredmedia":[{"embeddable":true,"href":"https:\/\/stage.jh-itc.de\/en\/wp-json\/wp\/v2\/media\/13333"}],"wp:attachment":[{"href":"https:\/\/stage.jh-itc.de\/en\/wp-json\/wp\/v2\/media?parent=13332"}],"wp:term":[{"taxonomy":"product_brand","embeddable":true,"href":"https:\/\/stage.jh-itc.de\/en\/wp-json\/wp\/v2\/product_brand?post=13332"},{"taxonomy":"product_cat","embeddable":true,"href":"https:\/\/stage.jh-itc.de\/en\/wp-json\/wp\/v2\/product_cat?post=13332"},{"taxonomy":"product_tag","embeddable":true,"href":"https:\/\/stage.jh-itc.de\/en\/wp-json\/wp\/v2\/product_tag?post=13332"}],"curies":[{"name":"wp","href":"https:\/\/api.w.org\/{rel}","templated":true}]}}