{"id":13317,"date":"2020-12-06T15:24:13","date_gmt":"2021-03-01T19:06:15","guid":{"rendered":"https:\/\/www.jh-itc.de\/shop\/uncategorized\/laser-marking-system-for-tyres-tyre-laser-marker\/"},"modified":"2021-04-28T21:04:17","modified_gmt":"2021-04-28T19:04:17","slug":"laser-marker-for-tires-tyre-laser-marker","status":"publish","type":"product","link":"https:\/\/stage.jh-itc.de\/en\/shop\/special-items\/laser-marker-for-tires-tyre-laser-marker\/","title":{"rendered":"Laser marking system for tyres"},"content":{"rendered":"<p><strong>Features and performance details of the <\/strong><strong>opto-electronic components:<\/strong><br \/>\nThe optical components of the NeroForce laser marker machine for truck tyres are<br \/>\nMarket leaders in the United States imported and consist of:<\/p>\n<p>&#8211; Two US-made CO2 RF lasers with high electro-optical conversion rates<br \/>\n&#8211; High speed scan mirror<br \/>\n&#8211; High precision assembly line<br \/>\n&#8211; Fibre grating instead of a conventional resonator<br \/>\nThese components guarantee:<br \/>\n&#8211; Excellent beam quality<br \/>\n&#8211; Smaller focus point<br \/>\n&#8211; Better processing quality<br \/>\n&#8211; Low failure rate and long service life up to 100,000 hours<\/p>\n<p><strong>Main mechanical components and features:<\/strong><br \/>\n&#8211; Roll-up and roll-off frame (NF-LM1500SA)<br \/>\n&#8211; Liftable frame (LM-1600MR)<br \/>\n&#8211; Horizontal laser aligner for symmetrical approach of both lasers to both<br \/>\nTyre sidewalls<br \/>\n&#8211; Individually adjustable vertical supports for vertical height adjustment of both lasers<br \/>\nFrame materials and accessories:<br \/>\n&#8211; The materials of the base, bridge, clamping plate and other constructions are made of high-quality<br \/>\nCarbon steel made<br \/>\n&#8211; Screws and roller material are made of high quality C45 carbon steel and have been tested according to their<br \/>\nindividual requirements surface treatment (spray painted, blackened &amp; galvanized)<br \/>\n&#8211; Pneumatic cylinders &amp; control valves come from SMC<br \/>\n&#8211; The bearings are from SKF<br \/>\n&#8211; All screws are made of 8.8 stainless steel<\/p>\n<p>&nbsp;<\/p>\n","protected":false},"excerpt":{"rendered":"<p>The world&#8217;s first dual-head laser marker for light and heavy truck tires from 17.5 to 24 inches. Freestanding version for use in tyre stores, where the tyres are simply rolled up,<br \/>\nmarked and then rolled away on the other side.<\/p>\n<p>The outstanding feature of both laser marking machines from NeroForce is the dual<sup>CO2 RF laser systems<\/sup>, which laser an excellent and clear image onto the tire walls with a high electro-optical conversion rate. The lasers are designed in such a way that both tire sidewalls can be marked in one pass, which in practice leads to significant time savings. Originating in the USA, these extremely powerful lasers use a fiber grating instead of a conventional resonator and are known for their low failure rate and longevity (up to 100,000 hours).<\/p>\n<p>&nbsp;<\/p>\n","protected":false},"featured_media":13318,"template":"","meta":[],"product_brand":[],"product_cat":[245,229],"product_tag":[],"class_list":{"0":"post-13317","1":"product","2":"type-product","3":"status-publish","4":"has-post-thumbnail","6":"product_cat-industrial-machinery","7":"product_cat-special-items","9":"first","10":"instock","11":"taxable","12":"shipping-taxable","13":"product-type-simple"},"yoast_head":"<!-- This site is optimized with the Yoast SEO plugin v26.5 - https:\/\/yoast.com\/wordpress\/plugins\/seo\/ -->\n<title>Laser marking system for tyres - JH - ITC GmbH<\/title>\n<meta name=\"description\" content=\"Laser marking system for tyres. Renowned manufacturers \u2714 New &amp; used formwork, props, scaffolding &amp; construction machinery \u2714 Request a quote now!\" \/>\n<meta name=\"robots\" content=\"noindex, follow, max-snippet:-1, max-image-preview:large, max-video-preview:-1\" \/>\n<meta property=\"og:locale\" content=\"en_US\" \/>\n<meta property=\"og:type\" content=\"article\" \/>\n<meta property=\"og:title\" content=\"Laser marking system for tyres - JH - ITC GmbH\" \/>\n<meta property=\"og:description\" content=\"Laser marking system for tyres. Renowned manufacturers \u2714 New &amp; used formwork, props, scaffolding &amp; construction machinery \u2714 Request a quote now!\" \/>\n<meta property=\"og:url\" content=\"https:\/\/stage.jh-itc.de\/en\/shop\/special-items\/laser-marker-for-tires-tyre-laser-marker\/\" \/>\n<meta property=\"og:site_name\" content=\"JH - ITC GmbH\" \/>\n<meta property=\"article:publisher\" content=\"https:\/\/www.facebook.com\/schalungshandel\" \/>\n<meta property=\"article:modified_time\" content=\"2021-04-28T19:04:17+00:00\" \/>\n<meta property=\"og:image\" content=\"https:\/\/stage.jh-itc.de\/wp-content\/uploads\/2020\/12\/PR-LM1600MR.jpg\" \/>\n\t<meta property=\"og:image:width\" content=\"1654\" \/>\n\t<meta property=\"og:image:height\" content=\"1294\" \/>\n\t<meta property=\"og:image:type\" content=\"image\/jpeg\" \/>\n<meta name=\"twitter:card\" content=\"summary_large_image\" \/>\n<meta name=\"twitter:site\" content=\"@JH_ITC\" \/>\n<meta name=\"twitter:label1\" content=\"Est. reading time\" \/>\n\t<meta name=\"twitter:data1\" content=\"1 minute\" \/>\n<!-- \/ Yoast SEO plugin. -->","yoast_head_json":{"title":"Laser marking system for tyres - JH - ITC GmbH","description":"Laser marking system for tyres. Renowned manufacturers \u2714 New & used formwork, props, scaffolding & construction machinery \u2714 Request a quote now!","robots":{"index":"noindex","follow":"follow","max-snippet":"max-snippet:-1","max-image-preview":"max-image-preview:large","max-video-preview":"max-video-preview:-1"},"og_locale":"en_US","og_type":"article","og_title":"Laser marking system for tyres - JH - ITC GmbH","og_description":"Laser marking system for tyres. Renowned manufacturers \u2714 New & used formwork, props, scaffolding & construction machinery \u2714 Request a quote now!","og_url":"https:\/\/stage.jh-itc.de\/en\/shop\/special-items\/laser-marker-for-tires-tyre-laser-marker\/","og_site_name":"JH - ITC GmbH","article_publisher":"https:\/\/www.facebook.com\/schalungshandel","article_modified_time":"2021-04-28T19:04:17+00:00","og_image":[{"width":1654,"height":1294,"url":"https:\/\/stage.jh-itc.de\/wp-content\/uploads\/2020\/12\/PR-LM1600MR.jpg","type":"image\/jpeg"}],"twitter_card":"summary_large_image","twitter_site":"@JH_ITC","twitter_misc":{"Est. reading time":"1 minute"},"schema":{"@context":"https:\/\/schema.org","@graph":[{"@type":"WebPage","@id":"https:\/\/stage.jh-itc.de\/en\/shop\/special-items\/laser-marker-for-tires-tyre-laser-marker\/","url":"https:\/\/stage.jh-itc.de\/en\/shop\/special-items\/laser-marker-for-tires-tyre-laser-marker\/","name":"Laser marking system for tyres - JH - ITC GmbH","isPartOf":{"@id":"https:\/\/stage.jh-itc.de\/en\/#website"},"primaryImageOfPage":{"@id":"https:\/\/stage.jh-itc.de\/en\/shop\/special-items\/laser-marker-for-tires-tyre-laser-marker\/#primaryimage"},"image":{"@id":"https:\/\/stage.jh-itc.de\/en\/shop\/special-items\/laser-marker-for-tires-tyre-laser-marker\/#primaryimage"},"thumbnailUrl":"https:\/\/stage.jh-itc.de\/wp-content\/uploads\/2020\/12\/PR-LM1600MR.jpg","datePublished":"2021-03-01T19:06:15+00:00","dateModified":"2021-04-28T19:04:17+00:00","description":"Laser marking system for tyres. Renowned manufacturers \u2714 New & used formwork, props, scaffolding & construction machinery \u2714 Request a quote now!","breadcrumb":{"@id":"https:\/\/stage.jh-itc.de\/en\/shop\/special-items\/laser-marker-for-tires-tyre-laser-marker\/#breadcrumb"},"inLanguage":"en-US","potentialAction":[{"@type":"ReadAction","target":["https:\/\/stage.jh-itc.de\/en\/shop\/special-items\/laser-marker-for-tires-tyre-laser-marker\/"]}]},{"@type":"ImageObject","inLanguage":"en-US","@id":"https:\/\/stage.jh-itc.de\/en\/shop\/special-items\/laser-marker-for-tires-tyre-laser-marker\/#primaryimage","url":"https:\/\/stage.jh-itc.de\/wp-content\/uploads\/2020\/12\/PR-LM1600MR.jpg","contentUrl":"https:\/\/stage.jh-itc.de\/wp-content\/uploads\/2020\/12\/PR-LM1600MR.jpg","width":1654,"height":1294},{"@type":"BreadcrumbList","@id":"https:\/\/stage.jh-itc.de\/en\/shop\/special-items\/laser-marker-for-tires-tyre-laser-marker\/#breadcrumb","itemListElement":[{"@type":"ListItem","position":1,"name":"Home","item":"https:\/\/stage.jh-itc.de\/en\/formwork-props-scaffolding-from-professionals\/"},{"@type":"ListItem","position":2,"name":"Store","item":"https:\/\/stage.jh-itc.de\/en\/?page_id=7087"},{"@type":"ListItem","position":3,"name":"Laser marking system for tyres"}]},{"@type":"WebSite","@id":"https:\/\/stage.jh-itc.de\/en\/#website","url":"https:\/\/stage.jh-itc.de\/en\/","name":"JH - ITC GmbH","description":"Ihr Experte f\u00fcr gebrauchte St\u00fctzen, Schalungen und Ger\u00fcste","publisher":{"@id":"https:\/\/stage.jh-itc.de\/en\/#organization"},"potentialAction":[{"@type":"SearchAction","target":{"@type":"EntryPoint","urlTemplate":"https:\/\/stage.jh-itc.de\/en\/?s={search_term_string}"},"query-input":{"@type":"PropertyValueSpecification","valueRequired":true,"valueName":"search_term_string"}}],"inLanguage":"en-US"},{"@type":"Organization","@id":"https:\/\/stage.jh-itc.de\/en\/#organization","name":"JH-ITC GmbH","url":"https:\/\/stage.jh-itc.de\/en\/","logo":{"@type":"ImageObject","inLanguage":"en-US","@id":"https:\/\/stage.jh-itc.de\/en\/#\/schema\/logo\/image\/","url":"https:\/\/stage.jh-itc.de\/wp-content\/uploads\/2016\/01\/JH-ITC2-1.png","contentUrl":"https:\/\/stage.jh-itc.de\/wp-content\/uploads\/2016\/01\/JH-ITC2-1.png","width":300,"height":102,"caption":"JH-ITC GmbH"},"image":{"@id":"https:\/\/stage.jh-itc.de\/en\/#\/schema\/logo\/image\/"},"sameAs":["https:\/\/www.facebook.com\/schalungshandel","https:\/\/x.com\/JH_ITC","https:\/\/www.linkedin.com\/in\/jhitc","https:\/\/youtu.be\/rMdZ-FLfI-Y"]}]}},"_links":{"self":[{"href":"https:\/\/stage.jh-itc.de\/en\/wp-json\/wp\/v2\/product\/13317","targetHints":{"allow":["GET"]}}],"collection":[{"href":"https:\/\/stage.jh-itc.de\/en\/wp-json\/wp\/v2\/product"}],"about":[{"href":"https:\/\/stage.jh-itc.de\/en\/wp-json\/wp\/v2\/types\/product"}],"wp:featuredmedia":[{"embeddable":true,"href":"https:\/\/stage.jh-itc.de\/en\/wp-json\/wp\/v2\/media\/13318"}],"wp:attachment":[{"href":"https:\/\/stage.jh-itc.de\/en\/wp-json\/wp\/v2\/media?parent=13317"}],"wp:term":[{"taxonomy":"product_brand","embeddable":true,"href":"https:\/\/stage.jh-itc.de\/en\/wp-json\/wp\/v2\/product_brand?post=13317"},{"taxonomy":"product_cat","embeddable":true,"href":"https:\/\/stage.jh-itc.de\/en\/wp-json\/wp\/v2\/product_cat?post=13317"},{"taxonomy":"product_tag","embeddable":true,"href":"https:\/\/stage.jh-itc.de\/en\/wp-json\/wp\/v2\/product_tag?post=13317"}],"curies":[{"name":"wp","href":"https:\/\/api.w.org\/{rel}","templated":true}]}}