{"id":13294,"date":"2020-10-29T14:57:54","date_gmt":"2021-03-01T19:06:14","guid":{"rendered":"https:\/\/www.jh-itc.de\/shop\/uncategorized\/peri-mp-250-mp-350-mp-625\/"},"modified":"2021-04-28T21:48:40","modified_gmt":"2021-04-28T19:48:40","slug":"peri-mp-250-mp-350-mp-625","status":"publish","type":"product","link":"https:\/\/stage.jh-itc.de\/en\/shop\/props\/peri-mp-250-mp-350-mp-625\/","title":{"rendered":"Peri MP 250 + MP 350 + MP 625"},"content":{"rendered":"<p>MULTIPROP props can be used as individual props and &#8211; in combination with MULTIPROP frames &#8211; as shoring towers or load towers under tables. Compared to tubular steel floor props, the MULTIPROP made of aluminium carries significantly higher loads of 90 kN with a very low dead weight. With different frame lengths, square and rectangular shoring towers can be optimally adapted to site conditions. The frames also serve as decking supports and side protection for working levels.<\/p>\n<p><strong>Reduced number of supports<\/strong><br \/>\ndue to the high permissible leg loads of up to 90 kN<\/p>\n<p><strong>Sophisticated details<\/strong><br \/>\nwith self-cleaning thread, directional adjusting nut and stepless adjustability<\/p>\n<p><strong>Time-saving length adjustment<\/strong><br \/>\ndue to the integrated measuring tape on the inner tube, which directly indicates the total length of the support<\/p>\n<p><strong>Practical wedge connection<\/strong><br \/>\nfor the frame MRK, without any time-consuming screw connections<\/p>\n<hr>\n<p>The lightweight MULTIPROP aluminium floor prop is available in five system lengths. It is mainly used as a single support, for load towers or under tables. Due to its sophisticated patented design, it has a significantly longer service life than tubular steel supports.<\/p>\n<p><strong>Advantages  <\/strong><\/p>\n<ul>\n<li>The MULTIPROP prop is characterised by a high load-bearing capacity with a low dead weight.<\/li>\n<li>A built-in measuring tape allows for precise presetting of the support without time-consuming measuring.<\/li>\n<li>The self-cleaning thread and the robust quick-twist nut make it easy to adjust the prop length. For quick and safe operation, the inner tube is unlocked and pulled out at the touch of a finger &#8211; without the need to reposition any bolts.<\/li>\n<li>The drop-out protection prevents the inner tube from slipping out unintentionally during transport.<\/li>\n<li>The built-in hand pinch protection minimizes the risk of injury.<\/li>\n<\/ul>\n<hr>\n<p>The aluminium ceiling props can be used individually or connected to frames as tables or load towers. The support consists of an outer and inner tube of the same geometry but of different sizes: the corners of the square cross-section are constricted and, despite different dimensions, allow the same clamping wedge connection clamps of the &#8216;Multiprop&#8217; frame to be connected.<\/p>\n<p>The adjusting thread is stamped into the edges of the inner profile and is cut free again by the nut even if the thread is extremely dirty.<\/p>\n<p>For this purpose, the adjusting nut can be operated with a tension rod as a lever.<\/p>\n<p>A fixed measuring tape on the inner tube enables precise presetting without time-consuming measuring.<\/p>\n<p>Each column can support a maximum of 90 kN.<\/p>\n<p>&nbsp;<\/p>\n","protected":false},"excerpt":{"rendered":"<p>We offer the following Peri Multiprop supports.<\/p>\n<p><strong>17 x Peri MP 250 &#8211; NEW<\/strong><br \/>\n<strong>  17 x Peri MP 350<\/strong><br \/>\n<strong>444 x Peri MP 625<\/strong><\/p>\n<p>These are in good used condition , tested and available from stock.<\/p>\n<p>If you are interested, please send us your inquiry.<\/p>\n<p>&nbsp;<\/p>\n","protected":false},"featured_media":0,"template":"","meta":[],"product_brand":[],"product_cat":[227,223],"product_tag":[],"class_list":{"0":"post-13294","1":"product","2":"type-product","3":"status-publish","5":"product_cat-peri-en","6":"product_cat-props","8":"first","9":"instock","10":"taxable","11":"shipping-taxable","12":"product-type-simple"},"yoast_head":"<!-- This site is optimized with the Yoast SEO plugin v26.5 - https:\/\/yoast.com\/wordpress\/plugins\/seo\/ -->\n<title>Peri MP 250 + MP 350 + MP 625 - JH - ITC GmbH<\/title>\n<meta name=\"description\" content=\"MULTIPROP props can be used as individual props and - in combination with MULTIPROP frames - as shoring towers or load towers under tables.\" \/>\n<meta name=\"robots\" content=\"noindex, follow, max-snippet:-1, max-image-preview:large, max-video-preview:-1\" \/>\n<meta property=\"og:locale\" content=\"en_US\" \/>\n<meta property=\"og:type\" content=\"article\" \/>\n<meta property=\"og:title\" content=\"Peri MP 250 + MP 350 + MP 625 - JH - ITC GmbH\" \/>\n<meta property=\"og:description\" content=\"MULTIPROP props can be used as individual props and - in combination with MULTIPROP frames - as shoring towers or load towers under tables.\" \/>\n<meta property=\"og:url\" content=\"https:\/\/stage.jh-itc.de\/en\/shop\/props\/peri-mp-250-mp-350-mp-625\/\" \/>\n<meta property=\"og:site_name\" content=\"JH - ITC GmbH\" \/>\n<meta property=\"article:publisher\" content=\"https:\/\/www.facebook.com\/schalungshandel\" \/>\n<meta property=\"article:modified_time\" content=\"2021-04-28T19:48:40+00:00\" \/>\n<meta property=\"og:image\" content=\"https:\/\/stage.jh-itc.de\/wp-content\/uploads\/2020\/10\/MP250_1-Klein.jpg\" \/>\n\t<meta property=\"og:image:width\" content=\"480\" \/>\n\t<meta property=\"og:image:height\" content=\"640\" \/>\n\t<meta property=\"og:image:type\" content=\"image\/jpeg\" \/>\n<meta name=\"twitter:card\" content=\"summary_large_image\" \/>\n<meta name=\"twitter:site\" content=\"@JH_ITC\" \/>\n<meta name=\"twitter:label1\" content=\"Est. reading time\" \/>\n\t<meta name=\"twitter:data1\" content=\"2 minutes\" \/>\n<!-- \/ Yoast SEO plugin. -->","yoast_head_json":{"title":"Peri MP 250 + MP 350 + MP 625 - JH - ITC GmbH","description":"MULTIPROP props can be used as individual props and - in combination with MULTIPROP frames - as shoring towers or load towers under tables.","robots":{"index":"noindex","follow":"follow","max-snippet":"max-snippet:-1","max-image-preview":"max-image-preview:large","max-video-preview":"max-video-preview:-1"},"og_locale":"en_US","og_type":"article","og_title":"Peri MP 250 + MP 350 + MP 625 - JH - ITC GmbH","og_description":"MULTIPROP props can be used as individual props and - in combination with MULTIPROP frames - as shoring towers or load towers under tables.","og_url":"https:\/\/stage.jh-itc.de\/en\/shop\/props\/peri-mp-250-mp-350-mp-625\/","og_site_name":"JH - ITC GmbH","article_publisher":"https:\/\/www.facebook.com\/schalungshandel","article_modified_time":"2021-04-28T19:48:40+00:00","og_image":[{"width":480,"height":640,"url":"https:\/\/stage.jh-itc.de\/wp-content\/uploads\/2020\/10\/MP250_1-Klein.jpg","type":"image\/jpeg"}],"twitter_card":"summary_large_image","twitter_site":"@JH_ITC","twitter_misc":{"Est. reading time":"2 minutes"},"schema":{"@context":"https:\/\/schema.org","@graph":[{"@type":"WebPage","@id":"https:\/\/stage.jh-itc.de\/en\/shop\/props\/peri-mp-250-mp-350-mp-625\/","url":"https:\/\/stage.jh-itc.de\/en\/shop\/props\/peri-mp-250-mp-350-mp-625\/","name":"Peri MP 250 + MP 350 + MP 625 - JH - ITC GmbH","isPartOf":{"@id":"https:\/\/stage.jh-itc.de\/en\/#website"},"datePublished":"2021-03-01T19:06:14+00:00","dateModified":"2021-04-28T19:48:40+00:00","description":"MULTIPROP props can be used as individual props and - in combination with MULTIPROP frames - as shoring towers or load towers under tables.","breadcrumb":{"@id":"https:\/\/stage.jh-itc.de\/en\/shop\/props\/peri-mp-250-mp-350-mp-625\/#breadcrumb"},"inLanguage":"en-US","potentialAction":[{"@type":"ReadAction","target":["https:\/\/stage.jh-itc.de\/en\/shop\/props\/peri-mp-250-mp-350-mp-625\/"]}]},{"@type":"BreadcrumbList","@id":"https:\/\/stage.jh-itc.de\/en\/shop\/props\/peri-mp-250-mp-350-mp-625\/#breadcrumb","itemListElement":[{"@type":"ListItem","position":1,"name":"Home","item":"https:\/\/stage.jh-itc.de\/en\/formwork-props-scaffolding-from-professionals\/"},{"@type":"ListItem","position":2,"name":"Store","item":"https:\/\/stage.jh-itc.de\/en\/?page_id=7087"},{"@type":"ListItem","position":3,"name":"Peri MP 250 + MP 350 + MP 625"}]},{"@type":"WebSite","@id":"https:\/\/stage.jh-itc.de\/en\/#website","url":"https:\/\/stage.jh-itc.de\/en\/","name":"JH - ITC GmbH","description":"Ihr Experte f\u00fcr gebrauchte St\u00fctzen, Schalungen und Ger\u00fcste","publisher":{"@id":"https:\/\/stage.jh-itc.de\/en\/#organization"},"potentialAction":[{"@type":"SearchAction","target":{"@type":"EntryPoint","urlTemplate":"https:\/\/stage.jh-itc.de\/en\/?s={search_term_string}"},"query-input":{"@type":"PropertyValueSpecification","valueRequired":true,"valueName":"search_term_string"}}],"inLanguage":"en-US"},{"@type":"Organization","@id":"https:\/\/stage.jh-itc.de\/en\/#organization","name":"JH-ITC GmbH","url":"https:\/\/stage.jh-itc.de\/en\/","logo":{"@type":"ImageObject","inLanguage":"en-US","@id":"https:\/\/stage.jh-itc.de\/en\/#\/schema\/logo\/image\/","url":"https:\/\/stage.jh-itc.de\/wp-content\/uploads\/2016\/01\/JH-ITC2-1.png","contentUrl":"https:\/\/stage.jh-itc.de\/wp-content\/uploads\/2016\/01\/JH-ITC2-1.png","width":300,"height":102,"caption":"JH-ITC GmbH"},"image":{"@id":"https:\/\/stage.jh-itc.de\/en\/#\/schema\/logo\/image\/"},"sameAs":["https:\/\/www.facebook.com\/schalungshandel","https:\/\/x.com\/JH_ITC","https:\/\/www.linkedin.com\/in\/jhitc","https:\/\/youtu.be\/rMdZ-FLfI-Y"]}]}},"_links":{"self":[{"href":"https:\/\/stage.jh-itc.de\/en\/wp-json\/wp\/v2\/product\/13294","targetHints":{"allow":["GET"]}}],"collection":[{"href":"https:\/\/stage.jh-itc.de\/en\/wp-json\/wp\/v2\/product"}],"about":[{"href":"https:\/\/stage.jh-itc.de\/en\/wp-json\/wp\/v2\/types\/product"}],"wp:attachment":[{"href":"https:\/\/stage.jh-itc.de\/en\/wp-json\/wp\/v2\/media?parent=13294"}],"wp:term":[{"taxonomy":"product_brand","embeddable":true,"href":"https:\/\/stage.jh-itc.de\/en\/wp-json\/wp\/v2\/product_brand?post=13294"},{"taxonomy":"product_cat","embeddable":true,"href":"https:\/\/stage.jh-itc.de\/en\/wp-json\/wp\/v2\/product_cat?post=13294"},{"taxonomy":"product_tag","embeddable":true,"href":"https:\/\/stage.jh-itc.de\/en\/wp-json\/wp\/v2\/product_tag?post=13294"}],"curies":[{"name":"wp","href":"https:\/\/api.w.org\/{rel}","templated":true}]}}