{"id":13243,"date":"2020-11-02T23:20:29","date_gmt":"2021-03-01T19:06:12","guid":{"rendered":"https:\/\/www.jh-itc.de\/shop\/uncategorized\/4511-m%c2%b2-used-huennebeck-topec-with-ecoply-forming-face\/"},"modified":"2024-10-08T13:34:27","modified_gmt":"2024-10-08T11:34:27","slug":"4-511-m%c2%b2-used-huennebeck-topec-with-ecoply-shell-skin","status":"publish","type":"product","link":"https:\/\/stage.jh-itc.de\/en\/shop\/huennebeck-en\/huennebeck-topec-en\/4-511-m%c2%b2-used-huennebeck-topec-with-ecoply-shell-skin\/","title":{"rendered":"Used H\u00fcnnebeck Topec with Ecoply formlining"},"content":{"rendered":"<div class=\"container\">\n<div class=\"row\">\n<div class=\"col-sm-12 col-md-10 col-md-offset-1\">\n<div class=\"sectionTitle\">\n<div class=\"simpleArticle large txtLeft fadeInTop aniDelay2\">\n<p style=\"text-align: left;\" align=\"center\">With H\u00fcnnebeck TOPEC modular slab formwork, forming and striking slabs is much faster and demonstrably more economical than with conventional slab formwork systems. Because the TOPEC system consists of only two basic parts &#8211; panels and supports, optionally with a drop head.<\/p>\n<p style=\"text-align: left;\" align=\"center\">With just a few steps you get perfect results.<\/p>\n<\/div>\n<\/div>\n<\/div>\n<\/div>\n<\/div>\n","protected":false},"excerpt":{"rendered":"<p>We offer a lot of used <strong>H\u00fcnnebeck Topec modular slab formwork with Ecoply formlining<\/strong>.<\/p>\n<p>Please ask for the current list.<\/p>\n<table style=\"width: 54.5054%;\" width=\"537\">\n<tbody>\n<tr>\n<td style=\"width: 21.3084%;\" width=\"86\">Part number<\/td>\n<td style=\"width: 33.6449%;\" width=\"193\">Article description<\/td>\n<td style=\"width: 32.849%;\" width=\"185\">Description<\/td>\n<td style=\"width: 43.3123%;\" width=\"73\">Quantity<\/td>\n<\/tr>\n<tr>\n<td style=\"width: 21.3084%;\">565434<\/td>\n<td style=\"width: 33.6449%;\">Aluminium mounting rod 365<\/td>\n<td style=\"width: 32.849%;\">TOPEC alu errection rod 365<\/td>\n<td style=\"width: 43.3123%;\">8<\/td>\n<\/tr>\n<tr>\n<td style=\"width: 21.3084%;\">487890<\/td>\n<td style=\"width: 33.6449%;\">Compensating beam 180<\/td>\n<td style=\"width: 32.849%;\">TOPEC adjustment beam 180<\/td>\n<td style=\"width: 43.3123%;\">83<\/td>\n<\/tr>\n<tr>\n<td style=\"width: 21.3084%;\">487880<\/td>\n<td style=\"width: 33.6449%;\">Compensation carrier 90<\/td>\n<td style=\"width: 32.849%;\">TOPEC adjustment beam 90<\/td>\n<td style=\"width: 43.3123%;\">75<\/td>\n<\/tr>\n<tr>\n<td style=\"width: 21.3084%;\">448628<\/td>\n<td style=\"width: 33.6449%;\">Railing connection S<\/td>\n<td style=\"width: 32.849%;\">Railing post base joint S<\/td>\n<td style=\"width: 43.3123%;\">120<\/td>\n<\/tr>\n<tr>\n<td style=\"width: 21.3084%;\">422558<\/td>\n<td style=\"width: 33.6449%;\">Headstock shoe<\/td>\n<td style=\"width: 32.849%;\">TOPEC head support shoe<\/td>\n<td style=\"width: 43.3123%;\">143<\/td>\n<\/tr>\n<tr>\n<td style=\"width: 21.3084%;\">487673<\/td>\n<td style=\"width: 33.6449%;\">Edge bearing N<\/td>\n<td style=\"width: 32.849%;\">Edge support N<\/td>\n<td style=\"width: 43.3123%;\">1030<\/td>\n<\/tr>\n<tr>\n<td style=\"width: 21.3084%;\">602676<\/td>\n<td style=\"width: 33.6449%;\">TOPEC E compensation panel 90 x 180<\/td>\n<td style=\"width: 32.849%;\">TOPEC Q adjust panel 90 x 180<\/td>\n<td style=\"width: 43.3123%;\">130<\/td>\n<\/tr>\n<tr>\n<td style=\"width: 21.3084%;\">602677<\/td>\n<td style=\"width: 33.6449%;\">TOPEC E compensation panel 90 x 90<\/td>\n<td style=\"width: 32.849%;\">TOPEC Q adjust panel 90 x 90<\/td>\n<td style=\"width: 43.3123%;\">6<\/td>\n<\/tr>\n<tr>\n<td style=\"width: 21.3084%;\">602667<\/td>\n<td style=\"width: 33.6449%;\">TOPEC E large panel 180 x 180<\/td>\n<td style=\"width: 32.849%;\">TOPEC Q panel 180 x 180<\/td>\n<td style=\"width: 43.3123%;\">529<\/td>\n<\/tr>\n<tr>\n<td style=\"width: 21.3084%;\"><\/td>\n<td style=\"width: 33.6449%;\">TOPEC E board 180 x 30<\/td>\n<td style=\"width: 32.849%;\">TOPEC E board 180 x 30<\/td>\n<td style=\"width: 43.3123%;\">40<\/td>\n<\/tr>\n<tr>\n<td style=\"width: 21.3084%;\">602671<\/td>\n<td style=\"width: 33.6449%;\">TOPEC E board 180 x 45<\/td>\n<td style=\"width: 32.849%;\">TOPEC Q panel 180 x 45<\/td>\n<td style=\"width: 43.3123%;\">152<\/td>\n<\/tr>\n<tr>\n<td style=\"width: 21.3084%;\">602670<\/td>\n<td style=\"width: 33.6449%;\">TOPEC E board 180 x 60<\/td>\n<td style=\"width: 32.849%;\">TOPEC Q panel 180 x 60<\/td>\n<td style=\"width: 43.3123%;\">171<\/td>\n<\/tr>\n<tr>\n<td style=\"width: 21.3084%;\">602669<\/td>\n<td style=\"width: 33.6449%;\">TOPEC E board 180 x 75<\/td>\n<td style=\"width: 32.849%;\">TOPEC Q panel 180 x 75<\/td>\n<td style=\"width: 43.3123%;\">110<\/td>\n<\/tr>\n<tr>\n<td style=\"width: 21.3084%;\">602668<\/td>\n<td style=\"width: 33.6449%;\">TOPEC E board 180 x 90<\/td>\n<td style=\"width: 32.849%;\">TOPEC Q panel 180 x 90<\/td>\n<td style=\"width: 43.3123%;\">1300<\/td>\n<\/tr>\n<tr>\n<td style=\"width: 21.3084%;\"><\/td>\n<td style=\"width: 33.6449%;\">TOPEC E board 90 x 30<\/td>\n<td style=\"width: 32.849%;\">TOPEC Q panel 90 x 30<\/td>\n<td style=\"width: 43.3123%;\">23<\/td>\n<\/tr>\n<tr>\n<td style=\"width: 21.3084%;\">602675<\/td>\n<td style=\"width: 33.6449%;\">TOPEC E board 90 x 45<\/td>\n<td style=\"width: 32.849%;\">TOPEC Q panel 90 x 45<\/td>\n<td style=\"width: 43.3123%;\">37<\/td>\n<\/tr>\n<tr>\n<td style=\"width: 21.3084%;\">452693<\/td>\n<td style=\"width: 33.6449%;\">Support fuse<\/td>\n<td style=\"width: 32.849%;\">TOPEC prop retainer<\/td>\n<td style=\"width: 43.3123%;\">200<\/td>\n<\/tr>\n<tr>\n<td style=\"width: 21.3084%;\">602674<\/td>\n<td style=\"width: 33.6449%;\">TOPEC E board 90 x 60<\/td>\n<td style=\"width: 32.849%;\">TOPEC Q panel 90 x 60<\/td>\n<td style=\"width: 43.3123%;\">29<\/td>\n<\/tr>\n<tr>\n<td style=\"width: 21.3084%;\">602673<\/td>\n<td style=\"width: 33.6449%;\">TOPEC E board 90 x 75<\/td>\n<td style=\"width: 32.849%;\">TOPEC Q panel 90 x 75<\/td>\n<td style=\"width: 43.3123%;\">26<\/td>\n<\/tr>\n<tr>\n<td style=\"width: 21.3084%;\">602672<\/td>\n<td style=\"width: 33.6449%;\">TOPEC E board 90 x 90<\/td>\n<td style=\"width: 32.849%;\">TOPEC Q panel 90 x 90<\/td>\n<td style=\"width: 43.3123%;\">49<\/td>\n<\/tr>\n<tr>\n<td style=\"width: 21.3084%;\">496220<\/td>\n<td style=\"width: 33.6449%;\">Railing bearing<\/td>\n<td style=\"width: 32.849%;\">TOPEC bearing for railing<\/td>\n<td style=\"width: 43.3123%;\">40<\/td>\n<\/tr>\n<tr>\n<td style=\"width: 21.3084%;\">602120<\/td>\n<td style=\"width: 33.6449%;\">TOPEC drop head<\/td>\n<td style=\"width: 32.849%;\">TOPEC drop head<\/td>\n<td style=\"width: 43.3123%;\">0<\/td>\n<\/tr>\n<tr>\n<td style=\"width: 21.3084%;\">588474<\/td>\n<td style=\"width: 33.6449%;\">TOPEC handrail shoe<\/td>\n<td style=\"width: 32.849%;\">TOPEC railing shoe<\/td>\n<td style=\"width: 43.3123%;\">96<\/td>\n<\/tr>\n<tr>\n<td style=\"width: 21.3084%;\">465410<\/td>\n<td style=\"width: 33.6449%;\">Topeclager<\/td>\n<td style=\"width: 32.849%;\">TOPEC bearing<\/td>\n<td style=\"width: 43.3123%;\">2989<\/td>\n<\/tr>\n<tr>\n<td style=\"width: 21.3084%;\">492806<\/td>\n<td style=\"width: 33.6449%;\">TOPEC cross beam<\/td>\n<td style=\"width: 32.849%;\">TOPEC transverse beam<\/td>\n<td style=\"width: 43.3123%;\">186<\/td>\n<\/tr>\n<\/tbody>\n<\/table>\n<p>If you are interested, please send us your inquiry.<\/p>\n","protected":false},"featured_media":13244,"template":"","meta":[],"product_brand":[],"product_cat":[220,231,224],"product_tag":[],"class_list":{"0":"post-13243","1":"product","2":"type-product","3":"status-publish","4":"has-post-thumbnail","6":"product_cat-huennebeck-en","7":"product_cat-huennebeck-topec-en","8":"product_cat-formwork","10":"first","11":"instock","12":"taxable","13":"shipping-taxable","14":"product-type-simple"},"yoast_head":"<!-- This site is optimized with the Yoast SEO plugin v26.5 - https:\/\/yoast.com\/wordpress\/plugins\/seo\/ -->\n<title>Used H\u00fcnnebeck Topec with Ecoply formlining - JH - ITC GmbH<\/title>\n<meta name=\"description\" content=\"With H\u00fcnnebeck&#039;s TOPEC modular slab formwork, forming and striking slabs is significantly faster and demonstrably more economical than with conventional slab formwork systems. Renowned manufacturers \u2714 New &amp; used formwork \u2714 Request a quote now!\" \/>\n<meta name=\"robots\" content=\"noindex, follow, max-snippet:-1, max-image-preview:large, max-video-preview:-1\" \/>\n<meta property=\"og:locale\" content=\"en_US\" \/>\n<meta property=\"og:type\" content=\"article\" \/>\n<meta property=\"og:title\" content=\"Used H\u00fcnnebeck Topec with Ecoply formlining - JH - ITC GmbH\" \/>\n<meta property=\"og:description\" content=\"With H\u00fcnnebeck&#039;s TOPEC modular slab formwork, forming and striking slabs is significantly faster and demonstrably more economical than with conventional slab formwork systems. Renowned manufacturers \u2714 New &amp; used formwork \u2714 Request a quote now!\" \/>\n<meta property=\"og:url\" content=\"https:\/\/stage.jh-itc.de\/en\/shop\/huennebeck-en\/huennebeck-topec-en\/4-511-m%c2%b2-used-huennebeck-topec-with-ecoply-shell-skin\/\" \/>\n<meta property=\"og:site_name\" content=\"JH - ITC GmbH\" \/>\n<meta property=\"article:publisher\" content=\"https:\/\/www.facebook.com\/schalungshandel\" \/>\n<meta property=\"article:modified_time\" content=\"2024-10-08T11:34:27+00:00\" \/>\n<meta property=\"og:image\" content=\"https:\/\/stage.jh-itc.de\/wp-content\/uploads\/2020\/11\/Topec-with-Plastic-Ply-17.jpeg\" \/>\n\t<meta property=\"og:image:width\" content=\"640\" \/>\n\t<meta property=\"og:image:height\" content=\"480\" \/>\n\t<meta property=\"og:image:type\" content=\"image\/jpeg\" \/>\n<meta name=\"twitter:card\" content=\"summary_large_image\" \/>\n<meta name=\"twitter:site\" content=\"@JH_ITC\" \/>\n<!-- \/ Yoast SEO plugin. -->","yoast_head_json":{"title":"Used H\u00fcnnebeck Topec with Ecoply formlining - JH - ITC GmbH","description":"With H\u00fcnnebeck's TOPEC modular slab formwork, forming and striking slabs is significantly faster and demonstrably more economical than with conventional slab formwork systems. Renowned manufacturers \u2714 New & used formwork \u2714 Request a quote now!","robots":{"index":"noindex","follow":"follow","max-snippet":"max-snippet:-1","max-image-preview":"max-image-preview:large","max-video-preview":"max-video-preview:-1"},"og_locale":"en_US","og_type":"article","og_title":"Used H\u00fcnnebeck Topec with Ecoply formlining - JH - ITC GmbH","og_description":"With H\u00fcnnebeck's TOPEC modular slab formwork, forming and striking slabs is significantly faster and demonstrably more economical than with conventional slab formwork systems. Renowned manufacturers \u2714 New & used formwork \u2714 Request a quote now!","og_url":"https:\/\/stage.jh-itc.de\/en\/shop\/huennebeck-en\/huennebeck-topec-en\/4-511-m%c2%b2-used-huennebeck-topec-with-ecoply-shell-skin\/","og_site_name":"JH - ITC GmbH","article_publisher":"https:\/\/www.facebook.com\/schalungshandel","article_modified_time":"2024-10-08T11:34:27+00:00","og_image":[{"width":640,"height":480,"url":"https:\/\/stage.jh-itc.de\/wp-content\/uploads\/2020\/11\/Topec-with-Plastic-Ply-17.jpeg","type":"image\/jpeg"}],"twitter_card":"summary_large_image","twitter_site":"@JH_ITC","schema":{"@context":"https:\/\/schema.org","@graph":[{"@type":"WebPage","@id":"https:\/\/stage.jh-itc.de\/en\/shop\/huennebeck-en\/huennebeck-topec-en\/4-511-m%c2%b2-used-huennebeck-topec-with-ecoply-shell-skin\/","url":"https:\/\/stage.jh-itc.de\/en\/shop\/huennebeck-en\/huennebeck-topec-en\/4-511-m%c2%b2-used-huennebeck-topec-with-ecoply-shell-skin\/","name":"Used H\u00fcnnebeck Topec with Ecoply formlining - JH - ITC GmbH","isPartOf":{"@id":"https:\/\/stage.jh-itc.de\/en\/#website"},"primaryImageOfPage":{"@id":"https:\/\/stage.jh-itc.de\/en\/shop\/huennebeck-en\/huennebeck-topec-en\/4-511-m%c2%b2-used-huennebeck-topec-with-ecoply-shell-skin\/#primaryimage"},"image":{"@id":"https:\/\/stage.jh-itc.de\/en\/shop\/huennebeck-en\/huennebeck-topec-en\/4-511-m%c2%b2-used-huennebeck-topec-with-ecoply-shell-skin\/#primaryimage"},"thumbnailUrl":"https:\/\/stage.jh-itc.de\/wp-content\/uploads\/2020\/11\/Topec-with-Plastic-Ply-17.jpeg","datePublished":"2021-03-01T19:06:12+00:00","dateModified":"2024-10-08T11:34:27+00:00","description":"With H\u00fcnnebeck's TOPEC modular slab formwork, forming and striking slabs is significantly faster and demonstrably more economical than with conventional slab formwork systems. Renowned manufacturers \u2714 New & used formwork \u2714 Request a quote now!","breadcrumb":{"@id":"https:\/\/stage.jh-itc.de\/en\/shop\/huennebeck-en\/huennebeck-topec-en\/4-511-m%c2%b2-used-huennebeck-topec-with-ecoply-shell-skin\/#breadcrumb"},"inLanguage":"en-US","potentialAction":[{"@type":"ReadAction","target":["https:\/\/stage.jh-itc.de\/en\/shop\/huennebeck-en\/huennebeck-topec-en\/4-511-m%c2%b2-used-huennebeck-topec-with-ecoply-shell-skin\/"]}]},{"@type":"ImageObject","inLanguage":"en-US","@id":"https:\/\/stage.jh-itc.de\/en\/shop\/huennebeck-en\/huennebeck-topec-en\/4-511-m%c2%b2-used-huennebeck-topec-with-ecoply-shell-skin\/#primaryimage","url":"https:\/\/stage.jh-itc.de\/wp-content\/uploads\/2020\/11\/Topec-with-Plastic-Ply-17.jpeg","contentUrl":"https:\/\/stage.jh-itc.de\/wp-content\/uploads\/2020\/11\/Topec-with-Plastic-Ply-17.jpeg","width":640,"height":480},{"@type":"BreadcrumbList","@id":"https:\/\/stage.jh-itc.de\/en\/shop\/huennebeck-en\/huennebeck-topec-en\/4-511-m%c2%b2-used-huennebeck-topec-with-ecoply-shell-skin\/#breadcrumb","itemListElement":[{"@type":"ListItem","position":1,"name":"Home","item":"https:\/\/stage.jh-itc.de\/en\/formwork-props-scaffolding-from-professionals\/"},{"@type":"ListItem","position":2,"name":"Store","item":"https:\/\/stage.jh-itc.de\/en\/?page_id=7087"},{"@type":"ListItem","position":3,"name":"Used H\u00fcnnebeck Topec with Ecoply formlining"}]},{"@type":"WebSite","@id":"https:\/\/stage.jh-itc.de\/en\/#website","url":"https:\/\/stage.jh-itc.de\/en\/","name":"JH - ITC GmbH","description":"Ihr Experte f\u00fcr gebrauchte St\u00fctzen, Schalungen und Ger\u00fcste","publisher":{"@id":"https:\/\/stage.jh-itc.de\/en\/#organization"},"potentialAction":[{"@type":"SearchAction","target":{"@type":"EntryPoint","urlTemplate":"https:\/\/stage.jh-itc.de\/en\/?s={search_term_string}"},"query-input":{"@type":"PropertyValueSpecification","valueRequired":true,"valueName":"search_term_string"}}],"inLanguage":"en-US"},{"@type":"Organization","@id":"https:\/\/stage.jh-itc.de\/en\/#organization","name":"JH-ITC GmbH","url":"https:\/\/stage.jh-itc.de\/en\/","logo":{"@type":"ImageObject","inLanguage":"en-US","@id":"https:\/\/stage.jh-itc.de\/en\/#\/schema\/logo\/image\/","url":"https:\/\/stage.jh-itc.de\/wp-content\/uploads\/2016\/01\/JH-ITC2-1.png","contentUrl":"https:\/\/stage.jh-itc.de\/wp-content\/uploads\/2016\/01\/JH-ITC2-1.png","width":300,"height":102,"caption":"JH-ITC GmbH"},"image":{"@id":"https:\/\/stage.jh-itc.de\/en\/#\/schema\/logo\/image\/"},"sameAs":["https:\/\/www.facebook.com\/schalungshandel","https:\/\/x.com\/JH_ITC","https:\/\/www.linkedin.com\/in\/jhitc","https:\/\/youtu.be\/rMdZ-FLfI-Y"]}]}},"_links":{"self":[{"href":"https:\/\/stage.jh-itc.de\/en\/wp-json\/wp\/v2\/product\/13243","targetHints":{"allow":["GET"]}}],"collection":[{"href":"https:\/\/stage.jh-itc.de\/en\/wp-json\/wp\/v2\/product"}],"about":[{"href":"https:\/\/stage.jh-itc.de\/en\/wp-json\/wp\/v2\/types\/product"}],"wp:featuredmedia":[{"embeddable":true,"href":"https:\/\/stage.jh-itc.de\/en\/wp-json\/wp\/v2\/media\/13244"}],"wp:attachment":[{"href":"https:\/\/stage.jh-itc.de\/en\/wp-json\/wp\/v2\/media?parent=13243"}],"wp:term":[{"taxonomy":"product_brand","embeddable":true,"href":"https:\/\/stage.jh-itc.de\/en\/wp-json\/wp\/v2\/product_brand?post=13243"},{"taxonomy":"product_cat","embeddable":true,"href":"https:\/\/stage.jh-itc.de\/en\/wp-json\/wp\/v2\/product_cat?post=13243"},{"taxonomy":"product_tag","embeddable":true,"href":"https:\/\/stage.jh-itc.de\/en\/wp-json\/wp\/v2\/product_tag?post=13243"}],"curies":[{"name":"wp","href":"https:\/\/api.w.org\/{rel}","templated":true}]}}