{"id":13192,"date":"2021-01-08T15:36:15","date_gmt":"2021-03-01T19:06:05","guid":{"rendered":"https:\/\/www.jh-itc.de\/shop\/uncategorized\/push-pull-props-push-pull-props-push-pull-props\/"},"modified":"2021-04-28T21:51:08","modified_gmt":"2021-04-28T19:51:08","slug":"directional-strut-brace","status":"publish","type":"product","link":"https:\/\/stage.jh-itc.de\/en\/shop\/noe-en\/noe-supports\/directional-strut-brace\/","title":{"rendered":"push-pull props &#8211; push-pull props"},"content":{"rendered":"","protected":false},"excerpt":{"rendered":"<p><span style=\"font-size: 14px\">We offer various used braces.<\/span><\/p>\n<p><span style=\"font-size: 14px\">619 x inclined supports without head + foot plate from 1,00m &#8211; 1,51m @ 15,- EUR<\/span><\/p>\n<p><span style=\"font-size: 14px\">160 x inclined supports with head + foot plate from 1,00m &#8211; 1,51m @ 20,- EUR<\/span><\/p>\n<p><span style=\"font-size: 14px\">21 x inclined supports without head + foot plate 2,10m &#8211; 3,65m @ 25,- EUR<\/span><\/p>\n<p><span style=\"font-size: 14px\">167 x inclined support with head + foot plate from 2,77m &#8211; 5,00m @ 50,- EUR<\/span><\/p>\n<p><span style=\"font-size: 14px\">57 x braces with head + base plate from 2,77m &#8211; 5,00m @ 60,- EUR<\/span><\/p>\n<p><span style=\"font-size: 14px\">647 x brace foot plate @ 13,- EUR<\/span><\/p>\n<p><span style=\"font-size: 14px\">518 x brace head plate @ 13,- EUR<\/span><\/p>\n<p><span style=\"font-size: 14px\">If you are interested, please send us your inquiry.<\/span><\/p>\n<p>&nbsp;<\/p>\n<p>&nbsp;<\/p>\n<p>&nbsp;<\/p>\n<p>&nbsp;<\/p>\n<p>&nbsp;<\/p>\n<p>&nbsp;<\/p>\n","protected":false},"featured_media":13194,"template":"","meta":[],"product_brand":[],"product_cat":[230,257,223],"product_tag":[],"class_list":{"0":"post-13192","1":"product","2":"type-product","3":"status-publish","4":"has-post-thumbnail","6":"product_cat-noe-en","7":"product_cat-noe-supports","8":"product_cat-props","10":"first","11":"instock","12":"taxable","13":"shipping-taxable","14":"product-type-simple"},"yoast_head":"<!-- This site is optimized with the Yoast SEO plugin v26.5 - https:\/\/yoast.com\/wordpress\/plugins\/seo\/ -->\n<title>push-pull props - push-pull props - JH - ITC GmbH<\/title>\n<meta name=\"description\" content=\"push-pull props - push-pull props. Renowned manufacturers \u2714 New &amp; used formwork, props, scaffolding &amp; construction machinery \u2714 Request a quote now!\" \/>\n<meta name=\"robots\" content=\"noindex, follow, max-snippet:-1, max-image-preview:large, max-video-preview:-1\" \/>\n<meta property=\"og:locale\" content=\"en_US\" \/>\n<meta property=\"og:type\" content=\"article\" \/>\n<meta property=\"og:title\" content=\"push-pull props - push-pull props - JH - ITC GmbH\" \/>\n<meta property=\"og:description\" content=\"push-pull props - push-pull props. Renowned manufacturers \u2714 New &amp; used formwork, props, scaffolding &amp; construction machinery \u2714 Request a quote now!\" \/>\n<meta property=\"og:url\" content=\"https:\/\/stage.jh-itc.de\/en\/shop\/noe-en\/noe-supports\/directional-strut-brace\/\" \/>\n<meta property=\"og:site_name\" content=\"JH - ITC GmbH\" \/>\n<meta property=\"article:publisher\" content=\"https:\/\/www.facebook.com\/schalungshandel\" \/>\n<meta property=\"article:modified_time\" content=\"2021-04-28T19:51:08+00:00\" \/>\n<meta property=\"og:image\" content=\"https:\/\/stage.jh-itc.de\/wp-content\/uploads\/2021\/01\/Richtstreben-9.jpeg\" \/>\n\t<meta property=\"og:image:width\" content=\"640\" \/>\n\t<meta property=\"og:image:height\" content=\"480\" \/>\n\t<meta property=\"og:image:type\" content=\"image\/jpeg\" \/>\n<meta name=\"twitter:card\" content=\"summary_large_image\" \/>\n<meta name=\"twitter:site\" content=\"@JH_ITC\" \/>\n<!-- \/ Yoast SEO plugin. -->","yoast_head_json":{"title":"push-pull props - push-pull props - JH - ITC GmbH","description":"push-pull props - push-pull props. Renowned manufacturers \u2714 New & used formwork, props, scaffolding & construction machinery \u2714 Request a quote now!","robots":{"index":"noindex","follow":"follow","max-snippet":"max-snippet:-1","max-image-preview":"max-image-preview:large","max-video-preview":"max-video-preview:-1"},"og_locale":"en_US","og_type":"article","og_title":"push-pull props - push-pull props - JH - ITC GmbH","og_description":"push-pull props - push-pull props. Renowned manufacturers \u2714 New & used formwork, props, scaffolding & construction machinery \u2714 Request a quote now!","og_url":"https:\/\/stage.jh-itc.de\/en\/shop\/noe-en\/noe-supports\/directional-strut-brace\/","og_site_name":"JH - ITC GmbH","article_publisher":"https:\/\/www.facebook.com\/schalungshandel","article_modified_time":"2021-04-28T19:51:08+00:00","og_image":[{"width":640,"height":480,"url":"https:\/\/stage.jh-itc.de\/wp-content\/uploads\/2021\/01\/Richtstreben-9.jpeg","type":"image\/jpeg"}],"twitter_card":"summary_large_image","twitter_site":"@JH_ITC","schema":{"@context":"https:\/\/schema.org","@graph":[{"@type":"WebPage","@id":"https:\/\/stage.jh-itc.de\/en\/shop\/noe-en\/noe-supports\/directional-strut-brace\/","url":"https:\/\/stage.jh-itc.de\/en\/shop\/noe-en\/noe-supports\/directional-strut-brace\/","name":"push-pull props - push-pull props - JH - ITC GmbH","isPartOf":{"@id":"https:\/\/stage.jh-itc.de\/en\/#website"},"primaryImageOfPage":{"@id":"https:\/\/stage.jh-itc.de\/en\/shop\/noe-en\/noe-supports\/directional-strut-brace\/#primaryimage"},"image":{"@id":"https:\/\/stage.jh-itc.de\/en\/shop\/noe-en\/noe-supports\/directional-strut-brace\/#primaryimage"},"thumbnailUrl":"https:\/\/stage.jh-itc.de\/wp-content\/uploads\/2021\/01\/Richtstreben-9.jpeg","datePublished":"2021-03-01T19:06:05+00:00","dateModified":"2021-04-28T19:51:08+00:00","description":"push-pull props - push-pull props. Renowned manufacturers \u2714 New & used formwork, props, scaffolding & construction machinery \u2714 Request a quote now!","breadcrumb":{"@id":"https:\/\/stage.jh-itc.de\/en\/shop\/noe-en\/noe-supports\/directional-strut-brace\/#breadcrumb"},"inLanguage":"en-US","potentialAction":[{"@type":"ReadAction","target":["https:\/\/stage.jh-itc.de\/en\/shop\/noe-en\/noe-supports\/directional-strut-brace\/"]}]},{"@type":"ImageObject","inLanguage":"en-US","@id":"https:\/\/stage.jh-itc.de\/en\/shop\/noe-en\/noe-supports\/directional-strut-brace\/#primaryimage","url":"https:\/\/stage.jh-itc.de\/wp-content\/uploads\/2021\/01\/Richtstreben-9.jpeg","contentUrl":"https:\/\/stage.jh-itc.de\/wp-content\/uploads\/2021\/01\/Richtstreben-9.jpeg","width":640,"height":480},{"@type":"BreadcrumbList","@id":"https:\/\/stage.jh-itc.de\/en\/shop\/noe-en\/noe-supports\/directional-strut-brace\/#breadcrumb","itemListElement":[{"@type":"ListItem","position":1,"name":"Home","item":"https:\/\/stage.jh-itc.de\/en\/formwork-props-scaffolding-from-professionals\/"},{"@type":"ListItem","position":2,"name":"Store","item":"https:\/\/stage.jh-itc.de\/en\/?page_id=7087"},{"@type":"ListItem","position":3,"name":"push-pull props &#8211; push-pull props"}]},{"@type":"WebSite","@id":"https:\/\/stage.jh-itc.de\/en\/#website","url":"https:\/\/stage.jh-itc.de\/en\/","name":"JH - ITC GmbH","description":"Ihr Experte f\u00fcr gebrauchte St\u00fctzen, Schalungen und Ger\u00fcste","publisher":{"@id":"https:\/\/stage.jh-itc.de\/en\/#organization"},"potentialAction":[{"@type":"SearchAction","target":{"@type":"EntryPoint","urlTemplate":"https:\/\/stage.jh-itc.de\/en\/?s={search_term_string}"},"query-input":{"@type":"PropertyValueSpecification","valueRequired":true,"valueName":"search_term_string"}}],"inLanguage":"en-US"},{"@type":"Organization","@id":"https:\/\/stage.jh-itc.de\/en\/#organization","name":"JH-ITC GmbH","url":"https:\/\/stage.jh-itc.de\/en\/","logo":{"@type":"ImageObject","inLanguage":"en-US","@id":"https:\/\/stage.jh-itc.de\/en\/#\/schema\/logo\/image\/","url":"https:\/\/stage.jh-itc.de\/wp-content\/uploads\/2016\/01\/JH-ITC2-1.png","contentUrl":"https:\/\/stage.jh-itc.de\/wp-content\/uploads\/2016\/01\/JH-ITC2-1.png","width":300,"height":102,"caption":"JH-ITC GmbH"},"image":{"@id":"https:\/\/stage.jh-itc.de\/en\/#\/schema\/logo\/image\/"},"sameAs":["https:\/\/www.facebook.com\/schalungshandel","https:\/\/x.com\/JH_ITC","https:\/\/www.linkedin.com\/in\/jhitc","https:\/\/youtu.be\/rMdZ-FLfI-Y"]}]}},"_links":{"self":[{"href":"https:\/\/stage.jh-itc.de\/en\/wp-json\/wp\/v2\/product\/13192","targetHints":{"allow":["GET"]}}],"collection":[{"href":"https:\/\/stage.jh-itc.de\/en\/wp-json\/wp\/v2\/product"}],"about":[{"href":"https:\/\/stage.jh-itc.de\/en\/wp-json\/wp\/v2\/types\/product"}],"wp:featuredmedia":[{"embeddable":true,"href":"https:\/\/stage.jh-itc.de\/en\/wp-json\/wp\/v2\/media\/13194"}],"wp:attachment":[{"href":"https:\/\/stage.jh-itc.de\/en\/wp-json\/wp\/v2\/media?parent=13192"}],"wp:term":[{"taxonomy":"product_brand","embeddable":true,"href":"https:\/\/stage.jh-itc.de\/en\/wp-json\/wp\/v2\/product_brand?post=13192"},{"taxonomy":"product_cat","embeddable":true,"href":"https:\/\/stage.jh-itc.de\/en\/wp-json\/wp\/v2\/product_cat?post=13192"},{"taxonomy":"product_tag","embeddable":true,"href":"https:\/\/stage.jh-itc.de\/en\/wp-json\/wp\/v2\/product_tag?post=13192"}],"curies":[{"name":"wp","href":"https:\/\/api.w.org\/{rel}","templated":true}]}}