{"id":13071,"date":"2020-10-21T14:18:52","date_gmt":"2021-03-01T19:05:44","guid":{"rendered":"https:\/\/www.jh-itc.de\/shop\/uncategorized\/doka-tischkopf-30-doka-table-head-30\/"},"modified":"2024-10-08T13:49:20","modified_gmt":"2024-10-08T11:49:20","slug":"doka-table-head-30","status":"publish","type":"product","link":"https:\/\/stage.jh-itc.de\/en\/shop\/formwork\/doka-table-head-30\/","title":{"rendered":"Doka table head 30 + 20 + transfer car DF + el. Drive"},"content":{"rendered":"","protected":false},"excerpt":{"rendered":"<p>We currently offer the following<\/p>\n<table width=\"0\">\n<tbody>\n<tr>\n<td width=\"125\"><strong>Position<\/strong><\/td>\n<td width=\"336\"><strong>Article description<\/strong><\/td>\n<td width=\"342\"><strong>Description<\/strong><\/td>\n<td width=\"88\"><strong>Quantity<\/strong><\/td>\n<\/tr>\n<tr>\n<td width=\"125\">586080000<\/td>\n<td width=\"336\">Transfer trolley DF<\/td>\n<td width=\"342\">Shifting trolley DF<\/td>\n<td width=\"88\">1<\/td>\n<\/tr>\n<tr>\n<td width=\"125\">586063000<\/td>\n<td width=\"336\">Set-up lever for transfer trolley DF<\/td>\n<td width=\"342\">Set-up lever for DF shifting trolley<\/td>\n<td width=\"88\">1<\/td>\n<\/tr>\n<tr>\n<td width=\"125\">582751000<\/td>\n<td width=\"336\">Clamping bracket 8<\/td>\n<td width=\"342\">Brace stirrup 8<\/td>\n<td width=\"88\">4<\/td>\n<\/tr>\n<tr>\n<td width=\"125\">586062000<\/td>\n<td width=\"336\">DF docking drive<\/td>\n<td width=\"342\">Attachable drive unit DF<\/td>\n<td width=\"88\">1<\/td>\n<\/tr>\n<tr>\n<td width=\"125\">586078000<\/td>\n<td width=\"336\">Table head 30<\/td>\n<td width=\"342\">Table head 30<\/td>\n<td width=\"88\">606<\/td>\n<\/tr>\n<tr>\n<td width=\"125\">586085000<\/td>\n<td width=\"336\">Table head 20<\/td>\n<td width=\"342\">Table head 20<\/td>\n<td width=\"88\">88<\/td>\n<\/tr>\n<tr>\n<td width=\"125\">586079000<\/td>\n<td width=\"336\">Top frame DF<\/td>\n<td width=\"342\">Stacking frame DF<\/td>\n<td width=\"88\">1<\/td>\n<\/tr>\n<\/tbody>\n<\/table>\n<p>&nbsp;<\/p>\n<p>These are in good condition and immediately available from stock.<\/p>\n<p>If you are interested, please send us your inquiry.<\/p>\n<p>&nbsp;<\/p>\n","protected":false},"featured_media":38269,"template":"","meta":[],"product_brand":[],"product_cat":[225,224],"product_tag":[],"class_list":{"0":"post-13071","1":"product","2":"type-product","3":"status-publish","4":"has-post-thumbnail","6":"product_cat-doka-en","7":"product_cat-formwork","9":"first","10":"instock","11":"taxable","12":"shipping-taxable","13":"product-type-simple"},"yoast_head":"<!-- This site is optimized with the Yoast SEO plugin v26.5 - https:\/\/yoast.com\/wordpress\/plugins\/seo\/ -->\n<title>Doka table head 30 + 20 + transfer car DF + el. Drive - JH - ITC GmbH<\/title>\n<meta name=\"description\" content=\"Doka table head 30 + 20 + transfer car DF + el. Drive. Renowned manufacturers \u2714 New &amp; used formwork, props, scaffolding &amp; construction machinery \u2714 Request a quote now!\" \/>\n<meta name=\"robots\" content=\"noindex, follow, max-snippet:-1, max-image-preview:large, max-video-preview:-1\" \/>\n<meta property=\"og:locale\" content=\"en_US\" \/>\n<meta property=\"og:type\" content=\"article\" \/>\n<meta property=\"og:title\" content=\"Doka table head 30 + 20 + transfer car DF + el. Drive - JH - ITC GmbH\" \/>\n<meta property=\"og:description\" content=\"Doka table head 30 + 20 + transfer car DF + el. Drive. Renowned manufacturers \u2714 New &amp; used formwork, props, scaffolding &amp; construction machinery \u2714 Request a quote now!\" \/>\n<meta property=\"og:url\" content=\"https:\/\/stage.jh-itc.de\/en\/shop\/formwork\/doka-table-head-30\/\" \/>\n<meta property=\"og:site_name\" content=\"JH - ITC GmbH\" \/>\n<meta property=\"article:publisher\" content=\"https:\/\/www.facebook.com\/schalungshandel\" \/>\n<meta property=\"article:modified_time\" content=\"2024-10-08T11:49:20+00:00\" \/>\n<meta property=\"og:image\" content=\"https:\/\/stage.jh-itc.de\/wp-content\/uploads\/2020\/10\/Doka-Table-Head-30-1.jpg\" \/>\n\t<meta property=\"og:image:width\" content=\"2048\" \/>\n\t<meta property=\"og:image:height\" content=\"1536\" \/>\n\t<meta property=\"og:image:type\" content=\"image\/jpeg\" \/>\n<meta name=\"twitter:card\" content=\"summary_large_image\" \/>\n<meta name=\"twitter:site\" content=\"@JH_ITC\" \/>\n<!-- \/ Yoast SEO plugin. -->","yoast_head_json":{"title":"Doka table head 30 + 20 + transfer car DF + el. Drive - JH - ITC GmbH","description":"Doka table head 30 + 20 + transfer car DF + el. Drive. Renowned manufacturers \u2714 New & used formwork, props, scaffolding & construction machinery \u2714 Request a quote now!","robots":{"index":"noindex","follow":"follow","max-snippet":"max-snippet:-1","max-image-preview":"max-image-preview:large","max-video-preview":"max-video-preview:-1"},"og_locale":"en_US","og_type":"article","og_title":"Doka table head 30 + 20 + transfer car DF + el. Drive - JH - ITC GmbH","og_description":"Doka table head 30 + 20 + transfer car DF + el. Drive. Renowned manufacturers \u2714 New & used formwork, props, scaffolding & construction machinery \u2714 Request a quote now!","og_url":"https:\/\/stage.jh-itc.de\/en\/shop\/formwork\/doka-table-head-30\/","og_site_name":"JH - ITC GmbH","article_publisher":"https:\/\/www.facebook.com\/schalungshandel","article_modified_time":"2024-10-08T11:49:20+00:00","og_image":[{"width":2048,"height":1536,"url":"https:\/\/stage.jh-itc.de\/wp-content\/uploads\/2020\/10\/Doka-Table-Head-30-1.jpg","type":"image\/jpeg"}],"twitter_card":"summary_large_image","twitter_site":"@JH_ITC","schema":{"@context":"https:\/\/schema.org","@graph":[{"@type":"WebPage","@id":"https:\/\/stage.jh-itc.de\/en\/shop\/formwork\/doka-table-head-30\/","url":"https:\/\/stage.jh-itc.de\/en\/shop\/formwork\/doka-table-head-30\/","name":"Doka table head 30 + 20 + transfer car DF + el. Drive - JH - ITC GmbH","isPartOf":{"@id":"https:\/\/stage.jh-itc.de\/en\/#website"},"primaryImageOfPage":{"@id":"https:\/\/stage.jh-itc.de\/en\/shop\/formwork\/doka-table-head-30\/#primaryimage"},"image":{"@id":"https:\/\/stage.jh-itc.de\/en\/shop\/formwork\/doka-table-head-30\/#primaryimage"},"thumbnailUrl":"https:\/\/stage.jh-itc.de\/wp-content\/uploads\/2020\/10\/Doka-Table-Head-30-1.jpg","datePublished":"2021-03-01T19:05:44+00:00","dateModified":"2024-10-08T11:49:20+00:00","description":"Doka table head 30 + 20 + transfer car DF + el. Drive. Renowned manufacturers \u2714 New & used formwork, props, scaffolding & construction machinery \u2714 Request a quote now!","breadcrumb":{"@id":"https:\/\/stage.jh-itc.de\/en\/shop\/formwork\/doka-table-head-30\/#breadcrumb"},"inLanguage":"en-US","potentialAction":[{"@type":"ReadAction","target":["https:\/\/stage.jh-itc.de\/en\/shop\/formwork\/doka-table-head-30\/"]}]},{"@type":"ImageObject","inLanguage":"en-US","@id":"https:\/\/stage.jh-itc.de\/en\/shop\/formwork\/doka-table-head-30\/#primaryimage","url":"https:\/\/stage.jh-itc.de\/wp-content\/uploads\/2020\/10\/Doka-Table-Head-30-1.jpg","contentUrl":"https:\/\/stage.jh-itc.de\/wp-content\/uploads\/2020\/10\/Doka-Table-Head-30-1.jpg","width":2048,"height":1536},{"@type":"BreadcrumbList","@id":"https:\/\/stage.jh-itc.de\/en\/shop\/formwork\/doka-table-head-30\/#breadcrumb","itemListElement":[{"@type":"ListItem","position":1,"name":"Home","item":"https:\/\/stage.jh-itc.de\/en\/formwork-props-scaffolding-from-professionals\/"},{"@type":"ListItem","position":2,"name":"Store","item":"https:\/\/stage.jh-itc.de\/en\/?page_id=7087"},{"@type":"ListItem","position":3,"name":"Doka table head 30 + 20 + transfer car DF + el. Drive"}]},{"@type":"WebSite","@id":"https:\/\/stage.jh-itc.de\/en\/#website","url":"https:\/\/stage.jh-itc.de\/en\/","name":"JH - ITC GmbH","description":"Ihr Experte f\u00fcr gebrauchte St\u00fctzen, Schalungen und Ger\u00fcste","publisher":{"@id":"https:\/\/stage.jh-itc.de\/en\/#organization"},"potentialAction":[{"@type":"SearchAction","target":{"@type":"EntryPoint","urlTemplate":"https:\/\/stage.jh-itc.de\/en\/?s={search_term_string}"},"query-input":{"@type":"PropertyValueSpecification","valueRequired":true,"valueName":"search_term_string"}}],"inLanguage":"en-US"},{"@type":"Organization","@id":"https:\/\/stage.jh-itc.de\/en\/#organization","name":"JH-ITC GmbH","url":"https:\/\/stage.jh-itc.de\/en\/","logo":{"@type":"ImageObject","inLanguage":"en-US","@id":"https:\/\/stage.jh-itc.de\/en\/#\/schema\/logo\/image\/","url":"https:\/\/stage.jh-itc.de\/wp-content\/uploads\/2016\/01\/JH-ITC2-1.png","contentUrl":"https:\/\/stage.jh-itc.de\/wp-content\/uploads\/2016\/01\/JH-ITC2-1.png","width":300,"height":102,"caption":"JH-ITC GmbH"},"image":{"@id":"https:\/\/stage.jh-itc.de\/en\/#\/schema\/logo\/image\/"},"sameAs":["https:\/\/www.facebook.com\/schalungshandel","https:\/\/x.com\/JH_ITC","https:\/\/www.linkedin.com\/in\/jhitc","https:\/\/youtu.be\/rMdZ-FLfI-Y"]}]}},"_links":{"self":[{"href":"https:\/\/stage.jh-itc.de\/en\/wp-json\/wp\/v2\/product\/13071","targetHints":{"allow":["GET"]}}],"collection":[{"href":"https:\/\/stage.jh-itc.de\/en\/wp-json\/wp\/v2\/product"}],"about":[{"href":"https:\/\/stage.jh-itc.de\/en\/wp-json\/wp\/v2\/types\/product"}],"wp:featuredmedia":[{"embeddable":true,"href":"https:\/\/stage.jh-itc.de\/en\/wp-json\/wp\/v2\/media\/38269"}],"wp:attachment":[{"href":"https:\/\/stage.jh-itc.de\/en\/wp-json\/wp\/v2\/media?parent=13071"}],"wp:term":[{"taxonomy":"product_brand","embeddable":true,"href":"https:\/\/stage.jh-itc.de\/en\/wp-json\/wp\/v2\/product_brand?post=13071"},{"taxonomy":"product_cat","embeddable":true,"href":"https:\/\/stage.jh-itc.de\/en\/wp-json\/wp\/v2\/product_cat?post=13071"},{"taxonomy":"product_tag","embeddable":true,"href":"https:\/\/stage.jh-itc.de\/en\/wp-json\/wp\/v2\/product_tag?post=13071"}],"curies":[{"name":"wp","href":"https:\/\/api.w.org\/{rel}","templated":true}]}}