{"id":12833,"date":"2018-06-11T14:04:33","date_gmt":"2021-03-01T19:03:55","guid":{"rendered":"https:\/\/www.jh-itc.de\/shop\/uncategorized\/peri-trio-formwork-270m-658m%c2%b2\/"},"modified":"2021-04-28T21:27:30","modified_gmt":"2021-04-28T19:27:30","slug":"658-m%c2%b2-peri-trio-schalung-270m","status":"publish","type":"product","link":"https:\/\/stage.jh-itc.de\/en\/shop\/peri-en\/the-peri-trio\/658-m%c2%b2-peri-trio-schalung-270m\/","title":{"rendered":"Peri Trio formwork 2,70m &#8211; 658m\u00b2"},"content":{"rendered":"<table width=\"680\">\n<tbody>\n<tr>\n<td width=\"80\">Art.no.<\/td>\n<td width=\"272\">Article description<\/td>\n<td width=\"267\">Description<\/td>\n<td width=\"61\">Quantity<\/td>\n<\/tr>\n<tr>\n<td>023500<\/td>\n<td>Alignment lock BFD, galvanized<\/td>\n<td>Alignment Coupler BFD, galv.<\/td>\n<td>480<\/td>\n<\/tr>\n<tr>\n<td>023640<\/td>\n<td>Face anchor TS, galvanised<\/td>\n<td>Bulkhead Tie TS, galv.<\/td>\n<td>70<\/td>\n<\/tr>\n<tr>\n<td>023660<\/td>\n<td>Clamping head TRIO galvanized<\/td>\n<td>Brace Connector TRIO, galv.<\/td>\n<td>58<\/td>\n<\/tr>\n<tr>\n<td>115168<\/td>\n<td>Displacement hook MAXIMO 1,5 t<\/td>\n<td>Lifting Hook MAXIMO 1.5 t<\/td>\n<td>10<\/td>\n<\/tr>\n<tr>\n<td>115058<\/td>\n<td>Stacking stanchion MAXIMO, galv.<\/td>\n<td>Stacking Device MAXIMO<\/td>\n<td>44<\/td>\n<\/tr>\n<tr>\n<td>022570<\/td>\n<td>Element TR 270 x 240<\/td>\n<td>Panel TR 270 x 240<\/td>\n<td>52<\/td>\n<\/tr>\n<tr>\n<td>022510<\/td>\n<td>Element TR 270 x 120<\/td>\n<td>Panel TR 270 x 120<\/td>\n<td>6<\/td>\n<\/tr>\n<tr>\n<td>022520<\/td>\n<td>Element TR 270 x 90<\/td>\n<td>Panel TR 270 x 90<\/td>\n<td>4<\/td>\n<\/tr>\n<tr>\n<td>022530<\/td>\n<td>Element TR 270 x 72<\/td>\n<td>Panel TR 270 x 72<\/td>\n<td>12<\/td>\n<\/tr>\n<tr>\n<td>022550<\/td>\n<td>Element TR 270 x 60<\/td>\n<td>Panel TR 270 x 60<\/td>\n<td>30<\/td>\n<\/tr>\n<tr>\n<td>022560<\/td>\n<td>Element TR 270 x 30<\/td>\n<td>Panel TR 270 x 30<\/td>\n<td>13<\/td>\n<\/tr>\n<tr>\n<td>022540<\/td>\n<td>Multi-purpose elements TRM 270 x 72<\/td>\n<td>Multi panel TRM 270 x 72<\/td>\n<td>4<\/td>\n<\/tr>\n<tr>\n<td>022580<\/td>\n<td>Corner TE 270-2<\/td>\n<td>Inside Corner TE 270-2<\/td>\n<td>9<\/td>\n<\/tr>\n<tr>\n<td>023200<\/td>\n<td>Hinge corner TGE 270<\/td>\n<td>Articulated corner TGE 270<\/td>\n<td>5<\/td>\n<\/tr>\n<tr>\n<td>023040<\/td>\n<td>Shuttering element TR 270 x 24<\/td>\n<td>Stopend Panel TR 270 x 24<\/td>\n<td>4<\/td>\n<\/tr>\n<tr>\n<td>105523<\/td>\n<td>Shaft element TSE 270<\/td>\n<td>Shaft element TSE 270<\/td>\n<td>4<\/td>\n<\/tr>\n<tr>\n<td>023170<\/td>\n<td>Length compensation LA 270 x 36<\/td>\n<td>Filler Plate LA 270 x 36<\/td>\n<td>16<\/td>\n<\/tr>\n<tr>\n<td>022514<\/td>\n<td>Element TR 120 x 240<\/td>\n<td>Panel TR 120 x 240<\/td>\n<td>40<\/td>\n<\/tr>\n<tr>\n<td>022600<\/td>\n<td>Element TR 120 x 120<\/td>\n<td>Panel TR 120 x 120<\/td>\n<td>4<\/td>\n<\/tr>\n<tr>\n<td>022610<\/td>\n<td>Element TR 120 x 90<\/td>\n<td>Panel TR 120 x 90<\/td>\n<td>4<\/td>\n<\/tr>\n<tr>\n<td>022620<\/td>\n<td>Element TR 120 x 72<\/td>\n<td>Panel TR 120 x 72<\/td>\n<td>8<\/td>\n<\/tr>\n<tr>\n<td>022640<\/td>\n<td>Element TR 120 x 60<\/td>\n<td>Panel TR 120 x 60<\/td>\n<td>9<\/td>\n<\/tr>\n<tr>\n<td>022650<\/td>\n<td>Element TR 120 x 30<\/td>\n<td>Panel TR 120 x 30<\/td>\n<td>26<\/td>\n<\/tr>\n<tr>\n<td>022630<\/td>\n<td>Multi-purpose elements TRM 120 x 72<\/td>\n<td>Multi panel TRM 120 x 72<\/td>\n<td>4<\/td>\n<\/tr>\n<tr>\n<td>022660<\/td>\n<td>Corner TE 120-2<\/td>\n<td>Inside Corner TE 120-2<\/td>\n<td>5<\/td>\n<\/tr>\n<tr>\n<td>023300<\/td>\n<td>Hinged corner TGE 120<\/td>\n<td>Articulated corner TGE 120<\/td>\n<td>2<\/td>\n<\/tr>\n<tr>\n<td>023270<\/td>\n<td>Length compensation LA 120 x 36<\/td>\n<td>Filler Plate LA 120 x 36<\/td>\n<td>4<\/td>\n<\/tr>\n<tr>\n<td>105524<\/td>\n<td>Shaft element TSE 120<\/td>\n<td>Shaft element TSE 120<\/td>\n<td>4<\/td>\n<\/tr>\n<tr>\n<td>023030<\/td>\n<td>Shuttering element TR 120 x 24<\/td>\n<td>Stopend Panel TR 120 x 24<\/td>\n<td>4<\/td>\n<\/tr>\n<tr>\n<td>023550<\/td>\n<td>Compensation bar TAR 85<\/td>\n<td>Compensation Waler TAR 85<\/td>\n<td>81<\/td>\n<\/tr>\n<tr>\n<td>030480<\/td>\n<td width=\"272\">Prestressing steel DW 15 L = 1.00m<\/td>\n<td width=\"267\">Tie Rod DW 15 l = 1.00 m<\/td>\n<td>207<\/td>\n<\/tr>\n<tr>\n<td>028990<\/td>\n<td>Push-pull prop RS 1000, galvanized<\/td>\n<td>Push-Pull Prop RS 1000, galv.<\/td>\n<td>3<\/td>\n<\/tr>\n<tr>\n<td>117343<\/td>\n<td>Foot plate -2 RS, galv.<\/td>\n<td>Plate -2 RS, galv.<\/td>\n<td>5<\/td>\n<\/tr>\n<tr>\n<td>030480<\/td>\n<td width=\"272\">Prestressing steel DW 15 L = 1.00m<\/td>\n<td width=\"267\">Tie Rod DW 15 l = 1.00 m<\/td>\n<td>207<\/td>\n<\/tr>\n<tr>\n<td>030370<\/td>\n<td>Nut joint plate DW 15, galv.<\/td>\n<td>Wingnut Pivot Plate DW 15, galv.<\/td>\n<td>542<\/td>\n<\/tr>\n<tr>\n<td>028030<\/td>\n<td>Push-pull prop RSS III (4,60 &#8211; 6,00m)<\/td>\n<td>Push-Pull Prop RSS III (4,60 &#8211; 6,00m)<\/td>\n<td>2<\/td>\n<\/tr>\n<tr>\n<td>028100<\/td>\n<td>Foot plate for RS<\/td>\n<td>Strut base for RS<\/td>\n<td><\/td>\n<\/tr>\n<tr>\n<td>065016<\/td>\n<td>Lattice box 80 x 120-K, lacquered<\/td>\n<td>Crate Pallet 80 x 120, painted<\/td>\n<td>6<\/td>\n<\/tr>\n<tr>\n<td>025670<\/td>\n<td>Small parts box 80 x 120, lacquered<\/td>\n<td>Hardware Box 80 x 120, painted<\/td>\n<td>2<\/td>\n<\/tr>\n<tr>\n<td>2827012<\/td>\n<td>Cantilever AV 190<\/td>\n<td>Kicker AV 90<\/td>\n<td>33<\/td>\n<\/tr>\n<tr>\n<td>298310<\/td>\n<td>Scaffolding bracket TRG 80<\/td>\n<td>scaffold bracket<\/td>\n<td>42<\/td>\n<\/tr>\n<\/tbody>\n<\/table>\n","protected":false},"excerpt":{"rendered":"<p>We offer a lot of used Peri Trio formwork incl. Accessories on.<\/p>\n<p>This is in good condition and available from stock.<\/p>\n<p>If you are interested, please send us your inquiry.<\/p>\n<p>&nbsp;<\/p>\n","protected":false},"featured_media":6921,"template":"","meta":[],"product_brand":[],"product_cat":[227,224,228],"product_tag":[],"class_list":{"0":"post-12833","1":"product","2":"type-product","3":"status-publish","4":"has-post-thumbnail","6":"product_cat-peri-en","7":"product_cat-formwork","8":"product_cat-the-peri-trio","10":"first","11":"instock","12":"taxable","13":"shipping-taxable","14":"product-type-simple"},"yoast_head":"<!-- This site is optimized with the Yoast SEO plugin v26.5 - https:\/\/yoast.com\/wordpress\/plugins\/seo\/ -->\n<title>Peri Trio formwork 2,70m - 658m\u00b2 - JH - ITC GmbH<\/title>\n<meta name=\"description\" content=\"Peri Trio formwork used and cheap click here to buy\" \/>\n<meta name=\"robots\" content=\"noindex, follow, max-snippet:-1, max-image-preview:large, max-video-preview:-1\" \/>\n<meta property=\"og:locale\" content=\"en_US\" \/>\n<meta property=\"og:type\" content=\"article\" \/>\n<meta property=\"og:title\" content=\"Peri Trio formwork 2,70m - 658m\u00b2 - JH - ITC GmbH\" \/>\n<meta property=\"og:description\" content=\"Peri Trio formwork used and cheap click here to buy\" \/>\n<meta property=\"og:url\" content=\"https:\/\/stage.jh-itc.de\/en\/shop\/peri-en\/the-peri-trio\/658-m%c2%b2-peri-trio-schalung-270m\/\" \/>\n<meta property=\"og:site_name\" content=\"JH - ITC GmbH\" \/>\n<meta property=\"article:publisher\" content=\"https:\/\/www.facebook.com\/schalungshandel\" \/>\n<meta property=\"article:modified_time\" content=\"2021-04-28T19:27:30+00:00\" \/>\n<meta property=\"og:image\" content=\"https:\/\/stage.jh-itc.de\/wp-content\/uploads\/2018\/06\/Peri-Trio-Schalung-3.jpg\" \/>\n\t<meta property=\"og:image:width\" content=\"640\" \/>\n\t<meta property=\"og:image:height\" content=\"480\" \/>\n\t<meta property=\"og:image:type\" content=\"image\/jpeg\" \/>\n<meta name=\"twitter:card\" content=\"summary_large_image\" \/>\n<meta name=\"twitter:site\" content=\"@JH_ITC\" \/>\n<meta name=\"twitter:label1\" content=\"Est. reading time\" \/>\n\t<meta name=\"twitter:data1\" content=\"2 minutes\" \/>\n<!-- \/ Yoast SEO plugin. -->","yoast_head_json":{"title":"Peri Trio formwork 2,70m - 658m\u00b2 - JH - ITC GmbH","description":"Peri Trio formwork used and cheap click here to buy","robots":{"index":"noindex","follow":"follow","max-snippet":"max-snippet:-1","max-image-preview":"max-image-preview:large","max-video-preview":"max-video-preview:-1"},"og_locale":"en_US","og_type":"article","og_title":"Peri Trio formwork 2,70m - 658m\u00b2 - JH - ITC GmbH","og_description":"Peri Trio formwork used and cheap click here to buy","og_url":"https:\/\/stage.jh-itc.de\/en\/shop\/peri-en\/the-peri-trio\/658-m%c2%b2-peri-trio-schalung-270m\/","og_site_name":"JH - ITC GmbH","article_publisher":"https:\/\/www.facebook.com\/schalungshandel","article_modified_time":"2021-04-28T19:27:30+00:00","og_image":[{"width":640,"height":480,"url":"https:\/\/stage.jh-itc.de\/wp-content\/uploads\/2018\/06\/Peri-Trio-Schalung-3.jpg","type":"image\/jpeg"}],"twitter_card":"summary_large_image","twitter_site":"@JH_ITC","twitter_misc":{"Est. reading time":"2 minutes"},"schema":{"@context":"https:\/\/schema.org","@graph":[{"@type":"WebPage","@id":"https:\/\/stage.jh-itc.de\/en\/shop\/peri-en\/the-peri-trio\/658-m%c2%b2-peri-trio-schalung-270m\/","url":"https:\/\/stage.jh-itc.de\/en\/shop\/peri-en\/the-peri-trio\/658-m%c2%b2-peri-trio-schalung-270m\/","name":"Peri Trio formwork 2,70m - 658m\u00b2 - JH - ITC GmbH","isPartOf":{"@id":"https:\/\/stage.jh-itc.de\/en\/#website"},"primaryImageOfPage":{"@id":"https:\/\/stage.jh-itc.de\/en\/shop\/peri-en\/the-peri-trio\/658-m%c2%b2-peri-trio-schalung-270m\/#primaryimage"},"image":{"@id":"https:\/\/stage.jh-itc.de\/en\/shop\/peri-en\/the-peri-trio\/658-m%c2%b2-peri-trio-schalung-270m\/#primaryimage"},"thumbnailUrl":"https:\/\/stage.jh-itc.de\/wp-content\/uploads\/2018\/06\/Peri-Trio-Schalung-3.jpg","datePublished":"2021-03-01T19:03:55+00:00","dateModified":"2021-04-28T19:27:30+00:00","description":"Peri Trio formwork used and cheap click here to buy","breadcrumb":{"@id":"https:\/\/stage.jh-itc.de\/en\/shop\/peri-en\/the-peri-trio\/658-m%c2%b2-peri-trio-schalung-270m\/#breadcrumb"},"inLanguage":"en-US","potentialAction":[{"@type":"ReadAction","target":["https:\/\/stage.jh-itc.de\/en\/shop\/peri-en\/the-peri-trio\/658-m%c2%b2-peri-trio-schalung-270m\/"]}]},{"@type":"ImageObject","inLanguage":"en-US","@id":"https:\/\/stage.jh-itc.de\/en\/shop\/peri-en\/the-peri-trio\/658-m%c2%b2-peri-trio-schalung-270m\/#primaryimage","url":"https:\/\/stage.jh-itc.de\/wp-content\/uploads\/2018\/06\/Peri-Trio-Schalung-3.jpg","contentUrl":"https:\/\/stage.jh-itc.de\/wp-content\/uploads\/2018\/06\/Peri-Trio-Schalung-3.jpg","width":640,"height":480},{"@type":"BreadcrumbList","@id":"https:\/\/stage.jh-itc.de\/en\/shop\/peri-en\/the-peri-trio\/658-m%c2%b2-peri-trio-schalung-270m\/#breadcrumb","itemListElement":[{"@type":"ListItem","position":1,"name":"Home","item":"https:\/\/stage.jh-itc.de\/en\/formwork-props-scaffolding-from-professionals\/"},{"@type":"ListItem","position":2,"name":"Store","item":"https:\/\/stage.jh-itc.de\/en\/?page_id=7087"},{"@type":"ListItem","position":3,"name":"Peri Trio formwork 2,70m &#8211; 658m\u00b2"}]},{"@type":"WebSite","@id":"https:\/\/stage.jh-itc.de\/en\/#website","url":"https:\/\/stage.jh-itc.de\/en\/","name":"JH - ITC GmbH","description":"Ihr Experte f\u00fcr gebrauchte St\u00fctzen, Schalungen und Ger\u00fcste","publisher":{"@id":"https:\/\/stage.jh-itc.de\/en\/#organization"},"potentialAction":[{"@type":"SearchAction","target":{"@type":"EntryPoint","urlTemplate":"https:\/\/stage.jh-itc.de\/en\/?s={search_term_string}"},"query-input":{"@type":"PropertyValueSpecification","valueRequired":true,"valueName":"search_term_string"}}],"inLanguage":"en-US"},{"@type":"Organization","@id":"https:\/\/stage.jh-itc.de\/en\/#organization","name":"JH-ITC GmbH","url":"https:\/\/stage.jh-itc.de\/en\/","logo":{"@type":"ImageObject","inLanguage":"en-US","@id":"https:\/\/stage.jh-itc.de\/en\/#\/schema\/logo\/image\/","url":"https:\/\/stage.jh-itc.de\/wp-content\/uploads\/2016\/01\/JH-ITC2-1.png","contentUrl":"https:\/\/stage.jh-itc.de\/wp-content\/uploads\/2016\/01\/JH-ITC2-1.png","width":300,"height":102,"caption":"JH-ITC GmbH"},"image":{"@id":"https:\/\/stage.jh-itc.de\/en\/#\/schema\/logo\/image\/"},"sameAs":["https:\/\/www.facebook.com\/schalungshandel","https:\/\/x.com\/JH_ITC","https:\/\/www.linkedin.com\/in\/jhitc","https:\/\/youtu.be\/rMdZ-FLfI-Y"]}]}},"_links":{"self":[{"href":"https:\/\/stage.jh-itc.de\/en\/wp-json\/wp\/v2\/product\/12833","targetHints":{"allow":["GET"]}}],"collection":[{"href":"https:\/\/stage.jh-itc.de\/en\/wp-json\/wp\/v2\/product"}],"about":[{"href":"https:\/\/stage.jh-itc.de\/en\/wp-json\/wp\/v2\/types\/product"}],"wp:featuredmedia":[{"embeddable":true,"href":"https:\/\/stage.jh-itc.de\/en\/wp-json\/wp\/v2\/media\/6921"}],"wp:attachment":[{"href":"https:\/\/stage.jh-itc.de\/en\/wp-json\/wp\/v2\/media?parent=12833"}],"wp:term":[{"taxonomy":"product_brand","embeddable":true,"href":"https:\/\/stage.jh-itc.de\/en\/wp-json\/wp\/v2\/product_brand?post=12833"},{"taxonomy":"product_cat","embeddable":true,"href":"https:\/\/stage.jh-itc.de\/en\/wp-json\/wp\/v2\/product_cat?post=12833"},{"taxonomy":"product_tag","embeddable":true,"href":"https:\/\/stage.jh-itc.de\/en\/wp-json\/wp\/v2\/product_tag?post=12833"}],"curies":[{"name":"wp","href":"https:\/\/api.w.org\/{rel}","templated":true}]}}