{"id":12751,"date":"2017-07-19T23:00:32","date_gmt":"2021-03-01T19:02:44","guid":{"rendered":"https:\/\/www.jh-itc.de\/shop\/uncategorized\/ischebeck-alu-light-trench-shoring\/"},"modified":"2021-04-28T21:25:56","modified_gmt":"2021-04-28T19:25:56","slug":"ischebeck-alu-light-trench-shoring","status":"publish","type":"product","link":"https:\/\/stage.jh-itc.de\/en\/shop\/construction-machinery\/ischebeck-alu-light-trench-shoring\/","title":{"rendered":"Ischebeck Alu Light Trench Shoring"},"content":{"rendered":"","protected":false},"excerpt":{"rendered":"<p>We offer a complete <strong>Ischebeck aluminium lightweight shoring<\/strong> for trenches up to 3m deep.<\/p>\n<table width=\"0\">\n<tbody>\n<tr>\n<td width=\"138\"><strong>item no.<\/strong><\/td>\n<td width=\"607\"><strong>Designation<\/strong><\/td>\n<td width=\"156\"><strong>Quantity<\/strong><\/td>\n<\/tr>\n<tr>\n<td width=\"138\">0130500012<\/td>\n<td width=\"607\">Aluminum plank 3.00 x 0.50<\/td>\n<td width=\"156\">121<\/td>\n<\/tr>\n<tr>\n<td width=\"138\">0130500011<\/td>\n<td width=\"607\">Aluminium plank 2,00 x 0,50<\/td>\n<td width=\"156\">28<\/td>\n<\/tr>\n<tr>\n<td width=\"138\">0130500010<\/td>\n<td width=\"607\">Aluminum plank 1.55 x 0.50<\/td>\n<td width=\"156\">18<\/td>\n<\/tr>\n<tr>\n<td width=\"138\">0130504587<\/td>\n<td width=\"607\">Aluminium coupling 0,28m<\/td>\n<td width=\"156\">138<\/td>\n<\/tr>\n<tr>\n<td width=\"138\">0130504590<\/td>\n<td width=\"607\">Aluminium coupling 1,35m<\/td>\n<td width=\"156\">54<\/td>\n<\/tr>\n<tr>\n<td width=\"138\">0130504524<\/td>\n<td width=\"607\">Duct strut Gi-A\/ 60-81<\/td>\n<td width=\"156\">174<\/td>\n<\/tr>\n<tr>\n<td width=\"138\">0130504525<\/td>\n<td width=\"607\">Duct strut Gi-A\/ 81-121<\/td>\n<td width=\"156\">6<\/td>\n<\/tr>\n<tr>\n<td width=\"138\">0130504526<\/td>\n<td width=\"607\">Duct strut Gi-A\/ 129-218<\/td>\n<td width=\"156\">6<\/td>\n<\/tr>\n<tr>\n<td width=\"138\">0130500088<\/td>\n<td width=\"607\">Standard plug-in bolt \u00d813mm<\/td>\n<td width=\"156\">700<\/td>\n<\/tr>\n<tr>\n<td width=\"138\"><\/td>\n<td width=\"607\">Box pallet<\/td>\n<td width=\"156\">6<\/td>\n<\/tr>\n<\/tbody>\n<\/table>\n<p>If you are interested, please send us your inquiry.<\/p>\n","protected":false},"featured_media":6581,"template":"","meta":[],"product_brand":[],"product_cat":[219,233,224],"product_tag":[],"class_list":{"0":"post-12751","1":"product","2":"type-product","3":"status-publish","4":"has-post-thumbnail","6":"product_cat-construction-machinery","7":"product_cat-ischebeck-en","8":"product_cat-formwork","10":"first","11":"outofstock","12":"taxable","13":"shipping-taxable","14":"product-type-simple"},"yoast_head":"<!-- This site is optimized with the Yoast SEO plugin v26.5 - https:\/\/yoast.com\/wordpress\/plugins\/seo\/ -->\n<title>Ischebeck Alu Light Trench Shoring - JH - ITC GmbH<\/title>\n<meta name=\"description\" content=\"Ischebeck Aluminium Lightweight System Trench Shoring\" \/>\n<meta name=\"robots\" content=\"noindex, follow, max-snippet:-1, max-image-preview:large, max-video-preview:-1\" \/>\n<meta property=\"og:locale\" content=\"en_US\" \/>\n<meta property=\"og:type\" content=\"article\" \/>\n<meta property=\"og:title\" content=\"Ischebeck Alu Light Trench Shoring - JH - ITC GmbH\" \/>\n<meta property=\"og:description\" content=\"Ischebeck Aluminium Lightweight System Trench Shoring\" \/>\n<meta property=\"og:url\" content=\"https:\/\/stage.jh-itc.de\/en\/shop\/construction-machinery\/ischebeck-alu-light-trench-shoring\/\" \/>\n<meta property=\"og:site_name\" content=\"JH - ITC GmbH\" \/>\n<meta property=\"article:publisher\" content=\"https:\/\/www.facebook.com\/schalungshandel\" \/>\n<meta property=\"article:modified_time\" content=\"2021-04-28T19:25:56+00:00\" \/>\n<meta property=\"og:image\" content=\"https:\/\/stage.jh-itc.de\/wp-content\/uploads\/2017\/07\/alu_leichtverbau.jpg\" \/>\n\t<meta property=\"og:image:width\" content=\"180\" \/>\n\t<meta property=\"og:image:height\" content=\"240\" \/>\n\t<meta property=\"og:image:type\" content=\"image\/jpeg\" \/>\n<meta name=\"twitter:card\" content=\"summary_large_image\" \/>\n<meta name=\"twitter:site\" content=\"@JH_ITC\" \/>\n<!-- \/ Yoast SEO plugin. -->","yoast_head_json":{"title":"Ischebeck Alu Light Trench Shoring - JH - ITC GmbH","description":"Ischebeck Aluminium Lightweight System Trench Shoring","robots":{"index":"noindex","follow":"follow","max-snippet":"max-snippet:-1","max-image-preview":"max-image-preview:large","max-video-preview":"max-video-preview:-1"},"og_locale":"en_US","og_type":"article","og_title":"Ischebeck Alu Light Trench Shoring - JH - ITC GmbH","og_description":"Ischebeck Aluminium Lightweight System Trench Shoring","og_url":"https:\/\/stage.jh-itc.de\/en\/shop\/construction-machinery\/ischebeck-alu-light-trench-shoring\/","og_site_name":"JH - ITC GmbH","article_publisher":"https:\/\/www.facebook.com\/schalungshandel","article_modified_time":"2021-04-28T19:25:56+00:00","og_image":[{"width":180,"height":240,"url":"https:\/\/stage.jh-itc.de\/wp-content\/uploads\/2017\/07\/alu_leichtverbau.jpg","type":"image\/jpeg"}],"twitter_card":"summary_large_image","twitter_site":"@JH_ITC","schema":{"@context":"https:\/\/schema.org","@graph":[{"@type":"WebPage","@id":"https:\/\/stage.jh-itc.de\/en\/shop\/construction-machinery\/ischebeck-alu-light-trench-shoring\/","url":"https:\/\/stage.jh-itc.de\/en\/shop\/construction-machinery\/ischebeck-alu-light-trench-shoring\/","name":"Ischebeck Alu Light Trench Shoring - JH - ITC GmbH","isPartOf":{"@id":"https:\/\/stage.jh-itc.de\/en\/#website"},"primaryImageOfPage":{"@id":"https:\/\/stage.jh-itc.de\/en\/shop\/construction-machinery\/ischebeck-alu-light-trench-shoring\/#primaryimage"},"image":{"@id":"https:\/\/stage.jh-itc.de\/en\/shop\/construction-machinery\/ischebeck-alu-light-trench-shoring\/#primaryimage"},"thumbnailUrl":"https:\/\/stage.jh-itc.de\/wp-content\/uploads\/2017\/07\/alu_leichtverbau.jpg","datePublished":"2021-03-01T19:02:44+00:00","dateModified":"2021-04-28T19:25:56+00:00","description":"Ischebeck Aluminium Lightweight System Trench Shoring","breadcrumb":{"@id":"https:\/\/stage.jh-itc.de\/en\/shop\/construction-machinery\/ischebeck-alu-light-trench-shoring\/#breadcrumb"},"inLanguage":"en-US","potentialAction":[{"@type":"ReadAction","target":["https:\/\/stage.jh-itc.de\/en\/shop\/construction-machinery\/ischebeck-alu-light-trench-shoring\/"]}]},{"@type":"ImageObject","inLanguage":"en-US","@id":"https:\/\/stage.jh-itc.de\/en\/shop\/construction-machinery\/ischebeck-alu-light-trench-shoring\/#primaryimage","url":"https:\/\/stage.jh-itc.de\/wp-content\/uploads\/2017\/07\/alu_leichtverbau.jpg","contentUrl":"https:\/\/stage.jh-itc.de\/wp-content\/uploads\/2017\/07\/alu_leichtverbau.jpg","width":180,"height":240},{"@type":"BreadcrumbList","@id":"https:\/\/stage.jh-itc.de\/en\/shop\/construction-machinery\/ischebeck-alu-light-trench-shoring\/#breadcrumb","itemListElement":[{"@type":"ListItem","position":1,"name":"Home","item":"https:\/\/stage.jh-itc.de\/en\/formwork-props-scaffolding-from-professionals\/"},{"@type":"ListItem","position":2,"name":"Store","item":"https:\/\/stage.jh-itc.de\/en\/?page_id=7087"},{"@type":"ListItem","position":3,"name":"Ischebeck Alu Light Trench Shoring"}]},{"@type":"WebSite","@id":"https:\/\/stage.jh-itc.de\/en\/#website","url":"https:\/\/stage.jh-itc.de\/en\/","name":"JH - ITC GmbH","description":"Ihr Experte f\u00fcr gebrauchte St\u00fctzen, Schalungen und Ger\u00fcste","publisher":{"@id":"https:\/\/stage.jh-itc.de\/en\/#organization"},"potentialAction":[{"@type":"SearchAction","target":{"@type":"EntryPoint","urlTemplate":"https:\/\/stage.jh-itc.de\/en\/?s={search_term_string}"},"query-input":{"@type":"PropertyValueSpecification","valueRequired":true,"valueName":"search_term_string"}}],"inLanguage":"en-US"},{"@type":"Organization","@id":"https:\/\/stage.jh-itc.de\/en\/#organization","name":"JH-ITC GmbH","url":"https:\/\/stage.jh-itc.de\/en\/","logo":{"@type":"ImageObject","inLanguage":"en-US","@id":"https:\/\/stage.jh-itc.de\/en\/#\/schema\/logo\/image\/","url":"https:\/\/stage.jh-itc.de\/wp-content\/uploads\/2016\/01\/JH-ITC2-1.png","contentUrl":"https:\/\/stage.jh-itc.de\/wp-content\/uploads\/2016\/01\/JH-ITC2-1.png","width":300,"height":102,"caption":"JH-ITC GmbH"},"image":{"@id":"https:\/\/stage.jh-itc.de\/en\/#\/schema\/logo\/image\/"},"sameAs":["https:\/\/www.facebook.com\/schalungshandel","https:\/\/x.com\/JH_ITC","https:\/\/www.linkedin.com\/in\/jhitc","https:\/\/youtu.be\/rMdZ-FLfI-Y"]}]}},"_links":{"self":[{"href":"https:\/\/stage.jh-itc.de\/en\/wp-json\/wp\/v2\/product\/12751","targetHints":{"allow":["GET"]}}],"collection":[{"href":"https:\/\/stage.jh-itc.de\/en\/wp-json\/wp\/v2\/product"}],"about":[{"href":"https:\/\/stage.jh-itc.de\/en\/wp-json\/wp\/v2\/types\/product"}],"wp:featuredmedia":[{"embeddable":true,"href":"https:\/\/stage.jh-itc.de\/en\/wp-json\/wp\/v2\/media\/6581"}],"wp:attachment":[{"href":"https:\/\/stage.jh-itc.de\/en\/wp-json\/wp\/v2\/media?parent=12751"}],"wp:term":[{"taxonomy":"product_brand","embeddable":true,"href":"https:\/\/stage.jh-itc.de\/en\/wp-json\/wp\/v2\/product_brand?post=12751"},{"taxonomy":"product_cat","embeddable":true,"href":"https:\/\/stage.jh-itc.de\/en\/wp-json\/wp\/v2\/product_cat?post=12751"},{"taxonomy":"product_tag","embeddable":true,"href":"https:\/\/stage.jh-itc.de\/en\/wp-json\/wp\/v2\/product_tag?post=12751"}],"curies":[{"name":"wp","href":"https:\/\/api.w.org\/{rel}","templated":true}]}}