{"id":12696,"date":"2015-07-28T12:52:29","date_gmt":"2021-03-01T19:01:55","guid":{"rendered":"https:\/\/www.jh-itc.de\/shop\/uncategorized\/used-cogeneration-plant\/"},"modified":"2021-03-01T20:01:55","modified_gmt":"2021-03-01T19:01:55","slug":"used-bhkw-plant","status":"publish","type":"product","link":"https:\/\/stage.jh-itc.de\/en\/shop\/industrial-machinery\/used-bhkw-plant\/","title":{"rendered":"used cogeneration plant"},"content":{"rendered":"<p><strong><u>Information:<\/u><\/strong><br \/>\nSpecification aggregate machine set<\/p>\n<p>Generator flanged to engine with REICH heavy-duty coupling; engine-generator-unit mounted on torsion-resistant steel base frame; ladder frame with under-slung oil collecting pan elastically mounted on the floor with oscillating metals. Oil electric pump for clean oil change Starter with battery start; cooling water preheater 2 KW with adjustable thermostat.<\/p>\n<table width=\"100%\">\n<tbody>\n<tr>\n<td width=\"30%\">Continuous output<\/td>\n<td width=\"100%\">200 KVA \/ 160 KW according to DIN A unrestricted 24h\/d<\/td>\n<\/tr>\n<tr>\n<td width=\"30%\">Speed<\/td>\n<td width=\"100%\">1500 upm\/P-degree 1%<\/td>\n<\/tr>\n<tr>\n<td width=\"30%\">Engine make\/type<\/td>\n<td width=\"100%\">MAN D 2866 LE201<\/td>\n<\/tr>\n<tr>\n<td width=\"30%\">Version<\/td>\n<td width=\"100%\">6 cylinder turbo diesel intercooling in air<\/td>\n<\/tr>\n<tr>\n<td width=\"30%\">Continuous power, COP<\/td>\n<td width=\"100%\">290 KW according to DIN 6271 A \/ISO 3046\/1<\/td>\n<\/tr>\n<tr>\n<td width=\"30%\">Cubic capacity<\/td>\n<td width=\"100%\">12 liters<\/td>\n<\/tr>\n<tr>\n<td width=\"30%\">Fuel consumption<\/td>\n<td width=\"100%\">Diesel : 195g \/ KWh mech. = 0.24 l according to DIN ISO 3046\/1<\/td>\n<\/tr>\n<tr>\n<td width=\"30%\"><\/td>\n<td width=\"100%\">P\u00d6 228g \/ KWh mech. = 0,26 l with calorific value 10,3 KWh\/kg<\/td>\n<\/tr>\n<tr>\n<td width=\"30%\"><\/td>\n<td width=\"100%\">Vegetable oil consumption el. per hour approx. 40 l with calorific value 10.3 KWh\/kg<\/td>\n<\/tr>\n<tr>\n<td width=\"30%\">Restriction<\/td>\n<td width=\"100%\">Vegetable oil has a non-usable energy content, depending on the quality or suitability, consumption can increase!<\/td>\n<\/tr>\n<tr>\n<td width=\"30%\">Injection system<\/td>\n<td width=\"100%\">High pressure injection, electronic control<\/td>\n<\/tr>\n<tr>\n<td width=\"30%\">Intercooling<\/td>\n<td width=\"100%\">Air\/Air<\/td>\n<\/tr>\n<tr>\n<td width=\"30%\">Specific fuel consumption<\/td>\n<td width=\"100%\">2.28 Kwh th\/ Kwh mech.<\/td>\n<\/tr>\n<tr>\n<td width=\"30%\">Energy input for 160 KW el<\/td>\n<td width=\"100%\">384 KW = Fire heat output FWL<\/td>\n<\/tr>\n<tr>\n<td width=\"30%\">Energy in the cooling water<\/td>\n<td width=\"100%\">approx. 65 KW<\/td>\n<\/tr>\n<tr>\n<td width=\"30%\">Energy in the exhaust gas(160\u00b0C)<\/td>\n<td width=\"100%\">approx. 80 KW (with clean exhaust gas exchanger)<\/td>\n<\/tr>\n<tr>\n<td width=\"30%\">Usable thermal energy<\/td>\n<td width=\"100%\">approx. 145 KW<\/td>\n<\/tr>\n<tr>\n<td width=\"30%\">Heating circuit<\/td>\n<td width=\"100%\">Q=8.5 m\u00b3 \/ V\/L 60\/80\u00b0C<\/td>\n<\/tr>\n<tr>\n<td width=\"30%\">Efficiency electrical<\/td>\n<td width=\"100%\">41,6 %<\/td>\n<\/tr>\n<tr>\n<td width=\"30%\">Thermal efficiency<\/td>\n<td width=\"100%\">38,5 %<\/td>\n<\/tr>\n<tr>\n<td width=\"30%\">Total efficiency<\/td>\n<td width=\"100%\">80,2 %<\/td>\n<\/tr>\n<tr>\n<td width=\"30%\">Electricity ratio<\/td>\n<td width=\"100%\">eta el. \/ eta th. = 1,08<\/td>\n<\/tr>\n<\/tbody>\n<\/table>\n<p>Engine oil drain with electric pump and connection hose; PT-100 thermal sensor for PLC connection integrated in cylinder head.<\/p>\n<table width=\"100%\">\n<tbody>\n<tr>\n<td width=\"30%\">Sensors\/Actuators<\/td>\n<td width=\"100%\">Water temperature switch; oil pressure switch; oil pressure sensor; charge pressure control charge air temperature, low water sensor engine and heating circuit starter auxiliary relay; contamination indicator for the air filters<\/td>\n<\/tr>\n<\/tbody>\n<\/table>\n<p>Active frequency control in isolated operation, power control in mains parallel operation.<\/p>\n<table width=\"100%\">\n<tbody>\n<tr>\n<td width=\"30%\">Generator:<\/td>\n<td width=\"100%\"><\/td>\n<\/tr>\n<tr>\n<td width=\"30%\">Make<\/td>\n<td width=\"100%\">Stamford 1 bearing generator<\/td>\n<\/tr>\n<tr>\n<td width=\"30%\">Power<\/td>\n<td width=\"100%\">225 KVA \/ 180 KW at cos.phi 0,8<\/td>\n<\/tr>\n<tr>\n<td width=\"30%\">Voltage\/Frequency<\/td>\n<td width=\"100%\">400\/231 V electr.regulated 50 Hertz<\/td>\n<\/tr>\n<tr>\n<td width=\"30%\">Voltage constancy<\/td>\n<td width=\"100%\">+\/- 1%<\/td>\n<\/tr>\n<tr>\n<td width=\"30%\">Efficiency<\/td>\n<td width=\"100%\">95.5 % at Cos-Phi=1 \/ 75 % load factor<\/td>\n<\/tr>\n<tr>\n<td width=\"30%\">Radio interference suppression level<\/td>\n<td width=\"100%\">N according to VDE 0875<\/td>\n<\/tr>\n<\/tbody>\n<\/table>\n<p>Execution acc. VDE 0530\/BSS 5000 for 40 degrees ambient temperature; h below 1000m NN; heavy duty design with high rotor moment of inertia; mains paralleling capability; thermal sensors integrated in the winding with tripping device in the switchgear Brushless design;self-excitation;self-synchronising;tropical insulation; intake air filter<\/p>\n<table width=\"100%\">\n<tbody>\n<tr>\n<td width=\"30%\">Minimum space required for the module<\/td>\n<td width=\"100%\">2,5 x 5 m<\/td>\n<\/tr>\n<tr>\n<td width=\"30%\">Mounting scope<\/td>\n<td width=\"100%\">according to agreement\/offer sheet<\/td>\n<\/tr>\n<\/tbody>\n<\/table>\n<p>&nbsp;<\/p>\n<p>&nbsp;<\/p>\n<p><strong>To be given against bid.<\/strong><\/p>\n<p>&nbsp;<\/p>\n","protected":false},"excerpt":{"rendered":"<p>Information: Specification aggregate machine set Generator flanged to engine with REICH heavy-duty coupling; engine-generator-unit mounted on torsion-resistant steel base frame; ladder frame with under-slung oil collecting pan elastically mounted on the floor with oscillating metals. Oil electric pump for clean oil change Starter with battery start; cooling water preheater 2 KW with adjustable thermostat. Continuous [&hellip;]<\/p>\n","protected":false},"featured_media":0,"template":"","meta":[],"product_brand":[],"product_cat":[245],"product_tag":[],"class_list":{"0":"post-12696","1":"product","2":"type-product","3":"status-publish","5":"product_cat-industrial-machinery","7":"first","8":"instock","9":"taxable","10":"shipping-taxable","11":"product-type-simple"},"yoast_head":"<!-- This site is optimized with the Yoast SEO plugin v26.5 - https:\/\/yoast.com\/wordpress\/plugins\/seo\/ -->\n<title>used cogeneration plant - JH - ITC GmbH<\/title>\n<meta name=\"description\" content=\"cogeneration plant\" \/>\n<meta name=\"robots\" content=\"noindex, follow, max-snippet:-1, max-image-preview:large, max-video-preview:-1\" \/>\n<meta property=\"og:locale\" content=\"en_US\" \/>\n<meta property=\"og:type\" content=\"article\" \/>\n<meta property=\"og:title\" content=\"used cogeneration plant - JH - ITC GmbH\" \/>\n<meta property=\"og:description\" content=\"cogeneration plant\" \/>\n<meta property=\"og:url\" content=\"https:\/\/stage.jh-itc.de\/en\/shop\/industrial-machinery\/used-bhkw-plant\/\" \/>\n<meta property=\"og:site_name\" content=\"JH - ITC GmbH\" \/>\n<meta property=\"article:publisher\" content=\"https:\/\/www.facebook.com\/schalungshandel\" \/>\n<meta property=\"og:image\" content=\"https:\/\/stage.jh-itc.de\/wp-content\/uploads\/2015\/07\/CIMG8684-Small.jpg\" \/>\n\t<meta property=\"og:image:width\" content=\"640\" \/>\n\t<meta property=\"og:image:height\" content=\"480\" \/>\n\t<meta property=\"og:image:type\" content=\"image\/jpeg\" \/>\n<meta name=\"twitter:card\" content=\"summary_large_image\" \/>\n<meta name=\"twitter:site\" content=\"@JH_ITC\" \/>\n<meta name=\"twitter:label1\" content=\"Est. reading time\" \/>\n\t<meta name=\"twitter:data1\" content=\"2 minutes\" \/>\n<!-- \/ Yoast SEO plugin. -->","yoast_head_json":{"title":"used cogeneration plant - JH - ITC GmbH","description":"cogeneration plant","robots":{"index":"noindex","follow":"follow","max-snippet":"max-snippet:-1","max-image-preview":"max-image-preview:large","max-video-preview":"max-video-preview:-1"},"og_locale":"en_US","og_type":"article","og_title":"used cogeneration plant - JH - ITC GmbH","og_description":"cogeneration plant","og_url":"https:\/\/stage.jh-itc.de\/en\/shop\/industrial-machinery\/used-bhkw-plant\/","og_site_name":"JH - ITC GmbH","article_publisher":"https:\/\/www.facebook.com\/schalungshandel","og_image":[{"width":640,"height":480,"url":"https:\/\/stage.jh-itc.de\/wp-content\/uploads\/2015\/07\/CIMG8684-Small.jpg","type":"image\/jpeg"}],"twitter_card":"summary_large_image","twitter_site":"@JH_ITC","twitter_misc":{"Est. reading time":"2 minutes"},"schema":{"@context":"https:\/\/schema.org","@graph":[{"@type":"WebPage","@id":"https:\/\/stage.jh-itc.de\/en\/shop\/industrial-machinery\/used-bhkw-plant\/","url":"https:\/\/stage.jh-itc.de\/en\/shop\/industrial-machinery\/used-bhkw-plant\/","name":"used cogeneration plant - JH - ITC GmbH","isPartOf":{"@id":"https:\/\/stage.jh-itc.de\/en\/#website"},"datePublished":"2021-03-01T19:01:55+00:00","description":"cogeneration plant","breadcrumb":{"@id":"https:\/\/stage.jh-itc.de\/en\/shop\/industrial-machinery\/used-bhkw-plant\/#breadcrumb"},"inLanguage":"en-US","potentialAction":[{"@type":"ReadAction","target":["https:\/\/stage.jh-itc.de\/en\/shop\/industrial-machinery\/used-bhkw-plant\/"]}]},{"@type":"BreadcrumbList","@id":"https:\/\/stage.jh-itc.de\/en\/shop\/industrial-machinery\/used-bhkw-plant\/#breadcrumb","itemListElement":[{"@type":"ListItem","position":1,"name":"Home","item":"https:\/\/stage.jh-itc.de\/en\/formwork-props-scaffolding-from-professionals\/"},{"@type":"ListItem","position":2,"name":"Store","item":"https:\/\/stage.jh-itc.de\/en\/?page_id=7087"},{"@type":"ListItem","position":3,"name":"used cogeneration plant"}]},{"@type":"WebSite","@id":"https:\/\/stage.jh-itc.de\/en\/#website","url":"https:\/\/stage.jh-itc.de\/en\/","name":"JH - ITC GmbH","description":"Ihr Experte f\u00fcr gebrauchte St\u00fctzen, Schalungen und Ger\u00fcste","publisher":{"@id":"https:\/\/stage.jh-itc.de\/en\/#organization"},"potentialAction":[{"@type":"SearchAction","target":{"@type":"EntryPoint","urlTemplate":"https:\/\/stage.jh-itc.de\/en\/?s={search_term_string}"},"query-input":{"@type":"PropertyValueSpecification","valueRequired":true,"valueName":"search_term_string"}}],"inLanguage":"en-US"},{"@type":"Organization","@id":"https:\/\/stage.jh-itc.de\/en\/#organization","name":"JH-ITC GmbH","url":"https:\/\/stage.jh-itc.de\/en\/","logo":{"@type":"ImageObject","inLanguage":"en-US","@id":"https:\/\/stage.jh-itc.de\/en\/#\/schema\/logo\/image\/","url":"https:\/\/stage.jh-itc.de\/wp-content\/uploads\/2016\/01\/JH-ITC2-1.png","contentUrl":"https:\/\/stage.jh-itc.de\/wp-content\/uploads\/2016\/01\/JH-ITC2-1.png","width":300,"height":102,"caption":"JH-ITC GmbH"},"image":{"@id":"https:\/\/stage.jh-itc.de\/en\/#\/schema\/logo\/image\/"},"sameAs":["https:\/\/www.facebook.com\/schalungshandel","https:\/\/x.com\/JH_ITC","https:\/\/www.linkedin.com\/in\/jhitc","https:\/\/youtu.be\/rMdZ-FLfI-Y"]}]}},"_links":{"self":[{"href":"https:\/\/stage.jh-itc.de\/en\/wp-json\/wp\/v2\/product\/12696","targetHints":{"allow":["GET"]}}],"collection":[{"href":"https:\/\/stage.jh-itc.de\/en\/wp-json\/wp\/v2\/product"}],"about":[{"href":"https:\/\/stage.jh-itc.de\/en\/wp-json\/wp\/v2\/types\/product"}],"wp:attachment":[{"href":"https:\/\/stage.jh-itc.de\/en\/wp-json\/wp\/v2\/media?parent=12696"}],"wp:term":[{"taxonomy":"product_brand","embeddable":true,"href":"https:\/\/stage.jh-itc.de\/en\/wp-json\/wp\/v2\/product_brand?post=12696"},{"taxonomy":"product_cat","embeddable":true,"href":"https:\/\/stage.jh-itc.de\/en\/wp-json\/wp\/v2\/product_cat?post=12696"},{"taxonomy":"product_tag","embeddable":true,"href":"https:\/\/stage.jh-itc.de\/en\/wp-json\/wp\/v2\/product_tag?post=12696"}],"curies":[{"name":"wp","href":"https:\/\/api.w.org\/{rel}","templated":true}]}}