{"id":12652,"date":"2015-06-08T00:06:08","date_gmt":"2021-03-01T19:01:48","guid":{"rendered":"https:\/\/www.jh-itc.de\/shop\/uncategorized\/peri-trio-trio-alu-formwork\/"},"modified":"2023-02-15T15:53:59","modified_gmt":"2023-02-15T14:53:59","slug":"peri-trio-trio-alu-shuttering","status":"publish","type":"product","link":"https:\/\/stage.jh-itc.de\/en\/shop\/peri-en\/the-peri-trio\/peri-trio-trio-alu-shuttering\/","title":{"rendered":"Peri Trio + Trio Alu formwork"},"content":{"rendered":"<hr>\n<p>We offer a lot of <strong>800 m\u00b2<\/strong> &#8211; <strong>Peri Trio 330 + Trio 270 as well as Peri Trio Alu<\/strong> elements.<\/p>\n<hr>\n<p><em>Some elements were refurbished and covered with new formwork skin<\/em><\/p>\n<p>If you are interested, please send us your inquiry.<\/p>\n<p>&nbsp;<\/p>\n<hr>\n<p>&nbsp;<\/p>\n<table style=\"height: 1656px\" width=\"605\">\n<tbody>\n<tr>\n<td width=\"80\"><strong>Model<\/strong><\/td>\n<td width=\"80\"><strong>Art.no.<\/strong><\/td>\n<td width=\"221\"><strong>Article description<\/strong><\/td>\n<td width=\"80\"><strong>Quantity<\/strong><\/td>\n<\/tr>\n<tr>\n<td>TRIO<\/td>\n<td>54304<\/td>\n<td>Element TR\/4 330 x 240<\/td>\n<td>30<\/td>\n<\/tr>\n<tr>\n<td>TRIO<\/td>\n<td>54314<\/td>\n<td>Element TR\/4 330 x 120<\/td>\n<td>15<\/td>\n<\/tr>\n<tr>\n<td>TRIO<\/td>\n<td>54324<\/td>\n<td>Element TR\/4 330 x 90<\/td>\n<td>12<\/td>\n<\/tr>\n<tr>\n<td>TRIO<\/td>\n<td>54334<\/td>\n<td>Element TR\/4 330 x 72<\/td>\n<td>16<\/td>\n<\/tr>\n<tr>\n<td>TRIO<\/td>\n<td>54354<\/td>\n<td>Element TR\/4 330 x 60<\/td>\n<td>19<\/td>\n<\/tr>\n<tr>\n<td>TRIO<\/td>\n<td>54364<\/td>\n<td>Element TR\/4 330 x 30<\/td>\n<td>10<\/td>\n<\/tr>\n<tr>\n<td>TRIO<\/td>\n<td>54374<\/td>\n<td>Corner TE\/4 330<\/td>\n<td>9<\/td>\n<\/tr>\n<tr>\n<td>TRIO<\/td>\n<td>54414<\/td>\n<td>Hinged corner TGE\/4 330<\/td>\n<td>4<\/td>\n<\/tr>\n<tr>\n<td>TRIO<\/td>\n<td>54391<\/td>\n<td>Wall thickness compensation WDA\/4 330 x 5<\/td>\n<td>6<\/td>\n<\/tr>\n<tr>\n<td>TRIO<\/td>\n<td>54401<\/td>\n<td>Wall thickness compensation WDA\/4 330 x 6<\/td>\n<td>15<\/td>\n<\/tr>\n<tr>\n<td>TRIO<\/td>\n<td>105525<\/td>\n<td>Shaft element TSE 330<\/td>\n<td>4<\/td>\n<\/tr>\n<tr>\n<td>TRIO<\/td>\n<td>54384<\/td>\n<td>Length compensation LA\/4 330 x 36<\/td>\n<td>6<\/td>\n<\/tr>\n<tr>\n<td>TRIO<\/td>\n<td>22510<\/td>\n<td>Element TR 270 x 120<\/td>\n<td>18<\/td>\n<\/tr>\n<tr>\n<td>TRIO<\/td>\n<td>22520<\/td>\n<td>Element TR 270 x 90<\/td>\n<td>18<\/td>\n<\/tr>\n<tr>\n<td>TRIO<\/td>\n<td>22550<\/td>\n<td>Element TR 270 x 60<\/td>\n<td>25<\/td>\n<\/tr>\n<tr>\n<td>TRIO<\/td>\n<td>22560<\/td>\n<td>Element TR 270 x 30<\/td>\n<td>18<\/td>\n<\/tr>\n<tr>\n<td>TRIO<\/td>\n<td>22540<\/td>\n<td>Multi-purpose elements TRM 270 x 72<\/td>\n<td>38<\/td>\n<\/tr>\n<tr>\n<td>TRIO<\/td>\n<td>22580<\/td>\n<td>Corner TE 270-2<\/td>\n<td>10<\/td>\n<\/tr>\n<tr>\n<td>TRIO<\/td>\n<td>23200<\/td>\n<td>Hinge corner TGE 270<\/td>\n<td>6<\/td>\n<\/tr>\n<tr>\n<td>TRIO<\/td>\n<td>23040<\/td>\n<td>Shuttering element TR 270 x 24<\/td>\n<td>4<\/td>\n<\/tr>\n<tr>\n<td>TRIO<\/td>\n<td>23182<\/td>\n<td>Wall thickness compensation WDA-2 270 x 5<\/td>\n<td>10<\/td>\n<\/tr>\n<tr>\n<td>TRIO<\/td>\n<td>23192<\/td>\n<td>Wall thickness compensation WDA-2 270 x 6<\/td>\n<td>10<\/td>\n<\/tr>\n<tr>\n<td>TRIO<\/td>\n<td>23170<\/td>\n<td>Length compensation LA 270 x 36<\/td>\n<td>14<\/td>\n<\/tr>\n<tr>\n<td>TRIO<\/td>\n<td>22600<\/td>\n<td>Element TR 120 x 120<\/td>\n<td>10<\/td>\n<\/tr>\n<tr>\n<td>TRIO<\/td>\n<td>22610<\/td>\n<td>Element TR 120 x 90<\/td>\n<td>29<\/td>\n<\/tr>\n<tr>\n<td>TRIO<\/td>\n<td>22640<\/td>\n<td>Element TR 120 x 60<\/td>\n<td>6<\/td>\n<\/tr>\n<tr>\n<td>TRIO<\/td>\n<td>22650<\/td>\n<td>Element TR 120 x 30<\/td>\n<td>12<\/td>\n<\/tr>\n<tr>\n<td>TRIO<\/td>\n<td>22630<\/td>\n<td>Multi-purpose elements TRM 120 x 72<\/td>\n<td>6<\/td>\n<\/tr>\n<tr>\n<td>TRIO<\/td>\n<td>22660<\/td>\n<td>Corner TE 120-2<\/td>\n<td>11<\/td>\n<\/tr>\n<tr>\n<td>TRIO<\/td>\n<td>23300<\/td>\n<td>Hinged corner TGE 120<\/td>\n<td>2<\/td>\n<\/tr>\n<tr>\n<td>TRIO<\/td>\n<td>23282<\/td>\n<td>Wall thickness compensation WDA-2 120 x 5<\/td>\n<td>8<\/td>\n<\/tr>\n<tr>\n<td>TRIO<\/td>\n<td>23270<\/td>\n<td>Length compensation LA 120 x 36<\/td>\n<td>12<\/td>\n<\/tr>\n<tr>\n<td>TRIO<\/td>\n<td>22820<\/td>\n<td>Element TR 60 x 30<\/td>\n<td>2<\/td>\n<\/tr>\n<tr>\n<td>TRIO<\/td>\n<td>23950<\/td>\n<td>Element TRA 90 x 60<\/td>\n<td>15<\/td>\n<\/tr>\n<tr>\n<td>TRIO<\/td>\n<td>23960<\/td>\n<td>Element TRA 90 x 30<\/td>\n<td>11<\/td>\n<\/tr>\n<tr>\n<td>TRIO<\/td>\n<td>23980<\/td>\n<td>Multi-purpose element TAM 90 x 72<\/td>\n<td>21<\/td>\n<\/tr>\n<tr>\n<td>TRIO<\/td>\n<td>23971<\/td>\n<td>Corner TAE 90-2<\/td>\n<td>4<\/td>\n<\/tr>\n<tr>\n<td>TRIO<\/td>\n<td>23670<\/td>\n<td>Scaffolding bracket TRG 80<\/td>\n<td>30<\/td>\n<\/tr>\n<tr>\n<td>TRIO<\/td>\n<td>22950<\/td>\n<td>Concreting platform 120 x 270<\/td>\n<td>10<\/td>\n<\/tr>\n<tr>\n<td>TRIO<\/td>\n<td>117467<\/td>\n<td>Push-pull prop RS 300, galvanized<\/td>\n<td>10<\/td>\n<\/tr>\n<tr>\n<td>TRIO<\/td>\n<td>23500<\/td>\n<td>Alignment lock BFD, galvanized<\/td>\n<td>220<\/td>\n<\/tr>\n<tr>\n<td>Handset<\/td>\n<td><\/td>\n<td>Handset 90\/120<\/td>\n<td>30<\/td>\n<\/tr>\n<tr>\n<td>Handset<\/td>\n<td><\/td>\n<td>Handset 60\/120<\/td>\n<td>40<\/td>\n<\/tr>\n<tr>\n<td>Handset<\/td>\n<td><\/td>\n<td>Handset 45\/120<\/td>\n<td>20<\/td>\n<\/tr>\n<tr>\n<td>Handset<\/td>\n<td><\/td>\n<td>Handset 30\/120<\/td>\n<td>10<\/td>\n<\/tr>\n<tr>\n<td>Handset<\/td>\n<td><\/td>\n<td>Handset 15\/120<\/td>\n<td>8<\/td>\n<\/tr>\n<tr>\n<td>Handset<\/td>\n<td><\/td>\n<td>Handset 5\/120<\/td>\n<td>10<\/td>\n<\/tr>\n<\/tbody>\n<\/table>\n","protected":false},"excerpt":{"rendered":"<p>We offer a lot of <strong>800 m\u00b2<\/strong> &#8211; <strong>Peri Trio 330 + Trio 270 as well as Peri Trio Alu<\/strong> elements.<\/p>\n<hr>\n<p>The formwork has been partially refurbished with new original Peri formlining and the rest is in decent condition and ready for immediate use.<\/p>\n<p>If you are interested, please send us your inquiry.<\/p>\n","protected":false},"featured_media":6380,"template":"","meta":[],"product_brand":[],"product_cat":[227,224,228],"product_tag":[],"class_list":{"0":"post-12652","1":"product","2":"type-product","3":"status-publish","4":"has-post-thumbnail","6":"product_cat-peri-en","7":"product_cat-formwork","8":"product_cat-the-peri-trio","10":"first","11":"instock","12":"taxable","13":"shipping-taxable","14":"product-type-simple"},"yoast_head":"<!-- This site is optimized with the Yoast SEO plugin v26.5 - https:\/\/yoast.com\/wordpress\/plugins\/seo\/ -->\n<title>Peri Trio formwork for sale, good and cheap<\/title>\n<meta name=\"description\" content=\"Peri Trio formwork, Peri Trio Alu formwork, BFD\" \/>\n<meta name=\"robots\" content=\"noindex, follow, max-snippet:-1, max-image-preview:large, max-video-preview:-1\" \/>\n<meta property=\"og:locale\" content=\"en_US\" \/>\n<meta property=\"og:type\" content=\"article\" \/>\n<meta property=\"og:title\" content=\"Peri Trio Formwork for sale\" \/>\n<meta property=\"og:description\" content=\"Peri Trio Formwork for sale\" \/>\n<meta property=\"og:url\" content=\"https:\/\/stage.jh-itc.de\/en\/shop\/peri-en\/the-peri-trio\/peri-trio-trio-alu-shuttering\/\" \/>\n<meta property=\"og:site_name\" content=\"JH - ITC GmbH\" \/>\n<meta property=\"article:publisher\" content=\"https:\/\/www.facebook.com\/schalungshandel\" \/>\n<meta property=\"article:modified_time\" content=\"2023-02-15T14:53:59+00:00\" \/>\n<meta property=\"og:image\" content=\"https:\/\/stage.jh-itc.de\/wp-content\/uploads\/2016\/09\/IMG_3408-1.jpg\" \/>\n\t<meta property=\"og:image:width\" content=\"600\" \/>\n\t<meta property=\"og:image:height\" content=\"600\" \/>\n\t<meta property=\"og:image:type\" content=\"image\/jpeg\" \/>\n<meta name=\"twitter:card\" content=\"summary_large_image\" \/>\n<meta name=\"twitter:site\" content=\"@JH_ITC\" \/>\n<meta name=\"twitter:label1\" content=\"Est. reading time\" \/>\n\t<meta name=\"twitter:data1\" content=\"1 minute\" \/>\n<!-- \/ Yoast SEO plugin. -->","yoast_head_json":{"title":"Peri Trio formwork for sale, good and cheap","description":"Peri Trio formwork, Peri Trio Alu formwork, BFD","robots":{"index":"noindex","follow":"follow","max-snippet":"max-snippet:-1","max-image-preview":"max-image-preview:large","max-video-preview":"max-video-preview:-1"},"og_locale":"en_US","og_type":"article","og_title":"Peri Trio Formwork for sale","og_description":"Peri Trio Formwork for sale","og_url":"https:\/\/stage.jh-itc.de\/en\/shop\/peri-en\/the-peri-trio\/peri-trio-trio-alu-shuttering\/","og_site_name":"JH - ITC GmbH","article_publisher":"https:\/\/www.facebook.com\/schalungshandel","article_modified_time":"2023-02-15T14:53:59+00:00","og_image":[{"width":600,"height":600,"url":"https:\/\/stage.jh-itc.de\/wp-content\/uploads\/2016\/09\/IMG_3408-1.jpg","type":"image\/jpeg"}],"twitter_card":"summary_large_image","twitter_site":"@JH_ITC","twitter_misc":{"Est. reading time":"1 minute"},"schema":{"@context":"https:\/\/schema.org","@graph":[{"@type":"WebPage","@id":"https:\/\/stage.jh-itc.de\/en\/shop\/peri-en\/the-peri-trio\/peri-trio-trio-alu-shuttering\/","url":"https:\/\/stage.jh-itc.de\/en\/shop\/peri-en\/the-peri-trio\/peri-trio-trio-alu-shuttering\/","name":"Peri Trio formwork for sale, good and cheap","isPartOf":{"@id":"https:\/\/stage.jh-itc.de\/en\/#website"},"primaryImageOfPage":{"@id":"https:\/\/stage.jh-itc.de\/en\/shop\/peri-en\/the-peri-trio\/peri-trio-trio-alu-shuttering\/#primaryimage"},"image":{"@id":"https:\/\/stage.jh-itc.de\/en\/shop\/peri-en\/the-peri-trio\/peri-trio-trio-alu-shuttering\/#primaryimage"},"thumbnailUrl":"https:\/\/stage.jh-itc.de\/wp-content\/uploads\/2016\/09\/IMG_3408-1.jpg","datePublished":"2021-03-01T19:01:48+00:00","dateModified":"2023-02-15T14:53:59+00:00","description":"Peri Trio formwork, Peri Trio Alu formwork, BFD","breadcrumb":{"@id":"https:\/\/stage.jh-itc.de\/en\/shop\/peri-en\/the-peri-trio\/peri-trio-trio-alu-shuttering\/#breadcrumb"},"inLanguage":"en-US","potentialAction":[{"@type":"ReadAction","target":["https:\/\/stage.jh-itc.de\/en\/shop\/peri-en\/the-peri-trio\/peri-trio-trio-alu-shuttering\/"]}]},{"@type":"ImageObject","inLanguage":"en-US","@id":"https:\/\/stage.jh-itc.de\/en\/shop\/peri-en\/the-peri-trio\/peri-trio-trio-alu-shuttering\/#primaryimage","url":"https:\/\/stage.jh-itc.de\/wp-content\/uploads\/2016\/09\/IMG_3408-1.jpg","contentUrl":"https:\/\/stage.jh-itc.de\/wp-content\/uploads\/2016\/09\/IMG_3408-1.jpg","width":600,"height":600},{"@type":"BreadcrumbList","@id":"https:\/\/stage.jh-itc.de\/en\/shop\/peri-en\/the-peri-trio\/peri-trio-trio-alu-shuttering\/#breadcrumb","itemListElement":[{"@type":"ListItem","position":1,"name":"Home","item":"https:\/\/stage.jh-itc.de\/en\/formwork-props-scaffolding-from-professionals\/"},{"@type":"ListItem","position":2,"name":"Store","item":"https:\/\/stage.jh-itc.de\/en\/?page_id=7087"},{"@type":"ListItem","position":3,"name":"Peri Trio + Trio Alu formwork"}]},{"@type":"WebSite","@id":"https:\/\/stage.jh-itc.de\/en\/#website","url":"https:\/\/stage.jh-itc.de\/en\/","name":"JH - ITC GmbH","description":"Ihr Experte f\u00fcr gebrauchte St\u00fctzen, Schalungen und Ger\u00fcste","publisher":{"@id":"https:\/\/stage.jh-itc.de\/en\/#organization"},"potentialAction":[{"@type":"SearchAction","target":{"@type":"EntryPoint","urlTemplate":"https:\/\/stage.jh-itc.de\/en\/?s={search_term_string}"},"query-input":{"@type":"PropertyValueSpecification","valueRequired":true,"valueName":"search_term_string"}}],"inLanguage":"en-US"},{"@type":"Organization","@id":"https:\/\/stage.jh-itc.de\/en\/#organization","name":"JH-ITC GmbH","url":"https:\/\/stage.jh-itc.de\/en\/","logo":{"@type":"ImageObject","inLanguage":"en-US","@id":"https:\/\/stage.jh-itc.de\/en\/#\/schema\/logo\/image\/","url":"https:\/\/stage.jh-itc.de\/wp-content\/uploads\/2016\/01\/JH-ITC2-1.png","contentUrl":"https:\/\/stage.jh-itc.de\/wp-content\/uploads\/2016\/01\/JH-ITC2-1.png","width":300,"height":102,"caption":"JH-ITC GmbH"},"image":{"@id":"https:\/\/stage.jh-itc.de\/en\/#\/schema\/logo\/image\/"},"sameAs":["https:\/\/www.facebook.com\/schalungshandel","https:\/\/x.com\/JH_ITC","https:\/\/www.linkedin.com\/in\/jhitc","https:\/\/youtu.be\/rMdZ-FLfI-Y"]}]}},"_links":{"self":[{"href":"https:\/\/stage.jh-itc.de\/en\/wp-json\/wp\/v2\/product\/12652","targetHints":{"allow":["GET"]}}],"collection":[{"href":"https:\/\/stage.jh-itc.de\/en\/wp-json\/wp\/v2\/product"}],"about":[{"href":"https:\/\/stage.jh-itc.de\/en\/wp-json\/wp\/v2\/types\/product"}],"wp:featuredmedia":[{"embeddable":true,"href":"https:\/\/stage.jh-itc.de\/en\/wp-json\/wp\/v2\/media\/6380"}],"wp:attachment":[{"href":"https:\/\/stage.jh-itc.de\/en\/wp-json\/wp\/v2\/media?parent=12652"}],"wp:term":[{"taxonomy":"product_brand","embeddable":true,"href":"https:\/\/stage.jh-itc.de\/en\/wp-json\/wp\/v2\/product_brand?post=12652"},{"taxonomy":"product_cat","embeddable":true,"href":"https:\/\/stage.jh-itc.de\/en\/wp-json\/wp\/v2\/product_cat?post=12652"},{"taxonomy":"product_tag","embeddable":true,"href":"https:\/\/stage.jh-itc.de\/en\/wp-json\/wp\/v2\/product_tag?post=12652"}],"curies":[{"name":"wp","href":"https:\/\/api.w.org\/{rel}","templated":true}]}}