{"id":12642,"date":"2015-08-05T12:02:04","date_gmt":"2021-03-01T19:01:43","guid":{"rendered":"https:\/\/www.jh-itc.de\/shop\/uncategorized\/san-marco-smt-420-crane\/"},"modified":"2023-02-15T15:53:16","modified_gmt":"2023-02-15T14:53:16","slug":"san-marco-smt-420-kran","status":"publish","type":"product","link":"https:\/\/stage.jh-itc.de\/en\/shop\/construction-machinery\/san-marco-smt-420-kran\/","title":{"rendered":"San Marco SMT 420 Crane"},"content":{"rendered":"<p>We offer a crane<\/p>\n<p>This has never been used before.<\/p>\n<p><strong>Type: SMT 420<\/strong><br \/>\n<strong>Year of manufacture: 2010<\/strong><br \/>\n<strong>Outreach: 42 m = 1.2 To at 20m = 3.0 To<\/strong><br \/>\n<strong>Hook height: 40m<\/strong><br \/>\n<strong>3 x tower pieces a 12 m<\/strong><br \/>\n<strong>Underframe<\/strong><br \/>\n<strong>Incl. Ballast, radio remote control<\/strong><\/p>\n","protected":false},"excerpt":{"rendered":"<p>We offer a crane This has never been used before. Type: SMT 420 Year of manufacture: 2010 Outreach: 42 m = 1.2 To at 20m = 3.0 To Hook height: 40m 3 x tower pieces a 12 m Underframe Incl. Ballast, radio remote control<\/p>\n","protected":false},"featured_media":5535,"template":"","meta":[],"product_brand":[],"product_cat":[219],"product_tag":[],"class_list":{"0":"post-12642","1":"product","2":"type-product","3":"status-publish","4":"has-post-thumbnail","6":"product_cat-construction-machinery","8":"first","9":"instock","10":"taxable","11":"shipping-taxable","12":"product-type-simple"},"yoast_head":"<!-- This site is optimized with the Yoast SEO plugin v26.5 - https:\/\/yoast.com\/wordpress\/plugins\/seo\/ -->\n<title>San Marco SMT 420 Crane - JH - ITC GmbH<\/title>\n<meta name=\"description\" content=\"Top slewing crane San Marco SMT 420\" \/>\n<meta name=\"robots\" content=\"noindex, follow, max-snippet:-1, max-image-preview:large, max-video-preview:-1\" \/>\n<meta property=\"og:locale\" content=\"en_US\" \/>\n<meta property=\"og:type\" content=\"article\" \/>\n<meta property=\"og:title\" content=\"San Marco SMT 420 Crane - JH - ITC GmbH\" \/>\n<meta property=\"og:description\" content=\"Top slewing crane San Marco SMT 420\" \/>\n<meta property=\"og:url\" content=\"https:\/\/stage.jh-itc.de\/en\/shop\/construction-machinery\/san-marco-smt-420-kran\/\" \/>\n<meta property=\"og:site_name\" content=\"JH - ITC GmbH\" \/>\n<meta property=\"article:publisher\" content=\"https:\/\/www.facebook.com\/schalungshandel\" \/>\n<meta property=\"article:modified_time\" content=\"2023-02-15T14:53:16+00:00\" \/>\n<meta property=\"og:image\" content=\"https:\/\/stage.jh-itc.de\/wp-content\/uploads\/2015\/08\/San-Marco-SMT-420-3.jpg\" \/>\n\t<meta property=\"og:image:width\" content=\"1024\" \/>\n\t<meta property=\"og:image:height\" content=\"575\" \/>\n\t<meta property=\"og:image:type\" content=\"image\/jpeg\" \/>\n<meta name=\"twitter:card\" content=\"summary_large_image\" \/>\n<meta name=\"twitter:site\" content=\"@JH_ITC\" \/>\n<!-- \/ Yoast SEO plugin. -->","yoast_head_json":{"title":"San Marco SMT 420 Crane - JH - ITC GmbH","description":"Top slewing crane San Marco SMT 420","robots":{"index":"noindex","follow":"follow","max-snippet":"max-snippet:-1","max-image-preview":"max-image-preview:large","max-video-preview":"max-video-preview:-1"},"og_locale":"en_US","og_type":"article","og_title":"San Marco SMT 420 Crane - JH - ITC GmbH","og_description":"Top slewing crane San Marco SMT 420","og_url":"https:\/\/stage.jh-itc.de\/en\/shop\/construction-machinery\/san-marco-smt-420-kran\/","og_site_name":"JH - ITC GmbH","article_publisher":"https:\/\/www.facebook.com\/schalungshandel","article_modified_time":"2023-02-15T14:53:16+00:00","og_image":[{"width":1024,"height":575,"url":"https:\/\/stage.jh-itc.de\/wp-content\/uploads\/2015\/08\/San-Marco-SMT-420-3.jpg","type":"image\/jpeg"}],"twitter_card":"summary_large_image","twitter_site":"@JH_ITC","schema":{"@context":"https:\/\/schema.org","@graph":[{"@type":"WebPage","@id":"https:\/\/stage.jh-itc.de\/en\/shop\/construction-machinery\/san-marco-smt-420-kran\/","url":"https:\/\/stage.jh-itc.de\/en\/shop\/construction-machinery\/san-marco-smt-420-kran\/","name":"San Marco SMT 420 Crane - JH - ITC GmbH","isPartOf":{"@id":"https:\/\/stage.jh-itc.de\/en\/#website"},"primaryImageOfPage":{"@id":"https:\/\/stage.jh-itc.de\/en\/shop\/construction-machinery\/san-marco-smt-420-kran\/#primaryimage"},"image":{"@id":"https:\/\/stage.jh-itc.de\/en\/shop\/construction-machinery\/san-marco-smt-420-kran\/#primaryimage"},"thumbnailUrl":"https:\/\/stage.jh-itc.de\/wp-content\/uploads\/2015\/08\/San-Marco-SMT-420-3.jpg","datePublished":"2021-03-01T19:01:43+00:00","dateModified":"2023-02-15T14:53:16+00:00","description":"Top slewing crane San Marco SMT 420","breadcrumb":{"@id":"https:\/\/stage.jh-itc.de\/en\/shop\/construction-machinery\/san-marco-smt-420-kran\/#breadcrumb"},"inLanguage":"en-US","potentialAction":[{"@type":"ReadAction","target":["https:\/\/stage.jh-itc.de\/en\/shop\/construction-machinery\/san-marco-smt-420-kran\/"]}]},{"@type":"ImageObject","inLanguage":"en-US","@id":"https:\/\/stage.jh-itc.de\/en\/shop\/construction-machinery\/san-marco-smt-420-kran\/#primaryimage","url":"https:\/\/stage.jh-itc.de\/wp-content\/uploads\/2015\/08\/San-Marco-SMT-420-3.jpg","contentUrl":"https:\/\/stage.jh-itc.de\/wp-content\/uploads\/2015\/08\/San-Marco-SMT-420-3.jpg","width":1024,"height":575},{"@type":"BreadcrumbList","@id":"https:\/\/stage.jh-itc.de\/en\/shop\/construction-machinery\/san-marco-smt-420-kran\/#breadcrumb","itemListElement":[{"@type":"ListItem","position":1,"name":"Home","item":"https:\/\/stage.jh-itc.de\/en\/formwork-props-scaffolding-from-professionals\/"},{"@type":"ListItem","position":2,"name":"Store","item":"https:\/\/stage.jh-itc.de\/en\/?page_id=7087"},{"@type":"ListItem","position":3,"name":"San Marco SMT 420 Crane"}]},{"@type":"WebSite","@id":"https:\/\/stage.jh-itc.de\/en\/#website","url":"https:\/\/stage.jh-itc.de\/en\/","name":"JH - ITC GmbH","description":"Ihr Experte f\u00fcr gebrauchte St\u00fctzen, Schalungen und Ger\u00fcste","publisher":{"@id":"https:\/\/stage.jh-itc.de\/en\/#organization"},"potentialAction":[{"@type":"SearchAction","target":{"@type":"EntryPoint","urlTemplate":"https:\/\/stage.jh-itc.de\/en\/?s={search_term_string}"},"query-input":{"@type":"PropertyValueSpecification","valueRequired":true,"valueName":"search_term_string"}}],"inLanguage":"en-US"},{"@type":"Organization","@id":"https:\/\/stage.jh-itc.de\/en\/#organization","name":"JH-ITC GmbH","url":"https:\/\/stage.jh-itc.de\/en\/","logo":{"@type":"ImageObject","inLanguage":"en-US","@id":"https:\/\/stage.jh-itc.de\/en\/#\/schema\/logo\/image\/","url":"https:\/\/stage.jh-itc.de\/wp-content\/uploads\/2016\/01\/JH-ITC2-1.png","contentUrl":"https:\/\/stage.jh-itc.de\/wp-content\/uploads\/2016\/01\/JH-ITC2-1.png","width":300,"height":102,"caption":"JH-ITC GmbH"},"image":{"@id":"https:\/\/stage.jh-itc.de\/en\/#\/schema\/logo\/image\/"},"sameAs":["https:\/\/www.facebook.com\/schalungshandel","https:\/\/x.com\/JH_ITC","https:\/\/www.linkedin.com\/in\/jhitc","https:\/\/youtu.be\/rMdZ-FLfI-Y"]}]}},"_links":{"self":[{"href":"https:\/\/stage.jh-itc.de\/en\/wp-json\/wp\/v2\/product\/12642","targetHints":{"allow":["GET"]}}],"collection":[{"href":"https:\/\/stage.jh-itc.de\/en\/wp-json\/wp\/v2\/product"}],"about":[{"href":"https:\/\/stage.jh-itc.de\/en\/wp-json\/wp\/v2\/types\/product"}],"wp:featuredmedia":[{"embeddable":true,"href":"https:\/\/stage.jh-itc.de\/en\/wp-json\/wp\/v2\/media\/5535"}],"wp:attachment":[{"href":"https:\/\/stage.jh-itc.de\/en\/wp-json\/wp\/v2\/media?parent=12642"}],"wp:term":[{"taxonomy":"product_brand","embeddable":true,"href":"https:\/\/stage.jh-itc.de\/en\/wp-json\/wp\/v2\/product_brand?post=12642"},{"taxonomy":"product_cat","embeddable":true,"href":"https:\/\/stage.jh-itc.de\/en\/wp-json\/wp\/v2\/product_cat?post=12642"},{"taxonomy":"product_tag","embeddable":true,"href":"https:\/\/stage.jh-itc.de\/en\/wp-json\/wp\/v2\/product_tag?post=12642"}],"curies":[{"name":"wp","href":"https:\/\/api.w.org\/{rel}","templated":true}]}}