{"id":12259,"date":"2020-12-02T08:43:28","date_gmt":"2021-02-24T19:50:05","guid":{"rendered":"https:\/\/www.jh-itc.de\/shop\/uncategorized\/layher-speedyscaf\/"},"modified":"2023-02-15T15:53:35","modified_gmt":"2023-02-15T14:53:35","slug":"layher-flitz-geruest","status":"publish","type":"product","link":"https:\/\/stage.jh-itc.de\/en\/shop\/scaffolding\/layher-en\/layher-flitz-geruest\/","title":{"rendered":"Layher SpeedyScaf"},"content":{"rendered":"","protected":false},"excerpt":{"rendered":"<p>We offer a lot of used Layher SpeedyScaf material.<\/p>\n<table style=\"width: 61.5784%; height: 1054px;\" width=\"778\">\n<tbody>\n<tr>\n<td style=\"width: 13.8518%;\" width=\"81\">Part number<\/td>\n<td style=\"width: 40.3402%;\" width=\"359\">Article description<\/td>\n<td style=\"width: 6.68287%;\" width=\"51\">Quantity<\/td>\n<td style=\"width: 10.2066%;\" width=\"82\">Original price<\/td>\n<td style=\"width: 14.9453%;\" width=\"93\">Total price<\/td>\n<td style=\"width: 3.40219%;\" width=\"51\">kg<\/td>\n<td style=\"width: 8.38396%;\" width=\"61\">Total kg<\/td>\n<\/tr>\n<tr>\n<td style=\"width: 13.8518%;\">1700200<\/td>\n<td style=\"width: 40.3402%;\">EuroBlitz standard frame steel 2,00 x 0,73m, 2 railing boxes<\/td>\n<td style=\"width: 6.68287%;\">102<\/td>\n<td style=\"width: 10.2066%;\">61,90 EUR<\/td>\n<td style=\"width: 14.9453%;\">EUR 6,313.80<\/td>\n<td style=\"width: 3.40219%;\">18,80<\/td>\n<td style=\"width: 8.38396%;\">1.917,60<\/td>\n<\/tr>\n<tr>\n<td style=\"width: 13.8518%;\">1700066<\/td>\n<td style=\"width: 40.3402%;\">EuroBlitz compensation frame steel 0,66 x 0,73m<\/td>\n<td style=\"width: 6.68287%;\">1<\/td>\n<td style=\"width: 10.2066%;\">54,80 EUR<\/td>\n<td style=\"width: 14.9453%;\">54,80 EUR<\/td>\n<td style=\"width: 3.40219%;\">9,30<\/td>\n<td style=\"width: 8.38396%;\">9,30<\/td>\n<\/tr>\n<tr>\n<td style=\"width: 13.8518%;\">1700101<\/td>\n<td style=\"width: 40.3402%;\">EuroBlitz balancing frame steel 1,00 x 0,73m<\/td>\n<td style=\"width: 6.68287%;\">1<\/td>\n<td style=\"width: 10.2066%;\">59,90 EUR<\/td>\n<td style=\"width: 14.9453%;\">59,90 EUR<\/td>\n<td style=\"width: 3.40219%;\">11,90<\/td>\n<td style=\"width: 8.38396%;\">11,90<\/td>\n<\/tr>\n<tr>\n<td style=\"width: 13.8518%;\">3812307<\/td>\n<td style=\"width: 40.3402%;\">U-steel floor T4, 3,07 x 0,32m<\/td>\n<td style=\"width: 6.68287%;\">61<\/td>\n<td style=\"width: 10.2066%;\">69,20 EUR<\/td>\n<td style=\"width: 14.9453%;\">EUR 4,221.20<\/td>\n<td style=\"width: 3.40219%;\">21,50<\/td>\n<td style=\"width: 8.38396%;\">1.311,50<\/td>\n<\/tr>\n<tr>\n<td style=\"width: 13.8518%;\">3835307<\/td>\n<td style=\"width: 40.3402%;\">U-Robust floor 3,07 x 0,61m<\/td>\n<td style=\"width: 6.68287%;\">15<\/td>\n<td style=\"width: 10.2066%;\">155,90 EUR<\/td>\n<td style=\"width: 14.9453%;\">EUR 2,338.50<\/td>\n<td style=\"width: 3.40219%;\">24,20<\/td>\n<td style=\"width: 8.38396%;\">363,00<\/td>\n<\/tr>\n<tr>\n<td style=\"width: 13.8518%;\">1725307<\/td>\n<td style=\"width: 40.3402%;\">Railing steel 3,07m<\/td>\n<td style=\"width: 6.68287%;\">31<\/td>\n<td style=\"width: 10.2066%;\">17,20 EUR<\/td>\n<td style=\"width: 14.9453%;\">EUR 533,20<\/td>\n<td style=\"width: 3.40219%;\">5,60<\/td>\n<td style=\"width: 8.38396%;\">173,60<\/td>\n<\/tr>\n<tr>\n<td style=\"width: 13.8518%;\">1728307<\/td>\n<td style=\"width: 40.3402%;\">Double railing steel 3,07 x 0,50m<\/td>\n<td style=\"width: 6.68287%;\">37<\/td>\n<td style=\"width: 10.2066%;\">46,30 EUR<\/td>\n<td style=\"width: 14.9453%;\">EUR 1,713.10<\/td>\n<td style=\"width: 3.40219%;\">14,10<\/td>\n<td style=\"width: 8.38396%;\">521,70<\/td>\n<\/tr>\n<tr>\n<td style=\"width: 13.8518%;\">1725073<\/td>\n<td style=\"width: 40.3402%;\">End railing 0,73m<\/td>\n<td style=\"width: 6.68287%;\">9<\/td>\n<td style=\"width: 10.2066%;\">18,40 EUR<\/td>\n<td style=\"width: 14.9453%;\">EUR 165,60<\/td>\n<td style=\"width: 3.40219%;\">2,20<\/td>\n<td style=\"width: 8.38396%;\">19,80<\/td>\n<\/tr>\n<tr>\n<td style=\"width: 13.8518%;\">1728722<\/td>\n<td style=\"width: 40.3402%;\">Double end railing SW22 0,73m<\/td>\n<td style=\"width: 6.68287%;\">3<\/td>\n<td style=\"width: 10.2066%;\">27,90 EUR<\/td>\n<td style=\"width: 14.9453%;\">83,70 EUR<\/td>\n<td style=\"width: 3.40219%;\">4,40<\/td>\n<td style=\"width: 8.38396%;\">13,20<\/td>\n<\/tr>\n<tr>\n<td style=\"width: 13.8518%;\">1757307<\/td>\n<td style=\"width: 40.3402%;\">Toe board for long side 3.07 x 0.15m<\/td>\n<td style=\"width: 6.68287%;\">51<\/td>\n<td style=\"width: 10.2066%;\">16,90 EUR<\/td>\n<td style=\"width: 14.9453%;\">861,90 EUR<\/td>\n<td style=\"width: 3.40219%;\">6,80<\/td>\n<td style=\"width: 8.38396%;\">346,80<\/td>\n<\/tr>\n<tr>\n<td style=\"width: 13.8518%;\">1736307<\/td>\n<td style=\"width: 40.3402%;\">Diagonal with wedge half coupling 3,07\/2,00m<\/td>\n<td style=\"width: 6.68287%;\">21<\/td>\n<td style=\"width: 10.2066%;\">31,80 EUR<\/td>\n<td style=\"width: 14.9453%;\">667,80 EUR<\/td>\n<td style=\"width: 3.40219%;\">8,30<\/td>\n<td style=\"width: 8.38396%;\">174,30<\/td>\n<\/tr>\n<tr>\n<td style=\"width: 13.8518%;\">1755069<\/td>\n<td style=\"width: 40.3402%;\">Lightning anchor<\/td>\n<td style=\"width: 6.68287%;\">1<\/td>\n<td style=\"width: 10.2066%;\">12,40 EUR<\/td>\n<td style=\"width: 14.9453%;\">12,40 EUR<\/td>\n<td style=\"width: 3.40219%;\">2,80<\/td>\n<td style=\"width: 8.38396%;\">2,80<\/td>\n<\/tr>\n<tr>\n<td style=\"width: 13.8518%;\">1719073<\/td>\n<td style=\"width: 40.3402%;\">EuroBlitz railing post 0.73m steel<\/td>\n<td style=\"width: 6.68287%;\">23<\/td>\n<td style=\"width: 10.2066%;\">35,50 EUR<\/td>\n<td style=\"width: 14.9453%;\">816,50 EUR<\/td>\n<td style=\"width: 3.40219%;\">6,50<\/td>\n<td style=\"width: 8.38396%;\">149,50<\/td>\n<\/tr>\n<tr>\n<td style=\"width: 13.8518%;\"><\/td>\n<td style=\"width: 40.3402%;\">Stacking racks laxcked<\/td>\n<td style=\"width: 6.68287%;\">16<\/td>\n<td style=\"width: 10.2066%;\">250,00 EUR<\/td>\n<td style=\"width: 14.9453%;\">4.000,00 EUR<\/td>\n<td style=\"width: 3.40219%;\">65,00<\/td>\n<td style=\"width: 8.38396%;\">1.040,00<\/td>\n<\/tr>\n<tr>\n<td style=\"width: 13.8518%;\"><\/td>\n<td style=\"width: 40.3402%;\"><\/td>\n<td style=\"width: 6.68287%;\"><\/td>\n<td style=\"width: 10.2066%;\"><\/td>\n<td style=\"width: 14.9453%;\"><\/td>\n<td style=\"width: 3.40219%;\"><\/td>\n<td style=\"width: 8.38396%;\"><\/td>\n<\/tr>\n<tr>\n<td style=\"width: 13.8518%;\"><\/td>\n<td style=\"width: 40.3402%;\">Original price<\/td>\n<td style=\"width: 6.68287%;\"><\/td>\n<td style=\"width: 10.2066%;\"><\/td>\n<td style=\"width: 14.9453%;\">EUR 21,842.40<\/td>\n<td style=\"width: 3.40219%;\"><\/td>\n<td style=\"width: 8.38396%;\"><\/td>\n<\/tr>\n<tr>\n<td style=\"width: 13.8518%;\"><\/td>\n<td style=\"width: 40.3402%;\">Discount in %<\/td>\n<td style=\"width: 6.68287%;\">65<\/td>\n<td style=\"width: 10.2066%;\"><\/td>\n<td style=\"width: 14.9453%;\">EUR 14,197.56<\/td>\n<td style=\"width: 3.40219%;\"><\/td>\n<td style=\"width: 8.38396%;\"><\/td>\n<\/tr>\n<tr>\n<td style=\"width: 13.8518%;\"><\/td>\n<td style=\"width: 40.3402%;\"><\/td>\n<td style=\"width: 6.68287%;\"><\/td>\n<td style=\"width: 10.2066%;\"><\/td>\n<td style=\"width: 14.9453%;\"><\/td>\n<td style=\"width: 3.40219%;\"><\/td>\n<td style=\"width: 8.38396%;\"><\/td>\n<\/tr>\n<tr>\n<td style=\"width: 13.8518%;\"><\/td>\n<td style=\"width: 40.3402%;\">Net sales price:<\/td>\n<td style=\"width: 6.68287%;\"><\/td>\n<td style=\"width: 10.2066%;\"><\/td>\n<td style=\"width: 14.9453%;\">EUR 7,644.84<\/td>\n<td style=\"width: 3.40219%;\"><\/td>\n<td style=\"width: 8.38396%;\">6.055,00<\/td>\n<\/tr>\n<tr>\n<td style=\"width: 13.8518%;\"><\/td>\n<td style=\"width: 40.3402%;\">16 % VAT<\/td>\n<td style=\"width: 6.68287%;\"><\/td>\n<td style=\"width: 10.2066%;\"><\/td>\n<td style=\"width: 14.9453%;\">EUR 4,586.90<\/td>\n<td style=\"width: 3.40219%;\"><\/td>\n<td style=\"width: 8.38396%;\"><\/td>\n<\/tr>\n<tr>\n<td style=\"width: 13.8518%;\"><\/td>\n<td style=\"width: 40.3402%;\">Gross sales price:<\/td>\n<td style=\"width: 6.68287%;\"><\/td>\n<td style=\"width: 10.2066%;\"><\/td>\n<td style=\"width: 14.9453%;\">EUR 12,231.74<\/td>\n<td style=\"width: 3.40219%;\"><\/td>\n<td style=\"width: 8.38396%;\"><\/td>\n<\/tr>\n<\/tbody>\n<\/table>\n<p>If you are interested, please send us your inquiry.<\/p>\n","protected":false},"featured_media":12272,"template":"","meta":[],"product_brand":[],"product_cat":[235,218],"product_tag":[],"class_list":{"0":"post-12259","1":"product","2":"type-product","3":"status-publish","4":"has-post-thumbnail","6":"product_cat-layher-en","7":"product_cat-scaffolding","9":"first","10":"outofstock","11":"taxable","12":"shipping-taxable","13":"product-type-simple"},"yoast_head":"<!-- This site is optimized with the Yoast SEO plugin v26.5 - https:\/\/yoast.com\/wordpress\/plugins\/seo\/ -->\n<title>Layher SpeedyScaf - JH - ITC GmbH<\/title>\n<meta name=\"description\" content=\"Layher SpeedyScaf. Renowned manufacturers \u2714 New &amp; used formwork, props, scaffolding &amp; construction machinery \u2714 Request a quote now!\" \/>\n<meta name=\"robots\" content=\"noindex, follow, max-snippet:-1, max-image-preview:large, max-video-preview:-1\" \/>\n<meta property=\"og:locale\" content=\"en_US\" \/>\n<meta property=\"og:type\" content=\"article\" \/>\n<meta property=\"og:title\" content=\"Layher SpeedyScaf - JH - ITC GmbH\" \/>\n<meta property=\"og:description\" content=\"Layher SpeedyScaf. Renowned manufacturers \u2714 New &amp; used formwork, props, scaffolding &amp; construction machinery \u2714 Request a quote now!\" \/>\n<meta property=\"og:url\" content=\"https:\/\/stage.jh-itc.de\/en\/shop\/scaffolding\/layher-en\/layher-flitz-geruest\/\" \/>\n<meta property=\"og:site_name\" content=\"JH - ITC GmbH\" \/>\n<meta property=\"article:publisher\" content=\"https:\/\/www.facebook.com\/schalungshandel\" \/>\n<meta property=\"article:modified_time\" content=\"2023-02-15T14:53:35+00:00\" \/>\n<meta property=\"og:image\" content=\"https:\/\/stage.jh-itc.de\/wp-content\/uploads\/2020\/12\/Layher-Blittz-Geruest-1-rotated.jpeg\" \/>\n\t<meta property=\"og:image:width\" content=\"768\" \/>\n\t<meta property=\"og:image:height\" content=\"1024\" \/>\n\t<meta property=\"og:image:type\" content=\"image\/jpeg\" \/>\n<meta name=\"twitter:card\" content=\"summary_large_image\" \/>\n<meta name=\"twitter:site\" content=\"@JH_ITC\" \/>\n<!-- \/ Yoast SEO plugin. -->","yoast_head_json":{"title":"Layher SpeedyScaf - JH - ITC GmbH","description":"Layher SpeedyScaf. Renowned manufacturers \u2714 New & used formwork, props, scaffolding & construction machinery \u2714 Request a quote now!","robots":{"index":"noindex","follow":"follow","max-snippet":"max-snippet:-1","max-image-preview":"max-image-preview:large","max-video-preview":"max-video-preview:-1"},"og_locale":"en_US","og_type":"article","og_title":"Layher SpeedyScaf - JH - ITC GmbH","og_description":"Layher SpeedyScaf. Renowned manufacturers \u2714 New & used formwork, props, scaffolding & construction machinery \u2714 Request a quote now!","og_url":"https:\/\/stage.jh-itc.de\/en\/shop\/scaffolding\/layher-en\/layher-flitz-geruest\/","og_site_name":"JH - ITC GmbH","article_publisher":"https:\/\/www.facebook.com\/schalungshandel","article_modified_time":"2023-02-15T14:53:35+00:00","og_image":[{"width":768,"height":1024,"url":"https:\/\/stage.jh-itc.de\/wp-content\/uploads\/2020\/12\/Layher-Blittz-Geruest-1-rotated.jpeg","type":"image\/jpeg"}],"twitter_card":"summary_large_image","twitter_site":"@JH_ITC","schema":{"@context":"https:\/\/schema.org","@graph":[{"@type":"WebPage","@id":"https:\/\/stage.jh-itc.de\/en\/shop\/scaffolding\/layher-en\/layher-flitz-geruest\/","url":"https:\/\/stage.jh-itc.de\/en\/shop\/scaffolding\/layher-en\/layher-flitz-geruest\/","name":"Layher SpeedyScaf - JH - ITC GmbH","isPartOf":{"@id":"https:\/\/stage.jh-itc.de\/en\/#website"},"primaryImageOfPage":{"@id":"https:\/\/stage.jh-itc.de\/en\/shop\/scaffolding\/layher-en\/layher-flitz-geruest\/#primaryimage"},"image":{"@id":"https:\/\/stage.jh-itc.de\/en\/shop\/scaffolding\/layher-en\/layher-flitz-geruest\/#primaryimage"},"thumbnailUrl":"https:\/\/stage.jh-itc.de\/wp-content\/uploads\/2020\/12\/Layher-Blittz-Geruest-1-rotated.jpeg","datePublished":"2021-02-24T19:50:05+00:00","dateModified":"2023-02-15T14:53:35+00:00","description":"Layher SpeedyScaf. Renowned manufacturers \u2714 New & used formwork, props, scaffolding & construction machinery \u2714 Request a quote now!","breadcrumb":{"@id":"https:\/\/stage.jh-itc.de\/en\/shop\/scaffolding\/layher-en\/layher-flitz-geruest\/#breadcrumb"},"inLanguage":"en-US","potentialAction":[{"@type":"ReadAction","target":["https:\/\/stage.jh-itc.de\/en\/shop\/scaffolding\/layher-en\/layher-flitz-geruest\/"]}]},{"@type":"ImageObject","inLanguage":"en-US","@id":"https:\/\/stage.jh-itc.de\/en\/shop\/scaffolding\/layher-en\/layher-flitz-geruest\/#primaryimage","url":"https:\/\/stage.jh-itc.de\/wp-content\/uploads\/2020\/12\/Layher-Blittz-Geruest-1-rotated.jpeg","contentUrl":"https:\/\/stage.jh-itc.de\/wp-content\/uploads\/2020\/12\/Layher-Blittz-Geruest-1-rotated.jpeg","width":768,"height":1024},{"@type":"BreadcrumbList","@id":"https:\/\/stage.jh-itc.de\/en\/shop\/scaffolding\/layher-en\/layher-flitz-geruest\/#breadcrumb","itemListElement":[{"@type":"ListItem","position":1,"name":"Home","item":"https:\/\/stage.jh-itc.de\/en\/formwork-props-scaffolding-from-professionals\/"},{"@type":"ListItem","position":2,"name":"Store","item":"https:\/\/stage.jh-itc.de\/en\/?page_id=7087"},{"@type":"ListItem","position":3,"name":"Layher SpeedyScaf"}]},{"@type":"WebSite","@id":"https:\/\/stage.jh-itc.de\/en\/#website","url":"https:\/\/stage.jh-itc.de\/en\/","name":"JH - ITC GmbH","description":"Ihr Experte f\u00fcr gebrauchte St\u00fctzen, Schalungen und Ger\u00fcste","publisher":{"@id":"https:\/\/stage.jh-itc.de\/en\/#organization"},"potentialAction":[{"@type":"SearchAction","target":{"@type":"EntryPoint","urlTemplate":"https:\/\/stage.jh-itc.de\/en\/?s={search_term_string}"},"query-input":{"@type":"PropertyValueSpecification","valueRequired":true,"valueName":"search_term_string"}}],"inLanguage":"en-US"},{"@type":"Organization","@id":"https:\/\/stage.jh-itc.de\/en\/#organization","name":"JH-ITC GmbH","url":"https:\/\/stage.jh-itc.de\/en\/","logo":{"@type":"ImageObject","inLanguage":"en-US","@id":"https:\/\/stage.jh-itc.de\/en\/#\/schema\/logo\/image\/","url":"https:\/\/stage.jh-itc.de\/wp-content\/uploads\/2016\/01\/JH-ITC2-1.png","contentUrl":"https:\/\/stage.jh-itc.de\/wp-content\/uploads\/2016\/01\/JH-ITC2-1.png","width":300,"height":102,"caption":"JH-ITC GmbH"},"image":{"@id":"https:\/\/stage.jh-itc.de\/en\/#\/schema\/logo\/image\/"},"sameAs":["https:\/\/www.facebook.com\/schalungshandel","https:\/\/x.com\/JH_ITC","https:\/\/www.linkedin.com\/in\/jhitc","https:\/\/youtu.be\/rMdZ-FLfI-Y"]}]}},"_links":{"self":[{"href":"https:\/\/stage.jh-itc.de\/en\/wp-json\/wp\/v2\/product\/12259","targetHints":{"allow":["GET"]}}],"collection":[{"href":"https:\/\/stage.jh-itc.de\/en\/wp-json\/wp\/v2\/product"}],"about":[{"href":"https:\/\/stage.jh-itc.de\/en\/wp-json\/wp\/v2\/types\/product"}],"wp:featuredmedia":[{"embeddable":true,"href":"https:\/\/stage.jh-itc.de\/en\/wp-json\/wp\/v2\/media\/12272"}],"wp:attachment":[{"href":"https:\/\/stage.jh-itc.de\/en\/wp-json\/wp\/v2\/media?parent=12259"}],"wp:term":[{"taxonomy":"product_brand","embeddable":true,"href":"https:\/\/stage.jh-itc.de\/en\/wp-json\/wp\/v2\/product_brand?post=12259"},{"taxonomy":"product_cat","embeddable":true,"href":"https:\/\/stage.jh-itc.de\/en\/wp-json\/wp\/v2\/product_cat?post=12259"},{"taxonomy":"product_tag","embeddable":true,"href":"https:\/\/stage.jh-itc.de\/en\/wp-json\/wp\/v2\/product_tag?post=12259"}],"curies":[{"name":"wp","href":"https:\/\/api.w.org\/{rel}","templated":true}]}}