{"id":12147,"date":"2020-08-12T23:38:40","date_gmt":"2021-02-24T19:49:44","guid":{"rendered":"https:\/\/www.jh-itc.de\/shop\/uncategorized\/containertreppen-container-stairs\/"},"modified":"2021-04-28T21:03:48","modified_gmt":"2021-04-28T19:03:48","slug":"container-stairs","status":"publish","type":"product","link":"https:\/\/stage.jh-itc.de\/en\/shop\/special-items\/container-stairs\/","title":{"rendered":"Container stairs"},"content":{"rendered":"<p><strong>STANDARD FEATURES OF AVAILABLE SOLUTIONS:<\/strong><\/p>\n<p>Safe staircase system based on standards EN ISO 14122-3<br \/>\nand EN 12811-1 was issued<br \/>\nPayload: 2kN\/m2 and 5kN\/m2 depending on the version<\/p>\n<p>Different usable widths of stairs: 1000mm and 1250mm (version<br \/>\n2kN\/m2) and 1200mm (version 5kN\/m2)<\/p>\n<p>The system is compatible with storage and sea containers<\/p>\n<p>Statistical calculations are based on Eurocodes and were carried out by the<br \/>\nthe renowned Austrian company GBD ZT GmbH.<\/p>\n<p>The steps and landings were covered with offshore anti-slip mats<br \/>\nThe modular design allows easy transport without large<\/p>\n<p>storage space, shorter assembly times and any configurations, depending on the<br \/>\nthe demand and the container height<\/p>\n<p>Possibility of easy and renewed assembly and disassembly, without the need for<br \/>\nperformance stability is impaired Safe, long-lasting use as well as resistance and<br \/>\nWeather resistance thanks to hot dip galvanizing<\/p>\n<p>The product has the CE mark, our company has the<br \/>\nWPK declaration of conformity according to PN-EN 1090 standard, certified by T\u00dcV<br \/>\nSouth Poland was issued<\/p>\n<p>The stairs are available in two versions: Steel stairs and lighter<br \/>\nAluminium stairs.<\/p>\n<p><a href=\"https:\/\/www.intertlc.de\/Download\/Containertreppen_katalog.pdf\">https:\/\/www.intertlc.de\/Download\/Containertreppen_katalog.pdf<\/a><\/p>\n<p><a href=\"https:\/\/www.mauderer.de\/produkte\/containertreppen\/\">https:\/\/www.mauderer.de\/produkte\/containertreppen\/<\/a><\/p>\n<p>&nbsp;<\/p>\n","protected":false},"excerpt":{"rendered":"<p>We offer 12 x different container stairs, stairways and platforms.<\/p>\n<p>made of steel and aluminium in various lengths, widths and heights.<\/p>\n<p>If you are interested, please send us your inquiry.<\/p>\n<div class=\"container\">\n<div class=\"frame\">\n<div class=\"page tlid-homepage homepage translate-text\">\n<div class=\"homepage-content-wrap\">\n<div class=\"tlid-source-target main-header small-font\">\n<div class=\"source-target-row\">\n<div class=\"tlid-results-container results-container\">\n<div class=\"tlid-result result-dict-wrapper\">\n<div class=\"result tlid-copy-target\">\n<div class=\"text-wrap tlid-copy-target\">\n<div class=\"result-shield-container tlid-copy-target\" tabindex=\"0\">\n<p>&nbsp;<\/p>\n<\/div>\n<\/div>\n<\/div>\n<\/div>\n<\/div>\n<\/div>\n<\/div>\n<\/div>\n<\/div>\n<\/div>\n<\/div>\n","protected":false},"featured_media":12148,"template":"","meta":[],"product_brand":[],"product_cat":[245,229],"product_tag":[],"class_list":{"0":"post-12147","1":"product","2":"type-product","3":"status-publish","4":"has-post-thumbnail","6":"product_cat-industrial-machinery","7":"product_cat-special-items","9":"first","10":"instock","11":"taxable","12":"shipping-taxable","13":"product-type-simple"},"yoast_head":"<!-- This site is optimized with the Yoast SEO plugin v26.5 - https:\/\/yoast.com\/wordpress\/plugins\/seo\/ -->\n<title>Container stairs - JH - ITC GmbH<\/title>\n<meta name=\"description\" content=\"Container stairs. Renowned manufacturers \u2714 New &amp; used formwork, props, scaffolding &amp; construction machinery \u2714 Request a quote now!\" \/>\n<meta name=\"robots\" content=\"noindex, follow, max-snippet:-1, max-image-preview:large, max-video-preview:-1\" \/>\n<meta property=\"og:locale\" content=\"en_US\" \/>\n<meta property=\"og:type\" content=\"article\" \/>\n<meta property=\"og:title\" content=\"Container stairs - JH - ITC GmbH\" \/>\n<meta property=\"og:description\" content=\"Container stairs. Renowned manufacturers \u2714 New &amp; used formwork, props, scaffolding &amp; construction machinery \u2714 Request a quote now!\" \/>\n<meta property=\"og:url\" content=\"https:\/\/stage.jh-itc.de\/en\/shop\/special-items\/container-stairs\/\" \/>\n<meta property=\"og:site_name\" content=\"JH - ITC GmbH\" \/>\n<meta property=\"article:publisher\" content=\"https:\/\/www.facebook.com\/schalungshandel\" \/>\n<meta property=\"article:modified_time\" content=\"2021-04-28T19:03:48+00:00\" \/>\n<meta property=\"og:image\" content=\"https:\/\/stage.jh-itc.de\/wp-content\/uploads\/2020\/08\/jh-itc_Containertreppen.jpg\" \/>\n\t<meta property=\"og:image:width\" content=\"1400\" \/>\n\t<meta property=\"og:image:height\" content=\"1050\" \/>\n\t<meta property=\"og:image:type\" content=\"image\/jpeg\" \/>\n<meta name=\"twitter:card\" content=\"summary_large_image\" \/>\n<meta name=\"twitter:site\" content=\"@JH_ITC\" \/>\n<meta name=\"twitter:label1\" content=\"Est. reading time\" \/>\n\t<meta name=\"twitter:data1\" content=\"1 minute\" \/>\n<!-- \/ Yoast SEO plugin. -->","yoast_head_json":{"title":"Container stairs - JH - ITC GmbH","description":"Container stairs. Renowned manufacturers \u2714 New & used formwork, props, scaffolding & construction machinery \u2714 Request a quote now!","robots":{"index":"noindex","follow":"follow","max-snippet":"max-snippet:-1","max-image-preview":"max-image-preview:large","max-video-preview":"max-video-preview:-1"},"og_locale":"en_US","og_type":"article","og_title":"Container stairs - JH - ITC GmbH","og_description":"Container stairs. Renowned manufacturers \u2714 New & used formwork, props, scaffolding & construction machinery \u2714 Request a quote now!","og_url":"https:\/\/stage.jh-itc.de\/en\/shop\/special-items\/container-stairs\/","og_site_name":"JH - ITC GmbH","article_publisher":"https:\/\/www.facebook.com\/schalungshandel","article_modified_time":"2021-04-28T19:03:48+00:00","og_image":[{"width":1400,"height":1050,"url":"https:\/\/stage.jh-itc.de\/wp-content\/uploads\/2020\/08\/jh-itc_Containertreppen.jpg","type":"image\/jpeg"}],"twitter_card":"summary_large_image","twitter_site":"@JH_ITC","twitter_misc":{"Est. reading time":"1 minute"},"schema":{"@context":"https:\/\/schema.org","@graph":[{"@type":"WebPage","@id":"https:\/\/stage.jh-itc.de\/en\/shop\/special-items\/container-stairs\/","url":"https:\/\/stage.jh-itc.de\/en\/shop\/special-items\/container-stairs\/","name":"Container stairs - JH - ITC GmbH","isPartOf":{"@id":"https:\/\/stage.jh-itc.de\/en\/#website"},"primaryImageOfPage":{"@id":"https:\/\/stage.jh-itc.de\/en\/shop\/special-items\/container-stairs\/#primaryimage"},"image":{"@id":"https:\/\/stage.jh-itc.de\/en\/shop\/special-items\/container-stairs\/#primaryimage"},"thumbnailUrl":"https:\/\/stage.jh-itc.de\/wp-content\/uploads\/2020\/08\/jh-itc_Containertreppen.jpg","datePublished":"2021-02-24T19:49:44+00:00","dateModified":"2021-04-28T19:03:48+00:00","description":"Container stairs. Renowned manufacturers \u2714 New & used formwork, props, scaffolding & construction machinery \u2714 Request a quote now!","breadcrumb":{"@id":"https:\/\/stage.jh-itc.de\/en\/shop\/special-items\/container-stairs\/#breadcrumb"},"inLanguage":"en-US","potentialAction":[{"@type":"ReadAction","target":["https:\/\/stage.jh-itc.de\/en\/shop\/special-items\/container-stairs\/"]}]},{"@type":"ImageObject","inLanguage":"en-US","@id":"https:\/\/stage.jh-itc.de\/en\/shop\/special-items\/container-stairs\/#primaryimage","url":"https:\/\/stage.jh-itc.de\/wp-content\/uploads\/2020\/08\/jh-itc_Containertreppen.jpg","contentUrl":"https:\/\/stage.jh-itc.de\/wp-content\/uploads\/2020\/08\/jh-itc_Containertreppen.jpg","width":1400,"height":1050},{"@type":"BreadcrumbList","@id":"https:\/\/stage.jh-itc.de\/en\/shop\/special-items\/container-stairs\/#breadcrumb","itemListElement":[{"@type":"ListItem","position":1,"name":"Home","item":"https:\/\/stage.jh-itc.de\/en\/formwork-props-scaffolding-from-professionals\/"},{"@type":"ListItem","position":2,"name":"Store","item":"https:\/\/stage.jh-itc.de\/en\/?page_id=7087"},{"@type":"ListItem","position":3,"name":"Container stairs"}]},{"@type":"WebSite","@id":"https:\/\/stage.jh-itc.de\/en\/#website","url":"https:\/\/stage.jh-itc.de\/en\/","name":"JH - ITC GmbH","description":"Ihr Experte f\u00fcr gebrauchte St\u00fctzen, Schalungen und Ger\u00fcste","publisher":{"@id":"https:\/\/stage.jh-itc.de\/en\/#organization"},"potentialAction":[{"@type":"SearchAction","target":{"@type":"EntryPoint","urlTemplate":"https:\/\/stage.jh-itc.de\/en\/?s={search_term_string}"},"query-input":{"@type":"PropertyValueSpecification","valueRequired":true,"valueName":"search_term_string"}}],"inLanguage":"en-US"},{"@type":"Organization","@id":"https:\/\/stage.jh-itc.de\/en\/#organization","name":"JH-ITC GmbH","url":"https:\/\/stage.jh-itc.de\/en\/","logo":{"@type":"ImageObject","inLanguage":"en-US","@id":"https:\/\/stage.jh-itc.de\/en\/#\/schema\/logo\/image\/","url":"https:\/\/stage.jh-itc.de\/wp-content\/uploads\/2016\/01\/JH-ITC2-1.png","contentUrl":"https:\/\/stage.jh-itc.de\/wp-content\/uploads\/2016\/01\/JH-ITC2-1.png","width":300,"height":102,"caption":"JH-ITC GmbH"},"image":{"@id":"https:\/\/stage.jh-itc.de\/en\/#\/schema\/logo\/image\/"},"sameAs":["https:\/\/www.facebook.com\/schalungshandel","https:\/\/x.com\/JH_ITC","https:\/\/www.linkedin.com\/in\/jhitc","https:\/\/youtu.be\/rMdZ-FLfI-Y"]}]}},"_links":{"self":[{"href":"https:\/\/stage.jh-itc.de\/en\/wp-json\/wp\/v2\/product\/12147","targetHints":{"allow":["GET"]}}],"collection":[{"href":"https:\/\/stage.jh-itc.de\/en\/wp-json\/wp\/v2\/product"}],"about":[{"href":"https:\/\/stage.jh-itc.de\/en\/wp-json\/wp\/v2\/types\/product"}],"wp:featuredmedia":[{"embeddable":true,"href":"https:\/\/stage.jh-itc.de\/en\/wp-json\/wp\/v2\/media\/12148"}],"wp:attachment":[{"href":"https:\/\/stage.jh-itc.de\/en\/wp-json\/wp\/v2\/media?parent=12147"}],"wp:term":[{"taxonomy":"product_brand","embeddable":true,"href":"https:\/\/stage.jh-itc.de\/en\/wp-json\/wp\/v2\/product_brand?post=12147"},{"taxonomy":"product_cat","embeddable":true,"href":"https:\/\/stage.jh-itc.de\/en\/wp-json\/wp\/v2\/product_cat?post=12147"},{"taxonomy":"product_tag","embeddable":true,"href":"https:\/\/stage.jh-itc.de\/en\/wp-json\/wp\/v2\/product_tag?post=12147"}],"curies":[{"name":"wp","href":"https:\/\/api.w.org\/{rel}","templated":true}]}}