{"id":12133,"date":"2020-08-24T23:48:13","date_gmt":"2021-02-24T19:49:40","guid":{"rendered":"https:\/\/www.jh-itc.de\/shop\/uncategorized\/doka-reusable-container-120x80cm\/"},"modified":"2021-04-28T21:04:59","modified_gmt":"2021-04-28T19:04:59","slug":"doka-reusable-container-120x80cm","status":"publish","type":"product","link":"https:\/\/stage.jh-itc.de\/en\/shop\/doka-en\/doka-reusable-container-120x80cm\/","title":{"rendered":"Doka reusable container 120x80cm"},"content":{"rendered":"","protected":false},"excerpt":{"rendered":"<p>We offer used Doka reusable containers 1,20&#215;0,80m.<\/p>\n<p>If you are interested, please send us your inquiry.<\/p>\n","protected":false},"featured_media":12134,"template":"","meta":[],"product_brand":[],"product_cat":[225],"product_tag":[],"class_list":{"0":"post-12133","1":"product","2":"type-product","3":"status-publish","4":"has-post-thumbnail","6":"product_cat-doka-en","8":"first","9":"instock","10":"taxable","11":"shipping-taxable","12":"product-type-simple"},"yoast_head":"<!-- This site is optimized with the Yoast SEO plugin v26.5 - https:\/\/yoast.com\/wordpress\/plugins\/seo\/ -->\n<title>Doka reusable container 120x80cm - JH - ITC GmbH<\/title>\n<meta name=\"description\" content=\"Doka reusable container 120x80cm. Renowned manufacturers \u2714 New &amp; used formwork, props, scaffolding &amp; construction machinery \u2714 Request a quote now!\" \/>\n<meta name=\"robots\" content=\"noindex, follow, max-snippet:-1, max-image-preview:large, max-video-preview:-1\" \/>\n<meta property=\"og:locale\" content=\"en_US\" \/>\n<meta property=\"og:type\" content=\"article\" \/>\n<meta property=\"og:title\" content=\"Doka reusable container 120x80cm - JH - ITC GmbH\" \/>\n<meta property=\"og:description\" content=\"Doka reusable container 120x80cm. Renowned manufacturers \u2714 New &amp; used formwork, props, scaffolding &amp; construction machinery \u2714 Request a quote now!\" \/>\n<meta property=\"og:url\" content=\"https:\/\/stage.jh-itc.de\/en\/shop\/doka-en\/doka-reusable-container-120x80cm\/\" \/>\n<meta property=\"og:site_name\" content=\"JH - ITC GmbH\" \/>\n<meta property=\"article:publisher\" content=\"https:\/\/www.facebook.com\/schalungshandel\" \/>\n<meta property=\"article:modified_time\" content=\"2021-04-28T19:04:59+00:00\" \/>\n<meta property=\"og:image\" content=\"https:\/\/stage.jh-itc.de\/wp-content\/uploads\/2020\/08\/Doka-Mehrwegcontainer.jpg\" \/>\n\t<meta property=\"og:image:width\" content=\"1200\" \/>\n\t<meta property=\"og:image:height\" content=\"1200\" \/>\n\t<meta property=\"og:image:type\" content=\"image\/jpeg\" \/>\n<meta name=\"twitter:card\" content=\"summary_large_image\" \/>\n<meta name=\"twitter:site\" content=\"@JH_ITC\" \/>\n<!-- \/ Yoast SEO plugin. -->","yoast_head_json":{"title":"Doka reusable container 120x80cm - JH - ITC GmbH","description":"Doka reusable container 120x80cm. Renowned manufacturers \u2714 New & used formwork, props, scaffolding & construction machinery \u2714 Request a quote now!","robots":{"index":"noindex","follow":"follow","max-snippet":"max-snippet:-1","max-image-preview":"max-image-preview:large","max-video-preview":"max-video-preview:-1"},"og_locale":"en_US","og_type":"article","og_title":"Doka reusable container 120x80cm - JH - ITC GmbH","og_description":"Doka reusable container 120x80cm. Renowned manufacturers \u2714 New & used formwork, props, scaffolding & construction machinery \u2714 Request a quote now!","og_url":"https:\/\/stage.jh-itc.de\/en\/shop\/doka-en\/doka-reusable-container-120x80cm\/","og_site_name":"JH - ITC GmbH","article_publisher":"https:\/\/www.facebook.com\/schalungshandel","article_modified_time":"2021-04-28T19:04:59+00:00","og_image":[{"width":1200,"height":1200,"url":"https:\/\/stage.jh-itc.de\/wp-content\/uploads\/2020\/08\/Doka-Mehrwegcontainer.jpg","type":"image\/jpeg"}],"twitter_card":"summary_large_image","twitter_site":"@JH_ITC","schema":{"@context":"https:\/\/schema.org","@graph":[{"@type":"WebPage","@id":"https:\/\/stage.jh-itc.de\/en\/shop\/doka-en\/doka-reusable-container-120x80cm\/","url":"https:\/\/stage.jh-itc.de\/en\/shop\/doka-en\/doka-reusable-container-120x80cm\/","name":"Doka reusable container 120x80cm - JH - ITC GmbH","isPartOf":{"@id":"https:\/\/stage.jh-itc.de\/en\/#website"},"primaryImageOfPage":{"@id":"https:\/\/stage.jh-itc.de\/en\/shop\/doka-en\/doka-reusable-container-120x80cm\/#primaryimage"},"image":{"@id":"https:\/\/stage.jh-itc.de\/en\/shop\/doka-en\/doka-reusable-container-120x80cm\/#primaryimage"},"thumbnailUrl":"https:\/\/stage.jh-itc.de\/wp-content\/uploads\/2020\/08\/Doka-Mehrwegcontainer.jpg","datePublished":"2021-02-24T19:49:40+00:00","dateModified":"2021-04-28T19:04:59+00:00","description":"Doka reusable container 120x80cm. Renowned manufacturers \u2714 New & used formwork, props, scaffolding & construction machinery \u2714 Request a quote now!","breadcrumb":{"@id":"https:\/\/stage.jh-itc.de\/en\/shop\/doka-en\/doka-reusable-container-120x80cm\/#breadcrumb"},"inLanguage":"en-US","potentialAction":[{"@type":"ReadAction","target":["https:\/\/stage.jh-itc.de\/en\/shop\/doka-en\/doka-reusable-container-120x80cm\/"]}]},{"@type":"ImageObject","inLanguage":"en-US","@id":"https:\/\/stage.jh-itc.de\/en\/shop\/doka-en\/doka-reusable-container-120x80cm\/#primaryimage","url":"https:\/\/stage.jh-itc.de\/wp-content\/uploads\/2020\/08\/Doka-Mehrwegcontainer.jpg","contentUrl":"https:\/\/stage.jh-itc.de\/wp-content\/uploads\/2020\/08\/Doka-Mehrwegcontainer.jpg","width":1200,"height":1200},{"@type":"BreadcrumbList","@id":"https:\/\/stage.jh-itc.de\/en\/shop\/doka-en\/doka-reusable-container-120x80cm\/#breadcrumb","itemListElement":[{"@type":"ListItem","position":1,"name":"Home","item":"https:\/\/stage.jh-itc.de\/en\/formwork-props-scaffolding-from-professionals\/"},{"@type":"ListItem","position":2,"name":"Store","item":"https:\/\/stage.jh-itc.de\/en\/?page_id=7087"},{"@type":"ListItem","position":3,"name":"Doka reusable container 120x80cm"}]},{"@type":"WebSite","@id":"https:\/\/stage.jh-itc.de\/en\/#website","url":"https:\/\/stage.jh-itc.de\/en\/","name":"JH - ITC GmbH","description":"Ihr Experte f\u00fcr gebrauchte St\u00fctzen, Schalungen und Ger\u00fcste","publisher":{"@id":"https:\/\/stage.jh-itc.de\/en\/#organization"},"potentialAction":[{"@type":"SearchAction","target":{"@type":"EntryPoint","urlTemplate":"https:\/\/stage.jh-itc.de\/en\/?s={search_term_string}"},"query-input":{"@type":"PropertyValueSpecification","valueRequired":true,"valueName":"search_term_string"}}],"inLanguage":"en-US"},{"@type":"Organization","@id":"https:\/\/stage.jh-itc.de\/en\/#organization","name":"JH-ITC GmbH","url":"https:\/\/stage.jh-itc.de\/en\/","logo":{"@type":"ImageObject","inLanguage":"en-US","@id":"https:\/\/stage.jh-itc.de\/en\/#\/schema\/logo\/image\/","url":"https:\/\/stage.jh-itc.de\/wp-content\/uploads\/2016\/01\/JH-ITC2-1.png","contentUrl":"https:\/\/stage.jh-itc.de\/wp-content\/uploads\/2016\/01\/JH-ITC2-1.png","width":300,"height":102,"caption":"JH-ITC GmbH"},"image":{"@id":"https:\/\/stage.jh-itc.de\/en\/#\/schema\/logo\/image\/"},"sameAs":["https:\/\/www.facebook.com\/schalungshandel","https:\/\/x.com\/JH_ITC","https:\/\/www.linkedin.com\/in\/jhitc","https:\/\/youtu.be\/rMdZ-FLfI-Y"]}]}},"_links":{"self":[{"href":"https:\/\/stage.jh-itc.de\/en\/wp-json\/wp\/v2\/product\/12133","targetHints":{"allow":["GET"]}}],"collection":[{"href":"https:\/\/stage.jh-itc.de\/en\/wp-json\/wp\/v2\/product"}],"about":[{"href":"https:\/\/stage.jh-itc.de\/en\/wp-json\/wp\/v2\/types\/product"}],"wp:featuredmedia":[{"embeddable":true,"href":"https:\/\/stage.jh-itc.de\/en\/wp-json\/wp\/v2\/media\/12134"}],"wp:attachment":[{"href":"https:\/\/stage.jh-itc.de\/en\/wp-json\/wp\/v2\/media?parent=12133"}],"wp:term":[{"taxonomy":"product_brand","embeddable":true,"href":"https:\/\/stage.jh-itc.de\/en\/wp-json\/wp\/v2\/product_brand?post=12133"},{"taxonomy":"product_cat","embeddable":true,"href":"https:\/\/stage.jh-itc.de\/en\/wp-json\/wp\/v2\/product_cat?post=12133"},{"taxonomy":"product_tag","embeddable":true,"href":"https:\/\/stage.jh-itc.de\/en\/wp-json\/wp\/v2\/product_tag?post=12133"}],"curies":[{"name":"wp","href":"https:\/\/api.w.org\/{rel}","templated":true}]}}