{"id":12003,"date":"2020-01-09T14:11:44","date_gmt":"2021-02-24T19:49:16","guid":{"rendered":"https:\/\/www.jh-itc.de\/shop\/uncategorized\/ischebeck-aluminium-door-formwork\/"},"modified":"2021-04-28T21:34:46","modified_gmt":"2021-04-28T19:34:46","slug":"ischebeck-door-formwork","status":"publish","type":"product","link":"https:\/\/stage.jh-itc.de\/en\/shop\/formwork\/ischebeck-door-formwork\/","title":{"rendered":"Ischebeck aluminium door formwork"},"content":{"rendered":"<h2 class=\"PRODUCT_TITLE_LIST\">Aluminium door formwork TITAN<\/h2>\n<div class=\"listitem_subheader\">for recurring door formwork in stairwells and lift shafts<\/div>\n<div class=\"product_note\">\n<p>Conventional door formwork is usually used for only one operation at a time, but for a maximum of 2 to 3 operations. The TITAN aluminium door formwork can withstand at least 100 uses!<\/p>\n<p>Already the saved material consumption fully compensates the monthly rent.<\/p>\n<p>After the initial assembly, the labour cost for the production of the door recesses is about 1\/4 of the conventionally required effort.<\/p>\n<p><strong>Advantages<\/strong><\/p>\n<ul>\n<li>reusable<\/li>\n<li>infinitely variable<\/li>\n<li>high precision<\/li>\n<li>easy to handle<\/li>\n<li>rentable<\/li>\n<\/ul>\n<\/div>\n<hr>\n<p><strong>Standard dimensions<\/strong><br \/>\n&#8211; Door widths from 882 to 2342 mm<br \/>\n&#8211; Door heights from 2000 to 4010 mm<\/p>\n<p><strong>For standard door opening dimensions<\/strong><\/p>\n<p>according to DIN 18100 we offer pre-assembled solutions.<br \/>\n&#8211; Widths from 655 to 885 mm<br \/>\n&#8211; Heights from 2030 to 2210 mm<\/p>\n","protected":false},"excerpt":{"rendered":"<p>We offer 3 x <strong>Ischebeck aluminium door formwork<\/strong>.<\/p>\n<p>These are in good condition and available from stock.<\/p>\n<p>&nbsp;<\/p>\n","protected":false},"featured_media":12004,"template":"","meta":[],"product_brand":[],"product_cat":[233,224],"product_tag":[],"class_list":{"0":"post-12003","1":"product","2":"type-product","3":"status-publish","4":"has-post-thumbnail","6":"product_cat-ischebeck-en","7":"product_cat-formwork","9":"first","10":"instock","11":"taxable","12":"shipping-taxable","13":"product-type-simple"},"yoast_head":"<!-- This site is optimized with the Yoast SEO plugin v26.5 - https:\/\/yoast.com\/wordpress\/plugins\/seo\/ -->\n<title>Ischebeck aluminium door formwork - JH - ITC GmbH<\/title>\n<meta name=\"description\" content=\"Ischebeck aluminium door formwork. Renowned manufacturers \u2714 New &amp; used formwork, props, scaffolding &amp; construction machinery \u2714 Request a quote now!\" \/>\n<meta name=\"robots\" content=\"noindex, follow, max-snippet:-1, max-image-preview:large, max-video-preview:-1\" \/>\n<meta property=\"og:locale\" content=\"en_US\" \/>\n<meta property=\"og:type\" content=\"article\" \/>\n<meta property=\"og:title\" content=\"Ischebeck aluminium door formwork - JH - ITC GmbH\" \/>\n<meta property=\"og:description\" content=\"Ischebeck aluminium door formwork. Renowned manufacturers \u2714 New &amp; used formwork, props, scaffolding &amp; construction machinery \u2714 Request a quote now!\" \/>\n<meta property=\"og:url\" content=\"https:\/\/stage.jh-itc.de\/en\/shop\/formwork\/ischebeck-door-formwork\/\" \/>\n<meta property=\"og:site_name\" content=\"JH - ITC GmbH\" \/>\n<meta property=\"article:publisher\" content=\"https:\/\/www.facebook.com\/schalungshandel\" \/>\n<meta property=\"article:modified_time\" content=\"2021-04-28T19:34:46+00:00\" \/>\n<meta property=\"og:image\" content=\"https:\/\/stage.jh-itc.de\/wp-content\/uploads\/2020\/01\/Ischebeck-T\u00fcrschalung.png\" \/>\n\t<meta property=\"og:image:width\" content=\"729\" \/>\n\t<meta property=\"og:image:height\" content=\"1080\" \/>\n\t<meta property=\"og:image:type\" content=\"image\/png\" \/>\n<meta name=\"twitter:card\" content=\"summary_large_image\" \/>\n<meta name=\"twitter:site\" content=\"@JH_ITC\" \/>\n<meta name=\"twitter:label1\" content=\"Est. reading time\" \/>\n\t<meta name=\"twitter:data1\" content=\"1 minute\" \/>\n<!-- \/ Yoast SEO plugin. -->","yoast_head_json":{"title":"Ischebeck aluminium door formwork - JH - ITC GmbH","description":"Ischebeck aluminium door formwork. Renowned manufacturers \u2714 New & used formwork, props, scaffolding & construction machinery \u2714 Request a quote now!","robots":{"index":"noindex","follow":"follow","max-snippet":"max-snippet:-1","max-image-preview":"max-image-preview:large","max-video-preview":"max-video-preview:-1"},"og_locale":"en_US","og_type":"article","og_title":"Ischebeck aluminium door formwork - JH - ITC GmbH","og_description":"Ischebeck aluminium door formwork. Renowned manufacturers \u2714 New & used formwork, props, scaffolding & construction machinery \u2714 Request a quote now!","og_url":"https:\/\/stage.jh-itc.de\/en\/shop\/formwork\/ischebeck-door-formwork\/","og_site_name":"JH - ITC GmbH","article_publisher":"https:\/\/www.facebook.com\/schalungshandel","article_modified_time":"2021-04-28T19:34:46+00:00","og_image":[{"width":729,"height":1080,"url":"https:\/\/stage.jh-itc.de\/wp-content\/uploads\/2020\/01\/Ischebeck-T\u00fcrschalung.png","type":"image\/png"}],"twitter_card":"summary_large_image","twitter_site":"@JH_ITC","twitter_misc":{"Est. reading time":"1 minute"},"schema":{"@context":"https:\/\/schema.org","@graph":[{"@type":"WebPage","@id":"https:\/\/stage.jh-itc.de\/en\/shop\/formwork\/ischebeck-door-formwork\/","url":"https:\/\/stage.jh-itc.de\/en\/shop\/formwork\/ischebeck-door-formwork\/","name":"Ischebeck aluminium door formwork - JH - ITC GmbH","isPartOf":{"@id":"https:\/\/stage.jh-itc.de\/en\/#website"},"primaryImageOfPage":{"@id":"https:\/\/stage.jh-itc.de\/en\/shop\/formwork\/ischebeck-door-formwork\/#primaryimage"},"image":{"@id":"https:\/\/stage.jh-itc.de\/en\/shop\/formwork\/ischebeck-door-formwork\/#primaryimage"},"thumbnailUrl":"https:\/\/stage.jh-itc.de\/wp-content\/uploads\/2020\/01\/Ischebeck-T\u00fcrschalung.png","datePublished":"2021-02-24T19:49:16+00:00","dateModified":"2021-04-28T19:34:46+00:00","description":"Ischebeck aluminium door formwork. Renowned manufacturers \u2714 New & used formwork, props, scaffolding & construction machinery \u2714 Request a quote now!","breadcrumb":{"@id":"https:\/\/stage.jh-itc.de\/en\/shop\/formwork\/ischebeck-door-formwork\/#breadcrumb"},"inLanguage":"en-US","potentialAction":[{"@type":"ReadAction","target":["https:\/\/stage.jh-itc.de\/en\/shop\/formwork\/ischebeck-door-formwork\/"]}]},{"@type":"ImageObject","inLanguage":"en-US","@id":"https:\/\/stage.jh-itc.de\/en\/shop\/formwork\/ischebeck-door-formwork\/#primaryimage","url":"https:\/\/stage.jh-itc.de\/wp-content\/uploads\/2020\/01\/Ischebeck-T\u00fcrschalung.png","contentUrl":"https:\/\/stage.jh-itc.de\/wp-content\/uploads\/2020\/01\/Ischebeck-T\u00fcrschalung.png","width":729,"height":1080},{"@type":"BreadcrumbList","@id":"https:\/\/stage.jh-itc.de\/en\/shop\/formwork\/ischebeck-door-formwork\/#breadcrumb","itemListElement":[{"@type":"ListItem","position":1,"name":"Home","item":"https:\/\/stage.jh-itc.de\/en\/formwork-props-scaffolding-from-professionals\/"},{"@type":"ListItem","position":2,"name":"Store","item":"https:\/\/stage.jh-itc.de\/en\/?page_id=7087"},{"@type":"ListItem","position":3,"name":"Ischebeck aluminium door formwork"}]},{"@type":"WebSite","@id":"https:\/\/stage.jh-itc.de\/en\/#website","url":"https:\/\/stage.jh-itc.de\/en\/","name":"JH - ITC GmbH","description":"Ihr Experte f\u00fcr gebrauchte St\u00fctzen, Schalungen und Ger\u00fcste","publisher":{"@id":"https:\/\/stage.jh-itc.de\/en\/#organization"},"potentialAction":[{"@type":"SearchAction","target":{"@type":"EntryPoint","urlTemplate":"https:\/\/stage.jh-itc.de\/en\/?s={search_term_string}"},"query-input":{"@type":"PropertyValueSpecification","valueRequired":true,"valueName":"search_term_string"}}],"inLanguage":"en-US"},{"@type":"Organization","@id":"https:\/\/stage.jh-itc.de\/en\/#organization","name":"JH-ITC GmbH","url":"https:\/\/stage.jh-itc.de\/en\/","logo":{"@type":"ImageObject","inLanguage":"en-US","@id":"https:\/\/stage.jh-itc.de\/en\/#\/schema\/logo\/image\/","url":"https:\/\/stage.jh-itc.de\/wp-content\/uploads\/2016\/01\/JH-ITC2-1.png","contentUrl":"https:\/\/stage.jh-itc.de\/wp-content\/uploads\/2016\/01\/JH-ITC2-1.png","width":300,"height":102,"caption":"JH-ITC GmbH"},"image":{"@id":"https:\/\/stage.jh-itc.de\/en\/#\/schema\/logo\/image\/"},"sameAs":["https:\/\/www.facebook.com\/schalungshandel","https:\/\/x.com\/JH_ITC","https:\/\/www.linkedin.com\/in\/jhitc","https:\/\/youtu.be\/rMdZ-FLfI-Y"]}]}},"_links":{"self":[{"href":"https:\/\/stage.jh-itc.de\/en\/wp-json\/wp\/v2\/product\/12003","targetHints":{"allow":["GET"]}}],"collection":[{"href":"https:\/\/stage.jh-itc.de\/en\/wp-json\/wp\/v2\/product"}],"about":[{"href":"https:\/\/stage.jh-itc.de\/en\/wp-json\/wp\/v2\/types\/product"}],"wp:featuredmedia":[{"embeddable":true,"href":"https:\/\/stage.jh-itc.de\/en\/wp-json\/wp\/v2\/media\/12004"}],"wp:attachment":[{"href":"https:\/\/stage.jh-itc.de\/en\/wp-json\/wp\/v2\/media?parent=12003"}],"wp:term":[{"taxonomy":"product_brand","embeddable":true,"href":"https:\/\/stage.jh-itc.de\/en\/wp-json\/wp\/v2\/product_brand?post=12003"},{"taxonomy":"product_cat","embeddable":true,"href":"https:\/\/stage.jh-itc.de\/en\/wp-json\/wp\/v2\/product_cat?post=12003"},{"taxonomy":"product_tag","embeddable":true,"href":"https:\/\/stage.jh-itc.de\/en\/wp-json\/wp\/v2\/product_tag?post=12003"}],"curies":[{"name":"wp","href":"https:\/\/api.w.org\/{rel}","templated":true}]}}