{"id":11969,"date":"2019-01-22T17:29:25","date_gmt":"2021-02-24T19:48:56","guid":{"rendered":"https:\/\/www.jh-itc.de\/shop\/uncategorized\/peri-pep-ergo-e-300-ceiling-props\/"},"modified":"2021-04-28T21:02:58","modified_gmt":"2021-04-28T19:02:58","slug":"peri-pep-ergo-e-300-ceiling-supports","status":"publish","type":"product","link":"https:\/\/stage.jh-itc.de\/en\/shop\/props\/peri-pep-ergo-e-300-ceiling-supports\/","title":{"rendered":"Peri PEP Ergo E 300 ceiling props"},"content":{"rendered":"","protected":false},"excerpt":{"rendered":"<p>We offer <strong>1050 x Peri PEP Ergo E300 ceiling props<\/strong> <strong>( 30KN )<\/strong>.<\/p>\n<p>These are stored in 30 x stacking pallets.<\/p>\n<p>If you are interested, please send us your inquiry.<\/p>\n","protected":false},"featured_media":5046,"template":"","meta":[],"product_brand":[],"product_cat":[227,223],"product_tag":[],"class_list":{"0":"post-11969","1":"product","2":"type-product","3":"status-publish","4":"has-post-thumbnail","6":"product_cat-peri-en","7":"product_cat-props","9":"first","10":"instock","11":"taxable","12":"shipping-taxable","13":"product-type-simple"},"yoast_head":"<!-- This site is optimized with the Yoast SEO plugin v26.5 - https:\/\/yoast.com\/wordpress\/plugins\/seo\/ -->\n<title>Peri PEP Ergo E 300 ceiling props - JH - ITC GmbH<\/title>\n<meta name=\"description\" content=\"Peri PEP Ergo E 300 ceiling props. Renowned manufacturers \u2714 New &amp; used formwork, props, scaffolding &amp; construction machinery \u2714 Request a quote now!\" \/>\n<meta name=\"robots\" content=\"noindex, follow, max-snippet:-1, max-image-preview:large, max-video-preview:-1\" \/>\n<meta property=\"og:locale\" content=\"en_US\" \/>\n<meta property=\"og:type\" content=\"article\" \/>\n<meta property=\"og:title\" content=\"Peri PEP Ergo E 300 ceiling props - JH - ITC GmbH\" \/>\n<meta property=\"og:description\" content=\"Peri PEP Ergo E 300 ceiling props. Renowned manufacturers \u2714 New &amp; used formwork, props, scaffolding &amp; construction machinery \u2714 Request a quote now!\" \/>\n<meta property=\"og:url\" content=\"https:\/\/stage.jh-itc.de\/en\/shop\/props\/peri-pep-ergo-e-300-ceiling-supports\/\" \/>\n<meta property=\"og:site_name\" content=\"JH - ITC GmbH\" \/>\n<meta property=\"article:publisher\" content=\"https:\/\/www.facebook.com\/schalungshandel\" \/>\n<meta property=\"article:modified_time\" content=\"2021-04-28T19:02:58+00:00\" \/>\n<meta property=\"og:image\" content=\"https:\/\/stage.jh-itc.de\/wp-content\/uploads\/2019\/01\/Peri-PEP-Ergo-E-30-300-2-Klein.jpg\" \/>\n\t<meta property=\"og:image:width\" content=\"854\" \/>\n\t<meta property=\"og:image:height\" content=\"427\" \/>\n\t<meta property=\"og:image:type\" content=\"image\/jpeg\" \/>\n<meta name=\"twitter:card\" content=\"summary_large_image\" \/>\n<meta name=\"twitter:site\" content=\"@JH_ITC\" \/>\n<!-- \/ Yoast SEO plugin. -->","yoast_head_json":{"title":"Peri PEP Ergo E 300 ceiling props - JH - ITC GmbH","description":"Peri PEP Ergo E 300 ceiling props. Renowned manufacturers \u2714 New & used formwork, props, scaffolding & construction machinery \u2714 Request a quote now!","robots":{"index":"noindex","follow":"follow","max-snippet":"max-snippet:-1","max-image-preview":"max-image-preview:large","max-video-preview":"max-video-preview:-1"},"og_locale":"en_US","og_type":"article","og_title":"Peri PEP Ergo E 300 ceiling props - JH - ITC GmbH","og_description":"Peri PEP Ergo E 300 ceiling props. Renowned manufacturers \u2714 New & used formwork, props, scaffolding & construction machinery \u2714 Request a quote now!","og_url":"https:\/\/stage.jh-itc.de\/en\/shop\/props\/peri-pep-ergo-e-300-ceiling-supports\/","og_site_name":"JH - ITC GmbH","article_publisher":"https:\/\/www.facebook.com\/schalungshandel","article_modified_time":"2021-04-28T19:02:58+00:00","og_image":[{"width":854,"height":427,"url":"https:\/\/stage.jh-itc.de\/wp-content\/uploads\/2019\/01\/Peri-PEP-Ergo-E-30-300-2-Klein.jpg","type":"image\/jpeg"}],"twitter_card":"summary_large_image","twitter_site":"@JH_ITC","schema":{"@context":"https:\/\/schema.org","@graph":[{"@type":"WebPage","@id":"https:\/\/stage.jh-itc.de\/en\/shop\/props\/peri-pep-ergo-e-300-ceiling-supports\/","url":"https:\/\/stage.jh-itc.de\/en\/shop\/props\/peri-pep-ergo-e-300-ceiling-supports\/","name":"Peri PEP Ergo E 300 ceiling props - JH - ITC GmbH","isPartOf":{"@id":"https:\/\/stage.jh-itc.de\/en\/#website"},"primaryImageOfPage":{"@id":"https:\/\/stage.jh-itc.de\/en\/shop\/props\/peri-pep-ergo-e-300-ceiling-supports\/#primaryimage"},"image":{"@id":"https:\/\/stage.jh-itc.de\/en\/shop\/props\/peri-pep-ergo-e-300-ceiling-supports\/#primaryimage"},"thumbnailUrl":"https:\/\/stage.jh-itc.de\/wp-content\/uploads\/2019\/01\/Peri-PEP-Ergo-E-30-300-2-Klein.jpg","datePublished":"2021-02-24T19:48:56+00:00","dateModified":"2021-04-28T19:02:58+00:00","description":"Peri PEP Ergo E 300 ceiling props. Renowned manufacturers \u2714 New & used formwork, props, scaffolding & construction machinery \u2714 Request a quote now!","breadcrumb":{"@id":"https:\/\/stage.jh-itc.de\/en\/shop\/props\/peri-pep-ergo-e-300-ceiling-supports\/#breadcrumb"},"inLanguage":"en-US","potentialAction":[{"@type":"ReadAction","target":["https:\/\/stage.jh-itc.de\/en\/shop\/props\/peri-pep-ergo-e-300-ceiling-supports\/"]}]},{"@type":"ImageObject","inLanguage":"en-US","@id":"https:\/\/stage.jh-itc.de\/en\/shop\/props\/peri-pep-ergo-e-300-ceiling-supports\/#primaryimage","url":"https:\/\/stage.jh-itc.de\/wp-content\/uploads\/2019\/01\/Peri-PEP-Ergo-E-30-300-2-Klein.jpg","contentUrl":"https:\/\/stage.jh-itc.de\/wp-content\/uploads\/2019\/01\/Peri-PEP-Ergo-E-30-300-2-Klein.jpg","width":854,"height":427,"caption":"cof"},{"@type":"BreadcrumbList","@id":"https:\/\/stage.jh-itc.de\/en\/shop\/props\/peri-pep-ergo-e-300-ceiling-supports\/#breadcrumb","itemListElement":[{"@type":"ListItem","position":1,"name":"Home","item":"https:\/\/stage.jh-itc.de\/en\/formwork-props-scaffolding-from-professionals\/"},{"@type":"ListItem","position":2,"name":"Store","item":"https:\/\/stage.jh-itc.de\/en\/?page_id=7087"},{"@type":"ListItem","position":3,"name":"Peri PEP Ergo E 300 ceiling props"}]},{"@type":"WebSite","@id":"https:\/\/stage.jh-itc.de\/en\/#website","url":"https:\/\/stage.jh-itc.de\/en\/","name":"JH - ITC GmbH","description":"Ihr Experte f\u00fcr gebrauchte St\u00fctzen, Schalungen und Ger\u00fcste","publisher":{"@id":"https:\/\/stage.jh-itc.de\/en\/#organization"},"potentialAction":[{"@type":"SearchAction","target":{"@type":"EntryPoint","urlTemplate":"https:\/\/stage.jh-itc.de\/en\/?s={search_term_string}"},"query-input":{"@type":"PropertyValueSpecification","valueRequired":true,"valueName":"search_term_string"}}],"inLanguage":"en-US"},{"@type":"Organization","@id":"https:\/\/stage.jh-itc.de\/en\/#organization","name":"JH-ITC GmbH","url":"https:\/\/stage.jh-itc.de\/en\/","logo":{"@type":"ImageObject","inLanguage":"en-US","@id":"https:\/\/stage.jh-itc.de\/en\/#\/schema\/logo\/image\/","url":"https:\/\/stage.jh-itc.de\/wp-content\/uploads\/2016\/01\/JH-ITC2-1.png","contentUrl":"https:\/\/stage.jh-itc.de\/wp-content\/uploads\/2016\/01\/JH-ITC2-1.png","width":300,"height":102,"caption":"JH-ITC GmbH"},"image":{"@id":"https:\/\/stage.jh-itc.de\/en\/#\/schema\/logo\/image\/"},"sameAs":["https:\/\/www.facebook.com\/schalungshandel","https:\/\/x.com\/JH_ITC","https:\/\/www.linkedin.com\/in\/jhitc","https:\/\/youtu.be\/rMdZ-FLfI-Y"]}]}},"_links":{"self":[{"href":"https:\/\/stage.jh-itc.de\/en\/wp-json\/wp\/v2\/product\/11969","targetHints":{"allow":["GET"]}}],"collection":[{"href":"https:\/\/stage.jh-itc.de\/en\/wp-json\/wp\/v2\/product"}],"about":[{"href":"https:\/\/stage.jh-itc.de\/en\/wp-json\/wp\/v2\/types\/product"}],"wp:featuredmedia":[{"embeddable":true,"href":"https:\/\/stage.jh-itc.de\/en\/wp-json\/wp\/v2\/media\/5046"}],"wp:attachment":[{"href":"https:\/\/stage.jh-itc.de\/en\/wp-json\/wp\/v2\/media?parent=11969"}],"wp:term":[{"taxonomy":"product_brand","embeddable":true,"href":"https:\/\/stage.jh-itc.de\/en\/wp-json\/wp\/v2\/product_brand?post=11969"},{"taxonomy":"product_cat","embeddable":true,"href":"https:\/\/stage.jh-itc.de\/en\/wp-json\/wp\/v2\/product_cat?post=11969"},{"taxonomy":"product_tag","embeddable":true,"href":"https:\/\/stage.jh-itc.de\/en\/wp-json\/wp\/v2\/product_tag?post=11969"}],"curies":[{"name":"wp","href":"https:\/\/api.w.org\/{rel}","templated":true}]}}