{"id":11960,"date":"2017-11-29T19:42:56","date_gmt":"2021-02-24T19:48:36","guid":{"rendered":"https:\/\/www.jh-itc.de\/shop\/uncategorized\/doka-eurex-20-400\/"},"modified":"2021-04-28T21:02:32","modified_gmt":"2021-04-28T19:02:32","slug":"doka-eurex-20-400","status":"publish","type":"product","link":"https:\/\/stage.jh-itc.de\/en\/shop\/doka-en\/doka-props\/doka-eurex-20-400\/","title":{"rendered":"Doka Eurex 20-400"},"content":{"rendered":"","protected":false},"excerpt":{"rendered":"<p>We offer <strong>Doka Eurex 20-400 floor props<\/strong>.<\/p>\n<p>These are stacked in <strong>Doka stacking pallet 1.55&#215;0.85m<\/strong> <\/p>\n<p>These have been cleaned and tested.<\/p>\n<p>If you are interested, please send us your inquiry.<\/p>\n<p>&nbsp;<\/p>\n","protected":false},"featured_media":6684,"template":"","meta":[],"product_brand":[],"product_cat":[225,226,223],"product_tag":[],"class_list":{"0":"post-11960","1":"product","2":"type-product","3":"status-publish","4":"has-post-thumbnail","6":"product_cat-doka-en","7":"product_cat-doka-props","8":"product_cat-props","10":"first","11":"instock","12":"taxable","13":"shipping-taxable","14":"product-type-simple"},"yoast_head":"<!-- This site is optimized with the Yoast SEO plugin v26.5 - https:\/\/yoast.com\/wordpress\/plugins\/seo\/ -->\n<title>Doka Eurex 20-400 - JH - ITC GmbH - Doka floor props<\/title>\n<meta name=\"description\" content=\"Doka Eurex 20-400 floor props, used &amp; good condition. Doka floor props are the right choice for every application, impressing customers all over the world.\" \/>\n<meta name=\"robots\" content=\"noindex, follow, max-snippet:-1, max-image-preview:large, max-video-preview:-1\" \/>\n<meta property=\"og:locale\" content=\"en_US\" \/>\n<meta property=\"og:type\" content=\"article\" \/>\n<meta property=\"og:title\" content=\"Doka Eurex 20-400 - JH - ITC GmbH - Doka floor props\" \/>\n<meta property=\"og:description\" content=\"Doka Eurex 20-400 floor props, used &amp; good condition. Doka floor props are the right choice for every application, impressing customers all over the world.\" \/>\n<meta property=\"og:url\" content=\"https:\/\/stage.jh-itc.de\/en\/shop\/doka-en\/doka-props\/doka-eurex-20-400\/\" \/>\n<meta property=\"og:site_name\" content=\"JH - ITC GmbH\" \/>\n<meta property=\"article:publisher\" content=\"https:\/\/www.facebook.com\/schalungshandel\" \/>\n<meta property=\"article:modified_time\" content=\"2021-04-28T19:02:32+00:00\" \/>\n<meta property=\"og:image\" content=\"https:\/\/stage.jh-itc.de\/wp-content\/uploads\/2017\/11\/Doka-Eurex-20-400-2.jpg\" \/>\n\t<meta property=\"og:image:width\" content=\"640\" \/>\n\t<meta property=\"og:image:height\" content=\"480\" \/>\n\t<meta property=\"og:image:type\" content=\"image\/jpeg\" \/>\n<meta name=\"twitter:card\" content=\"summary_large_image\" \/>\n<meta name=\"twitter:site\" content=\"@JH_ITC\" \/>\n<!-- \/ Yoast SEO plugin. -->","yoast_head_json":{"title":"Doka Eurex 20-400 - JH - ITC GmbH - Doka floor props","description":"Doka Eurex 20-400 floor props, used & good condition. Doka floor props are the right choice for every application, impressing customers all over the world.","robots":{"index":"noindex","follow":"follow","max-snippet":"max-snippet:-1","max-image-preview":"max-image-preview:large","max-video-preview":"max-video-preview:-1"},"og_locale":"en_US","og_type":"article","og_title":"Doka Eurex 20-400 - JH - ITC GmbH - Doka floor props","og_description":"Doka Eurex 20-400 floor props, used & good condition. Doka floor props are the right choice for every application, impressing customers all over the world.","og_url":"https:\/\/stage.jh-itc.de\/en\/shop\/doka-en\/doka-props\/doka-eurex-20-400\/","og_site_name":"JH - ITC GmbH","article_publisher":"https:\/\/www.facebook.com\/schalungshandel","article_modified_time":"2021-04-28T19:02:32+00:00","og_image":[{"width":640,"height":480,"url":"https:\/\/stage.jh-itc.de\/wp-content\/uploads\/2017\/11\/Doka-Eurex-20-400-2.jpg","type":"image\/jpeg"}],"twitter_card":"summary_large_image","twitter_site":"@JH_ITC","schema":{"@context":"https:\/\/schema.org","@graph":[{"@type":"WebPage","@id":"https:\/\/stage.jh-itc.de\/en\/shop\/doka-en\/doka-props\/doka-eurex-20-400\/","url":"https:\/\/stage.jh-itc.de\/en\/shop\/doka-en\/doka-props\/doka-eurex-20-400\/","name":"Doka Eurex 20-400 - JH - ITC GmbH - Doka floor props","isPartOf":{"@id":"https:\/\/stage.jh-itc.de\/en\/#website"},"primaryImageOfPage":{"@id":"https:\/\/stage.jh-itc.de\/en\/shop\/doka-en\/doka-props\/doka-eurex-20-400\/#primaryimage"},"image":{"@id":"https:\/\/stage.jh-itc.de\/en\/shop\/doka-en\/doka-props\/doka-eurex-20-400\/#primaryimage"},"thumbnailUrl":"https:\/\/stage.jh-itc.de\/wp-content\/uploads\/2017\/11\/Doka-Eurex-20-400-2.jpg","datePublished":"2021-02-24T19:48:36+00:00","dateModified":"2021-04-28T19:02:32+00:00","description":"Doka Eurex 20-400 floor props, used & good condition. Doka floor props are the right choice for every application, impressing customers all over the world.","breadcrumb":{"@id":"https:\/\/stage.jh-itc.de\/en\/shop\/doka-en\/doka-props\/doka-eurex-20-400\/#breadcrumb"},"inLanguage":"en-US","potentialAction":[{"@type":"ReadAction","target":["https:\/\/stage.jh-itc.de\/en\/shop\/doka-en\/doka-props\/doka-eurex-20-400\/"]}]},{"@type":"ImageObject","inLanguage":"en-US","@id":"https:\/\/stage.jh-itc.de\/en\/shop\/doka-en\/doka-props\/doka-eurex-20-400\/#primaryimage","url":"https:\/\/stage.jh-itc.de\/wp-content\/uploads\/2017\/11\/Doka-Eurex-20-400-2.jpg","contentUrl":"https:\/\/stage.jh-itc.de\/wp-content\/uploads\/2017\/11\/Doka-Eurex-20-400-2.jpg","width":640,"height":480},{"@type":"BreadcrumbList","@id":"https:\/\/stage.jh-itc.de\/en\/shop\/doka-en\/doka-props\/doka-eurex-20-400\/#breadcrumb","itemListElement":[{"@type":"ListItem","position":1,"name":"Home","item":"https:\/\/stage.jh-itc.de\/en\/formwork-props-scaffolding-from-professionals\/"},{"@type":"ListItem","position":2,"name":"Store","item":"https:\/\/stage.jh-itc.de\/en\/?page_id=7087"},{"@type":"ListItem","position":3,"name":"Doka Eurex 20-400"}]},{"@type":"WebSite","@id":"https:\/\/stage.jh-itc.de\/en\/#website","url":"https:\/\/stage.jh-itc.de\/en\/","name":"JH - ITC GmbH","description":"Ihr Experte f\u00fcr gebrauchte St\u00fctzen, Schalungen und Ger\u00fcste","publisher":{"@id":"https:\/\/stage.jh-itc.de\/en\/#organization"},"potentialAction":[{"@type":"SearchAction","target":{"@type":"EntryPoint","urlTemplate":"https:\/\/stage.jh-itc.de\/en\/?s={search_term_string}"},"query-input":{"@type":"PropertyValueSpecification","valueRequired":true,"valueName":"search_term_string"}}],"inLanguage":"en-US"},{"@type":"Organization","@id":"https:\/\/stage.jh-itc.de\/en\/#organization","name":"JH-ITC GmbH","url":"https:\/\/stage.jh-itc.de\/en\/","logo":{"@type":"ImageObject","inLanguage":"en-US","@id":"https:\/\/stage.jh-itc.de\/en\/#\/schema\/logo\/image\/","url":"https:\/\/stage.jh-itc.de\/wp-content\/uploads\/2016\/01\/JH-ITC2-1.png","contentUrl":"https:\/\/stage.jh-itc.de\/wp-content\/uploads\/2016\/01\/JH-ITC2-1.png","width":300,"height":102,"caption":"JH-ITC GmbH"},"image":{"@id":"https:\/\/stage.jh-itc.de\/en\/#\/schema\/logo\/image\/"},"sameAs":["https:\/\/www.facebook.com\/schalungshandel","https:\/\/x.com\/JH_ITC","https:\/\/www.linkedin.com\/in\/jhitc","https:\/\/youtu.be\/rMdZ-FLfI-Y"]}]}},"_links":{"self":[{"href":"https:\/\/stage.jh-itc.de\/en\/wp-json\/wp\/v2\/product\/11960","targetHints":{"allow":["GET"]}}],"collection":[{"href":"https:\/\/stage.jh-itc.de\/en\/wp-json\/wp\/v2\/product"}],"about":[{"href":"https:\/\/stage.jh-itc.de\/en\/wp-json\/wp\/v2\/types\/product"}],"wp:featuredmedia":[{"embeddable":true,"href":"https:\/\/stage.jh-itc.de\/en\/wp-json\/wp\/v2\/media\/6684"}],"wp:attachment":[{"href":"https:\/\/stage.jh-itc.de\/en\/wp-json\/wp\/v2\/media?parent=11960"}],"wp:term":[{"taxonomy":"product_brand","embeddable":true,"href":"https:\/\/stage.jh-itc.de\/en\/wp-json\/wp\/v2\/product_brand?post=11960"},{"taxonomy":"product_cat","embeddable":true,"href":"https:\/\/stage.jh-itc.de\/en\/wp-json\/wp\/v2\/product_cat?post=11960"},{"taxonomy":"product_tag","embeddable":true,"href":"https:\/\/stage.jh-itc.de\/en\/wp-json\/wp\/v2\/product_tag?post=11960"}],"curies":[{"name":"wp","href":"https:\/\/api.w.org\/{rel}","templated":true}]}}