{"id":11949,"date":"2017-05-17T20:31:00","date_gmt":"2021-02-24T19:48:06","guid":{"rendered":"https:\/\/www.jh-itc.de\/shop\/uncategorized\/huennebeck-rasto-combi-clamp\/"},"modified":"2021-04-28T21:25:54","modified_gmt":"2021-04-28T19:25:54","slug":"huennebck-rasto-combination-clamp","status":"publish","type":"product","link":"https:\/\/stage.jh-itc.de\/en\/shop\/huennebeck-en\/huennebeck-rasto-en\/huennebck-rasto-combination-clamp\/","title":{"rendered":"Huennebeck Rasto combi clamp"},"content":{"rendered":"<p>Can be used for length compensation up to max. Six inches. It connects the panels in a tension- and pressure-resistant manner, as well as flush and aligned.<\/p>\n","protected":false},"excerpt":{"rendered":"<p>We offer used <strong>H\u00fcnnebeck Rasto combi-wings<\/strong>.<\/p>\n<p>If you are interested, please send us your inquiry.<\/p>\n<p>&nbsp;<\/p>\n","protected":false},"featured_media":6536,"template":"","meta":[],"product_brand":[],"product_cat":[220,222,224],"product_tag":[],"class_list":{"0":"post-11949","1":"product","2":"type-product","3":"status-publish","4":"has-post-thumbnail","6":"product_cat-huennebeck-en","7":"product_cat-huennebeck-rasto-en","8":"product_cat-formwork","10":"first","11":"instock","12":"sale","13":"taxable","14":"shipping-taxable","15":"product-type-simple"},"yoast_head":"<!-- This site is optimized with the Yoast SEO plugin v26.5 - https:\/\/yoast.com\/wordpress\/plugins\/seo\/ -->\n<title>Huennebeck Rasto combi clamp - JH - ITC GmbH<\/title>\n<meta name=\"description\" content=\"Huennebeck Rasto combi clamp, used, buy cheap here.\" \/>\n<meta name=\"robots\" content=\"noindex, follow, max-snippet:-1, max-image-preview:large, max-video-preview:-1\" \/>\n<meta property=\"og:locale\" content=\"en_US\" \/>\n<meta property=\"og:type\" content=\"article\" \/>\n<meta property=\"og:title\" content=\"Huennebeck Rasto combi clamp - JH - ITC GmbH\" \/>\n<meta property=\"og:description\" content=\"Huennebeck Rasto combi clamp, used, buy cheap here.\" \/>\n<meta property=\"og:url\" content=\"https:\/\/stage.jh-itc.de\/en\/shop\/huennebeck-en\/huennebeck-rasto-en\/huennebck-rasto-combination-clamp\/\" \/>\n<meta property=\"og:site_name\" content=\"JH - ITC GmbH\" \/>\n<meta property=\"article:publisher\" content=\"https:\/\/www.facebook.com\/schalungshandel\" \/>\n<meta property=\"article:modified_time\" content=\"2021-04-28T19:25:54+00:00\" \/>\n<meta property=\"og:image\" content=\"https:\/\/stage.jh-itc.de\/wp-content\/uploads\/2017\/05\/Rasto-Kombizwinge-1-Small.jpg\" \/>\n\t<meta property=\"og:image:width\" content=\"640\" \/>\n\t<meta property=\"og:image:height\" content=\"480\" \/>\n\t<meta property=\"og:image:type\" content=\"image\/jpeg\" \/>\n<meta name=\"twitter:card\" content=\"summary_large_image\" \/>\n<meta name=\"twitter:site\" content=\"@JH_ITC\" \/>\n<!-- \/ Yoast SEO plugin. -->","yoast_head_json":{"title":"Huennebeck Rasto combi clamp - JH - ITC GmbH","description":"Huennebeck Rasto combi clamp, used, buy cheap here.","robots":{"index":"noindex","follow":"follow","max-snippet":"max-snippet:-1","max-image-preview":"max-image-preview:large","max-video-preview":"max-video-preview:-1"},"og_locale":"en_US","og_type":"article","og_title":"Huennebeck Rasto combi clamp - JH - ITC GmbH","og_description":"Huennebeck Rasto combi clamp, used, buy cheap here.","og_url":"https:\/\/stage.jh-itc.de\/en\/shop\/huennebeck-en\/huennebeck-rasto-en\/huennebck-rasto-combination-clamp\/","og_site_name":"JH - ITC GmbH","article_publisher":"https:\/\/www.facebook.com\/schalungshandel","article_modified_time":"2021-04-28T19:25:54+00:00","og_image":[{"width":640,"height":480,"url":"https:\/\/stage.jh-itc.de\/wp-content\/uploads\/2017\/05\/Rasto-Kombizwinge-1-Small.jpg","type":"image\/jpeg"}],"twitter_card":"summary_large_image","twitter_site":"@JH_ITC","schema":{"@context":"https:\/\/schema.org","@graph":[{"@type":"WebPage","@id":"https:\/\/stage.jh-itc.de\/en\/shop\/huennebeck-en\/huennebeck-rasto-en\/huennebck-rasto-combination-clamp\/","url":"https:\/\/stage.jh-itc.de\/en\/shop\/huennebeck-en\/huennebeck-rasto-en\/huennebck-rasto-combination-clamp\/","name":"Huennebeck Rasto combi clamp - JH - ITC GmbH","isPartOf":{"@id":"https:\/\/stage.jh-itc.de\/en\/#website"},"primaryImageOfPage":{"@id":"https:\/\/stage.jh-itc.de\/en\/shop\/huennebeck-en\/huennebeck-rasto-en\/huennebck-rasto-combination-clamp\/#primaryimage"},"image":{"@id":"https:\/\/stage.jh-itc.de\/en\/shop\/huennebeck-en\/huennebeck-rasto-en\/huennebck-rasto-combination-clamp\/#primaryimage"},"thumbnailUrl":"https:\/\/stage.jh-itc.de\/wp-content\/uploads\/2017\/05\/Rasto-Kombizwinge-1-Small.jpg","datePublished":"2021-02-24T19:48:06+00:00","dateModified":"2021-04-28T19:25:54+00:00","description":"Huennebeck Rasto combi clamp, used, buy cheap here.","breadcrumb":{"@id":"https:\/\/stage.jh-itc.de\/en\/shop\/huennebeck-en\/huennebeck-rasto-en\/huennebck-rasto-combination-clamp\/#breadcrumb"},"inLanguage":"en-US","potentialAction":[{"@type":"ReadAction","target":["https:\/\/stage.jh-itc.de\/en\/shop\/huennebeck-en\/huennebeck-rasto-en\/huennebck-rasto-combination-clamp\/"]}]},{"@type":"ImageObject","inLanguage":"en-US","@id":"https:\/\/stage.jh-itc.de\/en\/shop\/huennebeck-en\/huennebeck-rasto-en\/huennebck-rasto-combination-clamp\/#primaryimage","url":"https:\/\/stage.jh-itc.de\/wp-content\/uploads\/2017\/05\/Rasto-Kombizwinge-1-Small.jpg","contentUrl":"https:\/\/stage.jh-itc.de\/wp-content\/uploads\/2017\/05\/Rasto-Kombizwinge-1-Small.jpg","width":640,"height":480},{"@type":"BreadcrumbList","@id":"https:\/\/stage.jh-itc.de\/en\/shop\/huennebeck-en\/huennebeck-rasto-en\/huennebck-rasto-combination-clamp\/#breadcrumb","itemListElement":[{"@type":"ListItem","position":1,"name":"Home","item":"https:\/\/stage.jh-itc.de\/en\/formwork-props-scaffolding-from-professionals\/"},{"@type":"ListItem","position":2,"name":"Store","item":"https:\/\/stage.jh-itc.de\/en\/?page_id=7087"},{"@type":"ListItem","position":3,"name":"Huennebeck Rasto combi clamp"}]},{"@type":"WebSite","@id":"https:\/\/stage.jh-itc.de\/en\/#website","url":"https:\/\/stage.jh-itc.de\/en\/","name":"JH - ITC GmbH","description":"Ihr Experte f\u00fcr gebrauchte St\u00fctzen, Schalungen und Ger\u00fcste","publisher":{"@id":"https:\/\/stage.jh-itc.de\/en\/#organization"},"potentialAction":[{"@type":"SearchAction","target":{"@type":"EntryPoint","urlTemplate":"https:\/\/stage.jh-itc.de\/en\/?s={search_term_string}"},"query-input":{"@type":"PropertyValueSpecification","valueRequired":true,"valueName":"search_term_string"}}],"inLanguage":"en-US"},{"@type":"Organization","@id":"https:\/\/stage.jh-itc.de\/en\/#organization","name":"JH-ITC GmbH","url":"https:\/\/stage.jh-itc.de\/en\/","logo":{"@type":"ImageObject","inLanguage":"en-US","@id":"https:\/\/stage.jh-itc.de\/en\/#\/schema\/logo\/image\/","url":"https:\/\/stage.jh-itc.de\/wp-content\/uploads\/2016\/01\/JH-ITC2-1.png","contentUrl":"https:\/\/stage.jh-itc.de\/wp-content\/uploads\/2016\/01\/JH-ITC2-1.png","width":300,"height":102,"caption":"JH-ITC GmbH"},"image":{"@id":"https:\/\/stage.jh-itc.de\/en\/#\/schema\/logo\/image\/"},"sameAs":["https:\/\/www.facebook.com\/schalungshandel","https:\/\/x.com\/JH_ITC","https:\/\/www.linkedin.com\/in\/jhitc","https:\/\/youtu.be\/rMdZ-FLfI-Y"]}]}},"_links":{"self":[{"href":"https:\/\/stage.jh-itc.de\/en\/wp-json\/wp\/v2\/product\/11949","targetHints":{"allow":["GET"]}}],"collection":[{"href":"https:\/\/stage.jh-itc.de\/en\/wp-json\/wp\/v2\/product"}],"about":[{"href":"https:\/\/stage.jh-itc.de\/en\/wp-json\/wp\/v2\/types\/product"}],"wp:featuredmedia":[{"embeddable":true,"href":"https:\/\/stage.jh-itc.de\/en\/wp-json\/wp\/v2\/media\/6536"}],"wp:attachment":[{"href":"https:\/\/stage.jh-itc.de\/en\/wp-json\/wp\/v2\/media?parent=11949"}],"wp:term":[{"taxonomy":"product_brand","embeddable":true,"href":"https:\/\/stage.jh-itc.de\/en\/wp-json\/wp\/v2\/product_brand?post=11949"},{"taxonomy":"product_cat","embeddable":true,"href":"https:\/\/stage.jh-itc.de\/en\/wp-json\/wp\/v2\/product_cat?post=11949"},{"taxonomy":"product_tag","embeddable":true,"href":"https:\/\/stage.jh-itc.de\/en\/wp-json\/wp\/v2\/product_tag?post=11949"}],"curies":[{"name":"wp","href":"https:\/\/api.w.org\/{rel}","templated":true}]}}