{"id":11942,"date":"2016-08-04T11:50:24","date_gmt":"2021-02-24T19:47:59","guid":{"rendered":"https:\/\/www.jh-itc.de\/shop\/uncategorized\/wooden-beam-h20\/"},"modified":"2023-02-15T15:54:04","modified_gmt":"2023-02-15T14:54:04","slug":"wood-carrier-h20","status":"publish","type":"product","link":"https:\/\/stage.jh-itc.de\/en\/shop\/props\/wood-carrier-h20\/","title":{"rendered":"Wooden beam H20"},"content":{"rendered":"","protected":false},"excerpt":{"rendered":"<p><strong>2,245 linear feet of H20 girders for sale.<\/strong><\/p>\n<p>These are in good condition.<\/p>\n<p>82 x carrier VT 20K L = 3.60 m<br \/>\n6 x VT 20K girder L = 2.70 m<br \/>\n4 x H 20 beam 100<br \/>\n6 x H 20 beam 110<br \/>\n1 x H 20 beam 120<br \/>\n1 x H 20 beam 130<br \/>\n15 x H 20 beam 160<br \/>\n2 x H 20 beam 180<br \/>\n6 x H 20 girder 270<br \/>\n5 x H 20 beam 290<br \/>\n1 x H 20 carrier 320<br \/>\n38 x H 20-beam 330<br \/>\n131 x H 20 beam 360<br \/>\n1 x H 20 beam 410<br \/>\n1 x H 20 carrier 435<br \/>\n1 x H 20 carrier 425<br \/>\n25 x H 20 beam 450<br \/>\n3 x H 20 girder 470<br \/>\n53 x H 20-beam 490<br \/>\n145 x H 20-beam 510<br \/>\n21 x H 20 beam 590<\/p>\n","protected":false},"featured_media":6774,"template":"","meta":[],"product_brand":[],"product_cat":[223,224],"product_tag":[],"class_list":{"0":"post-11942","1":"product","2":"type-product","3":"status-publish","4":"has-post-thumbnail","6":"product_cat-props","7":"product_cat-formwork","9":"first","10":"onbackorder","11":"taxable","12":"shipping-taxable","13":"product-type-simple"},"yoast_head":"<!-- This site is optimized with the Yoast SEO plugin v26.5 - https:\/\/yoast.com\/wordpress\/plugins\/seo\/ -->\n<title>Wooden beam H20 - JH - ITC GmbH<\/title>\n<meta name=\"description\" content=\"wooden beams H20, H20 Beams, formwork beams\" \/>\n<meta name=\"robots\" content=\"noindex, follow, max-snippet:-1, max-image-preview:large, max-video-preview:-1\" \/>\n<meta property=\"og:locale\" content=\"en_US\" \/>\n<meta property=\"og:type\" content=\"article\" \/>\n<meta property=\"og:title\" content=\"Wooden beam H20 - JH - ITC GmbH\" \/>\n<meta property=\"og:description\" content=\"wooden beams H20, H20 Beams, formwork beams\" \/>\n<meta property=\"og:url\" content=\"https:\/\/stage.jh-itc.de\/en\/shop\/props\/wood-carrier-h20\/\" \/>\n<meta property=\"og:site_name\" content=\"JH - ITC GmbH\" \/>\n<meta property=\"article:publisher\" content=\"https:\/\/www.facebook.com\/schalungshandel\" \/>\n<meta property=\"article:modified_time\" content=\"2023-02-15T14:54:04+00:00\" \/>\n<meta property=\"og:image\" content=\"https:\/\/stage.jh-itc.de\/wp-content\/uploads\/2016\/08\/5ef15f3c2a01693a2b06b2f8ab84e302.jpg\" \/>\n\t<meta property=\"og:image:width\" content=\"640\" \/>\n\t<meta property=\"og:image:height\" content=\"480\" \/>\n\t<meta property=\"og:image:type\" content=\"image\/jpeg\" \/>\n<meta name=\"twitter:card\" content=\"summary_large_image\" \/>\n<meta name=\"twitter:site\" content=\"@JH_ITC\" \/>\n<!-- \/ Yoast SEO plugin. -->","yoast_head_json":{"title":"Wooden beam H20 - JH - ITC GmbH","description":"wooden beams H20, H20 Beams, formwork beams","robots":{"index":"noindex","follow":"follow","max-snippet":"max-snippet:-1","max-image-preview":"max-image-preview:large","max-video-preview":"max-video-preview:-1"},"og_locale":"en_US","og_type":"article","og_title":"Wooden beam H20 - JH - ITC GmbH","og_description":"wooden beams H20, H20 Beams, formwork beams","og_url":"https:\/\/stage.jh-itc.de\/en\/shop\/props\/wood-carrier-h20\/","og_site_name":"JH - ITC GmbH","article_publisher":"https:\/\/www.facebook.com\/schalungshandel","article_modified_time":"2023-02-15T14:54:04+00:00","og_image":[{"width":640,"height":480,"url":"https:\/\/stage.jh-itc.de\/wp-content\/uploads\/2016\/08\/5ef15f3c2a01693a2b06b2f8ab84e302.jpg","type":"image\/jpeg"}],"twitter_card":"summary_large_image","twitter_site":"@JH_ITC","schema":{"@context":"https:\/\/schema.org","@graph":[{"@type":"WebPage","@id":"https:\/\/stage.jh-itc.de\/en\/shop\/props\/wood-carrier-h20\/","url":"https:\/\/stage.jh-itc.de\/en\/shop\/props\/wood-carrier-h20\/","name":"Wooden beam H20 - JH - ITC GmbH","isPartOf":{"@id":"https:\/\/stage.jh-itc.de\/en\/#website"},"primaryImageOfPage":{"@id":"https:\/\/stage.jh-itc.de\/en\/shop\/props\/wood-carrier-h20\/#primaryimage"},"image":{"@id":"https:\/\/stage.jh-itc.de\/en\/shop\/props\/wood-carrier-h20\/#primaryimage"},"thumbnailUrl":"https:\/\/stage.jh-itc.de\/wp-content\/uploads\/2016\/08\/5ef15f3c2a01693a2b06b2f8ab84e302.jpg","datePublished":"2021-02-24T19:47:59+00:00","dateModified":"2023-02-15T14:54:04+00:00","description":"wooden beams H20, H20 Beams, formwork beams","breadcrumb":{"@id":"https:\/\/stage.jh-itc.de\/en\/shop\/props\/wood-carrier-h20\/#breadcrumb"},"inLanguage":"en-US","potentialAction":[{"@type":"ReadAction","target":["https:\/\/stage.jh-itc.de\/en\/shop\/props\/wood-carrier-h20\/"]}]},{"@type":"ImageObject","inLanguage":"en-US","@id":"https:\/\/stage.jh-itc.de\/en\/shop\/props\/wood-carrier-h20\/#primaryimage","url":"https:\/\/stage.jh-itc.de\/wp-content\/uploads\/2016\/08\/5ef15f3c2a01693a2b06b2f8ab84e302.jpg","contentUrl":"https:\/\/stage.jh-itc.de\/wp-content\/uploads\/2016\/08\/5ef15f3c2a01693a2b06b2f8ab84e302.jpg","width":640,"height":480},{"@type":"BreadcrumbList","@id":"https:\/\/stage.jh-itc.de\/en\/shop\/props\/wood-carrier-h20\/#breadcrumb","itemListElement":[{"@type":"ListItem","position":1,"name":"Home","item":"https:\/\/stage.jh-itc.de\/en\/formwork-props-scaffolding-from-professionals\/"},{"@type":"ListItem","position":2,"name":"Store","item":"https:\/\/stage.jh-itc.de\/en\/?page_id=7087"},{"@type":"ListItem","position":3,"name":"Wooden beam H20"}]},{"@type":"WebSite","@id":"https:\/\/stage.jh-itc.de\/en\/#website","url":"https:\/\/stage.jh-itc.de\/en\/","name":"JH - ITC GmbH","description":"Ihr Experte f\u00fcr gebrauchte St\u00fctzen, Schalungen und Ger\u00fcste","publisher":{"@id":"https:\/\/stage.jh-itc.de\/en\/#organization"},"potentialAction":[{"@type":"SearchAction","target":{"@type":"EntryPoint","urlTemplate":"https:\/\/stage.jh-itc.de\/en\/?s={search_term_string}"},"query-input":{"@type":"PropertyValueSpecification","valueRequired":true,"valueName":"search_term_string"}}],"inLanguage":"en-US"},{"@type":"Organization","@id":"https:\/\/stage.jh-itc.de\/en\/#organization","name":"JH-ITC GmbH","url":"https:\/\/stage.jh-itc.de\/en\/","logo":{"@type":"ImageObject","inLanguage":"en-US","@id":"https:\/\/stage.jh-itc.de\/en\/#\/schema\/logo\/image\/","url":"https:\/\/stage.jh-itc.de\/wp-content\/uploads\/2016\/01\/JH-ITC2-1.png","contentUrl":"https:\/\/stage.jh-itc.de\/wp-content\/uploads\/2016\/01\/JH-ITC2-1.png","width":300,"height":102,"caption":"JH-ITC GmbH"},"image":{"@id":"https:\/\/stage.jh-itc.de\/en\/#\/schema\/logo\/image\/"},"sameAs":["https:\/\/www.facebook.com\/schalungshandel","https:\/\/x.com\/JH_ITC","https:\/\/www.linkedin.com\/in\/jhitc","https:\/\/youtu.be\/rMdZ-FLfI-Y"]}]}},"_links":{"self":[{"href":"https:\/\/stage.jh-itc.de\/en\/wp-json\/wp\/v2\/product\/11942","targetHints":{"allow":["GET"]}}],"collection":[{"href":"https:\/\/stage.jh-itc.de\/en\/wp-json\/wp\/v2\/product"}],"about":[{"href":"https:\/\/stage.jh-itc.de\/en\/wp-json\/wp\/v2\/types\/product"}],"wp:featuredmedia":[{"embeddable":true,"href":"https:\/\/stage.jh-itc.de\/en\/wp-json\/wp\/v2\/media\/6774"}],"wp:attachment":[{"href":"https:\/\/stage.jh-itc.de\/en\/wp-json\/wp\/v2\/media?parent=11942"}],"wp:term":[{"taxonomy":"product_brand","embeddable":true,"href":"https:\/\/stage.jh-itc.de\/en\/wp-json\/wp\/v2\/product_brand?post=11942"},{"taxonomy":"product_cat","embeddable":true,"href":"https:\/\/stage.jh-itc.de\/en\/wp-json\/wp\/v2\/product_cat?post=11942"},{"taxonomy":"product_tag","embeddable":true,"href":"https:\/\/stage.jh-itc.de\/en\/wp-json\/wp\/v2\/product_tag?post=11942"}],"curies":[{"name":"wp","href":"https:\/\/api.w.org\/{rel}","templated":true}]}}