{"id":11932,"date":"2016-02-10T11:46:11","date_gmt":"2021-02-24T19:47:33","guid":{"rendered":"https:\/\/www.jh-itc.de\/shop\/uncategorized\/peri-pep-props-peri-pep-props\/"},"modified":"2023-02-15T15:54:16","modified_gmt":"2023-02-15T14:54:16","slug":"peri-pep-props-peri-pep-props","status":"publish","type":"product","link":"https:\/\/stage.jh-itc.de\/en\/shop\/props\/peri-pep-props-peri-pep-props\/","title":{"rendered":"Peri PEP supports"},"content":{"rendered":"","protected":false},"excerpt":{"rendered":"<p>We offer a lot of used <strong>Peri PEP supports<\/strong>.<\/p>\n<table style=\"width: 512px\">\n<tbody>\n<tr>\n<td style=\"width: 220px\"><strong>Article description<\/strong><\/td>\n<td style=\"width: 162px\"><strong>Description<\/strong><\/td>\n<td style=\"width: 114px\"><strong>Quantity<\/strong><\/td>\n<\/tr>\n<tr>\n<td style=\"width: 220px\">Ceiling support PEP 20-300, galv.<\/td>\n<td style=\"width: 162px\">Prop PEP 20-300<\/td>\n<td style=\"width: 114px\">398<\/td>\n<\/tr>\n<tr>\n<td style=\"width: 220px\">Pallet RP-2 80 x 150, galvanized<\/td>\n<td style=\"width: 162px\">Pallet RP-2 80 x 150, galv.<\/td>\n<td style=\"width: 114px\">8<\/td>\n<\/tr>\n<tr>\n<td style=\"width: 220px\">Ceiling support PEP 20-350, galv.<\/td>\n<td style=\"width: 162px\">Prop PEP 20-350<\/td>\n<td style=\"width: 114px\">401<\/td>\n<\/tr>\n<tr>\n<td style=\"width: 220px\">Pallet RP-2 80 x 150, galvanized<\/td>\n<td style=\"width: 162px\">Pallet RP-2 80 x 150, galv.<\/td>\n<td style=\"width: 114px\">11<\/td>\n<\/tr>\n<tr>\n<td style=\"width: 220px\">Ceiling support PEP 20-400, galv.<\/td>\n<td style=\"width: 162px\">Prop PEP 20-400<\/td>\n<td style=\"width: 114px\">223<\/td>\n<\/tr>\n<tr>\n<td style=\"width: 220px\">Pallet RP-2 80 x 150, galvanized<\/td>\n<td style=\"width: 162px\">Pallet RP-2 80 x 150, galv.<\/td>\n<td style=\"width: 114px\">6<\/td>\n<\/tr>\n<tr>\n<td style=\"width: 220px\">Claw head 16\/20 S, galv.<\/td>\n<td style=\"width: 162px\">Clawhead 16\/20 S, galv.<\/td>\n<td style=\"width: 114px\">52<\/td>\n<\/tr>\n<tr>\n<td style=\"width: 220px\">Claw head 24 S, galv.<\/td>\n<td style=\"width: 162px\">Clawhead 24 S, galv.<\/td>\n<td style=\"width: 114px\">45<\/td>\n<\/tr>\n<tr>\n<td style=\"width: 220px\">Lattice box 80 x 120-K, lacquered<\/td>\n<td style=\"width: 162px\">Crate Pallet 80 x 120, painted<\/td>\n<td style=\"width: 114px\">1<\/td>\n<\/tr>\n<tr>\n<td style=\"width: 220px\">Crosshead 20\/24 S, galv.<\/td>\n<td style=\"width: 162px\">Crosshead 20\/24 S, galv.<\/td>\n<td style=\"width: 114px\">750<\/td>\n<\/tr>\n<tr>\n<td style=\"width: 220px\">Lattice box 80 x 120-K, lacquered<\/td>\n<td style=\"width: 162px\">Crate Pallet 80 x 120, painted<\/td>\n<td style=\"width: 114px\">8<\/td>\n<\/tr>\n<tr>\n<td style=\"width: 220px\">Foot MP 50<\/td>\n<td style=\"width: 162px\">Base MP 50<\/td>\n<td style=\"width: 114px\">94<\/td>\n<\/tr>\n<\/tbody>\n<\/table>\n<p>available from stock.<\/p>\n<p>If you are interested, please send us your inquiry.<\/p>\n","protected":false},"featured_media":6842,"template":"","meta":[],"product_brand":[],"product_cat":[227,223],"product_tag":[],"class_list":{"0":"post-11932","1":"product","2":"type-product","3":"status-publish","4":"has-post-thumbnail","6":"product_cat-peri-en","7":"product_cat-props","9":"first","10":"instock","11":"taxable","12":"shipping-taxable","13":"product-type-simple"},"yoast_head":"<!-- This site is optimized with the Yoast SEO plugin v26.5 - https:\/\/yoast.com\/wordpress\/plugins\/seo\/ -->\n<title>Peri PEP supports - JH - ITC GmbH<\/title>\n<meta name=\"description\" content=\"Peri PEP 20-300 props; Peri Peri PEP 20-350 props;\" \/>\n<meta name=\"robots\" content=\"noindex, follow, max-snippet:-1, max-image-preview:large, max-video-preview:-1\" \/>\n<meta property=\"og:locale\" content=\"en_US\" \/>\n<meta property=\"og:type\" content=\"article\" \/>\n<meta property=\"og:title\" content=\"Peri PEP supports - JH - ITC GmbH\" \/>\n<meta property=\"og:description\" content=\"Peri PEP 20-300 props; Peri Peri PEP 20-350 props;\" \/>\n<meta property=\"og:url\" content=\"https:\/\/stage.jh-itc.de\/en\/shop\/props\/peri-pep-props-peri-pep-props\/\" \/>\n<meta property=\"og:site_name\" content=\"JH - ITC GmbH\" \/>\n<meta property=\"article:publisher\" content=\"https:\/\/www.facebook.com\/schalungshandel\" \/>\n<meta property=\"article:modified_time\" content=\"2023-02-15T14:54:16+00:00\" \/>\n<meta property=\"og:image\" content=\"https:\/\/stage.jh-itc.de\/wp-content\/uploads\/2016\/02\/Peri-PEP-20-300-2-1.jpg\" \/>\n\t<meta property=\"og:image:width\" content=\"640\" \/>\n\t<meta property=\"og:image:height\" content=\"480\" \/>\n\t<meta property=\"og:image:type\" content=\"image\/jpeg\" \/>\n<meta name=\"twitter:card\" content=\"summary_large_image\" \/>\n<meta name=\"twitter:site\" content=\"@JH_ITC\" \/>\n<!-- \/ Yoast SEO plugin. -->","yoast_head_json":{"title":"Peri PEP supports - JH - ITC GmbH","description":"Peri PEP 20-300 props; Peri Peri PEP 20-350 props;","robots":{"index":"noindex","follow":"follow","max-snippet":"max-snippet:-1","max-image-preview":"max-image-preview:large","max-video-preview":"max-video-preview:-1"},"og_locale":"en_US","og_type":"article","og_title":"Peri PEP supports - JH - ITC GmbH","og_description":"Peri PEP 20-300 props; Peri Peri PEP 20-350 props;","og_url":"https:\/\/stage.jh-itc.de\/en\/shop\/props\/peri-pep-props-peri-pep-props\/","og_site_name":"JH - ITC GmbH","article_publisher":"https:\/\/www.facebook.com\/schalungshandel","article_modified_time":"2023-02-15T14:54:16+00:00","og_image":[{"width":640,"height":480,"url":"https:\/\/stage.jh-itc.de\/wp-content\/uploads\/2016\/02\/Peri-PEP-20-300-2-1.jpg","type":"image\/jpeg"}],"twitter_card":"summary_large_image","twitter_site":"@JH_ITC","schema":{"@context":"https:\/\/schema.org","@graph":[{"@type":"WebPage","@id":"https:\/\/stage.jh-itc.de\/en\/shop\/props\/peri-pep-props-peri-pep-props\/","url":"https:\/\/stage.jh-itc.de\/en\/shop\/props\/peri-pep-props-peri-pep-props\/","name":"Peri PEP supports - JH - ITC GmbH","isPartOf":{"@id":"https:\/\/stage.jh-itc.de\/en\/#website"},"primaryImageOfPage":{"@id":"https:\/\/stage.jh-itc.de\/en\/shop\/props\/peri-pep-props-peri-pep-props\/#primaryimage"},"image":{"@id":"https:\/\/stage.jh-itc.de\/en\/shop\/props\/peri-pep-props-peri-pep-props\/#primaryimage"},"thumbnailUrl":"https:\/\/stage.jh-itc.de\/wp-content\/uploads\/2016\/02\/Peri-PEP-20-300-2-1.jpg","datePublished":"2021-02-24T19:47:33+00:00","dateModified":"2023-02-15T14:54:16+00:00","description":"Peri PEP 20-300 props; Peri Peri PEP 20-350 props;","breadcrumb":{"@id":"https:\/\/stage.jh-itc.de\/en\/shop\/props\/peri-pep-props-peri-pep-props\/#breadcrumb"},"inLanguage":"en-US","potentialAction":[{"@type":"ReadAction","target":["https:\/\/stage.jh-itc.de\/en\/shop\/props\/peri-pep-props-peri-pep-props\/"]}]},{"@type":"ImageObject","inLanguage":"en-US","@id":"https:\/\/stage.jh-itc.de\/en\/shop\/props\/peri-pep-props-peri-pep-props\/#primaryimage","url":"https:\/\/stage.jh-itc.de\/wp-content\/uploads\/2016\/02\/Peri-PEP-20-300-2-1.jpg","contentUrl":"https:\/\/stage.jh-itc.de\/wp-content\/uploads\/2016\/02\/Peri-PEP-20-300-2-1.jpg","width":640,"height":480},{"@type":"BreadcrumbList","@id":"https:\/\/stage.jh-itc.de\/en\/shop\/props\/peri-pep-props-peri-pep-props\/#breadcrumb","itemListElement":[{"@type":"ListItem","position":1,"name":"Home","item":"https:\/\/stage.jh-itc.de\/en\/formwork-props-scaffolding-from-professionals\/"},{"@type":"ListItem","position":2,"name":"Store","item":"https:\/\/stage.jh-itc.de\/en\/?page_id=7087"},{"@type":"ListItem","position":3,"name":"Peri PEP supports"}]},{"@type":"WebSite","@id":"https:\/\/stage.jh-itc.de\/en\/#website","url":"https:\/\/stage.jh-itc.de\/en\/","name":"JH - ITC GmbH","description":"Ihr Experte f\u00fcr gebrauchte St\u00fctzen, Schalungen und Ger\u00fcste","publisher":{"@id":"https:\/\/stage.jh-itc.de\/en\/#organization"},"potentialAction":[{"@type":"SearchAction","target":{"@type":"EntryPoint","urlTemplate":"https:\/\/stage.jh-itc.de\/en\/?s={search_term_string}"},"query-input":{"@type":"PropertyValueSpecification","valueRequired":true,"valueName":"search_term_string"}}],"inLanguage":"en-US"},{"@type":"Organization","@id":"https:\/\/stage.jh-itc.de\/en\/#organization","name":"JH-ITC GmbH","url":"https:\/\/stage.jh-itc.de\/en\/","logo":{"@type":"ImageObject","inLanguage":"en-US","@id":"https:\/\/stage.jh-itc.de\/en\/#\/schema\/logo\/image\/","url":"https:\/\/stage.jh-itc.de\/wp-content\/uploads\/2016\/01\/JH-ITC2-1.png","contentUrl":"https:\/\/stage.jh-itc.de\/wp-content\/uploads\/2016\/01\/JH-ITC2-1.png","width":300,"height":102,"caption":"JH-ITC GmbH"},"image":{"@id":"https:\/\/stage.jh-itc.de\/en\/#\/schema\/logo\/image\/"},"sameAs":["https:\/\/www.facebook.com\/schalungshandel","https:\/\/x.com\/JH_ITC","https:\/\/www.linkedin.com\/in\/jhitc","https:\/\/youtu.be\/rMdZ-FLfI-Y"]}]}},"_links":{"self":[{"href":"https:\/\/stage.jh-itc.de\/en\/wp-json\/wp\/v2\/product\/11932","targetHints":{"allow":["GET"]}}],"collection":[{"href":"https:\/\/stage.jh-itc.de\/en\/wp-json\/wp\/v2\/product"}],"about":[{"href":"https:\/\/stage.jh-itc.de\/en\/wp-json\/wp\/v2\/types\/product"}],"wp:featuredmedia":[{"embeddable":true,"href":"https:\/\/stage.jh-itc.de\/en\/wp-json\/wp\/v2\/media\/6842"}],"wp:attachment":[{"href":"https:\/\/stage.jh-itc.de\/en\/wp-json\/wp\/v2\/media?parent=11932"}],"wp:term":[{"taxonomy":"product_brand","embeddable":true,"href":"https:\/\/stage.jh-itc.de\/en\/wp-json\/wp\/v2\/product_brand?post=11932"},{"taxonomy":"product_cat","embeddable":true,"href":"https:\/\/stage.jh-itc.de\/en\/wp-json\/wp\/v2\/product_cat?post=11932"},{"taxonomy":"product_tag","embeddable":true,"href":"https:\/\/stage.jh-itc.de\/en\/wp-json\/wp\/v2\/product_tag?post=11932"}],"curies":[{"name":"wp","href":"https:\/\/api.w.org\/{rel}","templated":true}]}}