{"id":11921,"date":"2015-09-14T19:36:26","date_gmt":"2021-02-24T19:47:07","guid":{"rendered":"https:\/\/www.jh-itc.de\/shop\/uncategorized\/peri-hl-500-alu-supports\/"},"modified":"2021-02-24T20:47:07","modified_gmt":"2021-02-24T19:47:07","slug":"peri-hl-500-alu-stuetzen-2","status":"publish","type":"product","link":"https:\/\/stage.jh-itc.de\/en\/shop\/props\/peri-hl-500-alu-stuetzen-2\/","title":{"rendered":"Peri HL 500 Alu supports"},"content":{"rendered":"","protected":false},"excerpt":{"rendered":"<p>We still offer approx. 300 x used Peri HL 500 aluminium heavy duty props.<\/p>\n","protected":false},"featured_media":5619,"template":"","meta":[],"product_brand":[],"product_cat":[227,223],"product_tag":[],"class_list":{"0":"post-11921","1":"product","2":"type-product","3":"status-publish","4":"has-post-thumbnail","6":"product_cat-peri-en","7":"product_cat-props","9":"first","10":"instock","11":"taxable","12":"shipping-taxable","13":"product-type-simple"},"yoast_head":"<!-- This site is optimized with the Yoast SEO plugin v26.5 - https:\/\/yoast.com\/wordpress\/plugins\/seo\/ -->\n<title>Peri HL 500 Alu supports - JH - ITC GmbH<\/title>\n<meta name=\"description\" content=\"Peri HL 500\" \/>\n<meta name=\"robots\" content=\"noindex, follow, max-snippet:-1, max-image-preview:large, max-video-preview:-1\" \/>\n<meta property=\"og:locale\" content=\"en_US\" \/>\n<meta property=\"og:type\" content=\"article\" \/>\n<meta property=\"og:title\" content=\"Peri HL 500 Alu supports - JH - ITC GmbH\" \/>\n<meta property=\"og:description\" content=\"Peri HL 500\" \/>\n<meta property=\"og:url\" content=\"https:\/\/stage.jh-itc.de\/en\/shop\/props\/peri-hl-500-alu-stuetzen-2\/\" \/>\n<meta property=\"og:site_name\" content=\"JH - ITC GmbH\" \/>\n<meta property=\"article:publisher\" content=\"https:\/\/www.facebook.com\/schalungshandel\" \/>\n<meta property=\"og:image\" content=\"https:\/\/stage.jh-itc.de\/wp-content\/uploads\/2015\/09\/Peri-HL-500-Small.jpg\" \/>\n\t<meta property=\"og:image:width\" content=\"853\" \/>\n\t<meta property=\"og:image:height\" content=\"480\" \/>\n\t<meta property=\"og:image:type\" content=\"image\/jpeg\" \/>\n<meta name=\"twitter:card\" content=\"summary_large_image\" \/>\n<meta name=\"twitter:site\" content=\"@JH_ITC\" \/>\n<!-- \/ Yoast SEO plugin. -->","yoast_head_json":{"title":"Peri HL 500 Alu supports - JH - ITC GmbH","description":"Peri HL 500","robots":{"index":"noindex","follow":"follow","max-snippet":"max-snippet:-1","max-image-preview":"max-image-preview:large","max-video-preview":"max-video-preview:-1"},"og_locale":"en_US","og_type":"article","og_title":"Peri HL 500 Alu supports - JH - ITC GmbH","og_description":"Peri HL 500","og_url":"https:\/\/stage.jh-itc.de\/en\/shop\/props\/peri-hl-500-alu-stuetzen-2\/","og_site_name":"JH - ITC GmbH","article_publisher":"https:\/\/www.facebook.com\/schalungshandel","og_image":[{"width":853,"height":480,"url":"https:\/\/stage.jh-itc.de\/wp-content\/uploads\/2015\/09\/Peri-HL-500-Small.jpg","type":"image\/jpeg"}],"twitter_card":"summary_large_image","twitter_site":"@JH_ITC","schema":{"@context":"https:\/\/schema.org","@graph":[{"@type":"WebPage","@id":"https:\/\/stage.jh-itc.de\/en\/shop\/props\/peri-hl-500-alu-stuetzen-2\/","url":"https:\/\/stage.jh-itc.de\/en\/shop\/props\/peri-hl-500-alu-stuetzen-2\/","name":"Peri HL 500 Alu supports - JH - ITC GmbH","isPartOf":{"@id":"https:\/\/stage.jh-itc.de\/en\/#website"},"primaryImageOfPage":{"@id":"https:\/\/stage.jh-itc.de\/en\/shop\/props\/peri-hl-500-alu-stuetzen-2\/#primaryimage"},"image":{"@id":"https:\/\/stage.jh-itc.de\/en\/shop\/props\/peri-hl-500-alu-stuetzen-2\/#primaryimage"},"thumbnailUrl":"https:\/\/stage.jh-itc.de\/wp-content\/uploads\/2015\/09\/Peri-HL-500-Small.jpg","datePublished":"2021-02-24T19:47:07+00:00","description":"Peri HL 500","breadcrumb":{"@id":"https:\/\/stage.jh-itc.de\/en\/shop\/props\/peri-hl-500-alu-stuetzen-2\/#breadcrumb"},"inLanguage":"en-US","potentialAction":[{"@type":"ReadAction","target":["https:\/\/stage.jh-itc.de\/en\/shop\/props\/peri-hl-500-alu-stuetzen-2\/"]}]},{"@type":"ImageObject","inLanguage":"en-US","@id":"https:\/\/stage.jh-itc.de\/en\/shop\/props\/peri-hl-500-alu-stuetzen-2\/#primaryimage","url":"https:\/\/stage.jh-itc.de\/wp-content\/uploads\/2015\/09\/Peri-HL-500-Small.jpg","contentUrl":"https:\/\/stage.jh-itc.de\/wp-content\/uploads\/2015\/09\/Peri-HL-500-Small.jpg","width":853,"height":480},{"@type":"BreadcrumbList","@id":"https:\/\/stage.jh-itc.de\/en\/shop\/props\/peri-hl-500-alu-stuetzen-2\/#breadcrumb","itemListElement":[{"@type":"ListItem","position":1,"name":"Home","item":"https:\/\/stage.jh-itc.de\/en\/formwork-props-scaffolding-from-professionals\/"},{"@type":"ListItem","position":2,"name":"Store","item":"https:\/\/stage.jh-itc.de\/en\/?page_id=7087"},{"@type":"ListItem","position":3,"name":"Peri HL 500 Alu supports"}]},{"@type":"WebSite","@id":"https:\/\/stage.jh-itc.de\/en\/#website","url":"https:\/\/stage.jh-itc.de\/en\/","name":"JH - ITC GmbH","description":"Ihr Experte f\u00fcr gebrauchte St\u00fctzen, Schalungen und Ger\u00fcste","publisher":{"@id":"https:\/\/stage.jh-itc.de\/en\/#organization"},"potentialAction":[{"@type":"SearchAction","target":{"@type":"EntryPoint","urlTemplate":"https:\/\/stage.jh-itc.de\/en\/?s={search_term_string}"},"query-input":{"@type":"PropertyValueSpecification","valueRequired":true,"valueName":"search_term_string"}}],"inLanguage":"en-US"},{"@type":"Organization","@id":"https:\/\/stage.jh-itc.de\/en\/#organization","name":"JH-ITC GmbH","url":"https:\/\/stage.jh-itc.de\/en\/","logo":{"@type":"ImageObject","inLanguage":"en-US","@id":"https:\/\/stage.jh-itc.de\/en\/#\/schema\/logo\/image\/","url":"https:\/\/stage.jh-itc.de\/wp-content\/uploads\/2016\/01\/JH-ITC2-1.png","contentUrl":"https:\/\/stage.jh-itc.de\/wp-content\/uploads\/2016\/01\/JH-ITC2-1.png","width":300,"height":102,"caption":"JH-ITC GmbH"},"image":{"@id":"https:\/\/stage.jh-itc.de\/en\/#\/schema\/logo\/image\/"},"sameAs":["https:\/\/www.facebook.com\/schalungshandel","https:\/\/x.com\/JH_ITC","https:\/\/www.linkedin.com\/in\/jhitc","https:\/\/youtu.be\/rMdZ-FLfI-Y"]}]}},"_links":{"self":[{"href":"https:\/\/stage.jh-itc.de\/en\/wp-json\/wp\/v2\/product\/11921","targetHints":{"allow":["GET"]}}],"collection":[{"href":"https:\/\/stage.jh-itc.de\/en\/wp-json\/wp\/v2\/product"}],"about":[{"href":"https:\/\/stage.jh-itc.de\/en\/wp-json\/wp\/v2\/types\/product"}],"wp:featuredmedia":[{"embeddable":true,"href":"https:\/\/stage.jh-itc.de\/en\/wp-json\/wp\/v2\/media\/5619"}],"wp:attachment":[{"href":"https:\/\/stage.jh-itc.de\/en\/wp-json\/wp\/v2\/media?parent=11921"}],"wp:term":[{"taxonomy":"product_brand","embeddable":true,"href":"https:\/\/stage.jh-itc.de\/en\/wp-json\/wp\/v2\/product_brand?post=11921"},{"taxonomy":"product_cat","embeddable":true,"href":"https:\/\/stage.jh-itc.de\/en\/wp-json\/wp\/v2\/product_cat?post=11921"},{"taxonomy":"product_tag","embeddable":true,"href":"https:\/\/stage.jh-itc.de\/en\/wp-json\/wp\/v2\/product_tag?post=11921"}],"curies":[{"name":"wp","href":"https:\/\/api.w.org\/{rel}","templated":true}]}}