{"id":11903,"date":"2015-06-21T13:12:24","date_gmt":"2021-02-24T19:46:44","guid":{"rendered":"https:\/\/www.jh-itc.de\/shop\/uncategorized\/concrete-sleepers\/"},"modified":"2021-02-24T20:46:44","modified_gmt":"2021-02-24T19:46:44","slug":"concrete-sleepers","status":"publish","type":"product","link":"https:\/\/stage.jh-itc.de\/en\/shop\/special-items\/concrete-sleepers\/","title":{"rendered":"Concrete sleepers"},"content":{"rendered":"<p>We offer used <strong>concrete sleepers or railway sleepers<\/strong>.<\/p>\n<hr>\n<p>There are still approx. 1000 railway sleepers available ex location middle Germany.<\/p>\n<hr>\n<p>If you are interested, please send us your inquiry.<\/p>\n<p>&nbsp;<\/p>\n<p>&nbsp;<\/p>\n<p>&nbsp;<\/p>\n","protected":false},"excerpt":{"rendered":"<p>We offer used concrete sleepers or railway sleepers. There are still approx. 1000 railway sleepers available ex location middle Germany. If you are interested, please send us your inquiry. &nbsp; &nbsp; &nbsp;<\/p>\n","protected":false},"featured_media":5462,"template":"","meta":[],"product_brand":[],"product_cat":[229],"product_tag":[],"class_list":{"0":"post-11903","1":"product","2":"type-product","3":"status-publish","4":"has-post-thumbnail","6":"product_cat-special-items","8":"first","9":"instock","10":"taxable","11":"shipping-taxable","12":"product-type-simple"},"yoast_head":"<!-- This site is optimized with the Yoast SEO plugin v26.5 - https:\/\/yoast.com\/wordpress\/plugins\/seo\/ -->\n<title>Concrete sleepers - JH - ITC GmbH<\/title>\n<meta name=\"description\" content=\"Concrete sleepers. Renowned manufacturers \u2714 New &amp; used formwork, props, scaffolding &amp; construction machinery \u2714 Request a quote now!\" \/>\n<meta name=\"robots\" content=\"noindex, follow, max-snippet:-1, max-image-preview:large, max-video-preview:-1\" \/>\n<meta property=\"og:locale\" content=\"en_US\" \/>\n<meta property=\"og:type\" content=\"article\" \/>\n<meta property=\"og:title\" content=\"Concrete sleepers - JH - ITC GmbH\" \/>\n<meta property=\"og:description\" content=\"Concrete sleepers. Renowned manufacturers \u2714 New &amp; used formwork, props, scaffolding &amp; construction machinery \u2714 Request a quote now!\" \/>\n<meta property=\"og:url\" content=\"https:\/\/stage.jh-itc.de\/en\/shop\/special-items\/concrete-sleepers\/\" \/>\n<meta property=\"og:site_name\" content=\"JH - ITC GmbH\" \/>\n<meta property=\"article:publisher\" content=\"https:\/\/www.facebook.com\/schalungshandel\" \/>\n<meta property=\"og:image\" content=\"https:\/\/stage.jh-itc.de\/wp-content\/uploads\/2015\/06\/Betonschwellen-7.jpg\" \/>\n\t<meta property=\"og:image:width\" content=\"640\" \/>\n\t<meta property=\"og:image:height\" content=\"480\" \/>\n\t<meta property=\"og:image:type\" content=\"image\/jpeg\" \/>\n<meta name=\"twitter:card\" content=\"summary_large_image\" \/>\n<meta name=\"twitter:site\" content=\"@JH_ITC\" \/>\n<!-- \/ Yoast SEO plugin. -->","yoast_head_json":{"title":"Concrete sleepers - JH - ITC GmbH","description":"Concrete sleepers. Renowned manufacturers \u2714 New & used formwork, props, scaffolding & construction machinery \u2714 Request a quote now!","robots":{"index":"noindex","follow":"follow","max-snippet":"max-snippet:-1","max-image-preview":"max-image-preview:large","max-video-preview":"max-video-preview:-1"},"og_locale":"en_US","og_type":"article","og_title":"Concrete sleepers - JH - ITC GmbH","og_description":"Concrete sleepers. Renowned manufacturers \u2714 New & used formwork, props, scaffolding & construction machinery \u2714 Request a quote now!","og_url":"https:\/\/stage.jh-itc.de\/en\/shop\/special-items\/concrete-sleepers\/","og_site_name":"JH - ITC GmbH","article_publisher":"https:\/\/www.facebook.com\/schalungshandel","og_image":[{"width":640,"height":480,"url":"https:\/\/stage.jh-itc.de\/wp-content\/uploads\/2015\/06\/Betonschwellen-7.jpg","type":"image\/jpeg"}],"twitter_card":"summary_large_image","twitter_site":"@JH_ITC","schema":{"@context":"https:\/\/schema.org","@graph":[{"@type":"WebPage","@id":"https:\/\/stage.jh-itc.de\/en\/shop\/special-items\/concrete-sleepers\/","url":"https:\/\/stage.jh-itc.de\/en\/shop\/special-items\/concrete-sleepers\/","name":"Concrete sleepers - JH - ITC GmbH","isPartOf":{"@id":"https:\/\/stage.jh-itc.de\/en\/#website"},"primaryImageOfPage":{"@id":"https:\/\/stage.jh-itc.de\/en\/shop\/special-items\/concrete-sleepers\/#primaryimage"},"image":{"@id":"https:\/\/stage.jh-itc.de\/en\/shop\/special-items\/concrete-sleepers\/#primaryimage"},"thumbnailUrl":"https:\/\/stage.jh-itc.de\/wp-content\/uploads\/2015\/06\/Betonschwellen-7.jpg","datePublished":"2021-02-24T19:46:44+00:00","description":"Concrete sleepers. Renowned manufacturers \u2714 New & used formwork, props, scaffolding & construction machinery \u2714 Request a quote now!","breadcrumb":{"@id":"https:\/\/stage.jh-itc.de\/en\/shop\/special-items\/concrete-sleepers\/#breadcrumb"},"inLanguage":"en-US","potentialAction":[{"@type":"ReadAction","target":["https:\/\/stage.jh-itc.de\/en\/shop\/special-items\/concrete-sleepers\/"]}]},{"@type":"ImageObject","inLanguage":"en-US","@id":"https:\/\/stage.jh-itc.de\/en\/shop\/special-items\/concrete-sleepers\/#primaryimage","url":"https:\/\/stage.jh-itc.de\/wp-content\/uploads\/2015\/06\/Betonschwellen-7.jpg","contentUrl":"https:\/\/stage.jh-itc.de\/wp-content\/uploads\/2015\/06\/Betonschwellen-7.jpg","width":640,"height":480},{"@type":"BreadcrumbList","@id":"https:\/\/stage.jh-itc.de\/en\/shop\/special-items\/concrete-sleepers\/#breadcrumb","itemListElement":[{"@type":"ListItem","position":1,"name":"Home","item":"https:\/\/stage.jh-itc.de\/en\/formwork-props-scaffolding-from-professionals\/"},{"@type":"ListItem","position":2,"name":"Store","item":"https:\/\/stage.jh-itc.de\/en\/?page_id=7087"},{"@type":"ListItem","position":3,"name":"Concrete sleepers"}]},{"@type":"WebSite","@id":"https:\/\/stage.jh-itc.de\/en\/#website","url":"https:\/\/stage.jh-itc.de\/en\/","name":"JH - ITC GmbH","description":"Ihr Experte f\u00fcr gebrauchte St\u00fctzen, Schalungen und Ger\u00fcste","publisher":{"@id":"https:\/\/stage.jh-itc.de\/en\/#organization"},"potentialAction":[{"@type":"SearchAction","target":{"@type":"EntryPoint","urlTemplate":"https:\/\/stage.jh-itc.de\/en\/?s={search_term_string}"},"query-input":{"@type":"PropertyValueSpecification","valueRequired":true,"valueName":"search_term_string"}}],"inLanguage":"en-US"},{"@type":"Organization","@id":"https:\/\/stage.jh-itc.de\/en\/#organization","name":"JH-ITC GmbH","url":"https:\/\/stage.jh-itc.de\/en\/","logo":{"@type":"ImageObject","inLanguage":"en-US","@id":"https:\/\/stage.jh-itc.de\/en\/#\/schema\/logo\/image\/","url":"https:\/\/stage.jh-itc.de\/wp-content\/uploads\/2016\/01\/JH-ITC2-1.png","contentUrl":"https:\/\/stage.jh-itc.de\/wp-content\/uploads\/2016\/01\/JH-ITC2-1.png","width":300,"height":102,"caption":"JH-ITC GmbH"},"image":{"@id":"https:\/\/stage.jh-itc.de\/en\/#\/schema\/logo\/image\/"},"sameAs":["https:\/\/www.facebook.com\/schalungshandel","https:\/\/x.com\/JH_ITC","https:\/\/www.linkedin.com\/in\/jhitc","https:\/\/youtu.be\/rMdZ-FLfI-Y"]}]}},"_links":{"self":[{"href":"https:\/\/stage.jh-itc.de\/en\/wp-json\/wp\/v2\/product\/11903","targetHints":{"allow":["GET"]}}],"collection":[{"href":"https:\/\/stage.jh-itc.de\/en\/wp-json\/wp\/v2\/product"}],"about":[{"href":"https:\/\/stage.jh-itc.de\/en\/wp-json\/wp\/v2\/types\/product"}],"wp:featuredmedia":[{"embeddable":true,"href":"https:\/\/stage.jh-itc.de\/en\/wp-json\/wp\/v2\/media\/5462"}],"wp:attachment":[{"href":"https:\/\/stage.jh-itc.de\/en\/wp-json\/wp\/v2\/media?parent=11903"}],"wp:term":[{"taxonomy":"product_brand","embeddable":true,"href":"https:\/\/stage.jh-itc.de\/en\/wp-json\/wp\/v2\/product_brand?post=11903"},{"taxonomy":"product_cat","embeddable":true,"href":"https:\/\/stage.jh-itc.de\/en\/wp-json\/wp\/v2\/product_cat?post=11903"},{"taxonomy":"product_tag","embeddable":true,"href":"https:\/\/stage.jh-itc.de\/en\/wp-json\/wp\/v2\/product_tag?post=11903"}],"curies":[{"name":"wp","href":"https:\/\/api.w.org\/{rel}","templated":true}]}}