{"id":11902,"date":"2015-06-18T13:57:38","date_gmt":"2021-02-24T19:46:43","guid":{"rendered":"https:\/\/www.jh-itc.de\/shop\/uncategorized\/peri-trio-refurbished-with-new-ply-peri-trio-with-new-ply\/"},"modified":"2023-02-15T15:54:06","modified_gmt":"2023-02-15T14:54:06","slug":"peri-trio-refurbished","status":"publish","type":"product","link":"https:\/\/stage.jh-itc.de\/en\/shop\/peri-en\/the-peri-trio\/peri-trio-refurbished\/","title":{"rendered":"Peri Trio refurbished with new formwork skin"},"content":{"rendered":"","protected":false},"excerpt":{"rendered":"<p>We offer newly refurbished <strong>Peri Trio formwork in 1.20m + 2.70m + 3.30m <\/strong>.<\/p>\n<p>The formwork has been covered with new original formlining.<\/p>\n<p>The exact quantities must be requested in advance.<\/p>\n<p>Send us your requirements and come to our warehouse.<\/p>\n","protected":false},"featured_media":8391,"template":"","meta":[],"product_brand":[],"product_cat":[227,224,228],"product_tag":[],"class_list":{"0":"post-11902","1":"product","2":"type-product","3":"status-publish","4":"has-post-thumbnail","6":"product_cat-peri-en","7":"product_cat-formwork","8":"product_cat-the-peri-trio","10":"first","11":"instock","12":"taxable","13":"shipping-taxable","14":"product-type-simple"},"yoast_head":"<!-- This site is optimized with the Yoast SEO plugin v26.5 - https:\/\/yoast.com\/wordpress\/plugins\/seo\/ -->\n<title>Peri Trio refurbished with new formwork skin - JH - ITC GmbH<\/title>\n<meta name=\"description\" content=\"peri trio\" \/>\n<meta name=\"robots\" content=\"noindex, follow, max-snippet:-1, max-image-preview:large, max-video-preview:-1\" \/>\n<meta property=\"og:locale\" content=\"en_US\" \/>\n<meta property=\"og:type\" content=\"article\" \/>\n<meta property=\"og:title\" content=\"Peri Trio refurbished with new formwork skin - JH - ITC GmbH\" \/>\n<meta property=\"og:description\" content=\"peri trio\" \/>\n<meta property=\"og:url\" content=\"https:\/\/stage.jh-itc.de\/en\/shop\/peri-en\/the-peri-trio\/peri-trio-refurbished\/\" \/>\n<meta property=\"og:site_name\" content=\"JH - ITC GmbH\" \/>\n<meta property=\"article:publisher\" content=\"https:\/\/www.facebook.com\/schalungshandel\" \/>\n<meta property=\"article:modified_time\" content=\"2023-02-15T14:54:06+00:00\" \/>\n<meta property=\"og:image\" content=\"https:\/\/stage.jh-itc.de\/wp-content\/uploads\/2015\/06\/TRM-72x270-1.jpg\" \/>\n\t<meta property=\"og:image:width\" content=\"1200\" \/>\n\t<meta property=\"og:image:height\" content=\"1600\" \/>\n\t<meta property=\"og:image:type\" content=\"image\/jpeg\" \/>\n<meta name=\"twitter:card\" content=\"summary_large_image\" \/>\n<meta name=\"twitter:site\" content=\"@JH_ITC\" \/>\n<!-- \/ Yoast SEO plugin. -->","yoast_head_json":{"title":"Peri Trio refurbished with new formwork skin - JH - ITC GmbH","description":"peri trio","robots":{"index":"noindex","follow":"follow","max-snippet":"max-snippet:-1","max-image-preview":"max-image-preview:large","max-video-preview":"max-video-preview:-1"},"og_locale":"en_US","og_type":"article","og_title":"Peri Trio refurbished with new formwork skin - JH - ITC GmbH","og_description":"peri trio","og_url":"https:\/\/stage.jh-itc.de\/en\/shop\/peri-en\/the-peri-trio\/peri-trio-refurbished\/","og_site_name":"JH - ITC GmbH","article_publisher":"https:\/\/www.facebook.com\/schalungshandel","article_modified_time":"2023-02-15T14:54:06+00:00","og_image":[{"width":1200,"height":1600,"url":"https:\/\/stage.jh-itc.de\/wp-content\/uploads\/2015\/06\/TRM-72x270-1.jpg","type":"image\/jpeg"}],"twitter_card":"summary_large_image","twitter_site":"@JH_ITC","schema":{"@context":"https:\/\/schema.org","@graph":[{"@type":"WebPage","@id":"https:\/\/stage.jh-itc.de\/en\/shop\/peri-en\/the-peri-trio\/peri-trio-refurbished\/","url":"https:\/\/stage.jh-itc.de\/en\/shop\/peri-en\/the-peri-trio\/peri-trio-refurbished\/","name":"Peri Trio refurbished with new formwork skin - JH - ITC GmbH","isPartOf":{"@id":"https:\/\/stage.jh-itc.de\/en\/#website"},"primaryImageOfPage":{"@id":"https:\/\/stage.jh-itc.de\/en\/shop\/peri-en\/the-peri-trio\/peri-trio-refurbished\/#primaryimage"},"image":{"@id":"https:\/\/stage.jh-itc.de\/en\/shop\/peri-en\/the-peri-trio\/peri-trio-refurbished\/#primaryimage"},"thumbnailUrl":"https:\/\/stage.jh-itc.de\/wp-content\/uploads\/2015\/06\/TRM-72x270-1.jpg","datePublished":"2021-02-24T19:46:43+00:00","dateModified":"2023-02-15T14:54:06+00:00","description":"peri trio","breadcrumb":{"@id":"https:\/\/stage.jh-itc.de\/en\/shop\/peri-en\/the-peri-trio\/peri-trio-refurbished\/#breadcrumb"},"inLanguage":"en-US","potentialAction":[{"@type":"ReadAction","target":["https:\/\/stage.jh-itc.de\/en\/shop\/peri-en\/the-peri-trio\/peri-trio-refurbished\/"]}]},{"@type":"ImageObject","inLanguage":"en-US","@id":"https:\/\/stage.jh-itc.de\/en\/shop\/peri-en\/the-peri-trio\/peri-trio-refurbished\/#primaryimage","url":"https:\/\/stage.jh-itc.de\/wp-content\/uploads\/2015\/06\/TRM-72x270-1.jpg","contentUrl":"https:\/\/stage.jh-itc.de\/wp-content\/uploads\/2015\/06\/TRM-72x270-1.jpg","width":1200,"height":1600},{"@type":"BreadcrumbList","@id":"https:\/\/stage.jh-itc.de\/en\/shop\/peri-en\/the-peri-trio\/peri-trio-refurbished\/#breadcrumb","itemListElement":[{"@type":"ListItem","position":1,"name":"Home","item":"https:\/\/stage.jh-itc.de\/en\/formwork-props-scaffolding-from-professionals\/"},{"@type":"ListItem","position":2,"name":"Store","item":"https:\/\/stage.jh-itc.de\/en\/?page_id=7087"},{"@type":"ListItem","position":3,"name":"Peri Trio refurbished with new formwork skin"}]},{"@type":"WebSite","@id":"https:\/\/stage.jh-itc.de\/en\/#website","url":"https:\/\/stage.jh-itc.de\/en\/","name":"JH - ITC GmbH","description":"Ihr Experte f\u00fcr gebrauchte St\u00fctzen, Schalungen und Ger\u00fcste","publisher":{"@id":"https:\/\/stage.jh-itc.de\/en\/#organization"},"potentialAction":[{"@type":"SearchAction","target":{"@type":"EntryPoint","urlTemplate":"https:\/\/stage.jh-itc.de\/en\/?s={search_term_string}"},"query-input":{"@type":"PropertyValueSpecification","valueRequired":true,"valueName":"search_term_string"}}],"inLanguage":"en-US"},{"@type":"Organization","@id":"https:\/\/stage.jh-itc.de\/en\/#organization","name":"JH-ITC GmbH","url":"https:\/\/stage.jh-itc.de\/en\/","logo":{"@type":"ImageObject","inLanguage":"en-US","@id":"https:\/\/stage.jh-itc.de\/en\/#\/schema\/logo\/image\/","url":"https:\/\/stage.jh-itc.de\/wp-content\/uploads\/2016\/01\/JH-ITC2-1.png","contentUrl":"https:\/\/stage.jh-itc.de\/wp-content\/uploads\/2016\/01\/JH-ITC2-1.png","width":300,"height":102,"caption":"JH-ITC GmbH"},"image":{"@id":"https:\/\/stage.jh-itc.de\/en\/#\/schema\/logo\/image\/"},"sameAs":["https:\/\/www.facebook.com\/schalungshandel","https:\/\/x.com\/JH_ITC","https:\/\/www.linkedin.com\/in\/jhitc","https:\/\/youtu.be\/rMdZ-FLfI-Y"]}]}},"_links":{"self":[{"href":"https:\/\/stage.jh-itc.de\/en\/wp-json\/wp\/v2\/product\/11902","targetHints":{"allow":["GET"]}}],"collection":[{"href":"https:\/\/stage.jh-itc.de\/en\/wp-json\/wp\/v2\/product"}],"about":[{"href":"https:\/\/stage.jh-itc.de\/en\/wp-json\/wp\/v2\/types\/product"}],"wp:featuredmedia":[{"embeddable":true,"href":"https:\/\/stage.jh-itc.de\/en\/wp-json\/wp\/v2\/media\/8391"}],"wp:attachment":[{"href":"https:\/\/stage.jh-itc.de\/en\/wp-json\/wp\/v2\/media?parent=11902"}],"wp:term":[{"taxonomy":"product_brand","embeddable":true,"href":"https:\/\/stage.jh-itc.de\/en\/wp-json\/wp\/v2\/product_brand?post=11902"},{"taxonomy":"product_cat","embeddable":true,"href":"https:\/\/stage.jh-itc.de\/en\/wp-json\/wp\/v2\/product_cat?post=11902"},{"taxonomy":"product_tag","embeddable":true,"href":"https:\/\/stage.jh-itc.de\/en\/wp-json\/wp\/v2\/product_tag?post=11902"}],"curies":[{"name":"wp","href":"https:\/\/api.w.org\/{rel}","templated":true}]}}