{"id":43711,"date":"2023-04-26T10:12:54","date_gmt":"2023-04-26T08:12:54","guid":{"rendered":"https:\/\/www.jh-itc.de\/imprint\/"},"modified":"2023-04-26T10:12:54","modified_gmt":"2023-04-26T08:12:54","slug":"imprint","status":"publish","type":"page","link":"https:\/\/stage.jh-itc.de\/en\/imprint\/","title":{"rendered":"Imprint"},"content":{"rendered":"<h2><strong>Imprint:<\/strong><\/h2>\n<hr>\n<p><strong>JH &#8211; ITC GmbH<br \/>\n<\/strong><em>Managing Director: Jochen Hein<\/em><br \/>\nMarket Street 15<br \/>\n89362 Offingen\/ Bavaria<\/p>\n<p>Tel. +49 (0) 731 801 59590<br \/>\nFax. +49 (0) 8224 &#8211; 80 45 763<br \/>\nemail: <a href=\"mailto:info@jh-itc.de\" target=\"_blank\" rel=\"noopener\">info@jh-itc.de<\/a><\/p>\n<p>VAT ID. No. DE 271 430 794<br \/>\nCounty court Memmingen<br \/>\nHRB: 14149<\/p>\n<p>The full service internet agency <a title=\"OMSAG\" href=\"http:\/\/www.omsag.de\/\" target=\"_blank\" rel=\"noopener\">OMSAG<\/a> offers the entire range of services for comprehensive web marketing services<\/p>\n<p>Search engine advertising with Google Ads with <a href=\"https:\/\/www.martingonev.de\/\">https:\/\/www.martingonev.de\/<\/a><\/p>\n<hr>\n<p><strong>Copyright and disclaimer<\/strong><\/p>\n<p>All contents are protected by copyright. They may only be used, even commercially, if the source is mentioned under the extracted content and a link to the URL www.jh-itc.de is set.<\/p>\n<h4><strong>References and links<\/strong><\/h4>\n<p>The author is not responsible for any contents linked or referred to from his pages &#8211; unless he has full knowledge of illegal contents and would be able to prevent the visitors of his site fromviewing those pages.<\/p>\n<p>The author hereby expressly declares that at the time the links were created, no illegal content was identifiable on the linked pages. The author has no influence on the current and future design, content or authorship of the linked pages. Therefore, he hereby expressly dissociates himself from all contents of all linked pages that were changed after the link was set. This statement applies to all links and references set within the own Internet offer as well as to external entries in guest books, discussion forums, link directories, mailing lists set up by the author and in all other forms of databases to whose content external write access is possible. For illegal, incorrect or incomplete contents and especially for damages resulting from the use or non-use of such information, only the provider of the linked page is liable, not the one who has linked to the respective publication.<\/p>\n<h4><\/h4>\n<h4><strong>Copyright and trademark law<\/strong><\/h4>\n<p>The author endeavors to observe the copyrights of the graphics, sound documents, video sequences and texts used in all publications, to use graphics, sound documents, video sequences and texts created by himself or to use license-free graphics, sound documents, video sequences and texts. All brands and trademarks mentioned within the Internet offer and possibly protected by third parties are subject without limitation to the provisions of the applicable trademark law and the ownership rights of the copyright owner. The mere mention of a trademark does not mean that it is not protected by the rights of third parties! The copyright for published objects created by the author himself remains solely with the author of the pages. Any duplication or use of objects such as diagrams, sounds or texts in other electronic or printed publications is not permitted without the author&#8217;s agreement.<\/p>\n<p>Source: <i><br \/>\n  <a href=\"https:\/\/www.e-recht24.de\/impressum-generator.html\" rel=\"nofollow\">https:\/\/www.e-recht24.de<\/a><br \/>\n<\/i><\/p>\n<p><strong>Online dispute resolution<\/strong><\/p>\n<p>The European Commission provides an online dispute resolution platform at https:\/\/ec.europa.eu\/consumers\/odr\/ that consumers can use to resolve a dispute and where more information on dispute resolution can be found.<\/p>\n<p><strong>Out-of-court dispute resolution<\/strong><\/p>\n<p>We are neither obligated nor willing to participate in dispute resolution proceedings before a consumer arbitration board in the event of a dispute with a consumer.<\/p>\n","protected":false},"excerpt":{"rendered":"<p>Imprint: JH &#8211; ITC GmbH Managing Director: Jochen Hein Market Street 15 89362 Offingen\/ Bavaria Tel. +49 (0) 731 801 59590 Fax. +49 (0) 8224 &#8211; 80 45 763 email: info@jh-itc.de VAT ID. No. DE 271 430 794 County court Memmingen HRB: 14149 The full service internet agency OMSAG offers the entire range of services [&hellip;]<\/p>\n","protected":false},"author":7,"featured_media":0,"parent":0,"menu_order":0,"comment_status":"closed","ping_status":"closed","template":"","meta":{"footnotes":""},"class_list":["post-43711","page","type-page","status-publish"],"yoast_head":"<!-- This site is optimized with the Yoast SEO plugin v26.5 - https:\/\/yoast.com\/wordpress\/plugins\/seo\/ -->\n<title>Imprint - JH - ITC GmbH<\/title>\n<meta name=\"description\" content=\"Imprint\" \/>\n<meta name=\"robots\" content=\"noindex, follow, max-snippet:-1, max-image-preview:large, max-video-preview:-1\" \/>\n<meta property=\"og:locale\" content=\"en_US\" \/>\n<meta property=\"og:type\" content=\"article\" \/>\n<meta property=\"og:title\" content=\"Imprint - JH - ITC GmbH\" \/>\n<meta property=\"og:description\" content=\"Imprint\" \/>\n<meta property=\"og:url\" content=\"https:\/\/stage.jh-itc.de\/en\/imprint\/\" \/>\n<meta property=\"og:site_name\" content=\"JH - ITC GmbH\" \/>\n<meta property=\"article:publisher\" content=\"https:\/\/www.facebook.com\/schalungshandel\" \/>\n<meta name=\"twitter:card\" content=\"summary_large_image\" \/>\n<meta name=\"twitter:site\" content=\"@JH_ITC\" \/>\n<meta name=\"twitter:label1\" content=\"Est. reading time\" \/>\n\t<meta name=\"twitter:data1\" content=\"2 minutes\" \/>\n<!-- \/ Yoast SEO plugin. -->","yoast_head_json":{"title":"Imprint - JH - ITC GmbH","description":"Imprint","robots":{"index":"noindex","follow":"follow","max-snippet":"max-snippet:-1","max-image-preview":"max-image-preview:large","max-video-preview":"max-video-preview:-1"},"og_locale":"en_US","og_type":"article","og_title":"Imprint - JH - ITC GmbH","og_description":"Imprint","og_url":"https:\/\/stage.jh-itc.de\/en\/imprint\/","og_site_name":"JH - ITC GmbH","article_publisher":"https:\/\/www.facebook.com\/schalungshandel","twitter_card":"summary_large_image","twitter_site":"@JH_ITC","twitter_misc":{"Est. reading time":"2 minutes"},"schema":{"@context":"https:\/\/schema.org","@graph":[{"@type":"WebPage","@id":"https:\/\/stage.jh-itc.de\/en\/imprint\/","url":"https:\/\/stage.jh-itc.de\/en\/imprint\/","name":"Imprint - JH - ITC GmbH","isPartOf":{"@id":"https:\/\/stage.jh-itc.de\/en\/#website"},"datePublished":"2023-04-26T08:12:54+00:00","description":"Imprint","breadcrumb":{"@id":"https:\/\/stage.jh-itc.de\/en\/imprint\/#breadcrumb"},"inLanguage":"en-US","potentialAction":[{"@type":"ReadAction","target":["https:\/\/stage.jh-itc.de\/en\/imprint\/"]}]},{"@type":"BreadcrumbList","@id":"https:\/\/stage.jh-itc.de\/en\/imprint\/#breadcrumb","itemListElement":[{"@type":"ListItem","position":1,"name":"Home","item":"https:\/\/stage.jh-itc.de\/en\/formwork-props-scaffolding-from-professionals\/"},{"@type":"ListItem","position":2,"name":"Imprint"}]},{"@type":"WebSite","@id":"https:\/\/stage.jh-itc.de\/en\/#website","url":"https:\/\/stage.jh-itc.de\/en\/","name":"JH - ITC GmbH","description":"Ihr Experte f\u00fcr gebrauchte St\u00fctzen, Schalungen und Ger\u00fcste","publisher":{"@id":"https:\/\/stage.jh-itc.de\/en\/#organization"},"potentialAction":[{"@type":"SearchAction","target":{"@type":"EntryPoint","urlTemplate":"https:\/\/stage.jh-itc.de\/en\/?s={search_term_string}"},"query-input":{"@type":"PropertyValueSpecification","valueRequired":true,"valueName":"search_term_string"}}],"inLanguage":"en-US"},{"@type":"Organization","@id":"https:\/\/stage.jh-itc.de\/en\/#organization","name":"JH-ITC GmbH","url":"https:\/\/stage.jh-itc.de\/en\/","logo":{"@type":"ImageObject","inLanguage":"en-US","@id":"https:\/\/stage.jh-itc.de\/en\/#\/schema\/logo\/image\/","url":"https:\/\/stage.jh-itc.de\/wp-content\/uploads\/2016\/01\/JH-ITC2-1.png","contentUrl":"https:\/\/stage.jh-itc.de\/wp-content\/uploads\/2016\/01\/JH-ITC2-1.png","width":300,"height":102,"caption":"JH-ITC GmbH"},"image":{"@id":"https:\/\/stage.jh-itc.de\/en\/#\/schema\/logo\/image\/"},"sameAs":["https:\/\/www.facebook.com\/schalungshandel","https:\/\/x.com\/JH_ITC","https:\/\/www.linkedin.com\/in\/jhitc","https:\/\/youtu.be\/rMdZ-FLfI-Y"]}]}},"_links":{"self":[{"href":"https:\/\/stage.jh-itc.de\/en\/wp-json\/wp\/v2\/pages\/43711","targetHints":{"allow":["GET"]}}],"collection":[{"href":"https:\/\/stage.jh-itc.de\/en\/wp-json\/wp\/v2\/pages"}],"about":[{"href":"https:\/\/stage.jh-itc.de\/en\/wp-json\/wp\/v2\/types\/page"}],"author":[{"embeddable":true,"href":"https:\/\/stage.jh-itc.de\/en\/wp-json\/wp\/v2\/users\/7"}],"replies":[{"embeddable":true,"href":"https:\/\/stage.jh-itc.de\/en\/wp-json\/wp\/v2\/comments?post=43711"}],"version-history":[{"count":0,"href":"https:\/\/stage.jh-itc.de\/en\/wp-json\/wp\/v2\/pages\/43711\/revisions"}],"wp:attachment":[{"href":"https:\/\/stage.jh-itc.de\/en\/wp-json\/wp\/v2\/media?parent=43711"}],"curies":[{"name":"wp","href":"https:\/\/api.w.org\/{rel}","templated":true}]}}