{"id":11877,"date":"2021-02-24T20:09:49","date_gmt":"2021-02-24T19:09:49","guid":{"rendered":"https:\/\/www.jh-itc.de\/things-to-know\/alkus-info\/"},"modified":"2021-07-16T18:06:36","modified_gmt":"2021-07-16T16:06:36","slug":"alkus-info","status":"publish","type":"page","link":"https:\/\/stage.jh-itc.de\/en\/things-to-know\/alkus-info\/","title":{"rendered":"alkus info"},"content":{"rendered":"<h1 class=\"yt watch-title-container\"><\/h1>\n<p><a href=\"http:\/\/www.alkus.li\" target=\"_blank\" rel=\"noopener noreferrer\"><img decoding=\"async\" class=\"wp-image-1623 size-thumbnail\" src=\"http:\/\/www.jh-itc.de\/wp-content\/uploads\/2015\/10\/logo-alkus_01-150x91.png\" alt=\"www.alkus.li\" width=\"150\" height=\"91\"><\/a><\/p>\n<hr>\n<hr>\n<p><strong>alkus panel system &#8211; the economical formwork panel solution<\/strong><\/p>\n<p>alkus solid plastic panels are the economical alternative to conventional wooden formwork panels for the construction industry. The panels can be processed like wood, but are many times more durable &#8211; because they are moisture-resistant, UV-resistant and can be repaired in the same way as the fabric. It pays off. More than <strong>1,000 applications<\/strong> with a single alkus solid plastic sheet have been documented. The all-plastic panels from alkus can be made to fit any formwork system and any frame &#8211; regardless of size and shape. Due to the possibility of jointless welding and the extreme bendability and formability almost all concrete projects can be realized with the alkus panel system.<\/p>\n<p>alkus pays off!<\/p>\n<hr>\n<p><a href=\"http:\/\/www.jh-itc.de\/wp-content\/uploads\/2015\/10\/2e5df05dbf.jpg\"><img decoding=\"async\" class=\"alignnone size-thumbnail wp-image-1613\" src=\"http:\/\/www.jh-itc.de\/wp-content\/uploads\/2015\/10\/2e5df05dbf-150x137.jpg\" alt=\"alkus_7years_en\" width=\"150\" height=\"137\"><\/a>          <a href=\"http:\/\/www.jh-itc.de\/wp-content\/uploads\/2015\/10\/3543ef144a.jpg\"><img decoding=\"async\" class=\"alignnone size-thumbnail wp-image-1617\" src=\"http:\/\/www.jh-itc.de\/wp-content\/uploads\/2015\/10\/3543ef144a-150x150.jpg\" alt=\"alkus AL 20\" width=\"150\" height=\"150\" srcset=\"https:\/\/stage.jh-itc.de\/wp-content\/uploads\/2015\/10\/3543ef144a-150x150.jpg 150w, https:\/\/stage.jh-itc.de\/wp-content\/uploads\/2015\/10\/3543ef144a-100x100.jpg 100w, https:\/\/stage.jh-itc.de\/wp-content\/uploads\/2015\/10\/3543ef144a-66x66.jpg 66w\" sizes=\"(max-width: 150px) 100vw, 150px\" \/><\/a>          <a href=\"http:\/\/www.jh-itc.de\/wp-content\/uploads\/2015\/10\/eebf99b613.jpg\"><img loading=\"lazy\" decoding=\"async\" class=\"alignnone size-thumbnail wp-image-1621\" src=\"http:\/\/www.jh-itc.de\/wp-content\/uploads\/2015\/10\/eebf99b613-150x150.jpg\" alt=\"alkus GM 10\" width=\"150\" height=\"150\" srcset=\"https:\/\/stage.jh-itc.de\/wp-content\/uploads\/2015\/10\/eebf99b613-150x150.jpg 150w, https:\/\/stage.jh-itc.de\/wp-content\/uploads\/2015\/10\/eebf99b613-100x100.jpg 100w, https:\/\/stage.jh-itc.de\/wp-content\/uploads\/2015\/10\/eebf99b613-66x66.jpg 66w\" sizes=\"(max-width: 150px) 100vw, 150px\" \/><\/a><\/p>\n<p><strong>Some advantages of the alkus panel system at a glance:<\/strong><\/p>\n<p>Extremely durable<\/p>\n<ul>\n<li>up to 1,000 inserts with one plate<\/li>\n<li>7 years long-term warranty<\/li>\n<li>moisture resistant &#8211; therefore no rotting, swelling, shrinkage, discolouration and no ripple formation<\/li>\n<li>high abrasion resistance and UV resistance<\/li>\n<li>Simple and durable repair option &#8211; fabric-like without loss of quality<\/li>\n<\/ul>\n<p>Extremely practical<\/p>\n<ul>\n<li>System-independent &#8211; can be used in the frame systems of all manufacturers<\/li>\n<li>Almost any concrete shape and size can be realised &#8211; Can be shaped and bent like sheet metal, seamlessly welded<\/li>\n<li>nail, screw and saw like wood<\/li>\n<li>Cleaning with high pressure cleaner (up to 1000 bar) or rotary cleaner<\/li>\n<li>No loss of quality during outdoor storage<\/li>\n<li>Environmentally friendly recycling cycle &#8211; no extra costs for hazardous waste<\/li>\n<\/ul>\n<p><a href=\"http:\/\/www.jh-itc.de\/wp-content\/uploads\/2015\/10\/76c9c2d233.jpg\"><img loading=\"lazy\" decoding=\"async\" class=\"alignnone size-thumbnail wp-image-1615\" src=\"http:\/\/www.jh-itc.de\/wp-content\/uploads\/2015\/10\/76c9c2d233-150x126.jpg\" alt=\"Wood\" width=\"150\" height=\"126\"><\/a>  <a href=\"http:\/\/www.jh-itc.de\/wp-content\/uploads\/2015\/10\/26fe05af90.png\"><img loading=\"lazy\" decoding=\"async\" class=\"alignnone wp-image-1614 size-thumbnail\" src=\"http:\/\/www.jh-itc.de\/wp-content\/uploads\/2015\/10\/26fe05af90-150x126.png\" alt=\"\" width=\"150\" height=\"126\"><\/a><\/p>\n<hr>\n<p>Request a non-binding offer for the alkus solid plastic sheet right here.<\/p>\n<hr>\n<p><iframe src=\"\/\/www.youtube.com\/embed\/dihw-WDYIhU\" width=\"425\" height=\"350\" allowfullscreen=\"allowfullscreen\"><\/iframe><\/p>\n<hr>\n<hr>\n<p><iframe src=\"\/\/www.youtube.com\/embed\/M9IIhC-C3A0\" width=\"425\" height=\"350\" allowfullscreen=\"allowfullscreen\"><\/iframe><\/p>\n<hr>\n<h1 class=\"yt watch-title-container\"><span id=\"eow-title\" class=\"watch-title \" dir=\"ltr\" title=\"Installation of the alkus solid plastic sheet\">Installation of the alkus solid plastic sheet<\/span><\/h1>\n<hr>\n<p><iframe title=\"Einbau der alkus Vollkunststoffplatte\" width=\"800\" height=\"450\" src=\"https:\/\/www.youtube.com\/embed\/Zolb8hvh7pc?list=PLf5n8fgfdTQ8Shy1vqpyun-fCJwlo-FtY\" frameborder=\"0\" allow=\"accelerometer; autoplay; clipboard-write; encrypted-media; gyroscope; picture-in-picture\" allowfullscreen><\/iframe><\/p>\n<hr>\n<h1 class=\"yt watch-title-container\"><span id=\"eow-title\" class=\"watch-title \" dir=\"ltr\" title=\"Plattenreparatur - alkus Vollkunststoffplatte\">Plate repair &#8211; alk<\/span><span id=\"eow-title\" class=\"watch-title \" dir=\"ltr\" title=\"Plattenreparatur - alkus Vollkunststoffplatte\">us solid plastic panel<\/span><\/h1>\n<hr>\n<p><iframe title=\"Plattenreparatur - alkus Vollkunststoffplatte\" width=\"800\" height=\"450\" src=\"https:\/\/www.youtube.com\/embed\/py7TeVc7fwU?list=PLf5n8fgfdTQ8Shy1vqpyun-fCJwlo-FtY\" frameborder=\"0\" allow=\"accelerometer; autoplay; clipboard-write; encrypted-media; gyroscope; picture-in-picture\" allowfullscreen><\/iframe><\/p>\n<hr>\n<p><iframe title=\"alkus Innovation Panel [English version]\" width=\"800\" height=\"450\" src=\"https:\/\/www.youtube.com\/embed\/O8GfrzwTnkY?list=PLf5n8fgfdTQ8Shy1vqpyun-fCJwlo-FtY\" frameborder=\"0\" allow=\"accelerometer; autoplay; clipboard-write; encrypted-media; gyroscope; picture-in-picture\" allowfullscreen><\/iframe><\/p>\n","protected":false},"excerpt":{"rendered":"<p>alkus panel system &#8211; the economical formwork panel solution alkus solid plastic panels are the economical alternative to conventional wooden formwork panels for the construction industry. The panels can be processed like wood, but are many times more durable &#8211; because they are moisture-resistant, UV-resistant and can be repaired in the same way as the [&hellip;]<\/p>\n","protected":false},"author":7,"featured_media":11869,"parent":11865,"menu_order":0,"comment_status":"closed","ping_status":"closed","template":"","meta":{"footnotes":""},"class_list":["post-11877","page","type-page","status-publish","has-post-thumbnail"],"yoast_head":"<!-- This site is optimized with the Yoast SEO plugin v26.5 - https:\/\/yoast.com\/wordpress\/plugins\/seo\/ -->\n<title>alkus info - JH - ITC GmbH<\/title>\n<meta name=\"robots\" content=\"noindex, follow, max-snippet:-1, max-image-preview:large, max-video-preview:-1\" \/>\n<meta property=\"og:locale\" content=\"en_US\" \/>\n<meta property=\"og:type\" content=\"article\" \/>\n<meta property=\"og:title\" content=\"alkus info - JH - ITC GmbH\" \/>\n<meta property=\"og:description\" content=\"alkus panel system &#8211; the economical formwork panel solution alkus solid plastic panels are the economical alternative to conventional wooden formwork panels for the construction industry. The panels can be processed like wood, but are many times more durable &#8211; because they are moisture-resistant, UV-resistant and can be repaired in the same way as the [&hellip;]\" \/>\n<meta property=\"og:url\" content=\"https:\/\/stage.jh-itc.de\/en\/things-to-know\/alkus-info\/\" \/>\n<meta property=\"og:site_name\" content=\"JH - ITC GmbH\" \/>\n<meta property=\"article:publisher\" content=\"https:\/\/www.facebook.com\/schalungshandel\" \/>\n<meta property=\"article:modified_time\" content=\"2021-07-16T16:06:36+00:00\" \/>\n<meta property=\"og:image\" content=\"http:\/\/www.jh-itc.de\/wp-content\/uploads\/2015\/10\/logo-alkus_01-150x91.png\" \/>\n<meta name=\"twitter:card\" content=\"summary_large_image\" \/>\n<meta name=\"twitter:site\" content=\"@JH_ITC\" \/>\n<meta name=\"twitter:label1\" content=\"Est. reading time\" \/>\n\t<meta name=\"twitter:data1\" content=\"2 minutes\" \/>\n<!-- \/ Yoast SEO plugin. -->","yoast_head_json":{"title":"alkus info - JH - ITC GmbH","robots":{"index":"noindex","follow":"follow","max-snippet":"max-snippet:-1","max-image-preview":"max-image-preview:large","max-video-preview":"max-video-preview:-1"},"og_locale":"en_US","og_type":"article","og_title":"alkus info - JH - ITC GmbH","og_description":"alkus panel system &#8211; the economical formwork panel solution alkus solid plastic panels are the economical alternative to conventional wooden formwork panels for the construction industry. The panels can be processed like wood, but are many times more durable &#8211; because they are moisture-resistant, UV-resistant and can be repaired in the same way as the [&hellip;]","og_url":"https:\/\/stage.jh-itc.de\/en\/things-to-know\/alkus-info\/","og_site_name":"JH - ITC GmbH","article_publisher":"https:\/\/www.facebook.com\/schalungshandel","article_modified_time":"2021-07-16T16:06:36+00:00","og_image":[{"url":"http:\/\/www.jh-itc.de\/wp-content\/uploads\/2015\/10\/logo-alkus_01-150x91.png","type":"","width":"","height":""}],"twitter_card":"summary_large_image","twitter_site":"@JH_ITC","twitter_misc":{"Est. reading time":"2 minutes"},"schema":{"@context":"https:\/\/schema.org","@graph":[{"@type":"WebPage","@id":"https:\/\/stage.jh-itc.de\/en\/things-to-know\/alkus-info\/","url":"https:\/\/stage.jh-itc.de\/en\/things-to-know\/alkus-info\/","name":"alkus info - JH - ITC GmbH","isPartOf":{"@id":"https:\/\/stage.jh-itc.de\/en\/#website"},"primaryImageOfPage":{"@id":"https:\/\/stage.jh-itc.de\/en\/things-to-know\/alkus-info\/#primaryimage"},"image":{"@id":"https:\/\/stage.jh-itc.de\/en\/things-to-know\/alkus-info\/#primaryimage"},"thumbnailUrl":"https:\/\/stage.jh-itc.de\/wp-content\/uploads\/2020\/12\/Alkus_Baustellenreportage2-1.jpg","datePublished":"2021-02-24T19:09:49+00:00","dateModified":"2021-07-16T16:06:36+00:00","breadcrumb":{"@id":"https:\/\/stage.jh-itc.de\/en\/things-to-know\/alkus-info\/#breadcrumb"},"inLanguage":"en-US","potentialAction":[{"@type":"ReadAction","target":["https:\/\/stage.jh-itc.de\/en\/things-to-know\/alkus-info\/"]}]},{"@type":"ImageObject","inLanguage":"en-US","@id":"https:\/\/stage.jh-itc.de\/en\/things-to-know\/alkus-info\/#primaryimage","url":"https:\/\/stage.jh-itc.de\/wp-content\/uploads\/2020\/12\/Alkus_Baustellenreportage2-1.jpg","contentUrl":"https:\/\/stage.jh-itc.de\/wp-content\/uploads\/2020\/12\/Alkus_Baustellenreportage2-1.jpg","width":1620,"height":760},{"@type":"BreadcrumbList","@id":"https:\/\/stage.jh-itc.de\/en\/things-to-know\/alkus-info\/#breadcrumb","itemListElement":[{"@type":"ListItem","position":1,"name":"Home","item":"https:\/\/stage.jh-itc.de\/en\/formwork-props-scaffolding-from-professionals\/"},{"@type":"ListItem","position":2,"name":"Things to know","item":"https:\/\/stage.jh-itc.de\/en\/things-to-know\/"},{"@type":"ListItem","position":3,"name":"alkus info"}]},{"@type":"WebSite","@id":"https:\/\/stage.jh-itc.de\/en\/#website","url":"https:\/\/stage.jh-itc.de\/en\/","name":"JH - ITC GmbH","description":"Ihr Experte f\u00fcr gebrauchte St\u00fctzen, Schalungen und Ger\u00fcste","publisher":{"@id":"https:\/\/stage.jh-itc.de\/en\/#organization"},"potentialAction":[{"@type":"SearchAction","target":{"@type":"EntryPoint","urlTemplate":"https:\/\/stage.jh-itc.de\/en\/?s={search_term_string}"},"query-input":{"@type":"PropertyValueSpecification","valueRequired":true,"valueName":"search_term_string"}}],"inLanguage":"en-US"},{"@type":"Organization","@id":"https:\/\/stage.jh-itc.de\/en\/#organization","name":"JH-ITC GmbH","url":"https:\/\/stage.jh-itc.de\/en\/","logo":{"@type":"ImageObject","inLanguage":"en-US","@id":"https:\/\/stage.jh-itc.de\/en\/#\/schema\/logo\/image\/","url":"https:\/\/stage.jh-itc.de\/wp-content\/uploads\/2016\/01\/JH-ITC2-1.png","contentUrl":"https:\/\/stage.jh-itc.de\/wp-content\/uploads\/2016\/01\/JH-ITC2-1.png","width":300,"height":102,"caption":"JH-ITC GmbH"},"image":{"@id":"https:\/\/stage.jh-itc.de\/en\/#\/schema\/logo\/image\/"},"sameAs":["https:\/\/www.facebook.com\/schalungshandel","https:\/\/x.com\/JH_ITC","https:\/\/www.linkedin.com\/in\/jhitc","https:\/\/youtu.be\/rMdZ-FLfI-Y"]}]}},"_links":{"self":[{"href":"https:\/\/stage.jh-itc.de\/en\/wp-json\/wp\/v2\/pages\/11877","targetHints":{"allow":["GET"]}}],"collection":[{"href":"https:\/\/stage.jh-itc.de\/en\/wp-json\/wp\/v2\/pages"}],"about":[{"href":"https:\/\/stage.jh-itc.de\/en\/wp-json\/wp\/v2\/types\/page"}],"author":[{"embeddable":true,"href":"https:\/\/stage.jh-itc.de\/en\/wp-json\/wp\/v2\/users\/7"}],"replies":[{"embeddable":true,"href":"https:\/\/stage.jh-itc.de\/en\/wp-json\/wp\/v2\/comments?post=11877"}],"version-history":[{"count":1,"href":"https:\/\/stage.jh-itc.de\/en\/wp-json\/wp\/v2\/pages\/11877\/revisions"}],"predecessor-version":[{"id":19359,"href":"https:\/\/stage.jh-itc.de\/en\/wp-json\/wp\/v2\/pages\/11877\/revisions\/19359"}],"up":[{"embeddable":true,"href":"https:\/\/stage.jh-itc.de\/en\/wp-json\/wp\/v2\/pages\/11865"}],"wp:featuredmedia":[{"embeddable":true,"href":"https:\/\/stage.jh-itc.de\/en\/wp-json\/wp\/v2\/media\/11869"}],"wp:attachment":[{"href":"https:\/\/stage.jh-itc.de\/en\/wp-json\/wp\/v2\/media?parent=11877"}],"curies":[{"name":"wp","href":"https:\/\/api.w.org\/{rel}","templated":true}]}}